{"id":29044,"date":"2026-02-24T12:01:24","date_gmt":"2026-02-24T09:01:24","guid":{"rendered":"https:\/\/www.poelsan.com\/?post_type=product&#038;p=29044"},"modified":"2026-02-27T09:19:00","modified_gmt":"2026-02-27T06:19:00","slug":"%d0%b7%d0%b0%d0%b3%d0%bb%d1%83%d1%88%d0%ba%d0%b0-%d1%8d%d0%bb%d0%b5%d0%ba%d1%82%d1%80%d0%be%d1%81%d0%b2%d0%b0%d1%80%d0%bd%d0%b0%d1%8f-%d0%b2-%d0%ba%d0%be%d0%bc%d0%bf%d0%bb%d0%b5%d0%ba%d1%82%d0%b5-cop","status":"publish","type":"product","link":"https:\/\/www.poelsan.com\/ru\/urun\/%d0%b7%d0%b0%d0%b3%d0%bb%d1%83%d1%88%d0%ba%d0%b0-%d1%8d%d0%bb%d0%b5%d0%ba%d1%82%d1%80%d0%be%d1%81%d0%b2%d0%b0%d1%80%d0%bd%d0%b0%d1%8f-%d0%b2-%d0%ba%d0%be%d0%bc%d0%bf%d0%bb%d0%b5%d0%ba%d1%82%d0%b5-cop\/","title":{"rendered":"\u0415\u041b\u0415\u041a\u0422\u0420\u041e\u0421\u0412\u0410\u0420\u041d\u042b\u0419\u0422\u0420\u041e\u0419\u041d\u0418\u041a\u041a\u041e\u041c\u041f\u0420\u0415\u0421\u0421\u0418\u041e\u041d\u041d\u042b\u0419"},"content":{"rendered":"\n<table id=\"tablepress-1348\" class=\"tablepress tablepress-id-1348\">\n<thead>\n<tr class=\"row-1\">\n\t<th class=\"column-1\">\u041a\u041e\u0414<\/th><th class=\"column-2\">\u0420\u0410\u0417\u041c\u0415\u0420 d (mm)<\/th><th class=\"column-3\">\u0420\u0410\u0417\u041c\u0415\u0420 D (mm)<\/th><th class=\"column-4\">\u0420\u0410\u0417\u041c\u0415\u0420 L1 (mm)<\/th><th class=\"column-5\">\u0420\u0410\u0417\u041c\u0415\u0420 Z (mm)<\/th><th class=\"column-6\">\u0414\u0410\u0412\u041b\u0415\u041d\u0418\u0415<\/th><th class=\"column-7\">\u041a\u041e\u041b-\u0412\u041e \u0428\u0422. \u0412 \u0423\u041f\u0410\u041a\u041e\u0412\u041a\u0415<\/th><th class=\"column-8\">\u041a\u041e\u041b-\u0412\u041e \u0428\u0422. \u0412 \u041a\u041e\u0420\u041e\u0411\u041a\u0415<\/th>\n<\/tr>\n<\/thead>\n<tbody class=\"row-striping row-hover\">\n<tr class=\"row-2\">\n\t<td class=\"column-1\">EF16020101<\/td><td class=\"column-2\">20<\/td><td class=\"column-3\">31,5<\/td><td class=\"column-4\">34<\/td><td class=\"column-5\">92<\/td><td class=\"column-6\">16<\/td><td class=\"column-7\">1<\/td><td class=\"column-8\">220<\/td>\n<\/tr>\n<tr class=\"row-3\">\n\t<td class=\"column-1\">EF16020202<\/td><td class=\"column-2\">25<\/td><td class=\"column-3\">36,5<\/td><td class=\"column-4\">34<\/td><td class=\"column-5\">97<\/td><td class=\"column-6\">16<\/td><td class=\"column-7\">1<\/td><td class=\"column-8\">180<\/td>\n<\/tr>\n<tr class=\"row-4\">\n\t<td class=\"column-1\">EF16020303<\/td><td class=\"column-2\">32<\/td><td class=\"column-3\">43,5<\/td><td class=\"column-4\">35<\/td><td class=\"column-5\">103,5<\/td><td class=\"column-6\">16<\/td><td class=\"column-7\">1<\/td><td class=\"column-8\">130<\/td>\n<\/tr>\n<tr class=\"row-5\">\n\t<td class=\"column-1\">EF16020404<\/td><td class=\"column-2\">40<\/td><td class=\"column-3\">52<\/td><td class=\"column-4\">37,5<\/td><td class=\"column-5\">118<\/td><td class=\"column-6\">16<\/td><td class=\"column-7\">1<\/td><td class=\"column-8\">100<\/td>\n<\/tr>\n<tr class=\"row-6\">\n\t<td class=\"column-1\">EF16020505<\/td><td class=\"column-2\">50<\/td><td class=\"column-3\">63,5<\/td><td class=\"column-4\">40<\/td><td class=\"column-5\">134<\/td><td class=\"column-6\">16<\/td><td class=\"column-7\">1<\/td><td class=\"column-8\">55<\/td>\n<\/tr>\n<tr class=\"row-7\">\n\t<td class=\"column-1\">EF16020606<\/td><td class=\"column-2\">63<\/td><td class=\"column-3\">79<\/td><td class=\"column-4\">46<\/td><td class=\"column-5\">162<\/td><td class=\"column-6\">16<\/td><td class=\"column-7\">1<\/td><td class=\"column-8\">38<\/td>\n<\/tr>\n<tr class=\"row-8\">\n\t<td class=\"column-1\">EF16020707<\/td><td class=\"column-2\">75<\/td><td class=\"column-3\">94<\/td><td class=\"column-4\">50<\/td><td class=\"column-5\">181<\/td><td class=\"column-6\">16<\/td><td class=\"column-7\">1<\/td><td class=\"column-8\">21<\/td>\n<\/tr>\n<tr class=\"row-9\">\n\t<td class=\"column-1\">EF16020808<\/td><td class=\"column-2\">90<\/td><td class=\"column-3\">113<\/td><td class=\"column-4\">56,5<\/td><td class=\"column-5\">210<\/td><td class=\"column-6\">16<\/td><td class=\"column-7\">1<\/td><td class=\"column-8\">13<\/td>\n<\/tr>\n<tr class=\"row-10\">\n\t<td class=\"column-1\">EF16020909<\/td><td class=\"column-2\">110<\/td><td class=\"column-3\">138<\/td><td class=\"column-4\">68,5<\/td><td class=\"column-5\">256<\/td><td class=\"column-6\">16<\/td><td class=\"column-7\">*<\/td><td class=\"column-8\">*<\/td>\n<\/tr>\n<tr class=\"row-11\">\n\t<td class=\"column-1\">EF16021010<\/td><td class=\"column-2\">125<\/td><td class=\"column-3\">154,5<\/td><td class=\"column-4\">73,5<\/td><td class=\"column-5\">273,5<\/td><td class=\"column-6\">16<\/td><td class=\"column-7\">*<\/td><td class=\"column-8\">*<\/td>\n<\/tr>\n<tr class=\"row-12\">\n\t<td class=\"column-1\">EF16021111<\/td><td class=\"column-2\">140<\/td><td class=\"column-3\">174<\/td><td class=\"column-4\">78,5<\/td><td class=\"column-5\">300,5<\/td><td class=\"column-6\">16<\/td><td class=\"column-7\">*<\/td><td class=\"column-8\">*<\/td>\n<\/tr>\n<tr class=\"row-13\">\n\t<td class=\"column-1\">EF16021212<\/td><td class=\"column-2\">160<\/td><td class=\"column-3\">197,5<\/td><td class=\"column-4\">83<\/td><td class=\"column-5\">338<\/td><td class=\"column-6\">16<\/td><td class=\"column-7\">*<\/td><td class=\"column-8\">*<\/td>\n<\/tr>\n<\/tbody>\n<\/table>\n<!-- #tablepress-1348 from cache -->\n","protected":false},"excerpt":{"rendered":"<div class=\"product-detail-infos\">\n<div class=\"product-detail-infos\">\n<h2>PE 100 SDR 11<\/h2>\n<h2>\u0413\u0410\u0420\u0410\u041d\u0422\u0418\u0420\u041e\u0412\u0410\u041d\u041d\u041e\u0415 \u0417\u041d\u0410\u0427\u0415\u041d\u0418\u0415 \u0414\u0410\u0412\u041b\u0415\u041d\u0418\u042f<\/h2>\n<ul>\n<li>\u00d8 20 mm \u2013 \u00d8 160 mm (\u0432\u043e\u0434\u044b) :PN 16<\/li>\n<li>\u00d8 20 mm \u2013 \u00d8 160 mm (\u0433\u0430\u0437) :PN 10<\/li>\n<\/ul>\n<\/div>\n<div class=\"product-detail-infos\">\n<h2>\u041e\u0411\u041b\u0410\u0421\u0422\u0418 \u041f\u0420\u0418\u041c\u0415\u041d\u0415\u041d\u0418\u042f<\/h2>\n<ul>\n<li>\u041f\u043e\u043b\u0438\u044d\u0442\u0438\u043b\u0435\u043d\u043e\u0432\u0430\u044f \u0441\u0438\u0441\u0442\u0435\u043c\u0430 \u043f\u0438\u0442\u044c\u0435\u0432\u043e\u0439 \u0432\u043e\u0434\u044b \u0438 \u043f\u0440\u0438\u0440\u043e\u0434\u043d\u043e\u0433\u043e \u0433\u0430\u0437\u0430<\/li>\n<\/ul>\n<\/div>\n<\/div>\n","protected":false},"featured_media":29087,"comment_status":"closed","ping_status":"closed","template":"","meta":{"_acf_changed":false},"product_cat":[6898,6897],"product_tag":[7049,7050,7051,7052,7053,7054,7055],"class_list":{"0":"post-29044","1":"product","2":"type-product","3":"status-publish","4":"has-post-thumbnail","6":"product_cat-elektrofuzyon-ek-parcalari-ru","7":"product_cat-poelsanef-ru","8":"product_tag-sp16020606-ru","9":"product_tag-sp16020707-ru","10":"product_tag-sp16020808-ru","11":"product_tag-sp16020909-ru","12":"product_tag-sp16021010-ru","13":"product_tag-sp16021111-ru","14":"product_tag-sp16021212-ru","16":"first","17":"instock","18":"product-type-simple"},"acf":[],"yoast_head":"<!-- This site is optimized with the Yoast SEO plugin v25.9 - https:\/\/yoast.com\/wordpress\/plugins\/seo\/ -->\n<title>\u0415\u041b\u0415\u041a\u0422\u0420\u041e\u0421\u0412\u0410\u0420\u041d\u042b\u0419\u0422\u0420\u041e\u0419\u041d\u0418\u041a\u041a\u041e\u041c\u041f\u0420\u0415\u0421\u0421\u0418\u041e\u041d\u041d\u042b\u0419 - Poelsan<\/title>\n<meta name=\"description\" content=\"Poelsan \u0415\u041b\u0415\u041a\u0422\u0420\u041e\u0421\u0412\u0410\u0420\u041d\u042b\u0419\u0422\u0420\u041e\u0419\u041d\u0418\u041a\u041a\u041e\u041c\u041f\u0420\u0415\u0421\u0421\u0418\u041e\u041d\u041d\u042b\u0419 \u00dcr\u00fcn\u00fcm\u00fcz ve Daha Fazla Sulama Ekipmanlar\u0131m\u0131z\u0131 Hemen Ke\u015ffedin.\" \/>\n<meta name=\"robots\" content=\"index, follow, max-snippet:-1, max-image-preview:large, max-video-preview:-1\" \/>\n<link rel=\"canonical\" href=\"https:\/\/www.poelsan.com\/ru\/urun\/%d0%b7%d0%b0%d0%b3%d0%bb%d1%83%d1%88%d0%ba%d0%b0-%d1%8d%d0%bb%d0%b5%d0%ba%d1%82%d1%80%d0%be%d1%81%d0%b2%d0%b0%d1%80%d0%bd%d0%b0%d1%8f-%d0%b2-%d0%ba%d0%be%d0%bc%d0%bf%d0%bb%d0%b5%d0%ba%d1%82%d0%b5-cop\/\" \/>\n<meta property=\"og:locale\" content=\"ru_RU\" \/>\n<meta property=\"og:type\" content=\"article\" \/>\n<meta property=\"og:title\" content=\"\u0415\u041b\u0415\u041a\u0422\u0420\u041e\u0421\u0412\u0410\u0420\u041d\u042b\u0419\u0422\u0420\u041e\u0419\u041d\u0418\u041a\u041a\u041e\u041c\u041f\u0420\u0415\u0421\u0421\u0418\u041e\u041d\u041d\u042b\u0419 - Poelsan\" \/>\n<meta property=\"og:description\" content=\"Poelsan \u0415\u041b\u0415\u041a\u0422\u0420\u041e\u0421\u0412\u0410\u0420\u041d\u042b\u0419\u0422\u0420\u041e\u0419\u041d\u0418\u041a\u041a\u041e\u041c\u041f\u0420\u0415\u0421\u0421\u0418\u041e\u041d\u041d\u042b\u0419 \u00dcr\u00fcn\u00fcm\u00fcz ve Daha Fazla Sulama Ekipmanlar\u0131m\u0131z\u0131 Hemen Ke\u015ffedin.\" \/>\n<meta property=\"og:url\" content=\"https:\/\/www.poelsan.com\/ru\/urun\/%d0%b7%d0%b0%d0%b3%d0%bb%d1%83%d1%88%d0%ba%d0%b0-%d1%8d%d0%bb%d0%b5%d0%ba%d1%82%d1%80%d0%be%d1%81%d0%b2%d0%b0%d1%80%d0%bd%d0%b0%d1%8f-%d0%b2-%d0%ba%d0%be%d0%bc%d0%bf%d0%bb%d0%b5%d0%ba%d1%82%d0%b5-cop\/\" \/>\n<meta property=\"og:site_name\" content=\"Poelsan\" \/>\n<meta property=\"article:publisher\" content=\"https:\/\/www.facebook.com\/poelsanplastik\/\" \/>\n<meta property=\"article:modified_time\" content=\"2026-02-27T06:19:00+00:00\" \/>\n<meta property=\"og:image\" content=\"https:\/\/www.poelsan.com\/wp-content\/uploads\/2026\/02\/EF-Esit-Te.png\" \/>\n\t<meta property=\"og:image:width\" content=\"300\" \/>\n\t<meta property=\"og:image:height\" content=\"300\" \/>\n\t<meta property=\"og:image:type\" content=\"image\/png\" \/>\n<meta name=\"twitter:card\" content=\"summary_large_image\" \/>\n<meta name=\"twitter:label1\" content=\"Est. reading time\" \/>\n\t<meta name=\"twitter:data1\" content=\"1 \u043c\u0438\u043d\u0443\u0442\u0430\" \/>\n<script type=\"application\/ld+json\" class=\"yoast-schema-graph\">{\"@context\":\"https:\/\/schema.org\",\"@graph\":[{\"@type\":\"WebPage\",\"@id\":\"https:\/\/www.poelsan.com\/ru\/urun\/%d0%b7%d0%b0%d0%b3%d0%bb%d1%83%d1%88%d0%ba%d0%b0-%d1%8d%d0%bb%d0%b5%d0%ba%d1%82%d1%80%d0%be%d1%81%d0%b2%d0%b0%d1%80%d0%bd%d0%b0%d1%8f-%d0%b2-%d0%ba%d0%be%d0%bc%d0%bf%d0%bb%d0%b5%d0%ba%d1%82%d0%b5-cop\/\",\"url\":\"https:\/\/www.poelsan.com\/ru\/urun\/%d0%b7%d0%b0%d0%b3%d0%bb%d1%83%d1%88%d0%ba%d0%b0-%d1%8d%d0%bb%d0%b5%d0%ba%d1%82%d1%80%d0%be%d1%81%d0%b2%d0%b0%d1%80%d0%bd%d0%b0%d1%8f-%d0%b2-%d0%ba%d0%be%d0%bc%d0%bf%d0%bb%d0%b5%d0%ba%d1%82%d0%b5-cop\/\",\"name\":\"\u0415\u041b\u0415\u041a\u0422\u0420\u041e\u0421\u0412\u0410\u0420\u041d\u042b\u0419\u0422\u0420\u041e\u0419\u041d\u0418\u041a\u041a\u041e\u041c\u041f\u0420\u0415\u0421\u0421\u0418\u041e\u041d\u041d\u042b\u0419 - Poelsan\",\"isPartOf\":{\"@id\":\"https:\/\/www.poelsan.com\/ru\/#website\"},\"primaryImageOfPage\":{\"@id\":\"https:\/\/www.poelsan.com\/ru\/urun\/%d0%b7%d0%b0%d0%b3%d0%bb%d1%83%d1%88%d0%ba%d0%b0-%d1%8d%d0%bb%d0%b5%d0%ba%d1%82%d1%80%d0%be%d1%81%d0%b2%d0%b0%d1%80%d0%bd%d0%b0%d1%8f-%d0%b2-%d0%ba%d0%be%d0%bc%d0%bf%d0%bb%d0%b5%d0%ba%d1%82%d0%b5-cop\/#primaryimage\"},\"image\":{\"@id\":\"https:\/\/www.poelsan.com\/ru\/urun\/%d0%b7%d0%b0%d0%b3%d0%bb%d1%83%d1%88%d0%ba%d0%b0-%d1%8d%d0%bb%d0%b5%d0%ba%d1%82%d1%80%d0%be%d1%81%d0%b2%d0%b0%d1%80%d0%bd%d0%b0%d1%8f-%d0%b2-%d0%ba%d0%be%d0%bc%d0%bf%d0%bb%d0%b5%d0%ba%d1%82%d0%b5-cop\/#primaryimage\"},\"thumbnailUrl\":\"https:\/\/www.poelsan.com\/wp-content\/uploads\/2026\/02\/EF-Esit-Te.png\",\"datePublished\":\"2026-02-24T09:01:24+00:00\",\"dateModified\":\"2026-02-27T06:19:00+00:00\",\"description\":\"Poelsan \u0415\u041b\u0415\u041a\u0422\u0420\u041e\u0421\u0412\u0410\u0420\u041d\u042b\u0419\u0422\u0420\u041e\u0419\u041d\u0418\u041a\u041a\u041e\u041c\u041f\u0420\u0415\u0421\u0421\u0418\u041e\u041d\u041d\u042b\u0419 \u00dcr\u00fcn\u00fcm\u00fcz ve Daha Fazla Sulama Ekipmanlar\u0131m\u0131z\u0131 Hemen Ke\u015ffedin.\",\"breadcrumb\":{\"@id\":\"https:\/\/www.poelsan.com\/ru\/urun\/%d0%b7%d0%b0%d0%b3%d0%bb%d1%83%d1%88%d0%ba%d0%b0-%d1%8d%d0%bb%d0%b5%d0%ba%d1%82%d1%80%d0%be%d1%81%d0%b2%d0%b0%d1%80%d0%bd%d0%b0%d1%8f-%d0%b2-%d0%ba%d0%be%d0%bc%d0%bf%d0%bb%d0%b5%d0%ba%d1%82%d0%b5-cop\/#breadcrumb\"},\"inLanguage\":\"ru-RU\",\"potentialAction\":[{\"@type\":\"ReadAction\",\"target\":[\"https:\/\/www.poelsan.com\/ru\/urun\/%d0%b7%d0%b0%d0%b3%d0%bb%d1%83%d1%88%d0%ba%d0%b0-%d1%8d%d0%bb%d0%b5%d0%ba%d1%82%d1%80%d0%be%d1%81%d0%b2%d0%b0%d1%80%d0%bd%d0%b0%d1%8f-%d0%b2-%d0%ba%d0%be%d0%bc%d0%bf%d0%bb%d0%b5%d0%ba%d1%82%d0%b5-cop\/\"]}]},{\"@type\":\"ImageObject\",\"inLanguage\":\"ru-RU\",\"@id\":\"https:\/\/www.poelsan.com\/ru\/urun\/%d0%b7%d0%b0%d0%b3%d0%bb%d1%83%d1%88%d0%ba%d0%b0-%d1%8d%d0%bb%d0%b5%d0%ba%d1%82%d1%80%d0%be%d1%81%d0%b2%d0%b0%d1%80%d0%bd%d0%b0%d1%8f-%d0%b2-%d0%ba%d0%be%d0%bc%d0%bf%d0%bb%d0%b5%d0%ba%d1%82%d0%b5-cop\/#primaryimage\",\"url\":\"https:\/\/www.poelsan.com\/wp-content\/uploads\/2026\/02\/EF-Esit-Te.png\",\"contentUrl\":\"https:\/\/www.poelsan.com\/wp-content\/uploads\/2026\/02\/EF-Esit-Te.png\",\"width\":300,\"height\":300},{\"@type\":\"BreadcrumbList\",\"@id\":\"https:\/\/www.poelsan.com\/ru\/urun\/%d0%b7%d0%b0%d0%b3%d0%bb%d1%83%d1%88%d0%ba%d0%b0-%d1%8d%d0%bb%d0%b5%d0%ba%d1%82%d1%80%d0%be%d1%81%d0%b2%d0%b0%d1%80%d0%bd%d0%b0%d1%8f-%d0%b2-%d0%ba%d0%be%d0%bc%d0%bf%d0%bb%d0%b5%d0%ba%d1%82%d0%b5-cop\/#breadcrumb\",\"itemListElement\":[{\"@type\":\"ListItem\",\"position\":1,\"name\":\"Home\",\"item\":\"https:\/\/www.poelsan.com\/ru\/\"},{\"@type\":\"ListItem\",\"position\":2,\"name\":\"\u0422\u043e\u0432\u0430\u0440\u044b\",\"item\":\"https:\/\/www.poelsan.com\/ru\/shop\/\"},{\"@type\":\"ListItem\",\"position\":3,\"name\":\"\u0415\u041b\u0415\u041a\u0422\u0420\u041e\u0421\u0412\u0410\u0420\u041d\u042b\u0419\u0422\u0420\u041e\u0419\u041d\u0418\u041a\u041a\u041e\u041c\u041f\u0420\u0415\u0421\u0421\u0418\u041e\u041d\u041d\u042b\u0419\"}]},{\"@type\":\"WebSite\",\"@id\":\"https:\/\/www.poelsan.com\/ru\/#website\",\"url\":\"https:\/\/www.poelsan.com\/ru\/\",\"name\":\"Poelsan: Sekt\u00f6r\u00fcnde D\u00fcnya Markas\u0131\",\"description\":\"Sekt\u00f6r\u00fcnde D\u00fcnya Markas\u0131\",\"publisher\":{\"@id\":\"https:\/\/www.poelsan.com\/ru\/#organization\"},\"potentialAction\":[{\"@type\":\"SearchAction\",\"target\":{\"@type\":\"EntryPoint\",\"urlTemplate\":\"https:\/\/www.poelsan.com\/ru\/?s={search_term_string}\"},\"query-input\":{\"@type\":\"PropertyValueSpecification\",\"valueRequired\":true,\"valueName\":\"search_term_string\"}}],\"inLanguage\":\"ru-RU\"},{\"@type\":\"Organization\",\"@id\":\"https:\/\/www.poelsan.com\/ru\/#organization\",\"name\":\"Poelsan: Sekt\u00f6r\u00fcnde D\u00fcnya Markas\u0131\",\"url\":\"https:\/\/www.poelsan.com\/ru\/\",\"logo\":{\"@type\":\"ImageObject\",\"inLanguage\":\"ru-RU\",\"@id\":\"https:\/\/www.poelsan.com\/ru\/#\/schema\/logo\/image\/\",\"url\":\"https:\/\/www.poelsan.com\/wp-content\/uploads\/2025\/09\/poelsan.png\",\"contentUrl\":\"https:\/\/www.poelsan.com\/wp-content\/uploads\/2025\/09\/poelsan.png\",\"width\":1200,\"height\":675,\"caption\":\"Poelsan: Sekt\u00f6r\u00fcnde D\u00fcnya Markas\u0131\"},\"image\":{\"@id\":\"https:\/\/www.poelsan.com\/ru\/#\/schema\/logo\/image\/\"},\"sameAs\":[\"https:\/\/www.facebook.com\/poelsanplastik\/\",\"https:\/\/www.instagram.com\/explore\/locations\/541106002887674\/poelsan-plastik-san-ve-tic-as\/\"]}]}<\/script>\n<!-- \/ Yoast SEO plugin. -->","yoast_head_json":{"title":"\u0415\u041b\u0415\u041a\u0422\u0420\u041e\u0421\u0412\u0410\u0420\u041d\u042b\u0419\u0422\u0420\u041e\u0419\u041d\u0418\u041a\u041a\u041e\u041c\u041f\u0420\u0415\u0421\u0421\u0418\u041e\u041d\u041d\u042b\u0419 - Poelsan","description":"Poelsan \u0415\u041b\u0415\u041a\u0422\u0420\u041e\u0421\u0412\u0410\u0420\u041d\u042b\u0419\u0422\u0420\u041e\u0419\u041d\u0418\u041a\u041a\u041e\u041c\u041f\u0420\u0415\u0421\u0421\u0418\u041e\u041d\u041d\u042b\u0419 \u00dcr\u00fcn\u00fcm\u00fcz ve Daha Fazla Sulama Ekipmanlar\u0131m\u0131z\u0131 Hemen Ke\u015ffedin.","robots":{"index":"index","follow":"follow","max-snippet":"max-snippet:-1","max-image-preview":"max-image-preview:large","max-video-preview":"max-video-preview:-1"},"canonical":"https:\/\/www.poelsan.com\/ru\/urun\/%d0%b7%d0%b0%d0%b3%d0%bb%d1%83%d1%88%d0%ba%d0%b0-%d1%8d%d0%bb%d0%b5%d0%ba%d1%82%d1%80%d0%be%d1%81%d0%b2%d0%b0%d1%80%d0%bd%d0%b0%d1%8f-%d0%b2-%d0%ba%d0%be%d0%bc%d0%bf%d0%bb%d0%b5%d0%ba%d1%82%d0%b5-cop\/","og_locale":"ru_RU","og_type":"article","og_title":"\u0415\u041b\u0415\u041a\u0422\u0420\u041e\u0421\u0412\u0410\u0420\u041d\u042b\u0419\u0422\u0420\u041e\u0419\u041d\u0418\u041a\u041a\u041e\u041c\u041f\u0420\u0415\u0421\u0421\u0418\u041e\u041d\u041d\u042b\u0419 - Poelsan","og_description":"Poelsan \u0415\u041b\u0415\u041a\u0422\u0420\u041e\u0421\u0412\u0410\u0420\u041d\u042b\u0419\u0422\u0420\u041e\u0419\u041d\u0418\u041a\u041a\u041e\u041c\u041f\u0420\u0415\u0421\u0421\u0418\u041e\u041d\u041d\u042b\u0419 \u00dcr\u00fcn\u00fcm\u00fcz ve Daha Fazla Sulama Ekipmanlar\u0131m\u0131z\u0131 Hemen Ke\u015ffedin.","og_url":"https:\/\/www.poelsan.com\/ru\/urun\/%d0%b7%d0%b0%d0%b3%d0%bb%d1%83%d1%88%d0%ba%d0%b0-%d1%8d%d0%bb%d0%b5%d0%ba%d1%82%d1%80%d0%be%d1%81%d0%b2%d0%b0%d1%80%d0%bd%d0%b0%d1%8f-%d0%b2-%d0%ba%d0%be%d0%bc%d0%bf%d0%bb%d0%b5%d0%ba%d1%82%d0%b5-cop\/","og_site_name":"Poelsan","article_publisher":"https:\/\/www.facebook.com\/poelsanplastik\/","article_modified_time":"2026-02-27T06:19:00+00:00","og_image":[{"width":300,"height":300,"url":"https:\/\/www.poelsan.com\/wp-content\/uploads\/2026\/02\/EF-Esit-Te.png","type":"image\/png"}],"twitter_card":"summary_large_image","twitter_misc":{"Est. reading time":"1 \u043c\u0438\u043d\u0443\u0442\u0430"},"schema":{"@context":"https:\/\/schema.org","@graph":[{"@type":"WebPage","@id":"https:\/\/www.poelsan.com\/ru\/urun\/%d0%b7%d0%b0%d0%b3%d0%bb%d1%83%d1%88%d0%ba%d0%b0-%d1%8d%d0%bb%d0%b5%d0%ba%d1%82%d1%80%d0%be%d1%81%d0%b2%d0%b0%d1%80%d0%bd%d0%b0%d1%8f-%d0%b2-%d0%ba%d0%be%d0%bc%d0%bf%d0%bb%d0%b5%d0%ba%d1%82%d0%b5-cop\/","url":"https:\/\/www.poelsan.com\/ru\/urun\/%d0%b7%d0%b0%d0%b3%d0%bb%d1%83%d1%88%d0%ba%d0%b0-%d1%8d%d0%bb%d0%b5%d0%ba%d1%82%d1%80%d0%be%d1%81%d0%b2%d0%b0%d1%80%d0%bd%d0%b0%d1%8f-%d0%b2-%d0%ba%d0%be%d0%bc%d0%bf%d0%bb%d0%b5%d0%ba%d1%82%d0%b5-cop\/","name":"\u0415\u041b\u0415\u041a\u0422\u0420\u041e\u0421\u0412\u0410\u0420\u041d\u042b\u0419\u0422\u0420\u041e\u0419\u041d\u0418\u041a\u041a\u041e\u041c\u041f\u0420\u0415\u0421\u0421\u0418\u041e\u041d\u041d\u042b\u0419 - Poelsan","isPartOf":{"@id":"https:\/\/www.poelsan.com\/ru\/#website"},"primaryImageOfPage":{"@id":"https:\/\/www.poelsan.com\/ru\/urun\/%d0%b7%d0%b0%d0%b3%d0%bb%d1%83%d1%88%d0%ba%d0%b0-%d1%8d%d0%bb%d0%b5%d0%ba%d1%82%d1%80%d0%be%d1%81%d0%b2%d0%b0%d1%80%d0%bd%d0%b0%d1%8f-%d0%b2-%d0%ba%d0%be%d0%bc%d0%bf%d0%bb%d0%b5%d0%ba%d1%82%d0%b5-cop\/#primaryimage"},"image":{"@id":"https:\/\/www.poelsan.com\/ru\/urun\/%d0%b7%d0%b0%d0%b3%d0%bb%d1%83%d1%88%d0%ba%d0%b0-%d1%8d%d0%bb%d0%b5%d0%ba%d1%82%d1%80%d0%be%d1%81%d0%b2%d0%b0%d1%80%d0%bd%d0%b0%d1%8f-%d0%b2-%d0%ba%d0%be%d0%bc%d0%bf%d0%bb%d0%b5%d0%ba%d1%82%d0%b5-cop\/#primaryimage"},"thumbnailUrl":"https:\/\/www.poelsan.com\/wp-content\/uploads\/2026\/02\/EF-Esit-Te.png","datePublished":"2026-02-24T09:01:24+00:00","dateModified":"2026-02-27T06:19:00+00:00","description":"Poelsan \u0415\u041b\u0415\u041a\u0422\u0420\u041e\u0421\u0412\u0410\u0420\u041d\u042b\u0419\u0422\u0420\u041e\u0419\u041d\u0418\u041a\u041a\u041e\u041c\u041f\u0420\u0415\u0421\u0421\u0418\u041e\u041d\u041d\u042b\u0419 \u00dcr\u00fcn\u00fcm\u00fcz ve Daha Fazla Sulama Ekipmanlar\u0131m\u0131z\u0131 Hemen Ke\u015ffedin.","breadcrumb":{"@id":"https:\/\/www.poelsan.com\/ru\/urun\/%d0%b7%d0%b0%d0%b3%d0%bb%d1%83%d1%88%d0%ba%d0%b0-%d1%8d%d0%bb%d0%b5%d0%ba%d1%82%d1%80%d0%be%d1%81%d0%b2%d0%b0%d1%80%d0%bd%d0%b0%d1%8f-%d0%b2-%d0%ba%d0%be%d0%bc%d0%bf%d0%bb%d0%b5%d0%ba%d1%82%d0%b5-cop\/#breadcrumb"},"inLanguage":"ru-RU","potentialAction":[{"@type":"ReadAction","target":["https:\/\/www.poelsan.com\/ru\/urun\/%d0%b7%d0%b0%d0%b3%d0%bb%d1%83%d1%88%d0%ba%d0%b0-%d1%8d%d0%bb%d0%b5%d0%ba%d1%82%d1%80%d0%be%d1%81%d0%b2%d0%b0%d1%80%d0%bd%d0%b0%d1%8f-%d0%b2-%d0%ba%d0%be%d0%bc%d0%bf%d0%bb%d0%b5%d0%ba%d1%82%d0%b5-cop\/"]}]},{"@type":"ImageObject","inLanguage":"ru-RU","@id":"https:\/\/www.poelsan.com\/ru\/urun\/%d0%b7%d0%b0%d0%b3%d0%bb%d1%83%d1%88%d0%ba%d0%b0-%d1%8d%d0%bb%d0%b5%d0%ba%d1%82%d1%80%d0%be%d1%81%d0%b2%d0%b0%d1%80%d0%bd%d0%b0%d1%8f-%d0%b2-%d0%ba%d0%be%d0%bc%d0%bf%d0%bb%d0%b5%d0%ba%d1%82%d0%b5-cop\/#primaryimage","url":"https:\/\/www.poelsan.com\/wp-content\/uploads\/2026\/02\/EF-Esit-Te.png","contentUrl":"https:\/\/www.poelsan.com\/wp-content\/uploads\/2026\/02\/EF-Esit-Te.png","width":300,"height":300},{"@type":"BreadcrumbList","@id":"https:\/\/www.poelsan.com\/ru\/urun\/%d0%b7%d0%b0%d0%b3%d0%bb%d1%83%d1%88%d0%ba%d0%b0-%d1%8d%d0%bb%d0%b5%d0%ba%d1%82%d1%80%d0%be%d1%81%d0%b2%d0%b0%d1%80%d0%bd%d0%b0%d1%8f-%d0%b2-%d0%ba%d0%be%d0%bc%d0%bf%d0%bb%d0%b5%d0%ba%d1%82%d0%b5-cop\/#breadcrumb","itemListElement":[{"@type":"ListItem","position":1,"name":"Home","item":"https:\/\/www.poelsan.com\/ru\/"},{"@type":"ListItem","position":2,"name":"\u0422\u043e\u0432\u0430\u0440\u044b","item":"https:\/\/www.poelsan.com\/ru\/shop\/"},{"@type":"ListItem","position":3,"name":"\u0415\u041b\u0415\u041a\u0422\u0420\u041e\u0421\u0412\u0410\u0420\u041d\u042b\u0419\u0422\u0420\u041e\u0419\u041d\u0418\u041a\u041a\u041e\u041c\u041f\u0420\u0415\u0421\u0421\u0418\u041e\u041d\u041d\u042b\u0419"}]},{"@type":"WebSite","@id":"https:\/\/www.poelsan.com\/ru\/#website","url":"https:\/\/www.poelsan.com\/ru\/","name":"Poelsan: Sekt\u00f6r\u00fcnde D\u00fcnya Markas\u0131","description":"Sekt\u00f6r\u00fcnde D\u00fcnya Markas\u0131","publisher":{"@id":"https:\/\/www.poelsan.com\/ru\/#organization"},"potentialAction":[{"@type":"SearchAction","target":{"@type":"EntryPoint","urlTemplate":"https:\/\/www.poelsan.com\/ru\/?s={search_term_string}"},"query-input":{"@type":"PropertyValueSpecification","valueRequired":true,"valueName":"search_term_string"}}],"inLanguage":"ru-RU"},{"@type":"Organization","@id":"https:\/\/www.poelsan.com\/ru\/#organization","name":"Poelsan: Sekt\u00f6r\u00fcnde D\u00fcnya Markas\u0131","url":"https:\/\/www.poelsan.com\/ru\/","logo":{"@type":"ImageObject","inLanguage":"ru-RU","@id":"https:\/\/www.poelsan.com\/ru\/#\/schema\/logo\/image\/","url":"https:\/\/www.poelsan.com\/wp-content\/uploads\/2025\/09\/poelsan.png","contentUrl":"https:\/\/www.poelsan.com\/wp-content\/uploads\/2025\/09\/poelsan.png","width":1200,"height":675,"caption":"Poelsan: Sekt\u00f6r\u00fcnde D\u00fcnya Markas\u0131"},"image":{"@id":"https:\/\/www.poelsan.com\/ru\/#\/schema\/logo\/image\/"},"sameAs":["https:\/\/www.facebook.com\/poelsanplastik\/","https:\/\/www.instagram.com\/explore\/locations\/541106002887674\/poelsan-plastik-san-ve-tic-as\/"]}]}},"_links":{"self":[{"href":"https:\/\/www.poelsan.com\/ru\/wp-json\/wp\/v2\/product\/29044","targetHints":{"allow":["GET"]}}],"collection":[{"href":"https:\/\/www.poelsan.com\/ru\/wp-json\/wp\/v2\/product"}],"about":[{"href":"https:\/\/www.poelsan.com\/ru\/wp-json\/wp\/v2\/types\/product"}],"replies":[{"embeddable":true,"href":"https:\/\/www.poelsan.com\/ru\/wp-json\/wp\/v2\/comments?post=29044"}],"wp:featuredmedia":[{"embeddable":true,"href":"https:\/\/www.poelsan.com\/ru\/wp-json\/wp\/v2\/media\/29087"}],"wp:attachment":[{"href":"https:\/\/www.poelsan.com\/ru\/wp-json\/wp\/v2\/media?parent=29044"}],"wp:term":[{"taxonomy":"product_cat","embeddable":true,"href":"https:\/\/www.poelsan.com\/ru\/wp-json\/wp\/v2\/product_cat?post=29044"},{"taxonomy":"product_tag","embeddable":true,"href":"https:\/\/www.poelsan.com\/ru\/wp-json\/wp\/v2\/product_tag?post=29044"}],"curies":[{"name":"wp","href":"https:\/\/api.w.org\/{rel}","templated":true}]}}