{"id":27136,"date":"2022-07-30T00:04:48","date_gmt":"2022-07-29T21:04:48","guid":{"rendered":"https:\/\/www.poelsan.com\/urun\/%d0%bc%d0%b8%d0%bd%d0%b8%d1%81%d0%bf%d1%80%d0%b8%d0%bd%d0%ba%d0%bb%d0%b5%d1%80-%d1%81-%d0%b1%d0%be%d0%bb%d1%8c%d1%88%d0%b8%d0%bc-%d1%80%d0%b0%d0%b4%d0%b8%d1%83%d1%81%d0%be%d0%bc-%d0%be%d1%80%d0%be\/"},"modified":"2025-11-03T10:42:53","modified_gmt":"2025-11-03T07:42:53","slug":"%d0%bc%d0%b8%d0%bd%d0%b8%d1%81%d0%bf%d1%80%d0%b8%d0%bd%d0%ba%d0%bb%d0%b5%d1%80-%d1%81-%d0%b1%d0%be%d0%bb%d1%8c%d1%88%d0%b8%d0%bc-%d1%80%d0%b0%d0%b4%d0%b8%d1%83%d1%81%d0%be%d0%bc-%d0%be%d1%80%d0%be-5","status":"publish","type":"product","link":"https:\/\/www.poelsan.com\/ru\/urun\/%d0%bc%d0%b8%d0%bd%d0%b8%d1%81%d0%bf%d1%80%d0%b8%d0%bd%d0%ba%d0%bb%d0%b5%d1%80-%d1%81-%d0%b1%d0%be%d0%bb%d1%8c%d1%88%d0%b8%d0%bc-%d1%80%d0%b0%d0%b4%d0%b8%d1%83%d1%81%d0%be%d0%bc-%d0%be%d1%80%d0%be-5\/","title":{"rendered":"\u041c\u0418\u041d\u0418\u0421\u041f\u0420\u0418\u041d\u041a\u041b\u0415\u0420 \u0421 \u0411\u041e\u041b\u042c\u0428\u0418\u041c \u0420\u0410\u0414\u0418\u0423\u0421\u041e\u041c \u041e\u0420\u041e\u0428\u0415\u041d\u0418\u042f"},"content":{"rendered":"\n<table id=\"tablepress-1290\" class=\"tablepress tablepress-id-1290\">\n<thead>\n<tr class=\"row-1\">\n\t<th class=\"column-1\">\u041a\u041e\u0414<\/th><th class=\"column-2\">\u0426\u0412\u0415\u0422 \u0421\u041e\u041f\u041b\u0410<\/th><th class=\"column-3\">\u0420\u0410\u0421\u0425\u041e\u0414<\/th><th class=\"column-4\">\u0414\u0418\u0410\u041c\u0415\u0422\u0420 \u041e\u0420\u041e\u0428\u0415\u041d\u0418\u042f<\/th><th class=\"column-5\">\u041a\u041e\u041b-\u0412\u041e \u0428\u0422. \u0412 \u0423\u041f\u0410\u041a\u041e\u0412\u041a\u0415<\/th><th class=\"column-6\">\u041a\u041e\u041b-\u0412\u041e \u0428\u0422. \u0412 \u041a\u041e\u0420\u041e\u0411\u041a\u0415<\/th>\n<\/tr>\n<\/thead>\n<tbody class=\"row-striping row-hover\">\n<tr class=\"row-2\">\n\t<td class=\"column-1\">22080<\/td><td class=\"column-2\">\u0421\u0412\u0415\u0422\u041b\u041e-\u0417\u0415\u041b\u0415\u041d\u042b\u0419<\/td><td class=\"column-3\">80<\/td><td class=\"column-4\">6.0<\/td><td class=\"column-5\">25<\/td><td class=\"column-6\">2000<\/td>\n<\/tr>\n<tr class=\"row-3\">\n\t<td class=\"column-1\">22100<\/td><td class=\"column-2\">\u0421\u0412\u0415\u0422\u041b\u041e-\u0421\u0418\u041d\u0418\u0419<\/td><td class=\"column-3\">100<\/td><td class=\"column-4\">6.0<\/td><td class=\"column-5\">25<\/td><td class=\"column-6\">2000<\/td>\n<\/tr>\n<tr class=\"row-4\">\n\t<td class=\"column-1\">22120<\/td><td class=\"column-2\">\u041a\u0420\u0410\u0421\u041d\u042b\u0419<\/td><td class=\"column-3\">120<\/td><td class=\"column-4\">6.5<\/td><td class=\"column-5\">25<\/td><td class=\"column-6\">2000<\/td>\n<\/tr>\n<tr class=\"row-5\">\n\t<td class=\"column-1\">22140<\/td><td class=\"column-2\">\u0420\u041e\u0417\u041e\u0412\u042b\u0419<\/td><td class=\"column-3\">140<\/td><td class=\"column-4\">7.0<\/td><td class=\"column-5\">25<\/td><td class=\"column-6\">2000<\/td>\n<\/tr>\n<tr class=\"row-6\">\n\t<td class=\"column-1\">22160<\/td><td class=\"column-2\">\u041a\u041e\u0420\u0418\u0427\u041d\u0415\u0412\u042b\u0419<\/td><td class=\"column-3\">160<\/td><td class=\"column-4\">7.0<\/td><td class=\"column-5\">25<\/td><td class=\"column-6\">2000<\/td>\n<\/tr>\n<tr class=\"row-7\">\n\t<td class=\"column-1\">22180<\/td><td class=\"column-2\">\u041e\u0420\u0410\u041d\u0416\u0415\u0412\u042b\u0419<\/td><td class=\"column-3\">180<\/td><td class=\"column-4\">7.5<\/td><td class=\"column-5\">25<\/td><td class=\"column-6\">2000<\/td>\n<\/tr>\n<tr class=\"row-8\">\n\t<td class=\"column-1\">22200<\/td><td class=\"column-2\">\u0416\u0415\u041b\u0422\u042b\u0419<\/td><td class=\"column-3\">200<\/td><td class=\"column-4\">7.5<\/td><td class=\"column-5\">25<\/td><td class=\"column-6\">2000<\/td>\n<\/tr>\n<tr class=\"row-9\">\n\t<td class=\"column-1\">22265<\/td><td class=\"column-2\">\u0411\u0415\u041b\u042b\u0419<\/td><td class=\"column-3\">265<\/td><td class=\"column-4\">7.5<\/td><td class=\"column-5\">25<\/td><td class=\"column-6\">2000<\/td>\n<\/tr>\n<tr class=\"row-10\">\n\t<td class=\"column-1\">22320<\/td><td class=\"column-2\">\u0417\u0415\u041b\u0415\u041d\u042b\u0419<\/td><td class=\"column-3\">320<\/td><td class=\"column-4\">8.0<\/td><td class=\"column-5\">25<\/td><td class=\"column-6\">2000<\/td>\n<\/tr>\n<tr class=\"row-11\">\n\t<td class=\"column-1\">22360<\/td><td class=\"column-2\">\u0424\u0418\u041e\u041b\u0415\u0422\u041e\u0412\u042b\u0419<\/td><td class=\"column-3\">360<\/td><td class=\"column-4\">8.0<\/td><td class=\"column-5\">25<\/td><td class=\"column-6\">2000<\/td>\n<\/tr>\n<tr class=\"row-12\">\n\t<td class=\"column-1\">22400<\/td><td class=\"column-2\">\u0421\u0418\u041d\u0418\u0419<\/td><td class=\"column-3\">400<\/td><td class=\"column-4\">8.0<\/td><td class=\"column-5\">25<\/td><td class=\"column-6\">2000<\/td>\n<\/tr>\n<\/tbody>\n<\/table>\n<!-- #tablepress-1290 from cache -->\n","protected":false},"excerpt":{"rendered":"<div class=\"product-detail-infos\">\n<h2>\u0437\u043d\u0430\u0447\u0435\u043d\u0438\u0435 \u0434\u0430\u0432\u043b\u0435\u043d\u0438\u044f<\/h2>\n<ul>\n<li>PN 2<\/li>\n<\/ul>\n<\/div>\n<div class=\"product-detail-infos\">\n<h2>\u041e\u0411\u041b\u0410\u0421\u0422\u0418 \u041f\u0420\u0418\u041c\u0415\u041d\u0415\u041d\u0418\u042f<\/h2>\n<ul>\n<li>\u041b\u0430\u043d\u0434\u0448\u0430\u0444\u0442\u043d\u0430\u044f \u0438\u043d\u0434\u0443\u0441\u0442\u0440\u0438\u044f<\/li>\n<li>\u0426\u0432\u0435\u0442\u043d\u0438\u043a\u0438 \u0438 \u043e\u0433\u043e\u0440\u043e\u0434\u044b<\/li>\n<li>\u041f\u0438\u0442\u043e\u043c\u043d\u0438\u043a\u0438<\/li>\n<li>\u0424\u0440\u0443\u043a\u0442\u043e\u0432\u044b\u0435 \u0434\u0435\u0440\u0435\u0432\u044c\u044f<\/li>\n<li>\u0422\u0435\u043f\u043b\u0438\u0446\u044b<\/li>\n<li>\u041e\u0440\u043e\u0448\u0435\u043d\u0438\u0435 \u0441\u0430\u0434\u0430<\/li>\n<\/ul>\n<\/div>\n<div class=\"product-logos\"><img decoding=\"async\" src=\"\/wp-content\/uploads\/2022\/07\/tse-iso-45001.png\" \/><br \/>\n<img decoding=\"async\" src=\"\/wp-content\/uploads\/2022\/07\/tse-iso-en-9000.png\" \/><br \/>\n<img decoding=\"async\" src=\"\/wp-content\/uploads\/2022\/07\/tse-iso-14000.png\" \/><br \/>\n<img decoding=\"async\" src=\"\/wp-content\/uploads\/2022\/07\/tse-iso-18001.png\" \/><\/div>\n","protected":false},"featured_media":27138,"comment_status":"closed","ping_status":"closed","template":"","meta":{"_acf_changed":false},"product_cat":[6904,6861],"product_tag":[],"class_list":{"0":"post-27136","1":"product","2":"type-product","3":"status-publish","4":"has-post-thumbnail","6":"product_cat-6904","7":"product_cat-6861","9":"first","10":"instock","11":"product-type-simple"},"acf":[],"yoast_head":"<!-- This site is optimized with the Yoast SEO plugin v25.9 - https:\/\/yoast.com\/wordpress\/plugins\/seo\/ -->\n<title>\u041c\u0418\u041d\u0418\u0421\u041f\u0420\u0418\u041d\u041a\u041b\u0415\u0420 \u0421 \u0411\u041e\u041b\u042c\u0428\u0418\u041c \u0420\u0410\u0414\u0418\u0423\u0421\u041e\u041c \u041e\u0420\u041e\u0428\u0415\u041d\u0418\u042f - Poelsan<\/title>\n<meta name=\"description\" content=\"Poelsan \u041c\u0418\u041d\u0418\u0421\u041f\u0420\u0418\u041d\u041a\u041b\u0415\u0420 \u0421 \u0411\u041e\u041b\u042c\u0428\u0418\u041c \u0420\u0410\u0414\u0418\u0423\u0421\u041e\u041c \u041e\u0420\u041e\u0428\u0415\u041d\u0418\u042f \u00dcr\u00fcn\u00fcm\u00fcz ve Daha Fazla Sulama Ekipmanlar\u0131m\u0131z\u0131 Hemen Ke\u015ffedin.\" \/>\n<meta name=\"robots\" content=\"index, follow, max-snippet:-1, max-image-preview:large, max-video-preview:-1\" \/>\n<link rel=\"canonical\" href=\"https:\/\/www.poelsan.com\/ru\/urun\/%d0%bc%d0%b8%d0%bd%d0%b8%d1%81%d0%bf%d1%80%d0%b8%d0%bd%d0%ba%d0%bb%d0%b5%d1%80-%d1%81-%d0%b1%d0%be%d0%bb%d1%8c%d1%88%d0%b8%d0%bc-%d1%80%d0%b0%d0%b4%d0%b8%d1%83%d1%81%d0%be%d0%bc-%d0%be%d1%80%d0%be-5\/\" \/>\n<meta property=\"og:locale\" content=\"ru_RU\" \/>\n<meta property=\"og:type\" content=\"article\" \/>\n<meta property=\"og:title\" content=\"\u041c\u0418\u041d\u0418\u0421\u041f\u0420\u0418\u041d\u041a\u041b\u0415\u0420 \u0421 \u0411\u041e\u041b\u042c\u0428\u0418\u041c \u0420\u0410\u0414\u0418\u0423\u0421\u041e\u041c \u041e\u0420\u041e\u0428\u0415\u041d\u0418\u042f - Poelsan\" \/>\n<meta property=\"og:description\" content=\"Poelsan \u041c\u0418\u041d\u0418\u0421\u041f\u0420\u0418\u041d\u041a\u041b\u0415\u0420 \u0421 \u0411\u041e\u041b\u042c\u0428\u0418\u041c \u0420\u0410\u0414\u0418\u0423\u0421\u041e\u041c \u041e\u0420\u041e\u0428\u0415\u041d\u0418\u042f \u00dcr\u00fcn\u00fcm\u00fcz ve Daha Fazla Sulama Ekipmanlar\u0131m\u0131z\u0131 Hemen Ke\u015ffedin.\" \/>\n<meta property=\"og:url\" content=\"https:\/\/www.poelsan.com\/ru\/urun\/%d0%bc%d0%b8%d0%bd%d0%b8%d1%81%d0%bf%d1%80%d0%b8%d0%bd%d0%ba%d0%bb%d0%b5%d1%80-%d1%81-%d0%b1%d0%be%d0%bb%d1%8c%d1%88%d0%b8%d0%bc-%d1%80%d0%b0%d0%b4%d0%b8%d1%83%d1%81%d0%be%d0%bc-%d0%be%d1%80%d0%be-5\/\" \/>\n<meta property=\"og:site_name\" content=\"Poelsan\" \/>\n<meta property=\"article:publisher\" content=\"https:\/\/www.facebook.com\/poelsanplastik\/\" \/>\n<meta property=\"article:modified_time\" content=\"2025-11-03T07:42:53+00:00\" \/>\n<meta property=\"og:image\" content=\"https:\/\/www.poelsan.com\/wp-content\/uploads\/2022\/07\/minisprinkler-uzun-mesafe-1.png\" \/>\n\t<meta property=\"og:image:width\" content=\"600\" \/>\n\t<meta property=\"og:image:height\" content=\"350\" \/>\n\t<meta property=\"og:image:type\" content=\"image\/png\" \/>\n<meta name=\"twitter:card\" content=\"summary_large_image\" \/>\n<meta name=\"twitter:label1\" content=\"Est. reading time\" \/>\n\t<meta name=\"twitter:data1\" content=\"1 \u043c\u0438\u043d\u0443\u0442\u0430\" \/>\n<script type=\"application\/ld+json\" class=\"yoast-schema-graph\">{\"@context\":\"https:\/\/schema.org\",\"@graph\":[{\"@type\":\"WebPage\",\"@id\":\"https:\/\/www.poelsan.com\/ru\/urun\/%d0%bc%d0%b8%d0%bd%d0%b8%d1%81%d0%bf%d1%80%d0%b8%d0%bd%d0%ba%d0%bb%d0%b5%d1%80-%d1%81-%d0%b1%d0%be%d0%bb%d1%8c%d1%88%d0%b8%d0%bc-%d1%80%d0%b0%d0%b4%d0%b8%d1%83%d1%81%d0%be%d0%bc-%d0%be%d1%80%d0%be-5\/\",\"url\":\"https:\/\/www.poelsan.com\/ru\/urun\/%d0%bc%d0%b8%d0%bd%d0%b8%d1%81%d0%bf%d1%80%d0%b8%d0%bd%d0%ba%d0%bb%d0%b5%d1%80-%d1%81-%d0%b1%d0%be%d0%bb%d1%8c%d1%88%d0%b8%d0%bc-%d1%80%d0%b0%d0%b4%d0%b8%d1%83%d1%81%d0%be%d0%bc-%d0%be%d1%80%d0%be-5\/\",\"name\":\"\u041c\u0418\u041d\u0418\u0421\u041f\u0420\u0418\u041d\u041a\u041b\u0415\u0420 \u0421 \u0411\u041e\u041b\u042c\u0428\u0418\u041c \u0420\u0410\u0414\u0418\u0423\u0421\u041e\u041c \u041e\u0420\u041e\u0428\u0415\u041d\u0418\u042f - Poelsan\",\"isPartOf\":{\"@id\":\"https:\/\/www.poelsan.com\/ru\/#website\"},\"primaryImageOfPage\":{\"@id\":\"https:\/\/www.poelsan.com\/ru\/urun\/%d0%bc%d0%b8%d0%bd%d0%b8%d1%81%d0%bf%d1%80%d0%b8%d0%bd%d0%ba%d0%bb%d0%b5%d1%80-%d1%81-%d0%b1%d0%be%d0%bb%d1%8c%d1%88%d0%b8%d0%bc-%d1%80%d0%b0%d0%b4%d0%b8%d1%83%d1%81%d0%be%d0%bc-%d0%be%d1%80%d0%be-5\/#primaryimage\"},\"image\":{\"@id\":\"https:\/\/www.poelsan.com\/ru\/urun\/%d0%bc%d0%b8%d0%bd%d0%b8%d1%81%d0%bf%d1%80%d0%b8%d0%bd%d0%ba%d0%bb%d0%b5%d1%80-%d1%81-%d0%b1%d0%be%d0%bb%d1%8c%d1%88%d0%b8%d0%bc-%d1%80%d0%b0%d0%b4%d0%b8%d1%83%d1%81%d0%be%d0%bc-%d0%be%d1%80%d0%be-5\/#primaryimage\"},\"thumbnailUrl\":\"https:\/\/www.poelsan.com\/wp-content\/uploads\/2022\/07\/minisprinkler-uzun-mesafe-1.png\",\"datePublished\":\"2022-07-29T21:04:48+00:00\",\"dateModified\":\"2025-11-03T07:42:53+00:00\",\"description\":\"Poelsan \u041c\u0418\u041d\u0418\u0421\u041f\u0420\u0418\u041d\u041a\u041b\u0415\u0420 \u0421 \u0411\u041e\u041b\u042c\u0428\u0418\u041c \u0420\u0410\u0414\u0418\u0423\u0421\u041e\u041c \u041e\u0420\u041e\u0428\u0415\u041d\u0418\u042f \u00dcr\u00fcn\u00fcm\u00fcz ve Daha Fazla Sulama Ekipmanlar\u0131m\u0131z\u0131 Hemen Ke\u015ffedin.\",\"breadcrumb\":{\"@id\":\"https:\/\/www.poelsan.com\/ru\/urun\/%d0%bc%d0%b8%d0%bd%d0%b8%d1%81%d0%bf%d1%80%d0%b8%d0%bd%d0%ba%d0%bb%d0%b5%d1%80-%d1%81-%d0%b1%d0%be%d0%bb%d1%8c%d1%88%d0%b8%d0%bc-%d1%80%d0%b0%d0%b4%d0%b8%d1%83%d1%81%d0%be%d0%bc-%d0%be%d1%80%d0%be-5\/#breadcrumb\"},\"inLanguage\":\"ru-RU\",\"potentialAction\":[{\"@type\":\"ReadAction\",\"target\":[\"https:\/\/www.poelsan.com\/ru\/urun\/%d0%bc%d0%b8%d0%bd%d0%b8%d1%81%d0%bf%d1%80%d0%b8%d0%bd%d0%ba%d0%bb%d0%b5%d1%80-%d1%81-%d0%b1%d0%be%d0%bb%d1%8c%d1%88%d0%b8%d0%bc-%d1%80%d0%b0%d0%b4%d0%b8%d1%83%d1%81%d0%be%d0%bc-%d0%be%d1%80%d0%be-5\/\"]}]},{\"@type\":\"ImageObject\",\"inLanguage\":\"ru-RU\",\"@id\":\"https:\/\/www.poelsan.com\/ru\/urun\/%d0%bc%d0%b8%d0%bd%d0%b8%d1%81%d0%bf%d1%80%d0%b8%d0%bd%d0%ba%d0%bb%d0%b5%d1%80-%d1%81-%d0%b1%d0%be%d0%bb%d1%8c%d1%88%d0%b8%d0%bc-%d1%80%d0%b0%d0%b4%d0%b8%d1%83%d1%81%d0%be%d0%bc-%d0%be%d1%80%d0%be-5\/#primaryimage\",\"url\":\"https:\/\/www.poelsan.com\/wp-content\/uploads\/2022\/07\/minisprinkler-uzun-mesafe-1.png\",\"contentUrl\":\"https:\/\/www.poelsan.com\/wp-content\/uploads\/2022\/07\/minisprinkler-uzun-mesafe-1.png\",\"width\":600,\"height\":350},{\"@type\":\"BreadcrumbList\",\"@id\":\"https:\/\/www.poelsan.com\/ru\/urun\/%d0%bc%d0%b8%d0%bd%d0%b8%d1%81%d0%bf%d1%80%d0%b8%d0%bd%d0%ba%d0%bb%d0%b5%d1%80-%d1%81-%d0%b1%d0%be%d0%bb%d1%8c%d1%88%d0%b8%d0%bc-%d1%80%d0%b0%d0%b4%d0%b8%d1%83%d1%81%d0%be%d0%bc-%d0%be%d1%80%d0%be-5\/#breadcrumb\",\"itemListElement\":[{\"@type\":\"ListItem\",\"position\":1,\"name\":\"Home\",\"item\":\"https:\/\/www.poelsan.com\/ru\/\"},{\"@type\":\"ListItem\",\"position\":2,\"name\":\"\u0422\u043e\u0432\u0430\u0440\u044b\",\"item\":\"https:\/\/www.poelsan.com\/ru\/shop\/\"},{\"@type\":\"ListItem\",\"position\":3,\"name\":\"\u041c\u0418\u041d\u0418\u0421\u041f\u0420\u0418\u041d\u041a\u041b\u0415\u0420 \u0421 \u0411\u041e\u041b\u042c\u0428\u0418\u041c \u0420\u0410\u0414\u0418\u0423\u0421\u041e\u041c \u041e\u0420\u041e\u0428\u0415\u041d\u0418\u042f\"}]},{\"@type\":\"WebSite\",\"@id\":\"https:\/\/www.poelsan.com\/ru\/#website\",\"url\":\"https:\/\/www.poelsan.com\/ru\/\",\"name\":\"Poelsan: Sekt\u00f6r\u00fcnde D\u00fcnya Markas\u0131\",\"description\":\"Sekt\u00f6r\u00fcnde D\u00fcnya Markas\u0131\",\"publisher\":{\"@id\":\"https:\/\/www.poelsan.com\/ru\/#organization\"},\"potentialAction\":[{\"@type\":\"SearchAction\",\"target\":{\"@type\":\"EntryPoint\",\"urlTemplate\":\"https:\/\/www.poelsan.com\/ru\/?s={search_term_string}\"},\"query-input\":{\"@type\":\"PropertyValueSpecification\",\"valueRequired\":true,\"valueName\":\"search_term_string\"}}],\"inLanguage\":\"ru-RU\"},{\"@type\":\"Organization\",\"@id\":\"https:\/\/www.poelsan.com\/ru\/#organization\",\"name\":\"Poelsan: Sekt\u00f6r\u00fcnde D\u00fcnya Markas\u0131\",\"url\":\"https:\/\/www.poelsan.com\/ru\/\",\"logo\":{\"@type\":\"ImageObject\",\"inLanguage\":\"ru-RU\",\"@id\":\"https:\/\/www.poelsan.com\/ru\/#\/schema\/logo\/image\/\",\"url\":\"https:\/\/www.poelsan.com\/wp-content\/uploads\/2025\/09\/poelsan.png\",\"contentUrl\":\"https:\/\/www.poelsan.com\/wp-content\/uploads\/2025\/09\/poelsan.png\",\"width\":1200,\"height\":675,\"caption\":\"Poelsan: Sekt\u00f6r\u00fcnde D\u00fcnya Markas\u0131\"},\"image\":{\"@id\":\"https:\/\/www.poelsan.com\/ru\/#\/schema\/logo\/image\/\"},\"sameAs\":[\"https:\/\/www.facebook.com\/poelsanplastik\/\",\"https:\/\/www.instagram.com\/explore\/locations\/541106002887674\/poelsan-plastik-san-ve-tic-as\/\"]}]}<\/script>\n<!-- \/ Yoast SEO plugin. -->","yoast_head_json":{"title":"\u041c\u0418\u041d\u0418\u0421\u041f\u0420\u0418\u041d\u041a\u041b\u0415\u0420 \u0421 \u0411\u041e\u041b\u042c\u0428\u0418\u041c \u0420\u0410\u0414\u0418\u0423\u0421\u041e\u041c \u041e\u0420\u041e\u0428\u0415\u041d\u0418\u042f - Poelsan","description":"Poelsan \u041c\u0418\u041d\u0418\u0421\u041f\u0420\u0418\u041d\u041a\u041b\u0415\u0420 \u0421 \u0411\u041e\u041b\u042c\u0428\u0418\u041c \u0420\u0410\u0414\u0418\u0423\u0421\u041e\u041c \u041e\u0420\u041e\u0428\u0415\u041d\u0418\u042f \u00dcr\u00fcn\u00fcm\u00fcz ve Daha Fazla Sulama Ekipmanlar\u0131m\u0131z\u0131 Hemen Ke\u015ffedin.","robots":{"index":"index","follow":"follow","max-snippet":"max-snippet:-1","max-image-preview":"max-image-preview:large","max-video-preview":"max-video-preview:-1"},"canonical":"https:\/\/www.poelsan.com\/ru\/urun\/%d0%bc%d0%b8%d0%bd%d0%b8%d1%81%d0%bf%d1%80%d0%b8%d0%bd%d0%ba%d0%bb%d0%b5%d1%80-%d1%81-%d0%b1%d0%be%d0%bb%d1%8c%d1%88%d0%b8%d0%bc-%d1%80%d0%b0%d0%b4%d0%b8%d1%83%d1%81%d0%be%d0%bc-%d0%be%d1%80%d0%be-5\/","og_locale":"ru_RU","og_type":"article","og_title":"\u041c\u0418\u041d\u0418\u0421\u041f\u0420\u0418\u041d\u041a\u041b\u0415\u0420 \u0421 \u0411\u041e\u041b\u042c\u0428\u0418\u041c \u0420\u0410\u0414\u0418\u0423\u0421\u041e\u041c \u041e\u0420\u041e\u0428\u0415\u041d\u0418\u042f - Poelsan","og_description":"Poelsan \u041c\u0418\u041d\u0418\u0421\u041f\u0420\u0418\u041d\u041a\u041b\u0415\u0420 \u0421 \u0411\u041e\u041b\u042c\u0428\u0418\u041c \u0420\u0410\u0414\u0418\u0423\u0421\u041e\u041c \u041e\u0420\u041e\u0428\u0415\u041d\u0418\u042f \u00dcr\u00fcn\u00fcm\u00fcz ve Daha Fazla Sulama Ekipmanlar\u0131m\u0131z\u0131 Hemen Ke\u015ffedin.","og_url":"https:\/\/www.poelsan.com\/ru\/urun\/%d0%bc%d0%b8%d0%bd%d0%b8%d1%81%d0%bf%d1%80%d0%b8%d0%bd%d0%ba%d0%bb%d0%b5%d1%80-%d1%81-%d0%b1%d0%be%d0%bb%d1%8c%d1%88%d0%b8%d0%bc-%d1%80%d0%b0%d0%b4%d0%b8%d1%83%d1%81%d0%be%d0%bc-%d0%be%d1%80%d0%be-5\/","og_site_name":"Poelsan","article_publisher":"https:\/\/www.facebook.com\/poelsanplastik\/","article_modified_time":"2025-11-03T07:42:53+00:00","og_image":[{"width":600,"height":350,"url":"https:\/\/www.poelsan.com\/wp-content\/uploads\/2022\/07\/minisprinkler-uzun-mesafe-1.png","type":"image\/png"}],"twitter_card":"summary_large_image","twitter_misc":{"Est. reading time":"1 \u043c\u0438\u043d\u0443\u0442\u0430"},"schema":{"@context":"https:\/\/schema.org","@graph":[{"@type":"WebPage","@id":"https:\/\/www.poelsan.com\/ru\/urun\/%d0%bc%d0%b8%d0%bd%d0%b8%d1%81%d0%bf%d1%80%d0%b8%d0%bd%d0%ba%d0%bb%d0%b5%d1%80-%d1%81-%d0%b1%d0%be%d0%bb%d1%8c%d1%88%d0%b8%d0%bc-%d1%80%d0%b0%d0%b4%d0%b8%d1%83%d1%81%d0%be%d0%bc-%d0%be%d1%80%d0%be-5\/","url":"https:\/\/www.poelsan.com\/ru\/urun\/%d0%bc%d0%b8%d0%bd%d0%b8%d1%81%d0%bf%d1%80%d0%b8%d0%bd%d0%ba%d0%bb%d0%b5%d1%80-%d1%81-%d0%b1%d0%be%d0%bb%d1%8c%d1%88%d0%b8%d0%bc-%d1%80%d0%b0%d0%b4%d0%b8%d1%83%d1%81%d0%be%d0%bc-%d0%be%d1%80%d0%be-5\/","name":"\u041c\u0418\u041d\u0418\u0421\u041f\u0420\u0418\u041d\u041a\u041b\u0415\u0420 \u0421 \u0411\u041e\u041b\u042c\u0428\u0418\u041c \u0420\u0410\u0414\u0418\u0423\u0421\u041e\u041c \u041e\u0420\u041e\u0428\u0415\u041d\u0418\u042f - Poelsan","isPartOf":{"@id":"https:\/\/www.poelsan.com\/ru\/#website"},"primaryImageOfPage":{"@id":"https:\/\/www.poelsan.com\/ru\/urun\/%d0%bc%d0%b8%d0%bd%d0%b8%d1%81%d0%bf%d1%80%d0%b8%d0%bd%d0%ba%d0%bb%d0%b5%d1%80-%d1%81-%d0%b1%d0%be%d0%bb%d1%8c%d1%88%d0%b8%d0%bc-%d1%80%d0%b0%d0%b4%d0%b8%d1%83%d1%81%d0%be%d0%bc-%d0%be%d1%80%d0%be-5\/#primaryimage"},"image":{"@id":"https:\/\/www.poelsan.com\/ru\/urun\/%d0%bc%d0%b8%d0%bd%d0%b8%d1%81%d0%bf%d1%80%d0%b8%d0%bd%d0%ba%d0%bb%d0%b5%d1%80-%d1%81-%d0%b1%d0%be%d0%bb%d1%8c%d1%88%d0%b8%d0%bc-%d1%80%d0%b0%d0%b4%d0%b8%d1%83%d1%81%d0%be%d0%bc-%d0%be%d1%80%d0%be-5\/#primaryimage"},"thumbnailUrl":"https:\/\/www.poelsan.com\/wp-content\/uploads\/2022\/07\/minisprinkler-uzun-mesafe-1.png","datePublished":"2022-07-29T21:04:48+00:00","dateModified":"2025-11-03T07:42:53+00:00","description":"Poelsan \u041c\u0418\u041d\u0418\u0421\u041f\u0420\u0418\u041d\u041a\u041b\u0415\u0420 \u0421 \u0411\u041e\u041b\u042c\u0428\u0418\u041c \u0420\u0410\u0414\u0418\u0423\u0421\u041e\u041c \u041e\u0420\u041e\u0428\u0415\u041d\u0418\u042f \u00dcr\u00fcn\u00fcm\u00fcz ve Daha Fazla Sulama Ekipmanlar\u0131m\u0131z\u0131 Hemen Ke\u015ffedin.","breadcrumb":{"@id":"https:\/\/www.poelsan.com\/ru\/urun\/%d0%bc%d0%b8%d0%bd%d0%b8%d1%81%d0%bf%d1%80%d0%b8%d0%bd%d0%ba%d0%bb%d0%b5%d1%80-%d1%81-%d0%b1%d0%be%d0%bb%d1%8c%d1%88%d0%b8%d0%bc-%d1%80%d0%b0%d0%b4%d0%b8%d1%83%d1%81%d0%be%d0%bc-%d0%be%d1%80%d0%be-5\/#breadcrumb"},"inLanguage":"ru-RU","potentialAction":[{"@type":"ReadAction","target":["https:\/\/www.poelsan.com\/ru\/urun\/%d0%bc%d0%b8%d0%bd%d0%b8%d1%81%d0%bf%d1%80%d0%b8%d0%bd%d0%ba%d0%bb%d0%b5%d1%80-%d1%81-%d0%b1%d0%be%d0%bb%d1%8c%d1%88%d0%b8%d0%bc-%d1%80%d0%b0%d0%b4%d0%b8%d1%83%d1%81%d0%be%d0%bc-%d0%be%d1%80%d0%be-5\/"]}]},{"@type":"ImageObject","inLanguage":"ru-RU","@id":"https:\/\/www.poelsan.com\/ru\/urun\/%d0%bc%d0%b8%d0%bd%d0%b8%d1%81%d0%bf%d1%80%d0%b8%d0%bd%d0%ba%d0%bb%d0%b5%d1%80-%d1%81-%d0%b1%d0%be%d0%bb%d1%8c%d1%88%d0%b8%d0%bc-%d1%80%d0%b0%d0%b4%d0%b8%d1%83%d1%81%d0%be%d0%bc-%d0%be%d1%80%d0%be-5\/#primaryimage","url":"https:\/\/www.poelsan.com\/wp-content\/uploads\/2022\/07\/minisprinkler-uzun-mesafe-1.png","contentUrl":"https:\/\/www.poelsan.com\/wp-content\/uploads\/2022\/07\/minisprinkler-uzun-mesafe-1.png","width":600,"height":350},{"@type":"BreadcrumbList","@id":"https:\/\/www.poelsan.com\/ru\/urun\/%d0%bc%d0%b8%d0%bd%d0%b8%d1%81%d0%bf%d1%80%d0%b8%d0%bd%d0%ba%d0%bb%d0%b5%d1%80-%d1%81-%d0%b1%d0%be%d0%bb%d1%8c%d1%88%d0%b8%d0%bc-%d1%80%d0%b0%d0%b4%d0%b8%d1%83%d1%81%d0%be%d0%bc-%d0%be%d1%80%d0%be-5\/#breadcrumb","itemListElement":[{"@type":"ListItem","position":1,"name":"Home","item":"https:\/\/www.poelsan.com\/ru\/"},{"@type":"ListItem","position":2,"name":"\u0422\u043e\u0432\u0430\u0440\u044b","item":"https:\/\/www.poelsan.com\/ru\/shop\/"},{"@type":"ListItem","position":3,"name":"\u041c\u0418\u041d\u0418\u0421\u041f\u0420\u0418\u041d\u041a\u041b\u0415\u0420 \u0421 \u0411\u041e\u041b\u042c\u0428\u0418\u041c \u0420\u0410\u0414\u0418\u0423\u0421\u041e\u041c \u041e\u0420\u041e\u0428\u0415\u041d\u0418\u042f"}]},{"@type":"WebSite","@id":"https:\/\/www.poelsan.com\/ru\/#website","url":"https:\/\/www.poelsan.com\/ru\/","name":"Poelsan: Sekt\u00f6r\u00fcnde D\u00fcnya Markas\u0131","description":"Sekt\u00f6r\u00fcnde D\u00fcnya Markas\u0131","publisher":{"@id":"https:\/\/www.poelsan.com\/ru\/#organization"},"potentialAction":[{"@type":"SearchAction","target":{"@type":"EntryPoint","urlTemplate":"https:\/\/www.poelsan.com\/ru\/?s={search_term_string}"},"query-input":{"@type":"PropertyValueSpecification","valueRequired":true,"valueName":"search_term_string"}}],"inLanguage":"ru-RU"},{"@type":"Organization","@id":"https:\/\/www.poelsan.com\/ru\/#organization","name":"Poelsan: Sekt\u00f6r\u00fcnde D\u00fcnya Markas\u0131","url":"https:\/\/www.poelsan.com\/ru\/","logo":{"@type":"ImageObject","inLanguage":"ru-RU","@id":"https:\/\/www.poelsan.com\/ru\/#\/schema\/logo\/image\/","url":"https:\/\/www.poelsan.com\/wp-content\/uploads\/2025\/09\/poelsan.png","contentUrl":"https:\/\/www.poelsan.com\/wp-content\/uploads\/2025\/09\/poelsan.png","width":1200,"height":675,"caption":"Poelsan: Sekt\u00f6r\u00fcnde D\u00fcnya Markas\u0131"},"image":{"@id":"https:\/\/www.poelsan.com\/ru\/#\/schema\/logo\/image\/"},"sameAs":["https:\/\/www.facebook.com\/poelsanplastik\/","https:\/\/www.instagram.com\/explore\/locations\/541106002887674\/poelsan-plastik-san-ve-tic-as\/"]}]}},"_links":{"self":[{"href":"https:\/\/www.poelsan.com\/ru\/wp-json\/wp\/v2\/product\/27136","targetHints":{"allow":["GET"]}}],"collection":[{"href":"https:\/\/www.poelsan.com\/ru\/wp-json\/wp\/v2\/product"}],"about":[{"href":"https:\/\/www.poelsan.com\/ru\/wp-json\/wp\/v2\/types\/product"}],"replies":[{"embeddable":true,"href":"https:\/\/www.poelsan.com\/ru\/wp-json\/wp\/v2\/comments?post=27136"}],"wp:featuredmedia":[{"embeddable":true,"href":"https:\/\/www.poelsan.com\/ru\/wp-json\/wp\/v2\/media\/27138"}],"wp:attachment":[{"href":"https:\/\/www.poelsan.com\/ru\/wp-json\/wp\/v2\/media?parent=27136"}],"wp:term":[{"taxonomy":"product_cat","embeddable":true,"href":"https:\/\/www.poelsan.com\/ru\/wp-json\/wp\/v2\/product_cat?post=27136"},{"taxonomy":"product_tag","embeddable":true,"href":"https:\/\/www.poelsan.com\/ru\/wp-json\/wp\/v2\/product_tag?post=27136"}],"curies":[{"name":"wp","href":"https:\/\/api.w.org\/{rel}","templated":true}]}}