{"id":27072,"date":"2022-07-30T00:05:12","date_gmt":"2022-07-29T21:05:12","guid":{"rendered":"https:\/\/www.poelsan.com\/urun\/%d0%bc%d1%83%d1%84%d1%82%d0%b0-%d1%81-%d0%bd%d0%b0%d1%80%d1%83%d0%b6%d0%bd%d0%be%d0%b9-%d1%80%d0%b5%d0%b7%d1%8c%d0%b1%d0%be%d0%b9\/"},"modified":"2025-10-09T13:44:06","modified_gmt":"2025-10-09T10:44:06","slug":"%d0%bc%d1%83%d1%84%d1%82%d0%b0-%d1%81-%d0%bd%d0%b0%d1%80%d1%83%d0%b6%d0%bd%d0%be%d0%b9-%d1%80%d0%b5%d0%b7%d1%8c%d0%b1%d0%be%d0%b9","status":"publish","type":"product","link":"https:\/\/www.poelsan.com\/ru\/urun\/%d0%bc%d1%83%d1%84%d1%82%d0%b0-%d1%81-%d0%bd%d0%b0%d1%80%d1%83%d0%b6%d0%bd%d0%be%d0%b9-%d1%80%d0%b5%d0%b7%d1%8c%d0%b1%d0%be%d0%b9\/","title":{"rendered":"\u041c\u0423\u0424\u0422\u0410 \u0421 \u041d\u0410\u0420\u0423\u0416\u041d\u041e\u0419 \u0420\u0415\u0417\u042c\u0411\u041e\u0419"},"content":{"rendered":"\n<table id=\"tablepress-1085\" class=\"tablepress tablepress-id-1085 tbody-has-connected-cells\">\n<thead>\n<tr class=\"row-1\">\n\t<th class=\"column-1\">\u041a\u041e\u0414<\/th><th class=\"column-2\">\u0420\u0410\u0417\u041c\u0415\u0420<\/th><th class=\"column-3\">\u0414\u0410\u0412\u041b\u0415\u041d\u0418\u0415<\/th><th class=\"column-4\">\u041a\u041e\u041b-\u0412\u041e \u0428\u0422. \u0412 \u0423\u041f\u0410\u041a\u041e\u0412\u041a\u0415<\/th><th class=\"column-5\">\u041a\u041e\u041b-\u0412\u041e \u0428\u0422. \u0412 \u041a\u041e\u0420\u041e\u0411\u041a\u0415<\/th>\n<\/tr>\n<\/thead>\n<tbody class=\"row-striping row-hover\">\n<tr class=\"row-2\">\n\t<td class=\"column-1\">10001001<\/td><td class=\"column-2\">16 x \u00bd\"<\/td><td class=\"column-3\">16<\/td><td class=\"column-4\">50<\/td><td class=\"column-5\">900<\/td>\n<\/tr>\n<tr class=\"row-3\">\n\t<td class=\"column-1\">10001002<\/td><td class=\"column-2\">16 x \u00be\"<\/td><td class=\"column-3\">16<\/td><td class=\"column-4\">50<\/td><td class=\"column-5\">300<\/td>\n<\/tr>\n<tr class=\"row-4\">\n\t<td class=\"column-1\">10001011<\/td><td class=\"column-2\">20 x \u00bd\"<\/td><td class=\"column-3\">16<\/td><td class=\"column-4\">50<\/td><td class=\"column-5\">800<\/td>\n<\/tr>\n<tr class=\"row-5\">\n\t<td class=\"column-1\">10001012<\/td><td class=\"column-2\">20 x \u00be\"<\/td><td class=\"column-3\">16<\/td><td class=\"column-4\">50<\/td><td class=\"column-5\">700<\/td>\n<\/tr>\n<tr class=\"row-6\">\n\t<td class=\"column-1\">10001021<\/td><td class=\"column-2\">25 x \u00bd\"<\/td><td class=\"column-3\">16<\/td><td class=\"column-4\">25<\/td><td class=\"column-5\">550<\/td>\n<\/tr>\n<tr class=\"row-7\">\n\t<td class=\"column-1\">10001022<\/td><td class=\"column-2\">25 x \u00be\"<\/td><td class=\"column-3\">16<\/td><td class=\"column-4\">25<\/td><td class=\"column-5\">500<\/td>\n<\/tr>\n<tr class=\"row-8\">\n\t<td class=\"column-1\">10001023<\/td><td class=\"column-2\">25 x 1\"<\/td><td class=\"column-3\">16<\/td><td class=\"column-4\">25<\/td><td class=\"column-5\">450<\/td>\n<\/tr>\n<tr class=\"row-9\">\n\t<td class=\"column-1\">10001031<\/td><td class=\"column-2\">32 x \u00bd\"<\/td><td class=\"column-3\">16<\/td><td class=\"column-4\">25<\/td><td class=\"column-5\">300<\/td>\n<\/tr>\n<tr class=\"row-10\">\n\t<td class=\"column-1\">10001032<\/td><td class=\"column-2\">32 x \u00be\"<\/td><td class=\"column-3\">16<\/td><td class=\"column-4\">25<\/td><td class=\"column-5\">300<\/td>\n<\/tr>\n<tr class=\"row-11\">\n\t<td class=\"column-1\">10001033<\/td><td class=\"column-2\">32 x 1\"<\/td><td class=\"column-3\">16<\/td><td class=\"column-4\">25<\/td><td class=\"column-5\">275<\/td>\n<\/tr>\n<tr class=\"row-12\">\n\t<td class=\"column-1\">10001034<\/td><td class=\"column-2\">32 x 1 \u00bc\"<\/td><td class=\"column-3\">16<\/td><td class=\"column-4\">25<\/td><td class=\"column-5\">250<\/td>\n<\/tr>\n<tr class=\"row-13\">\n\t<td class=\"column-1\">10001043<\/td><td class=\"column-2\">40 x 1\"<\/td><td class=\"column-3\">16<\/td><td class=\"column-4\">15<\/td><td class=\"column-5\">150<\/td>\n<\/tr>\n<tr class=\"row-14\">\n\t<td class=\"column-1\">10001044<\/td><td class=\"column-2\">40 x 1 \u00bc\"<\/td><td class=\"column-3\">16<\/td><td class=\"column-4\">15<\/td><td class=\"column-5\">150<\/td>\n<\/tr>\n<tr class=\"row-15\">\n\t<td class=\"column-1\">10001054<\/td><td class=\"column-2\">50 x 1 \u00bc\"<\/td><td class=\"column-3\">16<\/td><td class=\"column-4\">10<\/td><td class=\"column-5\">90<\/td>\n<\/tr>\n<tr class=\"row-16\">\n\t<td class=\"column-1\">10001055<\/td><td class=\"column-2\">50 x 1 \u00bd\"<\/td><td class=\"column-3\">16<\/td><td class=\"column-4\">10<\/td><td class=\"column-5\">90<\/td>\n<\/tr>\n<tr class=\"row-17\">\n\t<td class=\"column-1\">10001056<\/td><td class=\"column-2\">50 x 2\"<\/td><td class=\"column-3\">16<\/td><td class=\"column-4\">10<\/td><td class=\"column-5\">90<\/td>\n<\/tr>\n<tr class=\"row-18\">\n\t<td class=\"column-1\">10001065<\/td><td class=\"column-2\">63 x 1 \u00bd\"<\/td><td class=\"column-3\">16<\/td><td class=\"column-4\">6<\/td><td class=\"column-5\">60<\/td>\n<\/tr>\n<tr class=\"row-19\">\n\t<td class=\"column-1\">10001066<\/td><td class=\"column-2\">63 x 2\"<\/td><td class=\"column-3\">16<\/td><td class=\"column-4\">6<\/td><td class=\"column-5\">54<\/td>\n<\/tr>\n<tr class=\"row-20\">\n\t<td class=\"column-1\">10001067<\/td><td class=\"column-2\">63 x 2 \u00bd\"<\/td><td class=\"column-3\">16<\/td><td class=\"column-4\">6<\/td><td class=\"column-5\">54<\/td>\n<\/tr>\n<tr class=\"row-21\">\n\t<td class=\"column-1\">10001076<\/td><td class=\"column-2\">75 x 2\"<\/td><td class=\"column-3\">16<\/td><td class=\"column-4\">4<\/td><td class=\"column-5\">32<\/td>\n<\/tr>\n<tr class=\"row-22\">\n\t<td class=\"column-1\">10001077<\/td><td class=\"column-2\">75 x 2 \u00bd\"<\/td><td class=\"column-3\">16<\/td><td class=\"column-4\">4<\/td><td class=\"column-5\">32<\/td>\n<\/tr>\n<tr class=\"row-23\">\n\t<td class=\"column-1\">10001078<\/td><td class=\"column-2\">75 x 3\"<\/td><td class=\"column-3\">16<\/td><td class=\"column-4\">4<\/td><td class=\"column-5\">32<\/td>\n<\/tr>\n<tr class=\"row-24\">\n\t<td class=\"column-1\">10001086<\/td><td class=\"column-2\">90 x 2\"<\/td><td class=\"column-3\">16<\/td><td class=\"column-4\">4<\/td><td class=\"column-5\">20<\/td>\n<\/tr>\n<tr class=\"row-25\">\n\t<td class=\"column-1\">10001087<\/td><td class=\"column-2\">90 x 2 \u00bd\"<\/td><td class=\"column-3\">16<\/td><td class=\"column-4\">4<\/td><td class=\"column-5\">16<\/td>\n<\/tr>\n<tr class=\"row-26\">\n\t<td class=\"column-1\">10001088<\/td><td class=\"column-2\">90 x 3\"<\/td><td class=\"column-3\">16<\/td><td class=\"column-4\">4<\/td><td class=\"column-5\">16<\/td>\n<\/tr>\n<tr class=\"row-27\">\n\t<td class=\"column-1\">10001089<\/td><td class=\"column-2\">90 x 4\"<\/td><td class=\"column-3\">16<\/td><td class=\"column-4\">4<\/td><td class=\"column-5\">16<\/td>\n<\/tr>\n<tr class=\"row-28\">\n\t<td class=\"column-1\">10001095<\/td><td class=\"column-2\">110 x 2\"<\/td><td class=\"column-3\">16<\/td><td class=\"column-4\">2<\/td><td class=\"column-5\">12<\/td>\n<\/tr>\n<tr class=\"row-29\">\n\t<td class=\"column-1\">10001096<\/td><td class=\"column-2\">110 x 2 \u00bd\"<\/td><td class=\"column-3\">16<\/td><td class=\"column-4\">2<\/td><td class=\"column-5\">12<\/td>\n<\/tr>\n<tr class=\"row-30\">\n\t<td class=\"column-1\">10001097<\/td><td class=\"column-2\">110 x 3\"<\/td><td class=\"column-3\">16<\/td><td class=\"column-4\">2<\/td><td class=\"column-5\">12<\/td>\n<\/tr>\n<tr class=\"row-31\">\n\t<td class=\"column-1\">10001098<\/td><td class=\"column-2\">110 x 4\"<\/td><td class=\"column-3\">16<\/td><td class=\"column-4\">2<\/td><td class=\"column-5\">12<\/td>\n<\/tr>\n<tr class=\"row-32\">\n\t<td class=\"column-1\">109919<\/td><td class=\"column-2\">125 x 4\"<\/td><td class=\"column-3\">10<\/td><td class=\"column-4\">2<\/td><td class=\"column-5\">8<\/td>\n<\/tr>\n<tr class=\"row-33\">\n\t<td class=\"column-1\">109910<\/td><td class=\"column-2\">125 x 5\"<\/td><td class=\"column-3\">10<\/td><td class=\"column-4\">2<\/td><td class=\"column-5\">8<\/td>\n<\/tr>\n<tr class=\"row-34\">\n\t<td colspan=\"2\" class=\"column-1\">\u00d8 125 mm \u00dcr\u00fcnlerimizin tasar\u0131m\u0131 farkl\u0131d\u0131r. Detayl\u0131 bilgi i\u00e7in <a href=\"https:\/\/www.poelsan.com\/urun\/kablin-erkek-o-125-mm\/\" rel=\"noopener noreferrer\" target=\"_blank\">t\u0131klay\u0131n\u0131z.<\/a><\/td><td colspan=\"3\" class=\"column-3\"><\/td>\n<\/tr>\n<\/tbody>\n<\/table>\n<!-- #tablepress-1085 from cache -->\n","protected":false},"excerpt":{"rendered":"<div class=\"product-detail-infos\">\n<h2>\u0437\u043d\u0430\u0447\u0435\u043d\u0438\u0435 \u0434\u0430\u0432\u043b\u0435\u043d\u0438\u044f<\/h2>\n<ul>\n<li>\u00d8 16 mm \u2013 \u00d8 110 mm : PN 16<\/li>\n<li>\u00d8 125 mm : PN 10<\/li>\n<\/ul>\n<\/div>\n<div class=\"product-detail-infos\">\n<h2>\u041e\u0411\u041b\u0410\u0421\u0422\u0418 \u041f\u0420\u0418\u041c\u0415\u041d\u0415\u041d\u0418\u042f<\/h2>\n<ul>\n<li>\u0413\u043e\u0440\u043e\u0434\u0441\u043a\u0430\u044f \u0441\u0435\u0442\u044c \u043f\u0438\u0442\u044c\u0435\u0432\u043e\u0433\u043e \u0432\u043e\u0434\u043e\u0441\u043d\u0430\u0431\u0436\u0435\u043d\u0438\u044f<\/li>\n<li>\u041b\u0430\u043d\u0434\u0448\u0430\u0444\u0442\u043d\u0430\u044f \u0438\u043d\u0434\u0443\u0441\u0442\u0440\u0438\u044f<\/li>\n<li>\u0421\u0435\u043b\u044c\u0441\u043a\u043e\u0445\u043e\u0437\u044f\u0439\u0441\u0442\u0432\u0435\u043d\u043d\u043e\u0435 \u043e\u0440\u043e\u0448\u0435\u043d\u0438\u0435<\/li>\n<li>\u0422\u0435\u043f\u043b\u0438\u0446\u044b<\/li>\n<\/ul>\n<\/div>\n<div class=\"product-logos\"><img decoding=\"async\" src=\"\/wp-content\/uploads\/2022\/07\/tse-17885-1-1.png\" \/><br \/>\n<img decoding=\"async\" src=\"\/wp-content\/uploads\/2022\/07\/kiwa.png\" \/><br \/>\n<img decoding=\"async\" src=\"\/wp-content\/uploads\/2022\/07\/tse-iso-45001.png\" \/><br \/>\n<img decoding=\"async\" src=\"\/wp-content\/uploads\/2022\/07\/tse-iso-en-9000.png\" \/><br \/>\n<img decoding=\"async\" src=\"\/wp-content\/uploads\/2022\/07\/tse-iso-14000.png\" \/><br \/>\n<img decoding=\"async\" src=\"\/wp-content\/uploads\/2022\/07\/tse-iso-18001.png\" \/><\/div>\n","protected":false},"featured_media":25824,"comment_status":"closed","ping_status":"closed","template":"","meta":{"_acf_changed":false},"product_cat":[6868,6864],"product_tag":[],"class_list":{"0":"post-27072","1":"product","2":"type-product","3":"status-publish","4":"has-post-thumbnail","6":"product_cat-6868","7":"product_cat-6864","9":"first","10":"instock","11":"product-type-simple"},"acf":[],"yoast_head":"<!-- This site is optimized with the Yoast SEO plugin v25.9 - https:\/\/yoast.com\/wordpress\/plugins\/seo\/ -->\n<title>\u041c\u0423\u0424\u0422\u0410 \u0421 \u041d\u0410\u0420\u0423\u0416\u041d\u041e\u0419 \u0420\u0415\u0417\u042c\u0411\u041e\u0419 - Poelsan<\/title>\n<meta name=\"description\" content=\"Poelsan \u041c\u0423\u0424\u0422\u0410 \u0421 \u041d\u0410\u0420\u0423\u0416\u041d\u041e\u0419 \u0420\u0415\u0417\u042c\u0411\u041e\u0419 \u00dcr\u00fcn\u00fcm\u00fcz ve Daha Fazla Sulama Ekipmanlar\u0131m\u0131z\u0131 Hemen Ke\u015ffedin.\" \/>\n<meta name=\"robots\" content=\"index, follow, max-snippet:-1, max-image-preview:large, max-video-preview:-1\" \/>\n<link rel=\"canonical\" href=\"https:\/\/www.poelsan.com\/ru\/urun\/%d0%bc%d1%83%d1%84%d1%82%d0%b0-%d1%81-%d0%bd%d0%b0%d1%80%d1%83%d0%b6%d0%bd%d0%be%d0%b9-%d1%80%d0%b5%d0%b7%d1%8c%d0%b1%d0%be%d0%b9\/\" \/>\n<meta property=\"og:locale\" content=\"ru_RU\" \/>\n<meta property=\"og:type\" content=\"article\" \/>\n<meta property=\"og:title\" content=\"\u041c\u0423\u0424\u0422\u0410 \u0421 \u041d\u0410\u0420\u0423\u0416\u041d\u041e\u0419 \u0420\u0415\u0417\u042c\u0411\u041e\u0419 - Poelsan\" \/>\n<meta property=\"og:description\" content=\"Poelsan \u041c\u0423\u0424\u0422\u0410 \u0421 \u041d\u0410\u0420\u0423\u0416\u041d\u041e\u0419 \u0420\u0415\u0417\u042c\u0411\u041e\u0419 \u00dcr\u00fcn\u00fcm\u00fcz ve Daha Fazla Sulama Ekipmanlar\u0131m\u0131z\u0131 Hemen Ke\u015ffedin.\" \/>\n<meta property=\"og:url\" content=\"https:\/\/www.poelsan.com\/ru\/urun\/%d0%bc%d1%83%d1%84%d1%82%d0%b0-%d1%81-%d0%bd%d0%b0%d1%80%d1%83%d0%b6%d0%bd%d0%be%d0%b9-%d1%80%d0%b5%d0%b7%d1%8c%d0%b1%d0%be%d0%b9\/\" \/>\n<meta property=\"og:site_name\" content=\"Poelsan\" \/>\n<meta property=\"article:publisher\" content=\"https:\/\/www.facebook.com\/poelsanplastik\/\" \/>\n<meta property=\"article:modified_time\" content=\"2025-10-09T10:44:06+00:00\" \/>\n<meta property=\"og:image\" content=\"https:\/\/www.poelsan.com\/wp-content\/uploads\/2022\/07\/yeni-mavi-seri-kablin-erkek.png\" \/>\n\t<meta property=\"og:image:width\" content=\"600\" \/>\n\t<meta property=\"og:image:height\" content=\"350\" \/>\n\t<meta property=\"og:image:type\" content=\"image\/png\" \/>\n<meta name=\"twitter:card\" content=\"summary_large_image\" \/>\n<meta name=\"twitter:label1\" content=\"Est. reading time\" \/>\n\t<meta name=\"twitter:data1\" content=\"1 \u043c\u0438\u043d\u0443\u0442\u0430\" \/>\n<script type=\"application\/ld+json\" class=\"yoast-schema-graph\">{\"@context\":\"https:\/\/schema.org\",\"@graph\":[{\"@type\":\"WebPage\",\"@id\":\"https:\/\/www.poelsan.com\/ru\/urun\/%d0%bc%d1%83%d1%84%d1%82%d0%b0-%d1%81-%d0%bd%d0%b0%d1%80%d1%83%d0%b6%d0%bd%d0%be%d0%b9-%d1%80%d0%b5%d0%b7%d1%8c%d0%b1%d0%be%d0%b9\/\",\"url\":\"https:\/\/www.poelsan.com\/ru\/urun\/%d0%bc%d1%83%d1%84%d1%82%d0%b0-%d1%81-%d0%bd%d0%b0%d1%80%d1%83%d0%b6%d0%bd%d0%be%d0%b9-%d1%80%d0%b5%d0%b7%d1%8c%d0%b1%d0%be%d0%b9\/\",\"name\":\"\u041c\u0423\u0424\u0422\u0410 \u0421 \u041d\u0410\u0420\u0423\u0416\u041d\u041e\u0419 \u0420\u0415\u0417\u042c\u0411\u041e\u0419 - Poelsan\",\"isPartOf\":{\"@id\":\"https:\/\/www.poelsan.com\/ru\/#website\"},\"primaryImageOfPage\":{\"@id\":\"https:\/\/www.poelsan.com\/ru\/urun\/%d0%bc%d1%83%d1%84%d1%82%d0%b0-%d1%81-%d0%bd%d0%b0%d1%80%d1%83%d0%b6%d0%bd%d0%be%d0%b9-%d1%80%d0%b5%d0%b7%d1%8c%d0%b1%d0%be%d0%b9\/#primaryimage\"},\"image\":{\"@id\":\"https:\/\/www.poelsan.com\/ru\/urun\/%d0%bc%d1%83%d1%84%d1%82%d0%b0-%d1%81-%d0%bd%d0%b0%d1%80%d1%83%d0%b6%d0%bd%d0%be%d0%b9-%d1%80%d0%b5%d0%b7%d1%8c%d0%b1%d0%be%d0%b9\/#primaryimage\"},\"thumbnailUrl\":\"https:\/\/www.poelsan.com\/wp-content\/uploads\/2022\/07\/yeni-mavi-seri-kablin-erkek.png\",\"datePublished\":\"2022-07-29T21:05:12+00:00\",\"dateModified\":\"2025-10-09T10:44:06+00:00\",\"description\":\"Poelsan \u041c\u0423\u0424\u0422\u0410 \u0421 \u041d\u0410\u0420\u0423\u0416\u041d\u041e\u0419 \u0420\u0415\u0417\u042c\u0411\u041e\u0419 \u00dcr\u00fcn\u00fcm\u00fcz ve Daha Fazla Sulama Ekipmanlar\u0131m\u0131z\u0131 Hemen Ke\u015ffedin.\",\"breadcrumb\":{\"@id\":\"https:\/\/www.poelsan.com\/ru\/urun\/%d0%bc%d1%83%d1%84%d1%82%d0%b0-%d1%81-%d0%bd%d0%b0%d1%80%d1%83%d0%b6%d0%bd%d0%be%d0%b9-%d1%80%d0%b5%d0%b7%d1%8c%d0%b1%d0%be%d0%b9\/#breadcrumb\"},\"inLanguage\":\"ru-RU\",\"potentialAction\":[{\"@type\":\"ReadAction\",\"target\":[\"https:\/\/www.poelsan.com\/ru\/urun\/%d0%bc%d1%83%d1%84%d1%82%d0%b0-%d1%81-%d0%bd%d0%b0%d1%80%d1%83%d0%b6%d0%bd%d0%be%d0%b9-%d1%80%d0%b5%d0%b7%d1%8c%d0%b1%d0%be%d0%b9\/\"]}]},{\"@type\":\"ImageObject\",\"inLanguage\":\"ru-RU\",\"@id\":\"https:\/\/www.poelsan.com\/ru\/urun\/%d0%bc%d1%83%d1%84%d1%82%d0%b0-%d1%81-%d0%bd%d0%b0%d1%80%d1%83%d0%b6%d0%bd%d0%be%d0%b9-%d1%80%d0%b5%d0%b7%d1%8c%d0%b1%d0%be%d0%b9\/#primaryimage\",\"url\":\"https:\/\/www.poelsan.com\/wp-content\/uploads\/2022\/07\/yeni-mavi-seri-kablin-erkek.png\",\"contentUrl\":\"https:\/\/www.poelsan.com\/wp-content\/uploads\/2022\/07\/yeni-mavi-seri-kablin-erkek.png\",\"width\":600,\"height\":350},{\"@type\":\"BreadcrumbList\",\"@id\":\"https:\/\/www.poelsan.com\/ru\/urun\/%d0%bc%d1%83%d1%84%d1%82%d0%b0-%d1%81-%d0%bd%d0%b0%d1%80%d1%83%d0%b6%d0%bd%d0%be%d0%b9-%d1%80%d0%b5%d0%b7%d1%8c%d0%b1%d0%be%d0%b9\/#breadcrumb\",\"itemListElement\":[{\"@type\":\"ListItem\",\"position\":1,\"name\":\"Home\",\"item\":\"https:\/\/www.poelsan.com\/ru\/\"},{\"@type\":\"ListItem\",\"position\":2,\"name\":\"\u0422\u043e\u0432\u0430\u0440\u044b\",\"item\":\"https:\/\/www.poelsan.com\/ru\/shop\/\"},{\"@type\":\"ListItem\",\"position\":3,\"name\":\"\u041c\u0423\u0424\u0422\u0410 \u0421 \u041d\u0410\u0420\u0423\u0416\u041d\u041e\u0419 \u0420\u0415\u0417\u042c\u0411\u041e\u0419\"}]},{\"@type\":\"WebSite\",\"@id\":\"https:\/\/www.poelsan.com\/ru\/#website\",\"url\":\"https:\/\/www.poelsan.com\/ru\/\",\"name\":\"Poelsan: Sekt\u00f6r\u00fcnde D\u00fcnya Markas\u0131\",\"description\":\"Sekt\u00f6r\u00fcnde D\u00fcnya Markas\u0131\",\"publisher\":{\"@id\":\"https:\/\/www.poelsan.com\/ru\/#organization\"},\"potentialAction\":[{\"@type\":\"SearchAction\",\"target\":{\"@type\":\"EntryPoint\",\"urlTemplate\":\"https:\/\/www.poelsan.com\/ru\/?s={search_term_string}\"},\"query-input\":{\"@type\":\"PropertyValueSpecification\",\"valueRequired\":true,\"valueName\":\"search_term_string\"}}],\"inLanguage\":\"ru-RU\"},{\"@type\":\"Organization\",\"@id\":\"https:\/\/www.poelsan.com\/ru\/#organization\",\"name\":\"Poelsan: Sekt\u00f6r\u00fcnde D\u00fcnya Markas\u0131\",\"url\":\"https:\/\/www.poelsan.com\/ru\/\",\"logo\":{\"@type\":\"ImageObject\",\"inLanguage\":\"ru-RU\",\"@id\":\"https:\/\/www.poelsan.com\/ru\/#\/schema\/logo\/image\/\",\"url\":\"https:\/\/www.poelsan.com\/wp-content\/uploads\/2025\/09\/poelsan.png\",\"contentUrl\":\"https:\/\/www.poelsan.com\/wp-content\/uploads\/2025\/09\/poelsan.png\",\"width\":1200,\"height\":675,\"caption\":\"Poelsan: Sekt\u00f6r\u00fcnde D\u00fcnya Markas\u0131\"},\"image\":{\"@id\":\"https:\/\/www.poelsan.com\/ru\/#\/schema\/logo\/image\/\"},\"sameAs\":[\"https:\/\/www.facebook.com\/poelsanplastik\/\",\"https:\/\/www.instagram.com\/explore\/locations\/541106002887674\/poelsan-plastik-san-ve-tic-as\/\"]}]}<\/script>\n<!-- \/ Yoast SEO plugin. -->","yoast_head_json":{"title":"\u041c\u0423\u0424\u0422\u0410 \u0421 \u041d\u0410\u0420\u0423\u0416\u041d\u041e\u0419 \u0420\u0415\u0417\u042c\u0411\u041e\u0419 - Poelsan","description":"Poelsan \u041c\u0423\u0424\u0422\u0410 \u0421 \u041d\u0410\u0420\u0423\u0416\u041d\u041e\u0419 \u0420\u0415\u0417\u042c\u0411\u041e\u0419 \u00dcr\u00fcn\u00fcm\u00fcz ve Daha Fazla Sulama Ekipmanlar\u0131m\u0131z\u0131 Hemen Ke\u015ffedin.","robots":{"index":"index","follow":"follow","max-snippet":"max-snippet:-1","max-image-preview":"max-image-preview:large","max-video-preview":"max-video-preview:-1"},"canonical":"https:\/\/www.poelsan.com\/ru\/urun\/%d0%bc%d1%83%d1%84%d1%82%d0%b0-%d1%81-%d0%bd%d0%b0%d1%80%d1%83%d0%b6%d0%bd%d0%be%d0%b9-%d1%80%d0%b5%d0%b7%d1%8c%d0%b1%d0%be%d0%b9\/","og_locale":"ru_RU","og_type":"article","og_title":"\u041c\u0423\u0424\u0422\u0410 \u0421 \u041d\u0410\u0420\u0423\u0416\u041d\u041e\u0419 \u0420\u0415\u0417\u042c\u0411\u041e\u0419 - Poelsan","og_description":"Poelsan \u041c\u0423\u0424\u0422\u0410 \u0421 \u041d\u0410\u0420\u0423\u0416\u041d\u041e\u0419 \u0420\u0415\u0417\u042c\u0411\u041e\u0419 \u00dcr\u00fcn\u00fcm\u00fcz ve Daha Fazla Sulama Ekipmanlar\u0131m\u0131z\u0131 Hemen Ke\u015ffedin.","og_url":"https:\/\/www.poelsan.com\/ru\/urun\/%d0%bc%d1%83%d1%84%d1%82%d0%b0-%d1%81-%d0%bd%d0%b0%d1%80%d1%83%d0%b6%d0%bd%d0%be%d0%b9-%d1%80%d0%b5%d0%b7%d1%8c%d0%b1%d0%be%d0%b9\/","og_site_name":"Poelsan","article_publisher":"https:\/\/www.facebook.com\/poelsanplastik\/","article_modified_time":"2025-10-09T10:44:06+00:00","og_image":[{"width":600,"height":350,"url":"https:\/\/www.poelsan.com\/wp-content\/uploads\/2022\/07\/yeni-mavi-seri-kablin-erkek.png","type":"image\/png"}],"twitter_card":"summary_large_image","twitter_misc":{"Est. reading time":"1 \u043c\u0438\u043d\u0443\u0442\u0430"},"schema":{"@context":"https:\/\/schema.org","@graph":[{"@type":"WebPage","@id":"https:\/\/www.poelsan.com\/ru\/urun\/%d0%bc%d1%83%d1%84%d1%82%d0%b0-%d1%81-%d0%bd%d0%b0%d1%80%d1%83%d0%b6%d0%bd%d0%be%d0%b9-%d1%80%d0%b5%d0%b7%d1%8c%d0%b1%d0%be%d0%b9\/","url":"https:\/\/www.poelsan.com\/ru\/urun\/%d0%bc%d1%83%d1%84%d1%82%d0%b0-%d1%81-%d0%bd%d0%b0%d1%80%d1%83%d0%b6%d0%bd%d0%be%d0%b9-%d1%80%d0%b5%d0%b7%d1%8c%d0%b1%d0%be%d0%b9\/","name":"\u041c\u0423\u0424\u0422\u0410 \u0421 \u041d\u0410\u0420\u0423\u0416\u041d\u041e\u0419 \u0420\u0415\u0417\u042c\u0411\u041e\u0419 - Poelsan","isPartOf":{"@id":"https:\/\/www.poelsan.com\/ru\/#website"},"primaryImageOfPage":{"@id":"https:\/\/www.poelsan.com\/ru\/urun\/%d0%bc%d1%83%d1%84%d1%82%d0%b0-%d1%81-%d0%bd%d0%b0%d1%80%d1%83%d0%b6%d0%bd%d0%be%d0%b9-%d1%80%d0%b5%d0%b7%d1%8c%d0%b1%d0%be%d0%b9\/#primaryimage"},"image":{"@id":"https:\/\/www.poelsan.com\/ru\/urun\/%d0%bc%d1%83%d1%84%d1%82%d0%b0-%d1%81-%d0%bd%d0%b0%d1%80%d1%83%d0%b6%d0%bd%d0%be%d0%b9-%d1%80%d0%b5%d0%b7%d1%8c%d0%b1%d0%be%d0%b9\/#primaryimage"},"thumbnailUrl":"https:\/\/www.poelsan.com\/wp-content\/uploads\/2022\/07\/yeni-mavi-seri-kablin-erkek.png","datePublished":"2022-07-29T21:05:12+00:00","dateModified":"2025-10-09T10:44:06+00:00","description":"Poelsan \u041c\u0423\u0424\u0422\u0410 \u0421 \u041d\u0410\u0420\u0423\u0416\u041d\u041e\u0419 \u0420\u0415\u0417\u042c\u0411\u041e\u0419 \u00dcr\u00fcn\u00fcm\u00fcz ve Daha Fazla Sulama Ekipmanlar\u0131m\u0131z\u0131 Hemen Ke\u015ffedin.","breadcrumb":{"@id":"https:\/\/www.poelsan.com\/ru\/urun\/%d0%bc%d1%83%d1%84%d1%82%d0%b0-%d1%81-%d0%bd%d0%b0%d1%80%d1%83%d0%b6%d0%bd%d0%be%d0%b9-%d1%80%d0%b5%d0%b7%d1%8c%d0%b1%d0%be%d0%b9\/#breadcrumb"},"inLanguage":"ru-RU","potentialAction":[{"@type":"ReadAction","target":["https:\/\/www.poelsan.com\/ru\/urun\/%d0%bc%d1%83%d1%84%d1%82%d0%b0-%d1%81-%d0%bd%d0%b0%d1%80%d1%83%d0%b6%d0%bd%d0%be%d0%b9-%d1%80%d0%b5%d0%b7%d1%8c%d0%b1%d0%be%d0%b9\/"]}]},{"@type":"ImageObject","inLanguage":"ru-RU","@id":"https:\/\/www.poelsan.com\/ru\/urun\/%d0%bc%d1%83%d1%84%d1%82%d0%b0-%d1%81-%d0%bd%d0%b0%d1%80%d1%83%d0%b6%d0%bd%d0%be%d0%b9-%d1%80%d0%b5%d0%b7%d1%8c%d0%b1%d0%be%d0%b9\/#primaryimage","url":"https:\/\/www.poelsan.com\/wp-content\/uploads\/2022\/07\/yeni-mavi-seri-kablin-erkek.png","contentUrl":"https:\/\/www.poelsan.com\/wp-content\/uploads\/2022\/07\/yeni-mavi-seri-kablin-erkek.png","width":600,"height":350},{"@type":"BreadcrumbList","@id":"https:\/\/www.poelsan.com\/ru\/urun\/%d0%bc%d1%83%d1%84%d1%82%d0%b0-%d1%81-%d0%bd%d0%b0%d1%80%d1%83%d0%b6%d0%bd%d0%be%d0%b9-%d1%80%d0%b5%d0%b7%d1%8c%d0%b1%d0%be%d0%b9\/#breadcrumb","itemListElement":[{"@type":"ListItem","position":1,"name":"Home","item":"https:\/\/www.poelsan.com\/ru\/"},{"@type":"ListItem","position":2,"name":"\u0422\u043e\u0432\u0430\u0440\u044b","item":"https:\/\/www.poelsan.com\/ru\/shop\/"},{"@type":"ListItem","position":3,"name":"\u041c\u0423\u0424\u0422\u0410 \u0421 \u041d\u0410\u0420\u0423\u0416\u041d\u041e\u0419 \u0420\u0415\u0417\u042c\u0411\u041e\u0419"}]},{"@type":"WebSite","@id":"https:\/\/www.poelsan.com\/ru\/#website","url":"https:\/\/www.poelsan.com\/ru\/","name":"Poelsan: Sekt\u00f6r\u00fcnde D\u00fcnya Markas\u0131","description":"Sekt\u00f6r\u00fcnde D\u00fcnya Markas\u0131","publisher":{"@id":"https:\/\/www.poelsan.com\/ru\/#organization"},"potentialAction":[{"@type":"SearchAction","target":{"@type":"EntryPoint","urlTemplate":"https:\/\/www.poelsan.com\/ru\/?s={search_term_string}"},"query-input":{"@type":"PropertyValueSpecification","valueRequired":true,"valueName":"search_term_string"}}],"inLanguage":"ru-RU"},{"@type":"Organization","@id":"https:\/\/www.poelsan.com\/ru\/#organization","name":"Poelsan: Sekt\u00f6r\u00fcnde D\u00fcnya Markas\u0131","url":"https:\/\/www.poelsan.com\/ru\/","logo":{"@type":"ImageObject","inLanguage":"ru-RU","@id":"https:\/\/www.poelsan.com\/ru\/#\/schema\/logo\/image\/","url":"https:\/\/www.poelsan.com\/wp-content\/uploads\/2025\/09\/poelsan.png","contentUrl":"https:\/\/www.poelsan.com\/wp-content\/uploads\/2025\/09\/poelsan.png","width":1200,"height":675,"caption":"Poelsan: Sekt\u00f6r\u00fcnde D\u00fcnya Markas\u0131"},"image":{"@id":"https:\/\/www.poelsan.com\/ru\/#\/schema\/logo\/image\/"},"sameAs":["https:\/\/www.facebook.com\/poelsanplastik\/","https:\/\/www.instagram.com\/explore\/locations\/541106002887674\/poelsan-plastik-san-ve-tic-as\/"]}]}},"_links":{"self":[{"href":"https:\/\/www.poelsan.com\/ru\/wp-json\/wp\/v2\/product\/27072","targetHints":{"allow":["GET"]}}],"collection":[{"href":"https:\/\/www.poelsan.com\/ru\/wp-json\/wp\/v2\/product"}],"about":[{"href":"https:\/\/www.poelsan.com\/ru\/wp-json\/wp\/v2\/types\/product"}],"replies":[{"embeddable":true,"href":"https:\/\/www.poelsan.com\/ru\/wp-json\/wp\/v2\/comments?post=27072"}],"wp:featuredmedia":[{"embeddable":true,"href":"https:\/\/www.poelsan.com\/ru\/wp-json\/wp\/v2\/media\/25824"}],"wp:attachment":[{"href":"https:\/\/www.poelsan.com\/ru\/wp-json\/wp\/v2\/media?parent=27072"}],"wp:term":[{"taxonomy":"product_cat","embeddable":true,"href":"https:\/\/www.poelsan.com\/ru\/wp-json\/wp\/v2\/product_cat?post=27072"},{"taxonomy":"product_tag","embeddable":true,"href":"https:\/\/www.poelsan.com\/ru\/wp-json\/wp\/v2\/product_tag?post=27072"}],"curies":[{"name":"wp","href":"https:\/\/api.w.org\/{rel}","templated":true}]}}