{"id":27009,"date":"2022-07-30T00:06:34","date_gmt":"2022-07-29T21:06:34","guid":{"rendered":"https:\/\/www.poelsan.com\/urun\/%d0%bc%d1%83%d1%84%d1%82%d0%b0-%d0%bf%d0%b5%d1%80%d0%b5%d1%85%d0%be%d0%b4%d0%bd%d0%b0%d1%8f-%d1%81-%d0%bd%d1%80-%d0%b2%d0%bd-%d1%80%d0%b5%d0%b7%d1%8c%d0%b1%d0%b0%d0%bc%d0%b8\/"},"modified":"2025-10-10T09:05:38","modified_gmt":"2025-10-10T06:05:38","slug":"%d0%bc%d1%83%d1%84%d1%82%d0%b0-%d0%bf%d0%b5%d1%80%d0%b5%d1%85%d0%be%d0%b4%d0%bd%d0%b0%d1%8f-%d1%81-%d0%bd%d1%80-%d0%b2%d0%bd-%d1%80%d0%b5%d0%b7%d1%8c%d0%b1%d0%b0%d0%bc%d0%b8-2","status":"publish","type":"product","link":"https:\/\/www.poelsan.com\/ru\/urun\/%d0%bc%d1%83%d1%84%d1%82%d0%b0-%d0%bf%d0%b5%d1%80%d0%b5%d1%85%d0%be%d0%b4%d0%bd%d0%b0%d1%8f-%d1%81-%d0%bd%d1%80-%d0%b2%d0%bd-%d1%80%d0%b5%d0%b7%d1%8c%d0%b1%d0%b0%d0%bc%d0%b8-2\/","title":{"rendered":"\u041c\u0423\u0424\u0422\u0410 \u041f\u0415\u0420\u0415\u0425\u041e\u0414\u041d\u0410\u042f \u0421 \u041d\u0420-\u0412\u041d \u0420\u0415\u0417\u042c\u0411\u0410\u041c\u0418"},"content":{"rendered":"\n<table id=\"tablepress-1146\" class=\"tablepress tablepress-id-1146\">\n<thead>\n<tr class=\"row-1\">\n\t<th class=\"column-1\">\u041a\u041e\u0414<\/th><th class=\"column-2\">\u0420\u0410\u0417\u041c\u0415\u0420<\/th><th class=\"column-3\">\u0414\u0410\u0412\u041b\u0415\u041d\u0418\u0415<\/th><th class=\"column-4\">\u041a\u041e\u041b-\u0412\u041e \u0428\u0422. \u0412 \u0423\u041f\u0410\u041a\u041e\u0412\u041a\u0415<\/th><th class=\"column-5\">\u041a\u041e\u041b-\u0412\u041e \u0428\u0422. \u0412 \u041a\u041e\u0420\u041e\u0411\u041a\u0415<\/th>\n<\/tr>\n<\/thead>\n<tbody class=\"row-striping row-hover\">\n<tr class=\"row-2\">\n\t<td class=\"column-1\">13910<\/td><td class=\"column-2\">\u00bd\" x \u00bc\"<\/td><td class=\"column-3\">10<\/td><td class=\"column-4\">50<\/td><td class=\"column-5\">2200<\/td>\n<\/tr>\n<tr class=\"row-3\">\n\t<td class=\"column-1\">13921<\/td><td class=\"column-2\">\u00be\" x \u00bd\"<\/td><td class=\"column-3\">10<\/td><td class=\"column-4\">50<\/td><td class=\"column-5\">1900<\/td>\n<\/tr>\n<tr class=\"row-4\">\n\t<td class=\"column-1\">13930<\/td><td class=\"column-2\">1\" x \u00bc\"<\/td><td class=\"column-3\">10<\/td><td class=\"column-4\">50<\/td><td class=\"column-5\">1300<\/td>\n<\/tr>\n<tr class=\"row-5\">\n\t<td class=\"column-1\">13931<\/td><td class=\"column-2\">1\" x \u00bd\"<\/td><td class=\"column-3\">10<\/td><td class=\"column-4\">50<\/td><td class=\"column-5\">1300<\/td>\n<\/tr>\n<tr class=\"row-6\">\n\t<td class=\"column-1\">13932<\/td><td class=\"column-2\">1\" x \u00be\"<\/td><td class=\"column-3\">10<\/td><td class=\"column-4\">50<\/td><td class=\"column-5\">1300<\/td>\n<\/tr>\n<tr class=\"row-7\">\n\t<td class=\"column-1\">13941<\/td><td class=\"column-2\">1  \u00bc\" x \u00bd\"<\/td><td class=\"column-3\">10<\/td><td class=\"column-4\">25<\/td><td class=\"column-5\">700<\/td>\n<\/tr>\n<tr class=\"row-8\">\n\t<td class=\"column-1\">13942<\/td><td class=\"column-2\">1 \u00bc\" x \u00be\"<\/td><td class=\"column-3\">10<\/td><td class=\"column-4\">25<\/td><td class=\"column-5\">675<\/td>\n<\/tr>\n<tr class=\"row-9\">\n\t<td class=\"column-1\">13943<\/td><td class=\"column-2\">1 \u00bc\" x 1\"<\/td><td class=\"column-3\">10<\/td><td class=\"column-4\">25<\/td><td class=\"column-5\">600<\/td>\n<\/tr>\n<tr class=\"row-10\">\n\t<td class=\"column-1\">13951<\/td><td class=\"column-2\">1 \u00bd\" x 1 \u00bc\"<\/td><td class=\"column-3\">10<\/td><td class=\"column-4\">15<\/td><td class=\"column-5\">390<\/td>\n<\/tr>\n<tr class=\"row-11\">\n\t<td class=\"column-1\">13952<\/td><td class=\"column-2\">1 \u00bd\" x \u00bd\"<\/td><td class=\"column-3\">10<\/td><td class=\"column-4\">15<\/td><td class=\"column-5\">360<\/td>\n<\/tr>\n<tr class=\"row-12\">\n\t<td class=\"column-1\">13953<\/td><td class=\"column-2\">1 \u00bd\" x 1\"<\/td><td class=\"column-3\">10<\/td><td class=\"column-4\">15<\/td><td class=\"column-5\">360<\/td>\n<\/tr>\n<tr class=\"row-13\">\n\t<td class=\"column-1\">13961<\/td><td class=\"column-2\">2\" x \u00bd\"<\/td><td class=\"column-3\">10<\/td><td class=\"column-4\">15<\/td><td class=\"column-5\">270<\/td>\n<\/tr>\n<tr class=\"row-14\">\n\t<td class=\"column-1\">13962<\/td><td class=\"column-2\">2\" x \u00be\"<\/td><td class=\"column-3\">10<\/td><td class=\"column-4\">15<\/td><td class=\"column-5\">255<\/td>\n<\/tr>\n<tr class=\"row-15\">\n\t<td class=\"column-1\">13963<\/td><td class=\"column-2\">2\" x 1\"<\/td><td class=\"column-3\">10<\/td><td class=\"column-4\">15<\/td><td class=\"column-5\">240<\/td>\n<\/tr>\n<tr class=\"row-16\">\n\t<td class=\"column-1\">13964<\/td><td class=\"column-2\">2\" x 1 \u00bc\"<\/td><td class=\"column-3\">10<\/td><td class=\"column-4\">15<\/td><td class=\"column-5\">255<\/td>\n<\/tr>\n<tr class=\"row-17\">\n\t<td class=\"column-1\">13965<\/td><td class=\"column-2\">2\" x 1 \u00bd\"<\/td><td class=\"column-3\">10<\/td><td class=\"column-4\">15<\/td><td class=\"column-5\">255<\/td>\n<\/tr>\n<tr class=\"row-18\">\n\t<td class=\"column-1\">13973<\/td><td class=\"column-2\">2 \u00bd\" x 1\"<\/td><td class=\"column-3\">10<\/td><td class=\"column-4\">12<\/td><td class=\"column-5\">144<\/td>\n<\/tr>\n<tr class=\"row-19\">\n\t<td class=\"column-1\">13974<\/td><td class=\"column-2\">2 \u00bd\" x 1 \u00bc\"<\/td><td class=\"column-3\">10<\/td><td class=\"column-4\">12<\/td><td class=\"column-5\">144<\/td>\n<\/tr>\n<tr class=\"row-20\">\n\t<td class=\"column-1\">13975<\/td><td class=\"column-2\">2 \u00bd\" x 1 \u00bd\"<\/td><td class=\"column-3\">10<\/td><td class=\"column-4\">12<\/td><td class=\"column-5\">144<\/td>\n<\/tr>\n<tr class=\"row-21\">\n\t<td class=\"column-1\">13976<\/td><td class=\"column-2\">2 \u00bd\" x 2\"<\/td><td class=\"column-3\">10<\/td><td class=\"column-4\">12<\/td><td class=\"column-5\">144<\/td>\n<\/tr>\n<tr class=\"row-22\">\n\t<td class=\"column-1\">13984<\/td><td class=\"column-2\">3\" x 1 \u00bc\"<\/td><td class=\"column-3\">10<\/td><td class=\"column-4\">12<\/td><td class=\"column-5\">96<\/td>\n<\/tr>\n<tr class=\"row-23\">\n\t<td class=\"column-1\">13985<\/td><td class=\"column-2\">3\" x 1 \u00bd\"<\/td><td class=\"column-3\">10<\/td><td class=\"column-4\">12<\/td><td class=\"column-5\">96<\/td>\n<\/tr>\n<tr class=\"row-24\">\n\t<td class=\"column-1\">13986<\/td><td class=\"column-2\">3\" x 2\"<\/td><td class=\"column-3\">10<\/td><td class=\"column-4\">12<\/td><td class=\"column-5\">96<\/td>\n<\/tr>\n<tr class=\"row-25\">\n\t<td class=\"column-1\">13987<\/td><td class=\"column-2\">3\" x 2 \u00bd\"<\/td><td class=\"column-3\">10<\/td><td class=\"column-4\">12<\/td><td class=\"column-5\">96<\/td>\n<\/tr>\n<tr class=\"row-26\">\n\t<td class=\"column-1\">13996<\/td><td class=\"column-2\">4\" x 2\"<\/td><td class=\"column-3\">10<\/td><td class=\"column-4\">6<\/td><td class=\"column-5\">60<\/td>\n<\/tr>\n<tr class=\"row-27\">\n\t<td class=\"column-1\">13997<\/td><td class=\"column-2\">4\" x 2 \u00bd\"<\/td><td class=\"column-3\">10<\/td><td class=\"column-4\">6<\/td><td class=\"column-5\">60<\/td>\n<\/tr>\n<tr class=\"row-28\">\n\t<td class=\"column-1\">13998<\/td><td class=\"column-2\">4\" x 3\"<\/td><td class=\"column-3\">10<\/td><td class=\"column-4\">6<\/td><td class=\"column-5\">60<\/td>\n<\/tr>\n<\/tbody>\n<\/table>\n<!-- #tablepress-1146 from cache -->\n","protected":false},"excerpt":{"rendered":"<div class=\"product-detail-infos\">\n<div class=\"product-detail-infos\">\n<h2>\u0437\u043d\u0430\u0447\u0435\u043d\u0438\u0435 \u0434\u0430\u0432\u043b\u0435\u043d\u0438\u044f<\/h2>\n<ul>\n<li>PN 10<\/li>\n<\/ul>\n<\/div>\n<div class=\"product-detail-infos\">\n<h2>\u041e\u0411\u041b\u0410\u0421\u0422\u0418 \u041f\u0420\u0418\u041c\u0415\u041d\u0415\u041d\u0418\u042f<\/h2>\n<ul>\n<li>\u041b\u0430\u043d\u0434\u0448\u0430\u0444\u0442\u043d\u0430\u044f \u0438\u043d\u0434\u0443\u0441\u0442\u0440\u0438\u044f<\/li>\n<li>\u0421\u0435\u043b\u044c\u0441\u043a\u043e\u0445\u043e\u0437\u044f\u0439\u0441\u0442\u0432\u0435\u043d\u043d\u043e\u0435 \u043e\u0440\u043e\u0448\u0435\u043d\u0438\u0435<\/li>\n<\/ul>\n<\/div>\n<div class=\"product-logos\"><img decoding=\"async\" src=\"\/wp-content\/uploads\/2022\/07\/tse-iso-45001.png\" \/><br \/>\n<img decoding=\"async\" src=\"\/wp-content\/uploads\/2022\/07\/tse-iso-en-9000.png\" \/><br \/>\n<img decoding=\"async\" src=\"\/wp-content\/uploads\/2022\/07\/tse-iso-14000.png\" \/><br \/>\n<img decoding=\"async\" src=\"\/wp-content\/uploads\/2022\/07\/tse-iso-18001.png\" \/><\/div>\n<\/div>\n","protected":false},"featured_media":25546,"comment_status":"closed","ping_status":"closed","template":"","meta":{"_acf_changed":false},"product_cat":[6864,6865],"product_tag":[6907,6908,6909,6910,6911,6912,6913,6914,6915,6916,6917,6918,6919,6920,6921,6922,6923,6924,6925,6926,6927,6928],"class_list":{"0":"post-27009","1":"product","2":"type-product","3":"status-publish","4":"has-post-thumbnail","6":"product_cat-6864","7":"product_cat-6865","8":"product_tag-13911-ru","9":"product_tag-13912-ru","10":"product_tag-13913-ru","11":"product_tag-13922-ru","12":"product_tag-13923-ru","13":"product_tag-13933-ru","14":"product_tag-13944-ru","15":"product_tag-13945-ru","16":"product_tag-13954-ru","17":"product_tag-13955-ru","18":"product_tag-13956-ru","19":"product_tag-13957-ru","20":"product_tag-13966-ru","21":"product_tag-13967-ru","22":"product_tag-13968-ru","23":"product_tag-13969-ru","24":"product_tag-13977-ru","25":"product_tag-13978-ru","26":"product_tag-13979-ru","27":"product_tag-13988-ru","28":"product_tag-13989-ru","29":"product_tag-13999-ru","31":"first","32":"instock","33":"product-type-simple"},"acf":[],"yoast_head":"<!-- This site is optimized with the Yoast SEO plugin v25.9 - https:\/\/yoast.com\/wordpress\/plugins\/seo\/ -->\n<title>\u041c\u0423\u0424\u0422\u0410 \u041f\u0415\u0420\u0415\u0425\u041e\u0414\u041d\u0410\u042f \u0421 \u041d\u0420-\u0412\u041d \u0420\u0415\u0417\u042c\u0411\u0410\u041c\u0418 - Poelsan<\/title>\n<meta name=\"description\" content=\"Poelsan \u041c\u0423\u0424\u0422\u0410 \u041f\u0415\u0420\u0415\u0425\u041e\u0414\u041d\u0410\u042f \u0421 \u041d\u0420-\u0412\u041d \u0420\u0415\u0417\u042c\u0411\u0410\u041c\u0418 \u00dcr\u00fcn\u00fcm\u00fcz ve Daha Fazla Sulama Ekipmanlar\u0131m\u0131z\u0131 Hemen Ke\u015ffedin.\" \/>\n<meta name=\"robots\" content=\"index, follow, max-snippet:-1, max-image-preview:large, max-video-preview:-1\" \/>\n<link rel=\"canonical\" href=\"https:\/\/www.poelsan.com\/ru\/urun\/%d0%bc%d1%83%d1%84%d1%82%d0%b0-%d0%bf%d0%b5%d1%80%d0%b5%d1%85%d0%be%d0%b4%d0%bd%d0%b0%d1%8f-%d1%81-%d0%bd%d1%80-%d0%b2%d0%bd-%d1%80%d0%b5%d0%b7%d1%8c%d0%b1%d0%b0%d0%bc%d0%b8-2\/\" \/>\n<meta property=\"og:locale\" content=\"ru_RU\" \/>\n<meta property=\"og:type\" content=\"article\" \/>\n<meta property=\"og:title\" content=\"\u041c\u0423\u0424\u0422\u0410 \u041f\u0415\u0420\u0415\u0425\u041e\u0414\u041d\u0410\u042f \u0421 \u041d\u0420-\u0412\u041d \u0420\u0415\u0417\u042c\u0411\u0410\u041c\u0418 - Poelsan\" \/>\n<meta property=\"og:description\" content=\"Poelsan \u041c\u0423\u0424\u0422\u0410 \u041f\u0415\u0420\u0415\u0425\u041e\u0414\u041d\u0410\u042f \u0421 \u041d\u0420-\u0412\u041d \u0420\u0415\u0417\u042c\u0411\u0410\u041c\u0418 \u00dcr\u00fcn\u00fcm\u00fcz ve Daha Fazla Sulama Ekipmanlar\u0131m\u0131z\u0131 Hemen Ke\u015ffedin.\" \/>\n<meta property=\"og:url\" content=\"https:\/\/www.poelsan.com\/ru\/urun\/%d0%bc%d1%83%d1%84%d1%82%d0%b0-%d0%bf%d0%b5%d1%80%d0%b5%d1%85%d0%be%d0%b4%d0%bd%d0%b0%d1%8f-%d1%81-%d0%bd%d1%80-%d0%b2%d0%bd-%d1%80%d0%b5%d0%b7%d1%8c%d0%b1%d0%b0%d0%bc%d0%b8-2\/\" \/>\n<meta property=\"og:site_name\" content=\"Poelsan\" \/>\n<meta property=\"article:publisher\" content=\"https:\/\/www.facebook.com\/poelsanplastik\/\" \/>\n<meta property=\"article:modified_time\" content=\"2025-10-10T06:05:38+00:00\" \/>\n<meta property=\"og:image\" content=\"https:\/\/www.poelsan.com\/wp-content\/uploads\/2022\/07\/DISLI-REDUKSIYON-ERKEK-2DISI.png\" \/>\n\t<meta property=\"og:image:width\" content=\"600\" \/>\n\t<meta property=\"og:image:height\" content=\"350\" \/>\n\t<meta property=\"og:image:type\" content=\"image\/png\" \/>\n<meta name=\"twitter:card\" content=\"summary_large_image\" \/>\n<meta name=\"twitter:label1\" content=\"Est. reading time\" \/>\n\t<meta name=\"twitter:data1\" content=\"1 \u043c\u0438\u043d\u0443\u0442\u0430\" \/>\n<script type=\"application\/ld+json\" class=\"yoast-schema-graph\">{\"@context\":\"https:\/\/schema.org\",\"@graph\":[{\"@type\":\"WebPage\",\"@id\":\"https:\/\/www.poelsan.com\/ru\/urun\/%d0%bc%d1%83%d1%84%d1%82%d0%b0-%d0%bf%d0%b5%d1%80%d0%b5%d1%85%d0%be%d0%b4%d0%bd%d0%b0%d1%8f-%d1%81-%d0%bd%d1%80-%d0%b2%d0%bd-%d1%80%d0%b5%d0%b7%d1%8c%d0%b1%d0%b0%d0%bc%d0%b8-2\/\",\"url\":\"https:\/\/www.poelsan.com\/ru\/urun\/%d0%bc%d1%83%d1%84%d1%82%d0%b0-%d0%bf%d0%b5%d1%80%d0%b5%d1%85%d0%be%d0%b4%d0%bd%d0%b0%d1%8f-%d1%81-%d0%bd%d1%80-%d0%b2%d0%bd-%d1%80%d0%b5%d0%b7%d1%8c%d0%b1%d0%b0%d0%bc%d0%b8-2\/\",\"name\":\"\u041c\u0423\u0424\u0422\u0410 \u041f\u0415\u0420\u0415\u0425\u041e\u0414\u041d\u0410\u042f \u0421 \u041d\u0420-\u0412\u041d \u0420\u0415\u0417\u042c\u0411\u0410\u041c\u0418 - Poelsan\",\"isPartOf\":{\"@id\":\"https:\/\/www.poelsan.com\/ru\/#website\"},\"primaryImageOfPage\":{\"@id\":\"https:\/\/www.poelsan.com\/ru\/urun\/%d0%bc%d1%83%d1%84%d1%82%d0%b0-%d0%bf%d0%b5%d1%80%d0%b5%d1%85%d0%be%d0%b4%d0%bd%d0%b0%d1%8f-%d1%81-%d0%bd%d1%80-%d0%b2%d0%bd-%d1%80%d0%b5%d0%b7%d1%8c%d0%b1%d0%b0%d0%bc%d0%b8-2\/#primaryimage\"},\"image\":{\"@id\":\"https:\/\/www.poelsan.com\/ru\/urun\/%d0%bc%d1%83%d1%84%d1%82%d0%b0-%d0%bf%d0%b5%d1%80%d0%b5%d1%85%d0%be%d0%b4%d0%bd%d0%b0%d1%8f-%d1%81-%d0%bd%d1%80-%d0%b2%d0%bd-%d1%80%d0%b5%d0%b7%d1%8c%d0%b1%d0%b0%d0%bc%d0%b8-2\/#primaryimage\"},\"thumbnailUrl\":\"https:\/\/www.poelsan.com\/wp-content\/uploads\/2022\/07\/DISLI-REDUKSIYON-ERKEK-2DISI.png\",\"datePublished\":\"2022-07-29T21:06:34+00:00\",\"dateModified\":\"2025-10-10T06:05:38+00:00\",\"description\":\"Poelsan \u041c\u0423\u0424\u0422\u0410 \u041f\u0415\u0420\u0415\u0425\u041e\u0414\u041d\u0410\u042f \u0421 \u041d\u0420-\u0412\u041d \u0420\u0415\u0417\u042c\u0411\u0410\u041c\u0418 \u00dcr\u00fcn\u00fcm\u00fcz ve Daha Fazla Sulama Ekipmanlar\u0131m\u0131z\u0131 Hemen Ke\u015ffedin.\",\"breadcrumb\":{\"@id\":\"https:\/\/www.poelsan.com\/ru\/urun\/%d0%bc%d1%83%d1%84%d1%82%d0%b0-%d0%bf%d0%b5%d1%80%d0%b5%d1%85%d0%be%d0%b4%d0%bd%d0%b0%d1%8f-%d1%81-%d0%bd%d1%80-%d0%b2%d0%bd-%d1%80%d0%b5%d0%b7%d1%8c%d0%b1%d0%b0%d0%bc%d0%b8-2\/#breadcrumb\"},\"inLanguage\":\"ru-RU\",\"potentialAction\":[{\"@type\":\"ReadAction\",\"target\":[\"https:\/\/www.poelsan.com\/ru\/urun\/%d0%bc%d1%83%d1%84%d1%82%d0%b0-%d0%bf%d0%b5%d1%80%d0%b5%d1%85%d0%be%d0%b4%d0%bd%d0%b0%d1%8f-%d1%81-%d0%bd%d1%80-%d0%b2%d0%bd-%d1%80%d0%b5%d0%b7%d1%8c%d0%b1%d0%b0%d0%bc%d0%b8-2\/\"]}]},{\"@type\":\"ImageObject\",\"inLanguage\":\"ru-RU\",\"@id\":\"https:\/\/www.poelsan.com\/ru\/urun\/%d0%bc%d1%83%d1%84%d1%82%d0%b0-%d0%bf%d0%b5%d1%80%d0%b5%d1%85%d0%be%d0%b4%d0%bd%d0%b0%d1%8f-%d1%81-%d0%bd%d1%80-%d0%b2%d0%bd-%d1%80%d0%b5%d0%b7%d1%8c%d0%b1%d0%b0%d0%bc%d0%b8-2\/#primaryimage\",\"url\":\"https:\/\/www.poelsan.com\/wp-content\/uploads\/2022\/07\/DISLI-REDUKSIYON-ERKEK-2DISI.png\",\"contentUrl\":\"https:\/\/www.poelsan.com\/wp-content\/uploads\/2022\/07\/DISLI-REDUKSIYON-ERKEK-2DISI.png\",\"width\":600,\"height\":350},{\"@type\":\"BreadcrumbList\",\"@id\":\"https:\/\/www.poelsan.com\/ru\/urun\/%d0%bc%d1%83%d1%84%d1%82%d0%b0-%d0%bf%d0%b5%d1%80%d0%b5%d1%85%d0%be%d0%b4%d0%bd%d0%b0%d1%8f-%d1%81-%d0%bd%d1%80-%d0%b2%d0%bd-%d1%80%d0%b5%d0%b7%d1%8c%d0%b1%d0%b0%d0%bc%d0%b8-2\/#breadcrumb\",\"itemListElement\":[{\"@type\":\"ListItem\",\"position\":1,\"name\":\"Home\",\"item\":\"https:\/\/www.poelsan.com\/ru\/\"},{\"@type\":\"ListItem\",\"position\":2,\"name\":\"\u0422\u043e\u0432\u0430\u0440\u044b\",\"item\":\"https:\/\/www.poelsan.com\/ru\/shop\/\"},{\"@type\":\"ListItem\",\"position\":3,\"name\":\"\u041c\u0423\u0424\u0422\u0410 \u041f\u0415\u0420\u0415\u0425\u041e\u0414\u041d\u0410\u042f \u0421 \u041d\u0420-\u0412\u041d \u0420\u0415\u0417\u042c\u0411\u0410\u041c\u0418\"}]},{\"@type\":\"WebSite\",\"@id\":\"https:\/\/www.poelsan.com\/ru\/#website\",\"url\":\"https:\/\/www.poelsan.com\/ru\/\",\"name\":\"Poelsan: Sekt\u00f6r\u00fcnde D\u00fcnya Markas\u0131\",\"description\":\"Sekt\u00f6r\u00fcnde D\u00fcnya Markas\u0131\",\"publisher\":{\"@id\":\"https:\/\/www.poelsan.com\/ru\/#organization\"},\"potentialAction\":[{\"@type\":\"SearchAction\",\"target\":{\"@type\":\"EntryPoint\",\"urlTemplate\":\"https:\/\/www.poelsan.com\/ru\/?s={search_term_string}\"},\"query-input\":{\"@type\":\"PropertyValueSpecification\",\"valueRequired\":true,\"valueName\":\"search_term_string\"}}],\"inLanguage\":\"ru-RU\"},{\"@type\":\"Organization\",\"@id\":\"https:\/\/www.poelsan.com\/ru\/#organization\",\"name\":\"Poelsan: Sekt\u00f6r\u00fcnde D\u00fcnya Markas\u0131\",\"url\":\"https:\/\/www.poelsan.com\/ru\/\",\"logo\":{\"@type\":\"ImageObject\",\"inLanguage\":\"ru-RU\",\"@id\":\"https:\/\/www.poelsan.com\/ru\/#\/schema\/logo\/image\/\",\"url\":\"https:\/\/www.poelsan.com\/wp-content\/uploads\/2025\/09\/poelsan.png\",\"contentUrl\":\"https:\/\/www.poelsan.com\/wp-content\/uploads\/2025\/09\/poelsan.png\",\"width\":1200,\"height\":675,\"caption\":\"Poelsan: Sekt\u00f6r\u00fcnde D\u00fcnya Markas\u0131\"},\"image\":{\"@id\":\"https:\/\/www.poelsan.com\/ru\/#\/schema\/logo\/image\/\"},\"sameAs\":[\"https:\/\/www.facebook.com\/poelsanplastik\/\",\"https:\/\/www.instagram.com\/explore\/locations\/541106002887674\/poelsan-plastik-san-ve-tic-as\/\"]}]}<\/script>\n<!-- \/ Yoast SEO plugin. -->","yoast_head_json":{"title":"\u041c\u0423\u0424\u0422\u0410 \u041f\u0415\u0420\u0415\u0425\u041e\u0414\u041d\u0410\u042f \u0421 \u041d\u0420-\u0412\u041d \u0420\u0415\u0417\u042c\u0411\u0410\u041c\u0418 - Poelsan","description":"Poelsan \u041c\u0423\u0424\u0422\u0410 \u041f\u0415\u0420\u0415\u0425\u041e\u0414\u041d\u0410\u042f \u0421 \u041d\u0420-\u0412\u041d \u0420\u0415\u0417\u042c\u0411\u0410\u041c\u0418 \u00dcr\u00fcn\u00fcm\u00fcz ve Daha Fazla Sulama Ekipmanlar\u0131m\u0131z\u0131 Hemen Ke\u015ffedin.","robots":{"index":"index","follow":"follow","max-snippet":"max-snippet:-1","max-image-preview":"max-image-preview:large","max-video-preview":"max-video-preview:-1"},"canonical":"https:\/\/www.poelsan.com\/ru\/urun\/%d0%bc%d1%83%d1%84%d1%82%d0%b0-%d0%bf%d0%b5%d1%80%d0%b5%d1%85%d0%be%d0%b4%d0%bd%d0%b0%d1%8f-%d1%81-%d0%bd%d1%80-%d0%b2%d0%bd-%d1%80%d0%b5%d0%b7%d1%8c%d0%b1%d0%b0%d0%bc%d0%b8-2\/","og_locale":"ru_RU","og_type":"article","og_title":"\u041c\u0423\u0424\u0422\u0410 \u041f\u0415\u0420\u0415\u0425\u041e\u0414\u041d\u0410\u042f \u0421 \u041d\u0420-\u0412\u041d \u0420\u0415\u0417\u042c\u0411\u0410\u041c\u0418 - Poelsan","og_description":"Poelsan \u041c\u0423\u0424\u0422\u0410 \u041f\u0415\u0420\u0415\u0425\u041e\u0414\u041d\u0410\u042f \u0421 \u041d\u0420-\u0412\u041d \u0420\u0415\u0417\u042c\u0411\u0410\u041c\u0418 \u00dcr\u00fcn\u00fcm\u00fcz ve Daha Fazla Sulama Ekipmanlar\u0131m\u0131z\u0131 Hemen Ke\u015ffedin.","og_url":"https:\/\/www.poelsan.com\/ru\/urun\/%d0%bc%d1%83%d1%84%d1%82%d0%b0-%d0%bf%d0%b5%d1%80%d0%b5%d1%85%d0%be%d0%b4%d0%bd%d0%b0%d1%8f-%d1%81-%d0%bd%d1%80-%d0%b2%d0%bd-%d1%80%d0%b5%d0%b7%d1%8c%d0%b1%d0%b0%d0%bc%d0%b8-2\/","og_site_name":"Poelsan","article_publisher":"https:\/\/www.facebook.com\/poelsanplastik\/","article_modified_time":"2025-10-10T06:05:38+00:00","og_image":[{"width":600,"height":350,"url":"https:\/\/www.poelsan.com\/wp-content\/uploads\/2022\/07\/DISLI-REDUKSIYON-ERKEK-2DISI.png","type":"image\/png"}],"twitter_card":"summary_large_image","twitter_misc":{"Est. reading time":"1 \u043c\u0438\u043d\u0443\u0442\u0430"},"schema":{"@context":"https:\/\/schema.org","@graph":[{"@type":"WebPage","@id":"https:\/\/www.poelsan.com\/ru\/urun\/%d0%bc%d1%83%d1%84%d1%82%d0%b0-%d0%bf%d0%b5%d1%80%d0%b5%d1%85%d0%be%d0%b4%d0%bd%d0%b0%d1%8f-%d1%81-%d0%bd%d1%80-%d0%b2%d0%bd-%d1%80%d0%b5%d0%b7%d1%8c%d0%b1%d0%b0%d0%bc%d0%b8-2\/","url":"https:\/\/www.poelsan.com\/ru\/urun\/%d0%bc%d1%83%d1%84%d1%82%d0%b0-%d0%bf%d0%b5%d1%80%d0%b5%d1%85%d0%be%d0%b4%d0%bd%d0%b0%d1%8f-%d1%81-%d0%bd%d1%80-%d0%b2%d0%bd-%d1%80%d0%b5%d0%b7%d1%8c%d0%b1%d0%b0%d0%bc%d0%b8-2\/","name":"\u041c\u0423\u0424\u0422\u0410 \u041f\u0415\u0420\u0415\u0425\u041e\u0414\u041d\u0410\u042f \u0421 \u041d\u0420-\u0412\u041d \u0420\u0415\u0417\u042c\u0411\u0410\u041c\u0418 - Poelsan","isPartOf":{"@id":"https:\/\/www.poelsan.com\/ru\/#website"},"primaryImageOfPage":{"@id":"https:\/\/www.poelsan.com\/ru\/urun\/%d0%bc%d1%83%d1%84%d1%82%d0%b0-%d0%bf%d0%b5%d1%80%d0%b5%d1%85%d0%be%d0%b4%d0%bd%d0%b0%d1%8f-%d1%81-%d0%bd%d1%80-%d0%b2%d0%bd-%d1%80%d0%b5%d0%b7%d1%8c%d0%b1%d0%b0%d0%bc%d0%b8-2\/#primaryimage"},"image":{"@id":"https:\/\/www.poelsan.com\/ru\/urun\/%d0%bc%d1%83%d1%84%d1%82%d0%b0-%d0%bf%d0%b5%d1%80%d0%b5%d1%85%d0%be%d0%b4%d0%bd%d0%b0%d1%8f-%d1%81-%d0%bd%d1%80-%d0%b2%d0%bd-%d1%80%d0%b5%d0%b7%d1%8c%d0%b1%d0%b0%d0%bc%d0%b8-2\/#primaryimage"},"thumbnailUrl":"https:\/\/www.poelsan.com\/wp-content\/uploads\/2022\/07\/DISLI-REDUKSIYON-ERKEK-2DISI.png","datePublished":"2022-07-29T21:06:34+00:00","dateModified":"2025-10-10T06:05:38+00:00","description":"Poelsan \u041c\u0423\u0424\u0422\u0410 \u041f\u0415\u0420\u0415\u0425\u041e\u0414\u041d\u0410\u042f \u0421 \u041d\u0420-\u0412\u041d \u0420\u0415\u0417\u042c\u0411\u0410\u041c\u0418 \u00dcr\u00fcn\u00fcm\u00fcz ve Daha Fazla Sulama Ekipmanlar\u0131m\u0131z\u0131 Hemen Ke\u015ffedin.","breadcrumb":{"@id":"https:\/\/www.poelsan.com\/ru\/urun\/%d0%bc%d1%83%d1%84%d1%82%d0%b0-%d0%bf%d0%b5%d1%80%d0%b5%d1%85%d0%be%d0%b4%d0%bd%d0%b0%d1%8f-%d1%81-%d0%bd%d1%80-%d0%b2%d0%bd-%d1%80%d0%b5%d0%b7%d1%8c%d0%b1%d0%b0%d0%bc%d0%b8-2\/#breadcrumb"},"inLanguage":"ru-RU","potentialAction":[{"@type":"ReadAction","target":["https:\/\/www.poelsan.com\/ru\/urun\/%d0%bc%d1%83%d1%84%d1%82%d0%b0-%d0%bf%d0%b5%d1%80%d0%b5%d1%85%d0%be%d0%b4%d0%bd%d0%b0%d1%8f-%d1%81-%d0%bd%d1%80-%d0%b2%d0%bd-%d1%80%d0%b5%d0%b7%d1%8c%d0%b1%d0%b0%d0%bc%d0%b8-2\/"]}]},{"@type":"ImageObject","inLanguage":"ru-RU","@id":"https:\/\/www.poelsan.com\/ru\/urun\/%d0%bc%d1%83%d1%84%d1%82%d0%b0-%d0%bf%d0%b5%d1%80%d0%b5%d1%85%d0%be%d0%b4%d0%bd%d0%b0%d1%8f-%d1%81-%d0%bd%d1%80-%d0%b2%d0%bd-%d1%80%d0%b5%d0%b7%d1%8c%d0%b1%d0%b0%d0%bc%d0%b8-2\/#primaryimage","url":"https:\/\/www.poelsan.com\/wp-content\/uploads\/2022\/07\/DISLI-REDUKSIYON-ERKEK-2DISI.png","contentUrl":"https:\/\/www.poelsan.com\/wp-content\/uploads\/2022\/07\/DISLI-REDUKSIYON-ERKEK-2DISI.png","width":600,"height":350},{"@type":"BreadcrumbList","@id":"https:\/\/www.poelsan.com\/ru\/urun\/%d0%bc%d1%83%d1%84%d1%82%d0%b0-%d0%bf%d0%b5%d1%80%d0%b5%d1%85%d0%be%d0%b4%d0%bd%d0%b0%d1%8f-%d1%81-%d0%bd%d1%80-%d0%b2%d0%bd-%d1%80%d0%b5%d0%b7%d1%8c%d0%b1%d0%b0%d0%bc%d0%b8-2\/#breadcrumb","itemListElement":[{"@type":"ListItem","position":1,"name":"Home","item":"https:\/\/www.poelsan.com\/ru\/"},{"@type":"ListItem","position":2,"name":"\u0422\u043e\u0432\u0430\u0440\u044b","item":"https:\/\/www.poelsan.com\/ru\/shop\/"},{"@type":"ListItem","position":3,"name":"\u041c\u0423\u0424\u0422\u0410 \u041f\u0415\u0420\u0415\u0425\u041e\u0414\u041d\u0410\u042f \u0421 \u041d\u0420-\u0412\u041d \u0420\u0415\u0417\u042c\u0411\u0410\u041c\u0418"}]},{"@type":"WebSite","@id":"https:\/\/www.poelsan.com\/ru\/#website","url":"https:\/\/www.poelsan.com\/ru\/","name":"Poelsan: Sekt\u00f6r\u00fcnde D\u00fcnya Markas\u0131","description":"Sekt\u00f6r\u00fcnde D\u00fcnya Markas\u0131","publisher":{"@id":"https:\/\/www.poelsan.com\/ru\/#organization"},"potentialAction":[{"@type":"SearchAction","target":{"@type":"EntryPoint","urlTemplate":"https:\/\/www.poelsan.com\/ru\/?s={search_term_string}"},"query-input":{"@type":"PropertyValueSpecification","valueRequired":true,"valueName":"search_term_string"}}],"inLanguage":"ru-RU"},{"@type":"Organization","@id":"https:\/\/www.poelsan.com\/ru\/#organization","name":"Poelsan: Sekt\u00f6r\u00fcnde D\u00fcnya Markas\u0131","url":"https:\/\/www.poelsan.com\/ru\/","logo":{"@type":"ImageObject","inLanguage":"ru-RU","@id":"https:\/\/www.poelsan.com\/ru\/#\/schema\/logo\/image\/","url":"https:\/\/www.poelsan.com\/wp-content\/uploads\/2025\/09\/poelsan.png","contentUrl":"https:\/\/www.poelsan.com\/wp-content\/uploads\/2025\/09\/poelsan.png","width":1200,"height":675,"caption":"Poelsan: Sekt\u00f6r\u00fcnde D\u00fcnya Markas\u0131"},"image":{"@id":"https:\/\/www.poelsan.com\/ru\/#\/schema\/logo\/image\/"},"sameAs":["https:\/\/www.facebook.com\/poelsanplastik\/","https:\/\/www.instagram.com\/explore\/locations\/541106002887674\/poelsan-plastik-san-ve-tic-as\/"]}]}},"_links":{"self":[{"href":"https:\/\/www.poelsan.com\/ru\/wp-json\/wp\/v2\/product\/27009","targetHints":{"allow":["GET"]}}],"collection":[{"href":"https:\/\/www.poelsan.com\/ru\/wp-json\/wp\/v2\/product"}],"about":[{"href":"https:\/\/www.poelsan.com\/ru\/wp-json\/wp\/v2\/types\/product"}],"replies":[{"embeddable":true,"href":"https:\/\/www.poelsan.com\/ru\/wp-json\/wp\/v2\/comments?post=27009"}],"wp:featuredmedia":[{"embeddable":true,"href":"https:\/\/www.poelsan.com\/ru\/wp-json\/wp\/v2\/media\/25546"}],"wp:attachment":[{"href":"https:\/\/www.poelsan.com\/ru\/wp-json\/wp\/v2\/media?parent=27009"}],"wp:term":[{"taxonomy":"product_cat","embeddable":true,"href":"https:\/\/www.poelsan.com\/ru\/wp-json\/wp\/v2\/product_cat?post=27009"},{"taxonomy":"product_tag","embeddable":true,"href":"https:\/\/www.poelsan.com\/ru\/wp-json\/wp\/v2\/product_tag?post=27009"}],"curies":[{"name":"wp","href":"https:\/\/api.w.org\/{rel}","templated":true}]}}