{"id":26991,"date":"2022-07-30T00:06:57","date_gmt":"2022-07-29T21:06:57","guid":{"rendered":"https:\/\/www.poelsan.com\/urun\/%d0%ba%d0%bb%d1%8e%d1%87-%d0%b4%d0%bb%d1%8f-%d0%b2%d0%be%d0%b4%d1%8f%d0%bd%d0%be%d0%b9-%d1%80%d0%be%d0%b7%d0%b5%d1%82%d0%ba%d0%b8\/"},"modified":"2025-11-07T11:23:07","modified_gmt":"2025-11-07T08:23:07","slug":"%d0%ba%d0%bb%d1%8e%d1%87-%d0%b4%d0%bb%d1%8f-%d0%b2%d0%be%d0%b4%d1%8f%d0%bd%d0%be%d0%b9-%d1%80%d0%be%d0%b7%d0%b5%d1%82%d0%ba%d0%b8","status":"publish","type":"product","link":"https:\/\/www.poelsan.com\/ru\/urun\/%d0%ba%d0%bb%d1%8e%d1%87-%d0%b4%d0%bb%d1%8f-%d0%b2%d0%be%d0%b4%d1%8f%d0%bd%d0%be%d0%b9-%d1%80%d0%be%d0%b7%d0%b5%d1%82%d0%ba%d0%b8\/","title":{"rendered":"\u041a\u041b\u042e\u0427 \u0414\u041b\u042f \u0412\u041e\u0414\u042f\u041d\u041e\u0419 \u0420\u041e\u0417\u0415\u0422\u041a\u0418"},"content":{"rendered":"\n<table id=\"tablepress-1312\" class=\"tablepress tablepress-id-1312\">\n<thead>\n<tr class=\"row-1\">\n\t<th class=\"column-1\">\u041a\u041e\u0414<\/th><th class=\"column-2\">\u0420\u0410\u0417\u041c\u0415\u0420<\/th><th class=\"column-3\">\u0414\u0410\u0412\u041b\u0415\u041d\u0418\u0415<\/th><th class=\"column-4\">\u041a\u041e\u041b-\u0412\u041e \u0428\u0422. \u0412 \u0423\u041f\u0410\u041a\u041e\u0412\u041a\u0415<\/th><th class=\"column-5\">\u041a\u041e\u041b-\u0412\u041e \u0428\u0422.  \u0412 \u041a\u041e\u0420\u041e\u0411\u041a\u0415<\/th>\n<\/tr>\n<\/thead>\n<tbody class=\"row-striping row-hover\">\n<tr class=\"row-2\">\n\t<td class=\"column-1\">CS222<\/td><td class=\"column-2\">\u00be\"<\/td><td class=\"column-3\">6<\/td><td class=\"column-4\">5<\/td><td class=\"column-5\">120<\/td>\n<\/tr>\n<\/tbody>\n<\/table>\n<!-- #tablepress-1312 from cache -->\n","protected":false},"excerpt":{"rendered":"<div class=\"product-detail-infos\">\n<h2>\u0437\u043d\u0430\u0447\u0435\u043d\u0438\u0435 \u0434\u0430\u0432\u043b\u0435\u043d\u0438\u044f<\/h2>\n<ul>\n<li>PN 6<\/li>\n<\/ul>\n<\/div>\n<div class=\"product-detail-infos\">\n<h2>\u041e\u0411\u041b\u0410\u0421\u0422\u0418 \u041f\u0420\u0418\u041c\u0415\u041d\u0415\u041d\u0418\u042f<\/h2>\n<ul>\n<li>\u041b\u0430\u043d\u0434\u0448\u0430\u0444\u0442\u043d\u0430\u044f \u0438\u043d\u0434\u0443\u0441\u0442\u0440\u0438\u044f<\/li>\n<li>\u041e\u0440\u043e\u0448\u0435\u043d\u0438\u0435 \u0441\u0430\u0434\u0430<\/li>\n<li>\u0421\u043f\u043e\u0440\u0442\u0438\u0432\u043d\u044b\u0435 \u0441\u043e\u043e\u0440\u0443\u0436\u0435\u043d\u0438\u044f<\/li>\n<\/ul>\n<\/div>\n<div class=\"product-logos\"><img decoding=\"async\" src=\"\/wp-content\/uploads\/2022\/07\/tse-iso-45001.png\" \/><br \/>\n<img decoding=\"async\" src=\"\/wp-content\/uploads\/2022\/07\/tse-iso-en-9000.png\" \/><br \/>\n<img decoding=\"async\" src=\"\/wp-content\/uploads\/2022\/07\/tse-iso-14000.png\" \/><br \/>\n<img decoding=\"async\" src=\"\/wp-content\/uploads\/2022\/07\/tse-iso-18001.png\" \/><\/div>\n","protected":false},"featured_media":26699,"comment_status":"closed","ping_status":"closed","template":"","meta":{"_acf_changed":false},"product_cat":[7040,6900],"product_tag":[],"class_list":{"0":"post-26991","1":"product","2":"type-product","3":"status-publish","4":"has-post-thumbnail","6":"product_cat-7040","7":"product_cat-6900","9":"first","10":"instock","11":"product-type-simple"},"acf":[],"yoast_head":"<!-- This site is optimized with the Yoast SEO plugin v25.9 - https:\/\/yoast.com\/wordpress\/plugins\/seo\/ -->\n<title>\u041a\u041b\u042e\u0427 \u0414\u041b\u042f \u0412\u041e\u0414\u042f\u041d\u041e\u0419 \u0420\u041e\u0417\u0415\u0422\u041a\u0418 - Poelsan<\/title>\n<meta name=\"description\" content=\"Poelsan \u041a\u041b\u042e\u0427 \u0414\u041b\u042f \u0412\u041e\u0414\u042f\u041d\u041e\u0419 \u0420\u041e\u0417\u0415\u0422\u041a\u0418 \u00dcr\u00fcn\u00fcm\u00fcz ve Daha Fazla Sulama Ekipmanlar\u0131m\u0131z\u0131 Hemen Ke\u015ffedin.\" \/>\n<meta name=\"robots\" content=\"index, follow, max-snippet:-1, max-image-preview:large, max-video-preview:-1\" \/>\n<link rel=\"canonical\" href=\"https:\/\/www.poelsan.com\/ru\/urun\/%d0%ba%d0%bb%d1%8e%d1%87-%d0%b4%d0%bb%d1%8f-%d0%b2%d0%be%d0%b4%d1%8f%d0%bd%d0%be%d0%b9-%d1%80%d0%be%d0%b7%d0%b5%d1%82%d0%ba%d0%b8\/\" \/>\n<meta property=\"og:locale\" content=\"ru_RU\" \/>\n<meta property=\"og:type\" content=\"article\" \/>\n<meta property=\"og:title\" content=\"\u041a\u041b\u042e\u0427 \u0414\u041b\u042f \u0412\u041e\u0414\u042f\u041d\u041e\u0419 \u0420\u041e\u0417\u0415\u0422\u041a\u0418 - Poelsan\" \/>\n<meta property=\"og:description\" content=\"Poelsan \u041a\u041b\u042e\u0427 \u0414\u041b\u042f \u0412\u041e\u0414\u042f\u041d\u041e\u0419 \u0420\u041e\u0417\u0415\u0422\u041a\u0418 \u00dcr\u00fcn\u00fcm\u00fcz ve Daha Fazla Sulama Ekipmanlar\u0131m\u0131z\u0131 Hemen Ke\u015ffedin.\" \/>\n<meta property=\"og:url\" content=\"https:\/\/www.poelsan.com\/ru\/urun\/%d0%ba%d0%bb%d1%8e%d1%87-%d0%b4%d0%bb%d1%8f-%d0%b2%d0%be%d0%b4%d1%8f%d0%bd%d0%be%d0%b9-%d1%80%d0%be%d0%b7%d0%b5%d1%82%d0%ba%d0%b8\/\" \/>\n<meta property=\"og:site_name\" content=\"Poelsan\" \/>\n<meta property=\"article:publisher\" content=\"https:\/\/www.facebook.com\/poelsanplastik\/\" \/>\n<meta property=\"article:modified_time\" content=\"2025-11-07T08:23:07+00:00\" \/>\n<meta property=\"og:image\" content=\"https:\/\/www.poelsan.com\/wp-content\/uploads\/2022\/07\/can-suyu-vana-anahtar.png\" \/>\n\t<meta property=\"og:image:width\" content=\"600\" \/>\n\t<meta property=\"og:image:height\" content=\"350\" \/>\n\t<meta property=\"og:image:type\" content=\"image\/png\" \/>\n<meta name=\"twitter:card\" content=\"summary_large_image\" \/>\n<meta name=\"twitter:label1\" content=\"Est. reading time\" \/>\n\t<meta name=\"twitter:data1\" content=\"1 \u043c\u0438\u043d\u0443\u0442\u0430\" \/>\n<script type=\"application\/ld+json\" class=\"yoast-schema-graph\">{\"@context\":\"https:\/\/schema.org\",\"@graph\":[{\"@type\":\"WebPage\",\"@id\":\"https:\/\/www.poelsan.com\/ru\/urun\/%d0%ba%d0%bb%d1%8e%d1%87-%d0%b4%d0%bb%d1%8f-%d0%b2%d0%be%d0%b4%d1%8f%d0%bd%d0%be%d0%b9-%d1%80%d0%be%d0%b7%d0%b5%d1%82%d0%ba%d0%b8\/\",\"url\":\"https:\/\/www.poelsan.com\/ru\/urun\/%d0%ba%d0%bb%d1%8e%d1%87-%d0%b4%d0%bb%d1%8f-%d0%b2%d0%be%d0%b4%d1%8f%d0%bd%d0%be%d0%b9-%d1%80%d0%be%d0%b7%d0%b5%d1%82%d0%ba%d0%b8\/\",\"name\":\"\u041a\u041b\u042e\u0427 \u0414\u041b\u042f \u0412\u041e\u0414\u042f\u041d\u041e\u0419 \u0420\u041e\u0417\u0415\u0422\u041a\u0418 - Poelsan\",\"isPartOf\":{\"@id\":\"https:\/\/www.poelsan.com\/ru\/#website\"},\"primaryImageOfPage\":{\"@id\":\"https:\/\/www.poelsan.com\/ru\/urun\/%d0%ba%d0%bb%d1%8e%d1%87-%d0%b4%d0%bb%d1%8f-%d0%b2%d0%be%d0%b4%d1%8f%d0%bd%d0%be%d0%b9-%d1%80%d0%be%d0%b7%d0%b5%d1%82%d0%ba%d0%b8\/#primaryimage\"},\"image\":{\"@id\":\"https:\/\/www.poelsan.com\/ru\/urun\/%d0%ba%d0%bb%d1%8e%d1%87-%d0%b4%d0%bb%d1%8f-%d0%b2%d0%be%d0%b4%d1%8f%d0%bd%d0%be%d0%b9-%d1%80%d0%be%d0%b7%d0%b5%d1%82%d0%ba%d0%b8\/#primaryimage\"},\"thumbnailUrl\":\"https:\/\/www.poelsan.com\/wp-content\/uploads\/2022\/07\/can-suyu-vana-anahtar.png\",\"datePublished\":\"2022-07-29T21:06:57+00:00\",\"dateModified\":\"2025-11-07T08:23:07+00:00\",\"description\":\"Poelsan \u041a\u041b\u042e\u0427 \u0414\u041b\u042f \u0412\u041e\u0414\u042f\u041d\u041e\u0419 \u0420\u041e\u0417\u0415\u0422\u041a\u0418 \u00dcr\u00fcn\u00fcm\u00fcz ve Daha Fazla Sulama Ekipmanlar\u0131m\u0131z\u0131 Hemen Ke\u015ffedin.\",\"breadcrumb\":{\"@id\":\"https:\/\/www.poelsan.com\/ru\/urun\/%d0%ba%d0%bb%d1%8e%d1%87-%d0%b4%d0%bb%d1%8f-%d0%b2%d0%be%d0%b4%d1%8f%d0%bd%d0%be%d0%b9-%d1%80%d0%be%d0%b7%d0%b5%d1%82%d0%ba%d0%b8\/#breadcrumb\"},\"inLanguage\":\"ru-RU\",\"potentialAction\":[{\"@type\":\"ReadAction\",\"target\":[\"https:\/\/www.poelsan.com\/ru\/urun\/%d0%ba%d0%bb%d1%8e%d1%87-%d0%b4%d0%bb%d1%8f-%d0%b2%d0%be%d0%b4%d1%8f%d0%bd%d0%be%d0%b9-%d1%80%d0%be%d0%b7%d0%b5%d1%82%d0%ba%d0%b8\/\"]}]},{\"@type\":\"ImageObject\",\"inLanguage\":\"ru-RU\",\"@id\":\"https:\/\/www.poelsan.com\/ru\/urun\/%d0%ba%d0%bb%d1%8e%d1%87-%d0%b4%d0%bb%d1%8f-%d0%b2%d0%be%d0%b4%d1%8f%d0%bd%d0%be%d0%b9-%d1%80%d0%be%d0%b7%d0%b5%d1%82%d0%ba%d0%b8\/#primaryimage\",\"url\":\"https:\/\/www.poelsan.com\/wp-content\/uploads\/2022\/07\/can-suyu-vana-anahtar.png\",\"contentUrl\":\"https:\/\/www.poelsan.com\/wp-content\/uploads\/2022\/07\/can-suyu-vana-anahtar.png\",\"width\":600,\"height\":350},{\"@type\":\"BreadcrumbList\",\"@id\":\"https:\/\/www.poelsan.com\/ru\/urun\/%d0%ba%d0%bb%d1%8e%d1%87-%d0%b4%d0%bb%d1%8f-%d0%b2%d0%be%d0%b4%d1%8f%d0%bd%d0%be%d0%b9-%d1%80%d0%be%d0%b7%d0%b5%d1%82%d0%ba%d0%b8\/#breadcrumb\",\"itemListElement\":[{\"@type\":\"ListItem\",\"position\":1,\"name\":\"Home\",\"item\":\"https:\/\/www.poelsan.com\/ru\/\"},{\"@type\":\"ListItem\",\"position\":2,\"name\":\"\u0422\u043e\u0432\u0430\u0440\u044b\",\"item\":\"https:\/\/www.poelsan.com\/ru\/shop\/\"},{\"@type\":\"ListItem\",\"position\":3,\"name\":\"\u041a\u041b\u042e\u0427 \u0414\u041b\u042f \u0412\u041e\u0414\u042f\u041d\u041e\u0419 \u0420\u041e\u0417\u0415\u0422\u041a\u0418\"}]},{\"@type\":\"WebSite\",\"@id\":\"https:\/\/www.poelsan.com\/ru\/#website\",\"url\":\"https:\/\/www.poelsan.com\/ru\/\",\"name\":\"Poelsan: Sekt\u00f6r\u00fcnde D\u00fcnya Markas\u0131\",\"description\":\"Sekt\u00f6r\u00fcnde D\u00fcnya Markas\u0131\",\"publisher\":{\"@id\":\"https:\/\/www.poelsan.com\/ru\/#organization\"},\"potentialAction\":[{\"@type\":\"SearchAction\",\"target\":{\"@type\":\"EntryPoint\",\"urlTemplate\":\"https:\/\/www.poelsan.com\/ru\/?s={search_term_string}\"},\"query-input\":{\"@type\":\"PropertyValueSpecification\",\"valueRequired\":true,\"valueName\":\"search_term_string\"}}],\"inLanguage\":\"ru-RU\"},{\"@type\":\"Organization\",\"@id\":\"https:\/\/www.poelsan.com\/ru\/#organization\",\"name\":\"Poelsan: Sekt\u00f6r\u00fcnde D\u00fcnya Markas\u0131\",\"url\":\"https:\/\/www.poelsan.com\/ru\/\",\"logo\":{\"@type\":\"ImageObject\",\"inLanguage\":\"ru-RU\",\"@id\":\"https:\/\/www.poelsan.com\/ru\/#\/schema\/logo\/image\/\",\"url\":\"https:\/\/www.poelsan.com\/wp-content\/uploads\/2025\/09\/poelsan.png\",\"contentUrl\":\"https:\/\/www.poelsan.com\/wp-content\/uploads\/2025\/09\/poelsan.png\",\"width\":1200,\"height\":675,\"caption\":\"Poelsan: Sekt\u00f6r\u00fcnde D\u00fcnya Markas\u0131\"},\"image\":{\"@id\":\"https:\/\/www.poelsan.com\/ru\/#\/schema\/logo\/image\/\"},\"sameAs\":[\"https:\/\/www.facebook.com\/poelsanplastik\/\",\"https:\/\/www.instagram.com\/explore\/locations\/541106002887674\/poelsan-plastik-san-ve-tic-as\/\"]}]}<\/script>\n<!-- \/ Yoast SEO plugin. -->","yoast_head_json":{"title":"\u041a\u041b\u042e\u0427 \u0414\u041b\u042f \u0412\u041e\u0414\u042f\u041d\u041e\u0419 \u0420\u041e\u0417\u0415\u0422\u041a\u0418 - Poelsan","description":"Poelsan \u041a\u041b\u042e\u0427 \u0414\u041b\u042f \u0412\u041e\u0414\u042f\u041d\u041e\u0419 \u0420\u041e\u0417\u0415\u0422\u041a\u0418 \u00dcr\u00fcn\u00fcm\u00fcz ve Daha Fazla Sulama Ekipmanlar\u0131m\u0131z\u0131 Hemen Ke\u015ffedin.","robots":{"index":"index","follow":"follow","max-snippet":"max-snippet:-1","max-image-preview":"max-image-preview:large","max-video-preview":"max-video-preview:-1"},"canonical":"https:\/\/www.poelsan.com\/ru\/urun\/%d0%ba%d0%bb%d1%8e%d1%87-%d0%b4%d0%bb%d1%8f-%d0%b2%d0%be%d0%b4%d1%8f%d0%bd%d0%be%d0%b9-%d1%80%d0%be%d0%b7%d0%b5%d1%82%d0%ba%d0%b8\/","og_locale":"ru_RU","og_type":"article","og_title":"\u041a\u041b\u042e\u0427 \u0414\u041b\u042f \u0412\u041e\u0414\u042f\u041d\u041e\u0419 \u0420\u041e\u0417\u0415\u0422\u041a\u0418 - Poelsan","og_description":"Poelsan \u041a\u041b\u042e\u0427 \u0414\u041b\u042f \u0412\u041e\u0414\u042f\u041d\u041e\u0419 \u0420\u041e\u0417\u0415\u0422\u041a\u0418 \u00dcr\u00fcn\u00fcm\u00fcz ve Daha Fazla Sulama Ekipmanlar\u0131m\u0131z\u0131 Hemen Ke\u015ffedin.","og_url":"https:\/\/www.poelsan.com\/ru\/urun\/%d0%ba%d0%bb%d1%8e%d1%87-%d0%b4%d0%bb%d1%8f-%d0%b2%d0%be%d0%b4%d1%8f%d0%bd%d0%be%d0%b9-%d1%80%d0%be%d0%b7%d0%b5%d1%82%d0%ba%d0%b8\/","og_site_name":"Poelsan","article_publisher":"https:\/\/www.facebook.com\/poelsanplastik\/","article_modified_time":"2025-11-07T08:23:07+00:00","og_image":[{"width":600,"height":350,"url":"https:\/\/www.poelsan.com\/wp-content\/uploads\/2022\/07\/can-suyu-vana-anahtar.png","type":"image\/png"}],"twitter_card":"summary_large_image","twitter_misc":{"Est. reading time":"1 \u043c\u0438\u043d\u0443\u0442\u0430"},"schema":{"@context":"https:\/\/schema.org","@graph":[{"@type":"WebPage","@id":"https:\/\/www.poelsan.com\/ru\/urun\/%d0%ba%d0%bb%d1%8e%d1%87-%d0%b4%d0%bb%d1%8f-%d0%b2%d0%be%d0%b4%d1%8f%d0%bd%d0%be%d0%b9-%d1%80%d0%be%d0%b7%d0%b5%d1%82%d0%ba%d0%b8\/","url":"https:\/\/www.poelsan.com\/ru\/urun\/%d0%ba%d0%bb%d1%8e%d1%87-%d0%b4%d0%bb%d1%8f-%d0%b2%d0%be%d0%b4%d1%8f%d0%bd%d0%be%d0%b9-%d1%80%d0%be%d0%b7%d0%b5%d1%82%d0%ba%d0%b8\/","name":"\u041a\u041b\u042e\u0427 \u0414\u041b\u042f \u0412\u041e\u0414\u042f\u041d\u041e\u0419 \u0420\u041e\u0417\u0415\u0422\u041a\u0418 - Poelsan","isPartOf":{"@id":"https:\/\/www.poelsan.com\/ru\/#website"},"primaryImageOfPage":{"@id":"https:\/\/www.poelsan.com\/ru\/urun\/%d0%ba%d0%bb%d1%8e%d1%87-%d0%b4%d0%bb%d1%8f-%d0%b2%d0%be%d0%b4%d1%8f%d0%bd%d0%be%d0%b9-%d1%80%d0%be%d0%b7%d0%b5%d1%82%d0%ba%d0%b8\/#primaryimage"},"image":{"@id":"https:\/\/www.poelsan.com\/ru\/urun\/%d0%ba%d0%bb%d1%8e%d1%87-%d0%b4%d0%bb%d1%8f-%d0%b2%d0%be%d0%b4%d1%8f%d0%bd%d0%be%d0%b9-%d1%80%d0%be%d0%b7%d0%b5%d1%82%d0%ba%d0%b8\/#primaryimage"},"thumbnailUrl":"https:\/\/www.poelsan.com\/wp-content\/uploads\/2022\/07\/can-suyu-vana-anahtar.png","datePublished":"2022-07-29T21:06:57+00:00","dateModified":"2025-11-07T08:23:07+00:00","description":"Poelsan \u041a\u041b\u042e\u0427 \u0414\u041b\u042f \u0412\u041e\u0414\u042f\u041d\u041e\u0419 \u0420\u041e\u0417\u0415\u0422\u041a\u0418 \u00dcr\u00fcn\u00fcm\u00fcz ve Daha Fazla Sulama Ekipmanlar\u0131m\u0131z\u0131 Hemen Ke\u015ffedin.","breadcrumb":{"@id":"https:\/\/www.poelsan.com\/ru\/urun\/%d0%ba%d0%bb%d1%8e%d1%87-%d0%b4%d0%bb%d1%8f-%d0%b2%d0%be%d0%b4%d1%8f%d0%bd%d0%be%d0%b9-%d1%80%d0%be%d0%b7%d0%b5%d1%82%d0%ba%d0%b8\/#breadcrumb"},"inLanguage":"ru-RU","potentialAction":[{"@type":"ReadAction","target":["https:\/\/www.poelsan.com\/ru\/urun\/%d0%ba%d0%bb%d1%8e%d1%87-%d0%b4%d0%bb%d1%8f-%d0%b2%d0%be%d0%b4%d1%8f%d0%bd%d0%be%d0%b9-%d1%80%d0%be%d0%b7%d0%b5%d1%82%d0%ba%d0%b8\/"]}]},{"@type":"ImageObject","inLanguage":"ru-RU","@id":"https:\/\/www.poelsan.com\/ru\/urun\/%d0%ba%d0%bb%d1%8e%d1%87-%d0%b4%d0%bb%d1%8f-%d0%b2%d0%be%d0%b4%d1%8f%d0%bd%d0%be%d0%b9-%d1%80%d0%be%d0%b7%d0%b5%d1%82%d0%ba%d0%b8\/#primaryimage","url":"https:\/\/www.poelsan.com\/wp-content\/uploads\/2022\/07\/can-suyu-vana-anahtar.png","contentUrl":"https:\/\/www.poelsan.com\/wp-content\/uploads\/2022\/07\/can-suyu-vana-anahtar.png","width":600,"height":350},{"@type":"BreadcrumbList","@id":"https:\/\/www.poelsan.com\/ru\/urun\/%d0%ba%d0%bb%d1%8e%d1%87-%d0%b4%d0%bb%d1%8f-%d0%b2%d0%be%d0%b4%d1%8f%d0%bd%d0%be%d0%b9-%d1%80%d0%be%d0%b7%d0%b5%d1%82%d0%ba%d0%b8\/#breadcrumb","itemListElement":[{"@type":"ListItem","position":1,"name":"Home","item":"https:\/\/www.poelsan.com\/ru\/"},{"@type":"ListItem","position":2,"name":"\u0422\u043e\u0432\u0430\u0440\u044b","item":"https:\/\/www.poelsan.com\/ru\/shop\/"},{"@type":"ListItem","position":3,"name":"\u041a\u041b\u042e\u0427 \u0414\u041b\u042f \u0412\u041e\u0414\u042f\u041d\u041e\u0419 \u0420\u041e\u0417\u0415\u0422\u041a\u0418"}]},{"@type":"WebSite","@id":"https:\/\/www.poelsan.com\/ru\/#website","url":"https:\/\/www.poelsan.com\/ru\/","name":"Poelsan: Sekt\u00f6r\u00fcnde D\u00fcnya Markas\u0131","description":"Sekt\u00f6r\u00fcnde D\u00fcnya Markas\u0131","publisher":{"@id":"https:\/\/www.poelsan.com\/ru\/#organization"},"potentialAction":[{"@type":"SearchAction","target":{"@type":"EntryPoint","urlTemplate":"https:\/\/www.poelsan.com\/ru\/?s={search_term_string}"},"query-input":{"@type":"PropertyValueSpecification","valueRequired":true,"valueName":"search_term_string"}}],"inLanguage":"ru-RU"},{"@type":"Organization","@id":"https:\/\/www.poelsan.com\/ru\/#organization","name":"Poelsan: Sekt\u00f6r\u00fcnde D\u00fcnya Markas\u0131","url":"https:\/\/www.poelsan.com\/ru\/","logo":{"@type":"ImageObject","inLanguage":"ru-RU","@id":"https:\/\/www.poelsan.com\/ru\/#\/schema\/logo\/image\/","url":"https:\/\/www.poelsan.com\/wp-content\/uploads\/2025\/09\/poelsan.png","contentUrl":"https:\/\/www.poelsan.com\/wp-content\/uploads\/2025\/09\/poelsan.png","width":1200,"height":675,"caption":"Poelsan: Sekt\u00f6r\u00fcnde D\u00fcnya Markas\u0131"},"image":{"@id":"https:\/\/www.poelsan.com\/ru\/#\/schema\/logo\/image\/"},"sameAs":["https:\/\/www.facebook.com\/poelsanplastik\/","https:\/\/www.instagram.com\/explore\/locations\/541106002887674\/poelsan-plastik-san-ve-tic-as\/"]}]}},"_links":{"self":[{"href":"https:\/\/www.poelsan.com\/ru\/wp-json\/wp\/v2\/product\/26991","targetHints":{"allow":["GET"]}}],"collection":[{"href":"https:\/\/www.poelsan.com\/ru\/wp-json\/wp\/v2\/product"}],"about":[{"href":"https:\/\/www.poelsan.com\/ru\/wp-json\/wp\/v2\/types\/product"}],"replies":[{"embeddable":true,"href":"https:\/\/www.poelsan.com\/ru\/wp-json\/wp\/v2\/comments?post=26991"}],"wp:featuredmedia":[{"embeddable":true,"href":"https:\/\/www.poelsan.com\/ru\/wp-json\/wp\/v2\/media\/26699"}],"wp:attachment":[{"href":"https:\/\/www.poelsan.com\/ru\/wp-json\/wp\/v2\/media?parent=26991"}],"wp:term":[{"taxonomy":"product_cat","embeddable":true,"href":"https:\/\/www.poelsan.com\/ru\/wp-json\/wp\/v2\/product_cat?post=26991"},{"taxonomy":"product_tag","embeddable":true,"href":"https:\/\/www.poelsan.com\/ru\/wp-json\/wp\/v2\/product_tag?post=26991"}],"curies":[{"name":"wp","href":"https:\/\/api.w.org\/{rel}","templated":true}]}}