{"id":26974,"date":"2023-02-16T09:15:58","date_gmt":"2023-02-16T06:15:58","guid":{"rendered":"https:\/\/www.poelsan.com\/urun\/%d1%84%d0%bb%d0%b0%d0%bd%d1%86%d0%b5%d0%b2%d0%be%d0%b5%d1%81%d0%be%d0%b5%d0%b4%d0%b8%d0%bd%d0%b5%d0%bd%d0%b8%d0%b5\/"},"modified":"2025-09-18T16:29:14","modified_gmt":"2025-09-18T13:29:14","slug":"%d1%84%d0%bb%d0%b0%d0%bd%d1%86%d0%b5%d0%b2%d0%be%d0%b5%d1%81%d0%be%d0%b5%d0%b4%d0%b8%d0%bd%d0%b5%d0%bd%d0%b8%d0%b5","status":"publish","type":"product","link":"https:\/\/www.poelsan.com\/ru\/urun\/%d1%84%d0%bb%d0%b0%d0%bd%d1%86%d0%b5%d0%b2%d0%be%d0%b5%d1%81%d0%be%d0%b5%d0%b4%d0%b8%d0%bd%d0%b5%d0%bd%d0%b8%d0%b5\/","title":{"rendered":"\u0424\u041b\u0410\u041d\u0426\u0415\u0412\u041e\u0415\u0421\u041e\u0415\u0414\u0418\u041d\u0415\u041d\u0418\u0415"},"content":{"rendered":"\n<table id=\"tablepress-993\" class=\"tablepress tablepress-id-993\">\n<thead>\n<tr class=\"row-1\">\n\t<th class=\"column-1\">\u041a\u041e\u0414<\/th><th class=\"column-2\">\u0420\u0410\u0417\u041c\u0415\u0420<\/th><th class=\"column-3\">\u0414\u0410\u0412\u041b\u0415\u041d\u0418\u0415<\/th><th class=\"column-4\">\u041a\u041e\u041b-\u0412\u041e \u0428\u0422. \u0412 \u0423\u041f\u0410\u041a\u041e\u0412\u041a\u0415<\/th><th class=\"column-5\">\u041a\u041e\u041b-\u0412\u041e \u0428\u0422. \u0412 \u041a\u041e\u0420\u041e\u0411\u041a\u0415<\/th><th class=\"column-6\">a<\/th><th class=\"column-7\">b<\/th><th class=\"column-8\">c<\/th><th class=\"column-9\">d<\/th>\n<\/tr>\n<\/thead>\n<tbody class=\"row-striping row-hover\">\n<tr class=\"row-2\">\n\t<td class=\"column-1\">10002156<\/td><td class=\"column-2\">50 x 2\"<\/td><td class=\"column-3\">16<\/td><td class=\"column-4\">1<\/td><td class=\"column-5\">19<\/td><td class=\"column-6\">165<\/td><td class=\"column-7\">125<\/td><td class=\"column-8\">80<\/td><td class=\"column-9\">18<\/td>\n<\/tr>\n<tr class=\"row-3\">\n\t<td class=\"column-1\">10002166<\/td><td class=\"column-2\">63 x 2\"<\/td><td class=\"column-3\">16<\/td><td class=\"column-4\">1<\/td><td class=\"column-5\">18<\/td><td class=\"column-6\">165<\/td><td class=\"column-7\">125<\/td><td class=\"column-8\">92<\/td><td class=\"column-9\">18<\/td>\n<\/tr>\n<tr class=\"row-4\">\n\t<td class=\"column-1\">10002177<\/td><td class=\"column-2\">75 x 2 \u00bd\"<\/td><td class=\"column-3\">16<\/td><td class=\"column-4\">1<\/td><td class=\"column-5\">13<\/td><td class=\"column-6\">185<\/td><td class=\"column-7\">145<\/td><td class=\"column-8\">110<\/td><td class=\"column-9\">18<\/td>\n<\/tr>\n<tr class=\"row-5\">\n\t<td class=\"column-1\">10002178<\/td><td class=\"column-2\">75 x 3\"<\/td><td class=\"column-3\">16<\/td><td class=\"column-4\">1<\/td><td class=\"column-5\">12<\/td><td class=\"column-6\">200<\/td><td class=\"column-7\">160<\/td><td class=\"column-8\">110<\/td><td class=\"column-9\">18<\/td>\n<\/tr>\n<tr class=\"row-6\">\n\t<td class=\"column-1\">10002188<\/td><td class=\"column-2\">90 x 3\"<\/td><td class=\"column-3\">16<\/td><td class=\"column-4\">1<\/td><td class=\"column-5\">10<\/td><td class=\"column-6\">200<\/td><td class=\"column-7\">160<\/td><td class=\"column-8\">125<\/td><td class=\"column-9\">18<\/td>\n<\/tr>\n<tr class=\"row-7\">\n\t<td class=\"column-1\">10002189<\/td><td class=\"column-2\">90 x 4\"<\/td><td class=\"column-3\">16<\/td><td class=\"column-4\">1<\/td><td class=\"column-5\">9<\/td><td class=\"column-6\">220<\/td><td class=\"column-7\">180<\/td><td class=\"column-8\">125<\/td><td class=\"column-9\">18<\/td>\n<\/tr>\n<tr class=\"row-8\">\n\t<td class=\"column-1\">10002199<\/td><td class=\"column-2\">110 x 4\"<\/td><td class=\"column-3\">16<\/td><td class=\"column-4\">1<\/td><td class=\"column-5\">8<\/td><td class=\"column-6\">220<\/td><td class=\"column-7\">180<\/td><td class=\"column-8\">144<\/td><td class=\"column-9\">18<\/td>\n<\/tr>\n<\/tbody>\n<\/table>\n\n","protected":false},"excerpt":{"rendered":"<div class=\"product-detail-infos\">\n<h2>\u0437\u043d\u0430\u0447\u0435\u043d\u0438\u0435 \u0434\u0430\u0432\u043b\u0435\u043d\u0438\u044f<\/h2>\n<ul>\n<li>\u00d8 50 mm \u2013 \u00d8 110 mm : PN 16<\/li>\n<\/ul>\n<\/div>\n<div class=\"product-detail-infos\">\n<h2>\u041e\u0411\u041b\u0410\u0421\u0422\u0418 \u041f\u0420\u0418\u041c\u0415\u041d\u0415\u041d\u0418\u042f<\/h2>\n<ul>\n<li>\u0413\u043e\u0440\u043e\u0434\u0441\u043a\u0430\u044f \u0441\u0435\u0442\u044c \u043f\u0438\u0442\u044c\u0435\u0432\u043e\u0433\u043e \u0432\u043e\u0434\u043e\u0441\u043d\u0430\u0431\u0436\u0435\u043d\u0438\u044f<\/li>\n<li>\u041b\u0430\u043d\u0434\u0448\u0430\u0444\u0442\u043d\u0430\u044f \u0438\u043d\u0434\u0443\u0441\u0442\u0440\u0438\u044f<\/li>\n<li>\u0421\u0435\u043b\u044c\u0441\u043a\u043e\u0445\u043e\u0437\u044f\u0439\u0441\u0442\u0432\u0435\u043d\u043d\u043e\u0435 \u043e\u0440\u043e\u0448\u0435\u043d\u0438\u0435<\/li>\n<li>\u0422\u0435\u043f\u043b\u0438\u0446\u044b<\/li>\n<\/ul>\n<\/div>\n<div class=\"product-logos\"><img decoding=\"async\" src=\"\/wp-content\/uploads\/2022\/07\/tse-17885-1-1.png\" \/><br \/>\n<img decoding=\"async\" src=\"\/wp-content\/uploads\/2022\/07\/kiwa.png\" \/><br \/>\n<img decoding=\"async\" src=\"\/wp-content\/uploads\/2022\/07\/tse-iso-45001.png\" \/><br \/>\n<img decoding=\"async\" src=\"\/wp-content\/uploads\/2022\/07\/tse-iso-en-9000.png\" \/><br \/>\n<img decoding=\"async\" src=\"\/wp-content\/uploads\/2022\/07\/tse-iso-14000.png\" \/><br \/>\n<img decoding=\"async\" src=\"\/wp-content\/uploads\/2022\/07\/tse-iso-18001.png\" \/><\/div>\n","protected":false},"featured_media":26980,"comment_status":"closed","ping_status":"closed","template":"","meta":{"_acf_changed":false},"product_cat":[6868,6864],"product_tag":[],"class_list":{"0":"post-26974","1":"product","2":"type-product","3":"status-publish","4":"has-post-thumbnail","6":"product_cat-6868","7":"product_cat-6864","9":"first","10":"instock","11":"product-type-simple"},"acf":[],"yoast_head":"<!-- This site is optimized with the Yoast SEO plugin v25.9 - https:\/\/yoast.com\/wordpress\/plugins\/seo\/ -->\n<title>\u0424\u041b\u0410\u041d\u0426\u0415\u0412\u041e\u0415\u0421\u041e\u0415\u0414\u0418\u041d\u0415\u041d\u0418\u0415 - Poelsan<\/title>\n<meta name=\"description\" content=\"Poelsan \u0424\u041b\u0410\u041d\u0426\u0415\u0412\u041e\u0415\u0421\u041e\u0415\u0414\u0418\u041d\u0415\u041d\u0418\u0415 \u00dcr\u00fcn\u00fcm\u00fcz ve Daha Fazla Sulama Ekipmanlar\u0131m\u0131z\u0131 Hemen Ke\u015ffedin.\" \/>\n<meta name=\"robots\" content=\"index, follow, max-snippet:-1, max-image-preview:large, max-video-preview:-1\" \/>\n<link rel=\"canonical\" href=\"https:\/\/www.poelsan.com\/ru\/urun\/%d1%84%d0%bb%d0%b0%d0%bd%d1%86%d0%b5%d0%b2%d0%be%d0%b5%d1%81%d0%be%d0%b5%d0%b4%d0%b8%d0%bd%d0%b5%d0%bd%d0%b8%d0%b5\/\" \/>\n<meta property=\"og:locale\" content=\"ru_RU\" \/>\n<meta property=\"og:type\" content=\"article\" \/>\n<meta property=\"og:title\" content=\"\u0424\u041b\u0410\u041d\u0426\u0415\u0412\u041e\u0415\u0421\u041e\u0415\u0414\u0418\u041d\u0415\u041d\u0418\u0415 - Poelsan\" \/>\n<meta property=\"og:description\" content=\"Poelsan \u0424\u041b\u0410\u041d\u0426\u0415\u0412\u041e\u0415\u0421\u041e\u0415\u0414\u0418\u041d\u0415\u041d\u0418\u0415 \u00dcr\u00fcn\u00fcm\u00fcz ve Daha Fazla Sulama Ekipmanlar\u0131m\u0131z\u0131 Hemen Ke\u015ffedin.\" \/>\n<meta property=\"og:url\" content=\"https:\/\/www.poelsan.com\/ru\/urun\/%d1%84%d0%bb%d0%b0%d0%bd%d1%86%d0%b5%d0%b2%d0%be%d0%b5%d1%81%d0%be%d0%b5%d0%b4%d0%b8%d0%bd%d0%b5%d0%bd%d0%b8%d0%b5\/\" \/>\n<meta property=\"og:site_name\" content=\"Poelsan\" \/>\n<meta property=\"article:publisher\" content=\"https:\/\/www.facebook.com\/poelsanplastik\/\" \/>\n<meta property=\"article:modified_time\" content=\"2025-09-18T13:29:14+00:00\" \/>\n<meta property=\"og:image\" content=\"https:\/\/www.poelsan.com\/wp-content\/uploads\/2023\/02\/flansli-adaptor-2.jpg\" \/>\n\t<meta property=\"og:image:width\" content=\"600\" \/>\n\t<meta property=\"og:image:height\" content=\"350\" \/>\n\t<meta property=\"og:image:type\" content=\"image\/jpeg\" \/>\n<meta name=\"twitter:card\" content=\"summary_large_image\" \/>\n<meta name=\"twitter:label1\" content=\"Est. reading time\" \/>\n\t<meta name=\"twitter:data1\" content=\"1 \u043c\u0438\u043d\u0443\u0442\u0430\" \/>\n<script type=\"application\/ld+json\" class=\"yoast-schema-graph\">{\"@context\":\"https:\/\/schema.org\",\"@graph\":[{\"@type\":\"WebPage\",\"@id\":\"https:\/\/www.poelsan.com\/ru\/urun\/%d1%84%d0%bb%d0%b0%d0%bd%d1%86%d0%b5%d0%b2%d0%be%d0%b5%d1%81%d0%be%d0%b5%d0%b4%d0%b8%d0%bd%d0%b5%d0%bd%d0%b8%d0%b5\/\",\"url\":\"https:\/\/www.poelsan.com\/ru\/urun\/%d1%84%d0%bb%d0%b0%d0%bd%d1%86%d0%b5%d0%b2%d0%be%d0%b5%d1%81%d0%be%d0%b5%d0%b4%d0%b8%d0%bd%d0%b5%d0%bd%d0%b8%d0%b5\/\",\"name\":\"\u0424\u041b\u0410\u041d\u0426\u0415\u0412\u041e\u0415\u0421\u041e\u0415\u0414\u0418\u041d\u0415\u041d\u0418\u0415 - Poelsan\",\"isPartOf\":{\"@id\":\"https:\/\/www.poelsan.com\/ru\/#website\"},\"primaryImageOfPage\":{\"@id\":\"https:\/\/www.poelsan.com\/ru\/urun\/%d1%84%d0%bb%d0%b0%d0%bd%d1%86%d0%b5%d0%b2%d0%be%d0%b5%d1%81%d0%be%d0%b5%d0%b4%d0%b8%d0%bd%d0%b5%d0%bd%d0%b8%d0%b5\/#primaryimage\"},\"image\":{\"@id\":\"https:\/\/www.poelsan.com\/ru\/urun\/%d1%84%d0%bb%d0%b0%d0%bd%d1%86%d0%b5%d0%b2%d0%be%d0%b5%d1%81%d0%be%d0%b5%d0%b4%d0%b8%d0%bd%d0%b5%d0%bd%d0%b8%d0%b5\/#primaryimage\"},\"thumbnailUrl\":\"https:\/\/www.poelsan.com\/wp-content\/uploads\/2023\/02\/flansli-adaptor-2.jpg\",\"datePublished\":\"2023-02-16T06:15:58+00:00\",\"dateModified\":\"2025-09-18T13:29:14+00:00\",\"description\":\"Poelsan \u0424\u041b\u0410\u041d\u0426\u0415\u0412\u041e\u0415\u0421\u041e\u0415\u0414\u0418\u041d\u0415\u041d\u0418\u0415 \u00dcr\u00fcn\u00fcm\u00fcz ve Daha Fazla Sulama Ekipmanlar\u0131m\u0131z\u0131 Hemen Ke\u015ffedin.\",\"breadcrumb\":{\"@id\":\"https:\/\/www.poelsan.com\/ru\/urun\/%d1%84%d0%bb%d0%b0%d0%bd%d1%86%d0%b5%d0%b2%d0%be%d0%b5%d1%81%d0%be%d0%b5%d0%b4%d0%b8%d0%bd%d0%b5%d0%bd%d0%b8%d0%b5\/#breadcrumb\"},\"inLanguage\":\"ru-RU\",\"potentialAction\":[{\"@type\":\"ReadAction\",\"target\":[\"https:\/\/www.poelsan.com\/ru\/urun\/%d1%84%d0%bb%d0%b0%d0%bd%d1%86%d0%b5%d0%b2%d0%be%d0%b5%d1%81%d0%be%d0%b5%d0%b4%d0%b8%d0%bd%d0%b5%d0%bd%d0%b8%d0%b5\/\"]}]},{\"@type\":\"ImageObject\",\"inLanguage\":\"ru-RU\",\"@id\":\"https:\/\/www.poelsan.com\/ru\/urun\/%d1%84%d0%bb%d0%b0%d0%bd%d1%86%d0%b5%d0%b2%d0%be%d0%b5%d1%81%d0%be%d0%b5%d0%b4%d0%b8%d0%bd%d0%b5%d0%bd%d0%b8%d0%b5\/#primaryimage\",\"url\":\"https:\/\/www.poelsan.com\/wp-content\/uploads\/2023\/02\/flansli-adaptor-2.jpg\",\"contentUrl\":\"https:\/\/www.poelsan.com\/wp-content\/uploads\/2023\/02\/flansli-adaptor-2.jpg\",\"width\":600,\"height\":350},{\"@type\":\"BreadcrumbList\",\"@id\":\"https:\/\/www.poelsan.com\/ru\/urun\/%d1%84%d0%bb%d0%b0%d0%bd%d1%86%d0%b5%d0%b2%d0%be%d0%b5%d1%81%d0%be%d0%b5%d0%b4%d0%b8%d0%bd%d0%b5%d0%bd%d0%b8%d0%b5\/#breadcrumb\",\"itemListElement\":[{\"@type\":\"ListItem\",\"position\":1,\"name\":\"Home\",\"item\":\"https:\/\/www.poelsan.com\/ru\/\"},{\"@type\":\"ListItem\",\"position\":2,\"name\":\"\u0422\u043e\u0432\u0430\u0440\u044b\",\"item\":\"https:\/\/www.poelsan.com\/ru\/shop\/\"},{\"@type\":\"ListItem\",\"position\":3,\"name\":\"\u0424\u041b\u0410\u041d\u0426\u0415\u0412\u041e\u0415\u0421\u041e\u0415\u0414\u0418\u041d\u0415\u041d\u0418\u0415\"}]},{\"@type\":\"WebSite\",\"@id\":\"https:\/\/www.poelsan.com\/ru\/#website\",\"url\":\"https:\/\/www.poelsan.com\/ru\/\",\"name\":\"Poelsan: Sekt\u00f6r\u00fcnde D\u00fcnya Markas\u0131\",\"description\":\"Sekt\u00f6r\u00fcnde D\u00fcnya Markas\u0131\",\"publisher\":{\"@id\":\"https:\/\/www.poelsan.com\/ru\/#organization\"},\"potentialAction\":[{\"@type\":\"SearchAction\",\"target\":{\"@type\":\"EntryPoint\",\"urlTemplate\":\"https:\/\/www.poelsan.com\/ru\/?s={search_term_string}\"},\"query-input\":{\"@type\":\"PropertyValueSpecification\",\"valueRequired\":true,\"valueName\":\"search_term_string\"}}],\"inLanguage\":\"ru-RU\"},{\"@type\":\"Organization\",\"@id\":\"https:\/\/www.poelsan.com\/ru\/#organization\",\"name\":\"Poelsan: Sekt\u00f6r\u00fcnde D\u00fcnya Markas\u0131\",\"url\":\"https:\/\/www.poelsan.com\/ru\/\",\"logo\":{\"@type\":\"ImageObject\",\"inLanguage\":\"ru-RU\",\"@id\":\"https:\/\/www.poelsan.com\/ru\/#\/schema\/logo\/image\/\",\"url\":\"https:\/\/www.poelsan.com\/wp-content\/uploads\/2025\/09\/poelsan.png\",\"contentUrl\":\"https:\/\/www.poelsan.com\/wp-content\/uploads\/2025\/09\/poelsan.png\",\"width\":1200,\"height\":675,\"caption\":\"Poelsan: Sekt\u00f6r\u00fcnde D\u00fcnya Markas\u0131\"},\"image\":{\"@id\":\"https:\/\/www.poelsan.com\/ru\/#\/schema\/logo\/image\/\"},\"sameAs\":[\"https:\/\/www.facebook.com\/poelsanplastik\/\",\"https:\/\/www.instagram.com\/explore\/locations\/541106002887674\/poelsan-plastik-san-ve-tic-as\/\"]}]}<\/script>\n<!-- \/ Yoast SEO plugin. -->","yoast_head_json":{"title":"\u0424\u041b\u0410\u041d\u0426\u0415\u0412\u041e\u0415\u0421\u041e\u0415\u0414\u0418\u041d\u0415\u041d\u0418\u0415 - Poelsan","description":"Poelsan \u0424\u041b\u0410\u041d\u0426\u0415\u0412\u041e\u0415\u0421\u041e\u0415\u0414\u0418\u041d\u0415\u041d\u0418\u0415 \u00dcr\u00fcn\u00fcm\u00fcz ve Daha Fazla Sulama Ekipmanlar\u0131m\u0131z\u0131 Hemen Ke\u015ffedin.","robots":{"index":"index","follow":"follow","max-snippet":"max-snippet:-1","max-image-preview":"max-image-preview:large","max-video-preview":"max-video-preview:-1"},"canonical":"https:\/\/www.poelsan.com\/ru\/urun\/%d1%84%d0%bb%d0%b0%d0%bd%d1%86%d0%b5%d0%b2%d0%be%d0%b5%d1%81%d0%be%d0%b5%d0%b4%d0%b8%d0%bd%d0%b5%d0%bd%d0%b8%d0%b5\/","og_locale":"ru_RU","og_type":"article","og_title":"\u0424\u041b\u0410\u041d\u0426\u0415\u0412\u041e\u0415\u0421\u041e\u0415\u0414\u0418\u041d\u0415\u041d\u0418\u0415 - Poelsan","og_description":"Poelsan \u0424\u041b\u0410\u041d\u0426\u0415\u0412\u041e\u0415\u0421\u041e\u0415\u0414\u0418\u041d\u0415\u041d\u0418\u0415 \u00dcr\u00fcn\u00fcm\u00fcz ve Daha Fazla Sulama Ekipmanlar\u0131m\u0131z\u0131 Hemen Ke\u015ffedin.","og_url":"https:\/\/www.poelsan.com\/ru\/urun\/%d1%84%d0%bb%d0%b0%d0%bd%d1%86%d0%b5%d0%b2%d0%be%d0%b5%d1%81%d0%be%d0%b5%d0%b4%d0%b8%d0%bd%d0%b5%d0%bd%d0%b8%d0%b5\/","og_site_name":"Poelsan","article_publisher":"https:\/\/www.facebook.com\/poelsanplastik\/","article_modified_time":"2025-09-18T13:29:14+00:00","og_image":[{"width":600,"height":350,"url":"https:\/\/www.poelsan.com\/wp-content\/uploads\/2023\/02\/flansli-adaptor-2.jpg","type":"image\/jpeg"}],"twitter_card":"summary_large_image","twitter_misc":{"Est. reading time":"1 \u043c\u0438\u043d\u0443\u0442\u0430"},"schema":{"@context":"https:\/\/schema.org","@graph":[{"@type":"WebPage","@id":"https:\/\/www.poelsan.com\/ru\/urun\/%d1%84%d0%bb%d0%b0%d0%bd%d1%86%d0%b5%d0%b2%d0%be%d0%b5%d1%81%d0%be%d0%b5%d0%b4%d0%b8%d0%bd%d0%b5%d0%bd%d0%b8%d0%b5\/","url":"https:\/\/www.poelsan.com\/ru\/urun\/%d1%84%d0%bb%d0%b0%d0%bd%d1%86%d0%b5%d0%b2%d0%be%d0%b5%d1%81%d0%be%d0%b5%d0%b4%d0%b8%d0%bd%d0%b5%d0%bd%d0%b8%d0%b5\/","name":"\u0424\u041b\u0410\u041d\u0426\u0415\u0412\u041e\u0415\u0421\u041e\u0415\u0414\u0418\u041d\u0415\u041d\u0418\u0415 - Poelsan","isPartOf":{"@id":"https:\/\/www.poelsan.com\/ru\/#website"},"primaryImageOfPage":{"@id":"https:\/\/www.poelsan.com\/ru\/urun\/%d1%84%d0%bb%d0%b0%d0%bd%d1%86%d0%b5%d0%b2%d0%be%d0%b5%d1%81%d0%be%d0%b5%d0%b4%d0%b8%d0%bd%d0%b5%d0%bd%d0%b8%d0%b5\/#primaryimage"},"image":{"@id":"https:\/\/www.poelsan.com\/ru\/urun\/%d1%84%d0%bb%d0%b0%d0%bd%d1%86%d0%b5%d0%b2%d0%be%d0%b5%d1%81%d0%be%d0%b5%d0%b4%d0%b8%d0%bd%d0%b5%d0%bd%d0%b8%d0%b5\/#primaryimage"},"thumbnailUrl":"https:\/\/www.poelsan.com\/wp-content\/uploads\/2023\/02\/flansli-adaptor-2.jpg","datePublished":"2023-02-16T06:15:58+00:00","dateModified":"2025-09-18T13:29:14+00:00","description":"Poelsan \u0424\u041b\u0410\u041d\u0426\u0415\u0412\u041e\u0415\u0421\u041e\u0415\u0414\u0418\u041d\u0415\u041d\u0418\u0415 \u00dcr\u00fcn\u00fcm\u00fcz ve Daha Fazla Sulama Ekipmanlar\u0131m\u0131z\u0131 Hemen Ke\u015ffedin.","breadcrumb":{"@id":"https:\/\/www.poelsan.com\/ru\/urun\/%d1%84%d0%bb%d0%b0%d0%bd%d1%86%d0%b5%d0%b2%d0%be%d0%b5%d1%81%d0%be%d0%b5%d0%b4%d0%b8%d0%bd%d0%b5%d0%bd%d0%b8%d0%b5\/#breadcrumb"},"inLanguage":"ru-RU","potentialAction":[{"@type":"ReadAction","target":["https:\/\/www.poelsan.com\/ru\/urun\/%d1%84%d0%bb%d0%b0%d0%bd%d1%86%d0%b5%d0%b2%d0%be%d0%b5%d1%81%d0%be%d0%b5%d0%b4%d0%b8%d0%bd%d0%b5%d0%bd%d0%b8%d0%b5\/"]}]},{"@type":"ImageObject","inLanguage":"ru-RU","@id":"https:\/\/www.poelsan.com\/ru\/urun\/%d1%84%d0%bb%d0%b0%d0%bd%d1%86%d0%b5%d0%b2%d0%be%d0%b5%d1%81%d0%be%d0%b5%d0%b4%d0%b8%d0%bd%d0%b5%d0%bd%d0%b8%d0%b5\/#primaryimage","url":"https:\/\/www.poelsan.com\/wp-content\/uploads\/2023\/02\/flansli-adaptor-2.jpg","contentUrl":"https:\/\/www.poelsan.com\/wp-content\/uploads\/2023\/02\/flansli-adaptor-2.jpg","width":600,"height":350},{"@type":"BreadcrumbList","@id":"https:\/\/www.poelsan.com\/ru\/urun\/%d1%84%d0%bb%d0%b0%d0%bd%d1%86%d0%b5%d0%b2%d0%be%d0%b5%d1%81%d0%be%d0%b5%d0%b4%d0%b8%d0%bd%d0%b5%d0%bd%d0%b8%d0%b5\/#breadcrumb","itemListElement":[{"@type":"ListItem","position":1,"name":"Home","item":"https:\/\/www.poelsan.com\/ru\/"},{"@type":"ListItem","position":2,"name":"\u0422\u043e\u0432\u0430\u0440\u044b","item":"https:\/\/www.poelsan.com\/ru\/shop\/"},{"@type":"ListItem","position":3,"name":"\u0424\u041b\u0410\u041d\u0426\u0415\u0412\u041e\u0415\u0421\u041e\u0415\u0414\u0418\u041d\u0415\u041d\u0418\u0415"}]},{"@type":"WebSite","@id":"https:\/\/www.poelsan.com\/ru\/#website","url":"https:\/\/www.poelsan.com\/ru\/","name":"Poelsan: Sekt\u00f6r\u00fcnde D\u00fcnya Markas\u0131","description":"Sekt\u00f6r\u00fcnde D\u00fcnya Markas\u0131","publisher":{"@id":"https:\/\/www.poelsan.com\/ru\/#organization"},"potentialAction":[{"@type":"SearchAction","target":{"@type":"EntryPoint","urlTemplate":"https:\/\/www.poelsan.com\/ru\/?s={search_term_string}"},"query-input":{"@type":"PropertyValueSpecification","valueRequired":true,"valueName":"search_term_string"}}],"inLanguage":"ru-RU"},{"@type":"Organization","@id":"https:\/\/www.poelsan.com\/ru\/#organization","name":"Poelsan: Sekt\u00f6r\u00fcnde D\u00fcnya Markas\u0131","url":"https:\/\/www.poelsan.com\/ru\/","logo":{"@type":"ImageObject","inLanguage":"ru-RU","@id":"https:\/\/www.poelsan.com\/ru\/#\/schema\/logo\/image\/","url":"https:\/\/www.poelsan.com\/wp-content\/uploads\/2025\/09\/poelsan.png","contentUrl":"https:\/\/www.poelsan.com\/wp-content\/uploads\/2025\/09\/poelsan.png","width":1200,"height":675,"caption":"Poelsan: Sekt\u00f6r\u00fcnde D\u00fcnya Markas\u0131"},"image":{"@id":"https:\/\/www.poelsan.com\/ru\/#\/schema\/logo\/image\/"},"sameAs":["https:\/\/www.facebook.com\/poelsanplastik\/","https:\/\/www.instagram.com\/explore\/locations\/541106002887674\/poelsan-plastik-san-ve-tic-as\/"]}]}},"_links":{"self":[{"href":"https:\/\/www.poelsan.com\/ru\/wp-json\/wp\/v2\/product\/26974","targetHints":{"allow":["GET"]}}],"collection":[{"href":"https:\/\/www.poelsan.com\/ru\/wp-json\/wp\/v2\/product"}],"about":[{"href":"https:\/\/www.poelsan.com\/ru\/wp-json\/wp\/v2\/types\/product"}],"replies":[{"embeddable":true,"href":"https:\/\/www.poelsan.com\/ru\/wp-json\/wp\/v2\/comments?post=26974"}],"wp:featuredmedia":[{"embeddable":true,"href":"https:\/\/www.poelsan.com\/ru\/wp-json\/wp\/v2\/media\/26980"}],"wp:attachment":[{"href":"https:\/\/www.poelsan.com\/ru\/wp-json\/wp\/v2\/media?parent=26974"}],"wp:term":[{"taxonomy":"product_cat","embeddable":true,"href":"https:\/\/www.poelsan.com\/ru\/wp-json\/wp\/v2\/product_cat?post=26974"},{"taxonomy":"product_tag","embeddable":true,"href":"https:\/\/www.poelsan.com\/ru\/wp-json\/wp\/v2\/product_tag?post=26974"}],"curies":[{"name":"wp","href":"https:\/\/api.w.org\/{rel}","templated":true}]}}