{"id":26922,"date":"2024-06-24T15:50:18","date_gmt":"2024-06-24T12:50:18","guid":{"rendered":"https:\/\/www.poelsan.com\/urun\/%d1%81%d0%be%d0%bf%d0%bb%d0%be-%d0%bf%d0%be%d0%bb%d0%be%d1%81%d0%be%d0%b2%d0%be%d0%b3%d0%be-%d1%82%d0%b8%d0%bf%d0%b0-%d1%86%d0%b5%d0%bd%d1%82%d1%80%d0%b0%d0%bb%d1%8c%d0%bd%d0%be%d0%b5\/"},"modified":"2025-10-08T14:43:29","modified_gmt":"2025-10-08T11:43:29","slug":"%d1%81%d0%be%d0%bf%d0%bb%d0%be-%d0%bf%d0%be%d0%bb%d0%be%d1%81%d0%be%d0%b2%d0%be%d0%b3%d0%be-%d1%82%d0%b8%d0%bf%d0%b0-%d1%86%d0%b5%d0%bd%d1%82%d1%80%d0%b0%d0%bb%d1%8c%d0%bd%d0%be%d0%b5-2","status":"publish","type":"product","link":"https:\/\/www.poelsan.com\/ru\/urun\/%d1%81%d0%be%d0%bf%d0%bb%d0%be-%d0%bf%d0%be%d0%bb%d0%be%d1%81%d0%be%d0%b2%d0%be%d0%b3%d0%be-%d1%82%d0%b8%d0%bf%d0%b0-%d1%86%d0%b5%d0%bd%d1%82%d1%80%d0%b0%d0%bb%d1%8c%d0%bd%d0%be%d0%b5-2\/","title":{"rendered":"\u0421\u043e\u043f\u043b\u043e \u043f\u043e\u043b\u043e\u0441\u043e\u0432\u043e\u0433\u043e \u0442\u0438\u043f\u0430 (\u0426\u0435\u043d\u0442\u0440\u0430\u043b\u044c\u043d\u043e\u0435)"},"content":{"rendered":"\n<table id=\"tablepress-1044\" class=\"tablepress tablepress-id-1044\">\n<thead>\n<tr class=\"row-1\">\n\t<th class=\"column-1\">\u041a\u041e\u0414<\/th><th class=\"column-2\">\u0426\u0412\u0415\u0422 \u0421\u041e\u041f\u041b\u0410<\/th><th class=\"column-3\">\u041c\u041e\u0414\u0415\u041b\u042c<\/th><th class=\"column-4\">\u0420\u0410\u0414\u0418\u0423\u0421 \u041f\u041e\u041b\u0418\u0412\u0410 (m)<\/th><th class=\"column-5\">\u041a\u041e\u041b\u0418\u0427\u0415\u0421\u0422\u0412\u041e \u0423\u041f\u0410\u041a\u041e\u0412\u041e\u041a<\/th><th class=\"column-6\">\u041a\u041e\u041b\u0418\u0427\u0415\u0421\u0422\u0412\u041e \u041a\u041e\u0420\u041e\u0411\u041e\u041a<\/th>\n<\/tr>\n<\/thead>\n<tbody class=\"row-striping row-hover\">\n<tr class=\"row-2\">\n\t<td class=\"column-1\">CNS530<\/td><td class=\"column-2\">\u0427\u0435\u0440\u043d\u044b\u0439<\/td><td class=\"column-3\">\u0421\u043e\u043f\u043b\u043e \u043f\u043e\u043b\u043e\u0441\u043e\u0432\u043e\u0433\u043e \u0442\u0438\u043f\u0430 (\u0426\u0435\u043d\u0442\u0440\u0430\u043b\u044c\u043d\u043e\u0435)<\/td><td class=\"column-4\">1.50 x 9.10<\/td><td class=\"column-5\">25<\/td><td class=\"column-6\">250<\/td>\n<\/tr>\n<\/tbody>\n<\/table>\n<!-- #tablepress-1044 from cache -->\n\n<table id=\"tablepress-1045\" class=\"tablepress tablepress-id-1045 tbody-has-connected-cells\">\n<thead>\n<tr class=\"row-1\">\n\t<th class=\"column-1\">\u041a\u041e\u0414<\/th><th class=\"column-2\">\u0414\u0410\u0412\u041b\u0415\u041d\u0418\u0415 (bar)<\/th><th class=\"column-3\">\u0414\u0410\u0412\u041b\u0415\u041d\u0418\u0415 (kPa)<\/th><th class=\"column-4\">\u0428\u0418\u0420\u0418\u041d\u0410 \u0425 \u0414\u041b\u0418\u041d\u0410<\/th><th class=\"column-5\">\u041f\u041e\u0422\u041e\u041a (m3\/h)<\/th><th class=\"column-6\">\u041f\u041e\u0422\u041e\u041a (L\/dak)<\/th>\n<\/tr>\n<\/thead>\n<tbody class=\"row-striping row-hover\">\n<tr class=\"row-2\">\n\t<td rowspan=\"5\" class=\"column-1\">CNS530<br \/>\n<br \/>\n<img decoding=\"async\" src=\"https:\/\/www.poelsan.com\/wp-content\/uploads\/2024\/06\/CNS530.png\" alt=\"\" width=\"40\" height=\"10\" class=\"alignnone size-full wp-image-20654\" \/><\/td><td class=\"column-2\">1,0<\/td><td class=\"column-3\">100<\/td><td class=\"column-4\">1,2 x 8,5<\/td><td class=\"column-5\">0,21<\/td><td class=\"column-6\">3,5<\/td>\n<\/tr>\n<tr class=\"row-3\">\n\t<td class=\"column-2\">1,5<\/td><td class=\"column-3\">150<\/td><td class=\"column-4\">1,2 x 9,0<\/td><td class=\"column-5\">0,25<\/td><td class=\"column-6\">4,2<\/td>\n<\/tr>\n<tr class=\"row-4\">\n\t<td class=\"column-2\">2,1<\/td><td class=\"column-3\">210<\/td><td class=\"column-4\">1,5 x 9,1<\/td><td class=\"column-5\">0,30<\/td><td class=\"column-6\">5,0<\/td>\n<\/tr>\n<tr class=\"row-5\">\n\t<td class=\"column-2\">2,5<\/td><td class=\"column-3\">250<\/td><td class=\"column-4\">1,5 x 9,1<\/td><td class=\"column-5\">0,33<\/td><td class=\"column-6\">5,5<\/td>\n<\/tr>\n<tr class=\"row-6\">\n\t<td class=\"column-2\">3,0<\/td><td class=\"column-3\">300<\/td><td class=\"column-4\">1,5 x 9,1<\/td><td class=\"column-5\">0,34<\/td><td class=\"column-6\">5,7<\/td>\n<\/tr>\n<\/tbody>\n<\/table>\n<!-- #tablepress-1045 from cache -->\n","protected":false},"excerpt":{"rendered":"<div class=\"product-detail-infos\">\n<h2>\u0420\u0435\u043a\u043e\u043c\u0435\u043d\u0434\u0443\u0435\u043c\u043e\u0435 \u0440\u0430\u0431\u043e\u0447\u0435\u0435 \u0434\u0430\u0432\u043b\u0435\u043d\u0438\u0435<\/h2>\n<ul>\n<li>2.1 \u0431\u0430\u0440<\/li>\n<\/ul>\n<\/div>\n","protected":false},"featured_media":26201,"comment_status":"closed","ping_status":"closed","template":"","meta":{"_acf_changed":false},"product_cat":[6878,6882,6884],"product_tag":[],"class_list":{"0":"post-26922","1":"product","2":"type-product","3":"status-publish","4":"has-post-thumbnail","6":"product_cat-poelsanarc-ru","7":"product_cat-6882","8":"product_cat-6884","10":"first","11":"instock","12":"product-type-simple"},"acf":[],"yoast_head":"<!-- This site is optimized with the Yoast SEO plugin v25.9 - https:\/\/yoast.com\/wordpress\/plugins\/seo\/ -->\n<title>\u0421\u043e\u043f\u043b\u043e \u043f\u043e\u043b\u043e\u0441\u043e\u0432\u043e\u0433\u043e \u0442\u0438\u043f\u0430 (\u0426\u0435\u043d\u0442\u0440\u0430\u043b\u044c\u043d\u043e\u0435) - Poelsan<\/title>\n<meta name=\"description\" content=\"Poelsan \u0421\u043e\u043f\u043b\u043e \u043f\u043e\u043b\u043e\u0441\u043e\u0432\u043e\u0433\u043e \u0442\u0438\u043f\u0430 (\u0426\u0435\u043d\u0442\u0440\u0430\u043b\u044c\u043d\u043e\u0435) \u00dcr\u00fcn\u00fcm\u00fcz ve Daha Fazla Sulama Ekipmanlar\u0131m\u0131z\u0131 Hemen Ke\u015ffedin.\" \/>\n<meta name=\"robots\" content=\"index, follow, max-snippet:-1, max-image-preview:large, max-video-preview:-1\" \/>\n<link rel=\"canonical\" href=\"https:\/\/www.poelsan.com\/ru\/urun\/%d1%81%d0%be%d0%bf%d0%bb%d0%be-%d0%bf%d0%be%d0%bb%d0%be%d1%81%d0%be%d0%b2%d0%be%d0%b3%d0%be-%d1%82%d0%b8%d0%bf%d0%b0-%d1%86%d0%b5%d0%bd%d1%82%d1%80%d0%b0%d0%bb%d1%8c%d0%bd%d0%be%d0%b5-2\/\" \/>\n<meta property=\"og:locale\" content=\"ru_RU\" \/>\n<meta property=\"og:type\" content=\"article\" \/>\n<meta property=\"og:title\" content=\"\u0421\u043e\u043f\u043b\u043e \u043f\u043e\u043b\u043e\u0441\u043e\u0432\u043e\u0433\u043e \u0442\u0438\u043f\u0430 (\u0426\u0435\u043d\u0442\u0440\u0430\u043b\u044c\u043d\u043e\u0435) - Poelsan\" \/>\n<meta property=\"og:description\" content=\"Poelsan \u0421\u043e\u043f\u043b\u043e \u043f\u043e\u043b\u043e\u0441\u043e\u0432\u043e\u0433\u043e \u0442\u0438\u043f\u0430 (\u0426\u0435\u043d\u0442\u0440\u0430\u043b\u044c\u043d\u043e\u0435) \u00dcr\u00fcn\u00fcm\u00fcz ve Daha Fazla Sulama Ekipmanlar\u0131m\u0131z\u0131 Hemen Ke\u015ffedin.\" \/>\n<meta property=\"og:url\" content=\"https:\/\/www.poelsan.com\/ru\/urun\/%d1%81%d0%be%d0%bf%d0%bb%d0%be-%d0%bf%d0%be%d0%bb%d0%be%d1%81%d0%be%d0%b2%d0%be%d0%b3%d0%be-%d1%82%d0%b8%d0%bf%d0%b0-%d1%86%d0%b5%d0%bd%d1%82%d1%80%d0%b0%d0%bb%d1%8c%d0%bd%d0%be%d0%b5-2\/\" \/>\n<meta property=\"og:site_name\" content=\"Poelsan\" \/>\n<meta property=\"article:publisher\" content=\"https:\/\/www.facebook.com\/poelsanplastik\/\" \/>\n<meta property=\"article:modified_time\" content=\"2025-10-08T11:43:29+00:00\" \/>\n<meta property=\"og:image\" content=\"https:\/\/www.poelsan.com\/wp-content\/uploads\/2024\/06\/serit_nozul_cns530.png\" \/>\n\t<meta property=\"og:image:width\" content=\"600\" \/>\n\t<meta property=\"og:image:height\" content=\"350\" \/>\n\t<meta property=\"og:image:type\" content=\"image\/png\" \/>\n<meta name=\"twitter:card\" content=\"summary_large_image\" \/>\n<meta name=\"twitter:label1\" content=\"Est. reading time\" \/>\n\t<meta name=\"twitter:data1\" content=\"1 \u043c\u0438\u043d\u0443\u0442\u0430\" \/>\n<script type=\"application\/ld+json\" class=\"yoast-schema-graph\">{\"@context\":\"https:\/\/schema.org\",\"@graph\":[{\"@type\":\"WebPage\",\"@id\":\"https:\/\/www.poelsan.com\/ru\/urun\/%d1%81%d0%be%d0%bf%d0%bb%d0%be-%d0%bf%d0%be%d0%bb%d0%be%d1%81%d0%be%d0%b2%d0%be%d0%b3%d0%be-%d1%82%d0%b8%d0%bf%d0%b0-%d1%86%d0%b5%d0%bd%d1%82%d1%80%d0%b0%d0%bb%d1%8c%d0%bd%d0%be%d0%b5-2\/\",\"url\":\"https:\/\/www.poelsan.com\/ru\/urun\/%d1%81%d0%be%d0%bf%d0%bb%d0%be-%d0%bf%d0%be%d0%bb%d0%be%d1%81%d0%be%d0%b2%d0%be%d0%b3%d0%be-%d1%82%d0%b8%d0%bf%d0%b0-%d1%86%d0%b5%d0%bd%d1%82%d1%80%d0%b0%d0%bb%d1%8c%d0%bd%d0%be%d0%b5-2\/\",\"name\":\"\u0421\u043e\u043f\u043b\u043e \u043f\u043e\u043b\u043e\u0441\u043e\u0432\u043e\u0433\u043e \u0442\u0438\u043f\u0430 (\u0426\u0435\u043d\u0442\u0440\u0430\u043b\u044c\u043d\u043e\u0435) - Poelsan\",\"isPartOf\":{\"@id\":\"https:\/\/www.poelsan.com\/ru\/#website\"},\"primaryImageOfPage\":{\"@id\":\"https:\/\/www.poelsan.com\/ru\/urun\/%d1%81%d0%be%d0%bf%d0%bb%d0%be-%d0%bf%d0%be%d0%bb%d0%be%d1%81%d0%be%d0%b2%d0%be%d0%b3%d0%be-%d1%82%d0%b8%d0%bf%d0%b0-%d1%86%d0%b5%d0%bd%d1%82%d1%80%d0%b0%d0%bb%d1%8c%d0%bd%d0%be%d0%b5-2\/#primaryimage\"},\"image\":{\"@id\":\"https:\/\/www.poelsan.com\/ru\/urun\/%d1%81%d0%be%d0%bf%d0%bb%d0%be-%d0%bf%d0%be%d0%bb%d0%be%d1%81%d0%be%d0%b2%d0%be%d0%b3%d0%be-%d1%82%d0%b8%d0%bf%d0%b0-%d1%86%d0%b5%d0%bd%d1%82%d1%80%d0%b0%d0%bb%d1%8c%d0%bd%d0%be%d0%b5-2\/#primaryimage\"},\"thumbnailUrl\":\"https:\/\/www.poelsan.com\/wp-content\/uploads\/2024\/06\/serit_nozul_cns530.png\",\"datePublished\":\"2024-06-24T12:50:18+00:00\",\"dateModified\":\"2025-10-08T11:43:29+00:00\",\"description\":\"Poelsan \u0421\u043e\u043f\u043b\u043e \u043f\u043e\u043b\u043e\u0441\u043e\u0432\u043e\u0433\u043e \u0442\u0438\u043f\u0430 (\u0426\u0435\u043d\u0442\u0440\u0430\u043b\u044c\u043d\u043e\u0435) \u00dcr\u00fcn\u00fcm\u00fcz ve Daha Fazla Sulama Ekipmanlar\u0131m\u0131z\u0131 Hemen Ke\u015ffedin.\",\"breadcrumb\":{\"@id\":\"https:\/\/www.poelsan.com\/ru\/urun\/%d1%81%d0%be%d0%bf%d0%bb%d0%be-%d0%bf%d0%be%d0%bb%d0%be%d1%81%d0%be%d0%b2%d0%be%d0%b3%d0%be-%d1%82%d0%b8%d0%bf%d0%b0-%d1%86%d0%b5%d0%bd%d1%82%d1%80%d0%b0%d0%bb%d1%8c%d0%bd%d0%be%d0%b5-2\/#breadcrumb\"},\"inLanguage\":\"ru-RU\",\"potentialAction\":[{\"@type\":\"ReadAction\",\"target\":[\"https:\/\/www.poelsan.com\/ru\/urun\/%d1%81%d0%be%d0%bf%d0%bb%d0%be-%d0%bf%d0%be%d0%bb%d0%be%d1%81%d0%be%d0%b2%d0%be%d0%b3%d0%be-%d1%82%d0%b8%d0%bf%d0%b0-%d1%86%d0%b5%d0%bd%d1%82%d1%80%d0%b0%d0%bb%d1%8c%d0%bd%d0%be%d0%b5-2\/\"]}]},{\"@type\":\"ImageObject\",\"inLanguage\":\"ru-RU\",\"@id\":\"https:\/\/www.poelsan.com\/ru\/urun\/%d1%81%d0%be%d0%bf%d0%bb%d0%be-%d0%bf%d0%be%d0%bb%d0%be%d1%81%d0%be%d0%b2%d0%be%d0%b3%d0%be-%d1%82%d0%b8%d0%bf%d0%b0-%d1%86%d0%b5%d0%bd%d1%82%d1%80%d0%b0%d0%bb%d1%8c%d0%bd%d0%be%d0%b5-2\/#primaryimage\",\"url\":\"https:\/\/www.poelsan.com\/wp-content\/uploads\/2024\/06\/serit_nozul_cns530.png\",\"contentUrl\":\"https:\/\/www.poelsan.com\/wp-content\/uploads\/2024\/06\/serit_nozul_cns530.png\",\"width\":600,\"height\":350},{\"@type\":\"BreadcrumbList\",\"@id\":\"https:\/\/www.poelsan.com\/ru\/urun\/%d1%81%d0%be%d0%bf%d0%bb%d0%be-%d0%bf%d0%be%d0%bb%d0%be%d1%81%d0%be%d0%b2%d0%be%d0%b3%d0%be-%d1%82%d0%b8%d0%bf%d0%b0-%d1%86%d0%b5%d0%bd%d1%82%d1%80%d0%b0%d0%bb%d1%8c%d0%bd%d0%be%d0%b5-2\/#breadcrumb\",\"itemListElement\":[{\"@type\":\"ListItem\",\"position\":1,\"name\":\"Home\",\"item\":\"https:\/\/www.poelsan.com\/ru\/\"},{\"@type\":\"ListItem\",\"position\":2,\"name\":\"\u0422\u043e\u0432\u0430\u0440\u044b\",\"item\":\"https:\/\/www.poelsan.com\/ru\/shop\/\"},{\"@type\":\"ListItem\",\"position\":3,\"name\":\"\u0421\u043e\u043f\u043b\u043e \u043f\u043e\u043b\u043e\u0441\u043e\u0432\u043e\u0433\u043e \u0442\u0438\u043f\u0430 (\u0426\u0435\u043d\u0442\u0440\u0430\u043b\u044c\u043d\u043e\u0435)\"}]},{\"@type\":\"WebSite\",\"@id\":\"https:\/\/www.poelsan.com\/ru\/#website\",\"url\":\"https:\/\/www.poelsan.com\/ru\/\",\"name\":\"Poelsan: Sekt\u00f6r\u00fcnde D\u00fcnya Markas\u0131\",\"description\":\"Sekt\u00f6r\u00fcnde D\u00fcnya Markas\u0131\",\"publisher\":{\"@id\":\"https:\/\/www.poelsan.com\/ru\/#organization\"},\"potentialAction\":[{\"@type\":\"SearchAction\",\"target\":{\"@type\":\"EntryPoint\",\"urlTemplate\":\"https:\/\/www.poelsan.com\/ru\/?s={search_term_string}\"},\"query-input\":{\"@type\":\"PropertyValueSpecification\",\"valueRequired\":true,\"valueName\":\"search_term_string\"}}],\"inLanguage\":\"ru-RU\"},{\"@type\":\"Organization\",\"@id\":\"https:\/\/www.poelsan.com\/ru\/#organization\",\"name\":\"Poelsan: Sekt\u00f6r\u00fcnde D\u00fcnya Markas\u0131\",\"url\":\"https:\/\/www.poelsan.com\/ru\/\",\"logo\":{\"@type\":\"ImageObject\",\"inLanguage\":\"ru-RU\",\"@id\":\"https:\/\/www.poelsan.com\/ru\/#\/schema\/logo\/image\/\",\"url\":\"https:\/\/www.poelsan.com\/wp-content\/uploads\/2025\/09\/poelsan.png\",\"contentUrl\":\"https:\/\/www.poelsan.com\/wp-content\/uploads\/2025\/09\/poelsan.png\",\"width\":1200,\"height\":675,\"caption\":\"Poelsan: Sekt\u00f6r\u00fcnde D\u00fcnya Markas\u0131\"},\"image\":{\"@id\":\"https:\/\/www.poelsan.com\/ru\/#\/schema\/logo\/image\/\"},\"sameAs\":[\"https:\/\/www.facebook.com\/poelsanplastik\/\",\"https:\/\/www.instagram.com\/explore\/locations\/541106002887674\/poelsan-plastik-san-ve-tic-as\/\"]}]}<\/script>\n<!-- \/ Yoast SEO plugin. -->","yoast_head_json":{"title":"\u0421\u043e\u043f\u043b\u043e \u043f\u043e\u043b\u043e\u0441\u043e\u0432\u043e\u0433\u043e \u0442\u0438\u043f\u0430 (\u0426\u0435\u043d\u0442\u0440\u0430\u043b\u044c\u043d\u043e\u0435) - Poelsan","description":"Poelsan \u0421\u043e\u043f\u043b\u043e \u043f\u043e\u043b\u043e\u0441\u043e\u0432\u043e\u0433\u043e \u0442\u0438\u043f\u0430 (\u0426\u0435\u043d\u0442\u0440\u0430\u043b\u044c\u043d\u043e\u0435) \u00dcr\u00fcn\u00fcm\u00fcz ve Daha Fazla Sulama Ekipmanlar\u0131m\u0131z\u0131 Hemen Ke\u015ffedin.","robots":{"index":"index","follow":"follow","max-snippet":"max-snippet:-1","max-image-preview":"max-image-preview:large","max-video-preview":"max-video-preview:-1"},"canonical":"https:\/\/www.poelsan.com\/ru\/urun\/%d1%81%d0%be%d0%bf%d0%bb%d0%be-%d0%bf%d0%be%d0%bb%d0%be%d1%81%d0%be%d0%b2%d0%be%d0%b3%d0%be-%d1%82%d0%b8%d0%bf%d0%b0-%d1%86%d0%b5%d0%bd%d1%82%d1%80%d0%b0%d0%bb%d1%8c%d0%bd%d0%be%d0%b5-2\/","og_locale":"ru_RU","og_type":"article","og_title":"\u0421\u043e\u043f\u043b\u043e \u043f\u043e\u043b\u043e\u0441\u043e\u0432\u043e\u0433\u043e \u0442\u0438\u043f\u0430 (\u0426\u0435\u043d\u0442\u0440\u0430\u043b\u044c\u043d\u043e\u0435) - Poelsan","og_description":"Poelsan \u0421\u043e\u043f\u043b\u043e \u043f\u043e\u043b\u043e\u0441\u043e\u0432\u043e\u0433\u043e \u0442\u0438\u043f\u0430 (\u0426\u0435\u043d\u0442\u0440\u0430\u043b\u044c\u043d\u043e\u0435) \u00dcr\u00fcn\u00fcm\u00fcz ve Daha Fazla Sulama Ekipmanlar\u0131m\u0131z\u0131 Hemen Ke\u015ffedin.","og_url":"https:\/\/www.poelsan.com\/ru\/urun\/%d1%81%d0%be%d0%bf%d0%bb%d0%be-%d0%bf%d0%be%d0%bb%d0%be%d1%81%d0%be%d0%b2%d0%be%d0%b3%d0%be-%d1%82%d0%b8%d0%bf%d0%b0-%d1%86%d0%b5%d0%bd%d1%82%d1%80%d0%b0%d0%bb%d1%8c%d0%bd%d0%be%d0%b5-2\/","og_site_name":"Poelsan","article_publisher":"https:\/\/www.facebook.com\/poelsanplastik\/","article_modified_time":"2025-10-08T11:43:29+00:00","og_image":[{"width":600,"height":350,"url":"https:\/\/www.poelsan.com\/wp-content\/uploads\/2024\/06\/serit_nozul_cns530.png","type":"image\/png"}],"twitter_card":"summary_large_image","twitter_misc":{"Est. reading time":"1 \u043c\u0438\u043d\u0443\u0442\u0430"},"schema":{"@context":"https:\/\/schema.org","@graph":[{"@type":"WebPage","@id":"https:\/\/www.poelsan.com\/ru\/urun\/%d1%81%d0%be%d0%bf%d0%bb%d0%be-%d0%bf%d0%be%d0%bb%d0%be%d1%81%d0%be%d0%b2%d0%be%d0%b3%d0%be-%d1%82%d0%b8%d0%bf%d0%b0-%d1%86%d0%b5%d0%bd%d1%82%d1%80%d0%b0%d0%bb%d1%8c%d0%bd%d0%be%d0%b5-2\/","url":"https:\/\/www.poelsan.com\/ru\/urun\/%d1%81%d0%be%d0%bf%d0%bb%d0%be-%d0%bf%d0%be%d0%bb%d0%be%d1%81%d0%be%d0%b2%d0%be%d0%b3%d0%be-%d1%82%d0%b8%d0%bf%d0%b0-%d1%86%d0%b5%d0%bd%d1%82%d1%80%d0%b0%d0%bb%d1%8c%d0%bd%d0%be%d0%b5-2\/","name":"\u0421\u043e\u043f\u043b\u043e \u043f\u043e\u043b\u043e\u0441\u043e\u0432\u043e\u0433\u043e \u0442\u0438\u043f\u0430 (\u0426\u0435\u043d\u0442\u0440\u0430\u043b\u044c\u043d\u043e\u0435) - Poelsan","isPartOf":{"@id":"https:\/\/www.poelsan.com\/ru\/#website"},"primaryImageOfPage":{"@id":"https:\/\/www.poelsan.com\/ru\/urun\/%d1%81%d0%be%d0%bf%d0%bb%d0%be-%d0%bf%d0%be%d0%bb%d0%be%d1%81%d0%be%d0%b2%d0%be%d0%b3%d0%be-%d1%82%d0%b8%d0%bf%d0%b0-%d1%86%d0%b5%d0%bd%d1%82%d1%80%d0%b0%d0%bb%d1%8c%d0%bd%d0%be%d0%b5-2\/#primaryimage"},"image":{"@id":"https:\/\/www.poelsan.com\/ru\/urun\/%d1%81%d0%be%d0%bf%d0%bb%d0%be-%d0%bf%d0%be%d0%bb%d0%be%d1%81%d0%be%d0%b2%d0%be%d0%b3%d0%be-%d1%82%d0%b8%d0%bf%d0%b0-%d1%86%d0%b5%d0%bd%d1%82%d1%80%d0%b0%d0%bb%d1%8c%d0%bd%d0%be%d0%b5-2\/#primaryimage"},"thumbnailUrl":"https:\/\/www.poelsan.com\/wp-content\/uploads\/2024\/06\/serit_nozul_cns530.png","datePublished":"2024-06-24T12:50:18+00:00","dateModified":"2025-10-08T11:43:29+00:00","description":"Poelsan \u0421\u043e\u043f\u043b\u043e \u043f\u043e\u043b\u043e\u0441\u043e\u0432\u043e\u0433\u043e \u0442\u0438\u043f\u0430 (\u0426\u0435\u043d\u0442\u0440\u0430\u043b\u044c\u043d\u043e\u0435) \u00dcr\u00fcn\u00fcm\u00fcz ve Daha Fazla Sulama Ekipmanlar\u0131m\u0131z\u0131 Hemen Ke\u015ffedin.","breadcrumb":{"@id":"https:\/\/www.poelsan.com\/ru\/urun\/%d1%81%d0%be%d0%bf%d0%bb%d0%be-%d0%bf%d0%be%d0%bb%d0%be%d1%81%d0%be%d0%b2%d0%be%d0%b3%d0%be-%d1%82%d0%b8%d0%bf%d0%b0-%d1%86%d0%b5%d0%bd%d1%82%d1%80%d0%b0%d0%bb%d1%8c%d0%bd%d0%be%d0%b5-2\/#breadcrumb"},"inLanguage":"ru-RU","potentialAction":[{"@type":"ReadAction","target":["https:\/\/www.poelsan.com\/ru\/urun\/%d1%81%d0%be%d0%bf%d0%bb%d0%be-%d0%bf%d0%be%d0%bb%d0%be%d1%81%d0%be%d0%b2%d0%be%d0%b3%d0%be-%d1%82%d0%b8%d0%bf%d0%b0-%d1%86%d0%b5%d0%bd%d1%82%d1%80%d0%b0%d0%bb%d1%8c%d0%bd%d0%be%d0%b5-2\/"]}]},{"@type":"ImageObject","inLanguage":"ru-RU","@id":"https:\/\/www.poelsan.com\/ru\/urun\/%d1%81%d0%be%d0%bf%d0%bb%d0%be-%d0%bf%d0%be%d0%bb%d0%be%d1%81%d0%be%d0%b2%d0%be%d0%b3%d0%be-%d1%82%d0%b8%d0%bf%d0%b0-%d1%86%d0%b5%d0%bd%d1%82%d1%80%d0%b0%d0%bb%d1%8c%d0%bd%d0%be%d0%b5-2\/#primaryimage","url":"https:\/\/www.poelsan.com\/wp-content\/uploads\/2024\/06\/serit_nozul_cns530.png","contentUrl":"https:\/\/www.poelsan.com\/wp-content\/uploads\/2024\/06\/serit_nozul_cns530.png","width":600,"height":350},{"@type":"BreadcrumbList","@id":"https:\/\/www.poelsan.com\/ru\/urun\/%d1%81%d0%be%d0%bf%d0%bb%d0%be-%d0%bf%d0%be%d0%bb%d0%be%d1%81%d0%be%d0%b2%d0%be%d0%b3%d0%be-%d1%82%d0%b8%d0%bf%d0%b0-%d1%86%d0%b5%d0%bd%d1%82%d1%80%d0%b0%d0%bb%d1%8c%d0%bd%d0%be%d0%b5-2\/#breadcrumb","itemListElement":[{"@type":"ListItem","position":1,"name":"Home","item":"https:\/\/www.poelsan.com\/ru\/"},{"@type":"ListItem","position":2,"name":"\u0422\u043e\u0432\u0430\u0440\u044b","item":"https:\/\/www.poelsan.com\/ru\/shop\/"},{"@type":"ListItem","position":3,"name":"\u0421\u043e\u043f\u043b\u043e \u043f\u043e\u043b\u043e\u0441\u043e\u0432\u043e\u0433\u043e \u0442\u0438\u043f\u0430 (\u0426\u0435\u043d\u0442\u0440\u0430\u043b\u044c\u043d\u043e\u0435)"}]},{"@type":"WebSite","@id":"https:\/\/www.poelsan.com\/ru\/#website","url":"https:\/\/www.poelsan.com\/ru\/","name":"Poelsan: Sekt\u00f6r\u00fcnde D\u00fcnya Markas\u0131","description":"Sekt\u00f6r\u00fcnde D\u00fcnya Markas\u0131","publisher":{"@id":"https:\/\/www.poelsan.com\/ru\/#organization"},"potentialAction":[{"@type":"SearchAction","target":{"@type":"EntryPoint","urlTemplate":"https:\/\/www.poelsan.com\/ru\/?s={search_term_string}"},"query-input":{"@type":"PropertyValueSpecification","valueRequired":true,"valueName":"search_term_string"}}],"inLanguage":"ru-RU"},{"@type":"Organization","@id":"https:\/\/www.poelsan.com\/ru\/#organization","name":"Poelsan: Sekt\u00f6r\u00fcnde D\u00fcnya Markas\u0131","url":"https:\/\/www.poelsan.com\/ru\/","logo":{"@type":"ImageObject","inLanguage":"ru-RU","@id":"https:\/\/www.poelsan.com\/ru\/#\/schema\/logo\/image\/","url":"https:\/\/www.poelsan.com\/wp-content\/uploads\/2025\/09\/poelsan.png","contentUrl":"https:\/\/www.poelsan.com\/wp-content\/uploads\/2025\/09\/poelsan.png","width":1200,"height":675,"caption":"Poelsan: Sekt\u00f6r\u00fcnde D\u00fcnya Markas\u0131"},"image":{"@id":"https:\/\/www.poelsan.com\/ru\/#\/schema\/logo\/image\/"},"sameAs":["https:\/\/www.facebook.com\/poelsanplastik\/","https:\/\/www.instagram.com\/explore\/locations\/541106002887674\/poelsan-plastik-san-ve-tic-as\/"]}]}},"_links":{"self":[{"href":"https:\/\/www.poelsan.com\/ru\/wp-json\/wp\/v2\/product\/26922","targetHints":{"allow":["GET"]}}],"collection":[{"href":"https:\/\/www.poelsan.com\/ru\/wp-json\/wp\/v2\/product"}],"about":[{"href":"https:\/\/www.poelsan.com\/ru\/wp-json\/wp\/v2\/types\/product"}],"replies":[{"embeddable":true,"href":"https:\/\/www.poelsan.com\/ru\/wp-json\/wp\/v2\/comments?post=26922"}],"wp:featuredmedia":[{"embeddable":true,"href":"https:\/\/www.poelsan.com\/ru\/wp-json\/wp\/v2\/media\/26201"}],"wp:attachment":[{"href":"https:\/\/www.poelsan.com\/ru\/wp-json\/wp\/v2\/media?parent=26922"}],"wp:term":[{"taxonomy":"product_cat","embeddable":true,"href":"https:\/\/www.poelsan.com\/ru\/wp-json\/wp\/v2\/product_cat?post=26922"},{"taxonomy":"product_tag","embeddable":true,"href":"https:\/\/www.poelsan.com\/ru\/wp-json\/wp\/v2\/product_tag?post=26922"}],"curies":[{"name":"wp","href":"https:\/\/api.w.org\/{rel}","templated":true}]}}