{"id":26915,"date":"2024-06-24T15:55:36","date_gmt":"2024-06-24T12:55:36","guid":{"rendered":"https:\/\/www.poelsan.com\/urun\/%d0%b1%d0%be%d1%80%d0%b4%d0%be%d0%b2%d1%8b%d0%b9-aa6\/"},"modified":"2025-10-03T09:25:21","modified_gmt":"2025-10-03T06:25:21","slug":"%d0%b1%d0%be%d1%80%d0%b4%d0%be%d0%b2%d1%8b%d0%b9-aa6","status":"publish","type":"product","link":"https:\/\/www.poelsan.com\/ru\/urun\/%d0%b1%d0%be%d1%80%d0%b4%d0%be%d0%b2%d1%8b%d0%b9-aa6\/","title":{"rendered":"\u0411\u043e\u0440\u0434\u043e\u0432\u044b\u0439 AA6"},"content":{"rendered":"\n<table id=\"tablepress-1028\" class=\"tablepress tablepress-id-1028\">\n<thead>\n<tr class=\"row-1\">\n\t<th class=\"column-1\">\u041a\u041e\u0414<\/th><th class=\"column-2\">\u0426\u0412\u0415\u0422 \u0421\u041e\u041f\u041b\u0410<\/th><th class=\"column-3\">\u041c\u041e\u0414\u0415\u041b\u042c<\/th><th class=\"column-4\">\u0420\u0410\u0414\u0418\u0423\u0421 \u041f\u041e\u041b\u0418\u0412\u0410 (m)<\/th><th class=\"column-5\">\u041a\u041e\u041b\u0418\u0427\u0415\u0421\u0422\u0412\u041e \u0423\u041f\u0410\u041a\u041e\u0412\u041e\u041a<\/th><th class=\"column-6\">\u041a\u041e\u041b\u0418\u0427\u0415\u0421\u0422\u0412\u041e \u041a\u041e\u0420\u041e\u0411\u041e\u041a<\/th>\n<\/tr>\n<\/thead>\n<tbody class=\"row-striping row-hover\">\n<tr class=\"row-2\">\n\t<td class=\"column-1\">AAN6<\/td><td class=\"column-2\">\u0411\u043e\u0440\u0434\u043e\u0432\u044b\u0439<\/td><td class=\"column-3\">0\u00b0 - 360\u00b0<\/td><td class=\"column-4\">1.8<\/td><td class=\"column-5\">25<\/td><td class=\"column-6\">250<\/td>\n<\/tr>\n<\/tbody>\n<\/table>\n<!-- #tablepress-1028 from cache -->\n\n<table id=\"tablepress-1029\" class=\"tablepress tablepress-id-1029 tbody-has-connected-cells\">\n<thead>\n<tr class=\"row-1\">\n\t<th class=\"column-1\">\u0423\u0433\u043e\u043b<\/th><th class=\"column-2\">\u0414\u0430\u0432\u043b\u0435\u043d\u0438\u0435 (\u0411\u0430\u0440)<\/th><th class=\"column-3\">\u0420\u0430\u0434\u0438\u0443\u0441 \u043f\u043e\u043b\u0438\u0432\u0430 (m)<\/th><th class=\"column-4\">\u0420\u0430\u0441\u0445\u043e\u0434 (m3\/h)<\/th><th class=\"column-5\">\u0420\u0430\u0441\u0445\u043e\u0434 (L\/dak)<\/th><th class=\"column-6\">\u0421\u041f\u0420\u0418\u041d\u041a\u041b\u0415\u0420 (mm\/h)<\/th><th class=\"column-7\">\u0421\u041f\u0420\u0418\u041d\u041a\u041b\u0415\u0420 (mm\/h)<\/th>\n<\/tr>\n<\/thead>\n<tbody class=\"row-striping row-hover\">\n<tr class=\"row-2\">\n\t<td rowspan=\"5\" class=\"column-1\"><img decoding=\"async\" src=\"https:\/\/www.poelsan.com\/wp-content\/uploads\/2024\/06\/45derece-e1719472391919.png\" alt=\"\" width=\"100\" height=\"114\" class=\"alignnone size-full wp-image-20619\" \/><\/td><td class=\"column-2\">1,0<\/td><td class=\"column-3\">1,5<\/td><td class=\"column-4\">0,03<\/td><td class=\"column-5\">0,54<\/td><td class=\"column-6\">117<\/td><td class=\"column-7\">136<\/td>\n<\/tr>\n<tr class=\"row-3\">\n\t<td class=\"column-2\">1,5<\/td><td class=\"column-3\">1,6<\/td><td class=\"column-4\">0,04<\/td><td class=\"column-5\">0,60<\/td><td class=\"column-6\">108<\/td><td class=\"column-7\">124<\/td>\n<\/tr>\n<tr class=\"row-4\">\n\t<td class=\"column-2\">2,1<\/td><td class=\"column-3\">1,8<\/td><td class=\"column-4\">0,04<\/td><td class=\"column-5\">0,65<\/td><td class=\"column-6\">98<\/td><td class=\"column-7\">114<\/td>\n<\/tr>\n<tr class=\"row-5\">\n\t<td class=\"column-2\">2,5<\/td><td class=\"column-3\">1,9<\/td><td class=\"column-4\">0,04<\/td><td class=\"column-5\">0,70<\/td><td class=\"column-6\">92<\/td><td class=\"column-7\">106<\/td>\n<\/tr>\n<tr class=\"row-6\">\n\t<td class=\"column-2\">3,0<\/td><td class=\"column-3\">2,1<\/td><td class=\"column-4\">0,05<\/td><td class=\"column-5\">0,75<\/td><td class=\"column-6\">86<\/td><td class=\"column-7\">99<\/td>\n<\/tr>\n<tr class=\"row-7\">\n\t<td rowspan=\"5\" class=\"column-1\"><img decoding=\"async\" src=\"https:\/\/www.poelsan.com\/wp-content\/uploads\/2024\/06\/90derece-e1719472412600.png\" alt=\"\" width=\"100\" height=\"100\" class=\"alignnone size-full wp-image-20617\" \/><\/td><td class=\"column-2\">1,0<\/td><td class=\"column-3\">1,5<\/td><td class=\"column-4\">0,06<\/td><td class=\"column-5\">1,08<\/td><td class=\"column-6\">116<\/td><td class=\"column-7\">134<\/td>\n<\/tr>\n<tr class=\"row-8\">\n\t<td class=\"column-2\">1,5<\/td><td class=\"column-3\">1,6<\/td><td class=\"column-4\">0,07<\/td><td class=\"column-5\">1,21<\/td><td class=\"column-6\">109<\/td><td class=\"column-7\">126<\/td>\n<\/tr>\n<tr class=\"row-9\">\n\t<td class=\"column-2\">2,1<\/td><td class=\"column-3\">1,8<\/td><td class=\"column-4\">0,08<\/td><td class=\"column-5\">1,35<\/td><td class=\"column-6\">102<\/td><td class=\"column-7\">118<\/td>\n<\/tr>\n<tr class=\"row-10\">\n\t<td class=\"column-2\">2,5<\/td><td class=\"column-3\">1,9<\/td><td class=\"column-4\">0,09<\/td><td class=\"column-5\">1,47<\/td><td class=\"column-6\">97<\/td><td class=\"column-7\">112<\/td>\n<\/tr>\n<tr class=\"row-11\">\n\t<td class=\"column-2\">3,0<\/td><td class=\"column-3\">2,1<\/td><td class=\"column-4\">0,10<\/td><td class=\"column-5\">1,61<\/td><td class=\"column-6\">92<\/td><td class=\"column-7\">106<\/td>\n<\/tr>\n<tr class=\"row-12\">\n\t<td rowspan=\"5\" class=\"column-1\"><img decoding=\"async\" src=\"https:\/\/www.poelsan.com\/wp-content\/uploads\/2024\/06\/120derece-e1719473304844.png\" alt=\"\" width=\"100\" height=\"100\" class=\"alignnone size-full wp-image-20615\" \/><\/td><td class=\"column-2\">1,0<\/td><td class=\"column-3\">1,5<\/td><td class=\"column-4\">0,08<\/td><td class=\"column-5\">1,26<\/td><td class=\"column-6\">102<\/td><td class=\"column-7\">118<\/td>\n<\/tr>\n<tr class=\"row-13\">\n\t<td class=\"column-2\">1,5<\/td><td class=\"column-3\">1,6<\/td><td class=\"column-4\">0,09<\/td><td class=\"column-5\">1,43<\/td><td class=\"column-6\">97<\/td><td class=\"column-7\">112<\/td>\n<\/tr>\n<tr class=\"row-14\">\n\t<td class=\"column-2\">2,1<\/td><td class=\"column-3\">1,8<\/td><td class=\"column-4\">0,10<\/td><td class=\"column-5\">1,61<\/td><td class=\"column-6\">91<\/td><td class=\"column-7\">105<\/td>\n<\/tr>\n<tr class=\"row-15\">\n\t<td class=\"column-2\">2,5<\/td><td class=\"column-3\">1,9<\/td><td class=\"column-4\">0,11<\/td><td class=\"column-5\">1,76<\/td><td class=\"column-6\">87<\/td><td class=\"column-7\">100<\/td>\n<\/tr>\n<tr class=\"row-16\">\n\t<td class=\"column-2\">3,0<\/td><td class=\"column-3\">2,1<\/td><td class=\"column-4\">0,12<\/td><td class=\"column-5\">1,93<\/td><td class=\"column-6\">82<\/td><td class=\"column-7\">95<\/td>\n<\/tr>\n<tr class=\"row-17\">\n\t<td rowspan=\"5\" class=\"column-1\"><img loading=\"lazy\" decoding=\"async\" src=\"https:\/\/www.poelsan.com\/wp-content\/uploads\/2024\/06\/180derece-e1719473318617.png\" alt=\"\" width=\"100\" height=\"112\" class=\"alignnone size-full wp-image-20613\" \/><\/td><td class=\"column-2\">1,0<\/td><td class=\"column-3\">1,5<\/td><td class=\"column-4\">0,10<\/td><td class=\"column-5\">1,70<\/td><td class=\"column-6\">92<\/td><td class=\"column-7\">106<\/td>\n<\/tr>\n<tr class=\"row-18\">\n\t<td class=\"column-2\">1,5<\/td><td class=\"column-3\">1,6<\/td><td class=\"column-4\">0,12<\/td><td class=\"column-5\">1,96<\/td><td class=\"column-6\">88<\/td><td class=\"column-7\">102<\/td>\n<\/tr>\n<tr class=\"row-19\">\n\t<td class=\"column-2\">2,1<\/td><td class=\"column-3\">1,8<\/td><td class=\"column-4\">0,13<\/td><td class=\"column-5\">2,24<\/td><td class=\"column-6\">84<\/td><td class=\"column-7\">97<\/td>\n<\/tr>\n<tr class=\"row-20\">\n\t<td class=\"column-2\">2,5<\/td><td class=\"column-3\">1,9<\/td><td class=\"column-4\">0,15<\/td><td class=\"column-5\">2,47<\/td><td class=\"column-6\">81<\/td><td class=\"column-7\">94<\/td>\n<\/tr>\n<tr class=\"row-21\">\n\t<td class=\"column-2\">3,0<\/td><td class=\"column-3\">2,1<\/td><td class=\"column-4\">0,16<\/td><td class=\"column-5\">2,72<\/td><td class=\"column-6\">78<\/td><td class=\"column-7\">90<\/td>\n<\/tr>\n<tr class=\"row-22\">\n\t<td rowspan=\"5\" class=\"column-1\"><img loading=\"lazy\" decoding=\"async\" src=\"https:\/\/www.poelsan.com\/wp-content\/uploads\/2024\/06\/240derece-e1719473333610.png\" alt=\"\" width=\"100\" height=\"107\" class=\"alignnone size-full wp-image-20611\" \/><\/td><td class=\"column-2\">1,0<\/td><td class=\"column-3\">1,5<\/td><td class=\"column-4\">0,15<\/td><td class=\"column-5\">2,44<\/td><td class=\"column-6\">99<\/td><td class=\"column-7\">114<\/td>\n<\/tr>\n<tr class=\"row-23\">\n\t<td class=\"column-2\">1,5<\/td><td class=\"column-3\">1,6<\/td><td class=\"column-4\">0,17<\/td><td class=\"column-5\">2,83<\/td><td class=\"column-6\">96<\/td><td class=\"column-7\">111<\/td>\n<\/tr>\n<tr class=\"row-24\">\n\t<td class=\"column-2\">2,1<\/td><td class=\"column-3\">1,8<\/td><td class=\"column-4\">0,20<\/td><td class=\"column-5\">3,28<\/td><td class=\"column-6\">92<\/td><td class=\"column-7\">107<\/td>\n<\/tr>\n<tr class=\"row-25\">\n\t<td class=\"column-2\">2,5<\/td><td class=\"column-3\">1,9<\/td><td class=\"column-4\">0,22<\/td><td class=\"column-5\">3,63<\/td><td class=\"column-6\">89<\/td><td class=\"column-7\">103<\/td>\n<\/tr>\n<tr class=\"row-26\">\n\t<td class=\"column-2\">3,0<\/td><td class=\"column-3\">2,1<\/td><td class=\"column-4\">0,24<\/td><td class=\"column-5\">4,03<\/td><td class=\"column-6\">86<\/td><td class=\"column-7\">99<\/td>\n<\/tr>\n<tr class=\"row-27\">\n\t<td rowspan=\"5\" class=\"column-1\"><img loading=\"lazy\" decoding=\"async\" src=\"https:\/\/www.poelsan.com\/wp-content\/uploads\/2024\/06\/270derece-e1719473350271.png\" alt=\"\" width=\"100\" height=\"101\" class=\"alignnone size-full wp-image-20609\" \/><\/td><td class=\"column-2\">1,0<\/td><td class=\"column-3\">1,5<\/td><td class=\"column-4\">0,18<\/td><td class=\"column-5\">3,08<\/td><td class=\"column-6\">111<\/td><td class=\"column-7\">128<\/td>\n<\/tr>\n<tr class=\"row-28\">\n\t<td class=\"column-2\">1,5<\/td><td class=\"column-3\">1,6<\/td><td class=\"column-4\">0,21<\/td><td class=\"column-5\">3,52<\/td><td class=\"column-6\">106<\/td><td class=\"column-7\">122<\/td>\n<\/tr>\n<tr class=\"row-29\">\n\t<td class=\"column-2\">2,1<\/td><td class=\"column-3\">1,8<\/td><td class=\"column-4\">0,24<\/td><td class=\"column-5\">4,02<\/td><td class=\"column-6\">101<\/td><td class=\"column-7\">116<\/td>\n<\/tr>\n<tr class=\"row-30\">\n\t<td class=\"column-2\">2,5<\/td><td class=\"column-3\">1,9<\/td><td class=\"column-4\">0,27<\/td><td class=\"column-5\">4,42<\/td><td class=\"column-6\">97<\/td><td class=\"column-7\">112<\/td>\n<\/tr>\n<tr class=\"row-31\">\n\t<td class=\"column-2\">3,0<\/td><td class=\"column-3\">2,1<\/td><td class=\"column-4\">0,29<\/td><td class=\"column-5\">4,87<\/td><td class=\"column-6\">92<\/td><td class=\"column-7\">107<\/td>\n<\/tr>\n<tr class=\"row-32\">\n\t<td rowspan=\"5\" class=\"column-1\"><img loading=\"lazy\" decoding=\"async\" src=\"https:\/\/www.poelsan.com\/wp-content\/uploads\/2024\/06\/360derece-e1719472344575.png\" alt=\"\" width=\"100\" height=\"99\" class=\"alignnone size-full wp-image-20607\" \/><\/td><td class=\"column-2\">1,0<\/td><td class=\"column-3\">1,5<\/td><td class=\"column-4\">0,21<\/td><td class=\"column-5\">3,57<\/td><td class=\"column-6\">96<\/td><td class=\"column-7\">111<\/td>\n<\/tr>\n<tr class=\"row-33\">\n\t<td class=\"column-2\">1,5<\/td><td class=\"column-3\">1,6<\/td><td class=\"column-4\">0,24<\/td><td class=\"column-5\">4,07<\/td><td class=\"column-6\">92<\/td><td class=\"column-7\">106<\/td>\n<\/tr>\n<tr class=\"row-34\">\n\t<td class=\"column-2\">2,1<\/td><td class=\"column-3\">1,8<\/td><td class=\"column-4\">0,28<\/td><td class=\"column-5\">4,62<\/td><td class=\"column-6\">87<\/td><td class=\"column-7\">100<\/td>\n<\/tr>\n<tr class=\"row-35\">\n\t<td class=\"column-2\">2,5<\/td><td class=\"column-3\">1,9<\/td><td class=\"column-4\">0,30<\/td><td class=\"column-5\">5,06<\/td><td class=\"column-6\">83<\/td><td class=\"column-7\">96<\/td>\n<\/tr>\n<tr class=\"row-36\">\n\t<td class=\"column-2\">3,0<\/td><td class=\"column-3\">2,1<\/td><td class=\"column-4\">0,33<\/td><td class=\"column-5\">5,56<\/td><td class=\"column-6\">79<\/td><td class=\"column-7\">92<\/td>\n<\/tr>\n<\/tbody>\n<\/table>\n<!-- #tablepress-1029 from cache -->\n","protected":false},"excerpt":{"rendered":"<div class=\"product-detail-infos\">\n<h2>\u0420\u0435\u043a\u043e\u043c\u0435\u043d\u0434\u0443\u0435\u043c\u043e\u0435 \u0440\u0430\u0431\u043e\u0447\u0435\u0435 \u0434\u0430\u0432\u043b\u0435\u043d\u0438\u0435<\/h2>\n<ul>\n<li>2.1 bar; 210 kPa<\/li>\n<\/ul>\n<\/div>\n","protected":false},"featured_media":26916,"comment_status":"closed","ping_status":"closed","template":"","meta":{"_acf_changed":false},"product_cat":[6878,6882,6883],"product_tag":[],"class_list":{"0":"post-26915","1":"product","2":"type-product","3":"status-publish","4":"has-post-thumbnail","6":"product_cat-poelsanarc-ru","7":"product_cat-6882","8":"product_cat---0-360o","10":"first","11":"instock","12":"product-type-simple"},"acf":[],"yoast_head":"<!-- This site is optimized with the Yoast SEO plugin v25.9 - https:\/\/yoast.com\/wordpress\/plugins\/seo\/ -->\n<title>\u0411\u043e\u0440\u0434\u043e\u0432\u044b\u0439 AA6 - Poelsan<\/title>\n<meta name=\"description\" content=\"Poelsan \u0411\u043e\u0440\u0434\u043e\u0432\u044b\u0439 AA6 \u00dcr\u00fcn\u00fcm\u00fcz ve Daha Fazla Sulama Ekipmanlar\u0131m\u0131z\u0131 Hemen Ke\u015ffedin.\" \/>\n<meta name=\"robots\" content=\"index, follow, max-snippet:-1, max-image-preview:large, max-video-preview:-1\" \/>\n<link rel=\"canonical\" href=\"https:\/\/www.poelsan.com\/ru\/urun\/%d0%b1%d0%be%d1%80%d0%b4%d0%be%d0%b2%d1%8b%d0%b9-aa6\/\" \/>\n<meta property=\"og:locale\" content=\"ru_RU\" \/>\n<meta property=\"og:type\" content=\"article\" \/>\n<meta property=\"og:title\" content=\"\u0411\u043e\u0440\u0434\u043e\u0432\u044b\u0439 AA6 - Poelsan\" \/>\n<meta property=\"og:description\" content=\"Poelsan \u0411\u043e\u0440\u0434\u043e\u0432\u044b\u0439 AA6 \u00dcr\u00fcn\u00fcm\u00fcz ve Daha Fazla Sulama Ekipmanlar\u0131m\u0131z\u0131 Hemen Ke\u015ffedin.\" \/>\n<meta property=\"og:url\" content=\"https:\/\/www.poelsan.com\/ru\/urun\/%d0%b1%d0%be%d1%80%d0%b4%d0%be%d0%b2%d1%8b%d0%b9-aa6\/\" \/>\n<meta property=\"og:site_name\" content=\"Poelsan\" \/>\n<meta property=\"article:publisher\" content=\"https:\/\/www.facebook.com\/poelsanplastik\/\" \/>\n<meta property=\"article:modified_time\" content=\"2025-10-03T06:25:21+00:00\" \/>\n<meta property=\"og:image\" content=\"https:\/\/www.poelsan.com\/wp-content\/uploads\/2024\/06\/aa6_nozul_koyu_kirmizi.png\" \/>\n\t<meta property=\"og:image:width\" content=\"600\" \/>\n\t<meta property=\"og:image:height\" content=\"350\" \/>\n\t<meta property=\"og:image:type\" content=\"image\/png\" \/>\n<meta name=\"twitter:card\" content=\"summary_large_image\" \/>\n<meta name=\"twitter:label1\" content=\"Est. reading time\" \/>\n\t<meta name=\"twitter:data1\" content=\"1 \u043c\u0438\u043d\u0443\u0442\u0430\" \/>\n<script type=\"application\/ld+json\" class=\"yoast-schema-graph\">{\"@context\":\"https:\/\/schema.org\",\"@graph\":[{\"@type\":\"WebPage\",\"@id\":\"https:\/\/www.poelsan.com\/ru\/urun\/%d0%b1%d0%be%d1%80%d0%b4%d0%be%d0%b2%d1%8b%d0%b9-aa6\/\",\"url\":\"https:\/\/www.poelsan.com\/ru\/urun\/%d0%b1%d0%be%d1%80%d0%b4%d0%be%d0%b2%d1%8b%d0%b9-aa6\/\",\"name\":\"\u0411\u043e\u0440\u0434\u043e\u0432\u044b\u0439 AA6 - Poelsan\",\"isPartOf\":{\"@id\":\"https:\/\/www.poelsan.com\/ru\/#website\"},\"primaryImageOfPage\":{\"@id\":\"https:\/\/www.poelsan.com\/ru\/urun\/%d0%b1%d0%be%d1%80%d0%b4%d0%be%d0%b2%d1%8b%d0%b9-aa6\/#primaryimage\"},\"image\":{\"@id\":\"https:\/\/www.poelsan.com\/ru\/urun\/%d0%b1%d0%be%d1%80%d0%b4%d0%be%d0%b2%d1%8b%d0%b9-aa6\/#primaryimage\"},\"thumbnailUrl\":\"https:\/\/www.poelsan.com\/wp-content\/uploads\/2024\/06\/aa6_nozul_koyu_kirmizi.png\",\"datePublished\":\"2024-06-24T12:55:36+00:00\",\"dateModified\":\"2025-10-03T06:25:21+00:00\",\"description\":\"Poelsan \u0411\u043e\u0440\u0434\u043e\u0432\u044b\u0439 AA6 \u00dcr\u00fcn\u00fcm\u00fcz ve Daha Fazla Sulama Ekipmanlar\u0131m\u0131z\u0131 Hemen Ke\u015ffedin.\",\"breadcrumb\":{\"@id\":\"https:\/\/www.poelsan.com\/ru\/urun\/%d0%b1%d0%be%d1%80%d0%b4%d0%be%d0%b2%d1%8b%d0%b9-aa6\/#breadcrumb\"},\"inLanguage\":\"ru-RU\",\"potentialAction\":[{\"@type\":\"ReadAction\",\"target\":[\"https:\/\/www.poelsan.com\/ru\/urun\/%d0%b1%d0%be%d1%80%d0%b4%d0%be%d0%b2%d1%8b%d0%b9-aa6\/\"]}]},{\"@type\":\"ImageObject\",\"inLanguage\":\"ru-RU\",\"@id\":\"https:\/\/www.poelsan.com\/ru\/urun\/%d0%b1%d0%be%d1%80%d0%b4%d0%be%d0%b2%d1%8b%d0%b9-aa6\/#primaryimage\",\"url\":\"https:\/\/www.poelsan.com\/wp-content\/uploads\/2024\/06\/aa6_nozul_koyu_kirmizi.png\",\"contentUrl\":\"https:\/\/www.poelsan.com\/wp-content\/uploads\/2024\/06\/aa6_nozul_koyu_kirmizi.png\",\"width\":600,\"height\":350},{\"@type\":\"BreadcrumbList\",\"@id\":\"https:\/\/www.poelsan.com\/ru\/urun\/%d0%b1%d0%be%d1%80%d0%b4%d0%be%d0%b2%d1%8b%d0%b9-aa6\/#breadcrumb\",\"itemListElement\":[{\"@type\":\"ListItem\",\"position\":1,\"name\":\"Home\",\"item\":\"https:\/\/www.poelsan.com\/ru\/\"},{\"@type\":\"ListItem\",\"position\":2,\"name\":\"\u0422\u043e\u0432\u0430\u0440\u044b\",\"item\":\"https:\/\/www.poelsan.com\/ru\/shop\/\"},{\"@type\":\"ListItem\",\"position\":3,\"name\":\"\u0411\u043e\u0440\u0434\u043e\u0432\u044b\u0439 AA6\"}]},{\"@type\":\"WebSite\",\"@id\":\"https:\/\/www.poelsan.com\/ru\/#website\",\"url\":\"https:\/\/www.poelsan.com\/ru\/\",\"name\":\"Poelsan: Sekt\u00f6r\u00fcnde D\u00fcnya Markas\u0131\",\"description\":\"Sekt\u00f6r\u00fcnde D\u00fcnya Markas\u0131\",\"publisher\":{\"@id\":\"https:\/\/www.poelsan.com\/ru\/#organization\"},\"potentialAction\":[{\"@type\":\"SearchAction\",\"target\":{\"@type\":\"EntryPoint\",\"urlTemplate\":\"https:\/\/www.poelsan.com\/ru\/?s={search_term_string}\"},\"query-input\":{\"@type\":\"PropertyValueSpecification\",\"valueRequired\":true,\"valueName\":\"search_term_string\"}}],\"inLanguage\":\"ru-RU\"},{\"@type\":\"Organization\",\"@id\":\"https:\/\/www.poelsan.com\/ru\/#organization\",\"name\":\"Poelsan: Sekt\u00f6r\u00fcnde D\u00fcnya Markas\u0131\",\"url\":\"https:\/\/www.poelsan.com\/ru\/\",\"logo\":{\"@type\":\"ImageObject\",\"inLanguage\":\"ru-RU\",\"@id\":\"https:\/\/www.poelsan.com\/ru\/#\/schema\/logo\/image\/\",\"url\":\"https:\/\/www.poelsan.com\/wp-content\/uploads\/2025\/09\/poelsan.png\",\"contentUrl\":\"https:\/\/www.poelsan.com\/wp-content\/uploads\/2025\/09\/poelsan.png\",\"width\":1200,\"height\":675,\"caption\":\"Poelsan: Sekt\u00f6r\u00fcnde D\u00fcnya Markas\u0131\"},\"image\":{\"@id\":\"https:\/\/www.poelsan.com\/ru\/#\/schema\/logo\/image\/\"},\"sameAs\":[\"https:\/\/www.facebook.com\/poelsanplastik\/\",\"https:\/\/www.instagram.com\/explore\/locations\/541106002887674\/poelsan-plastik-san-ve-tic-as\/\"]}]}<\/script>\n<!-- \/ Yoast SEO plugin. -->","yoast_head_json":{"title":"\u0411\u043e\u0440\u0434\u043e\u0432\u044b\u0439 AA6 - Poelsan","description":"Poelsan \u0411\u043e\u0440\u0434\u043e\u0432\u044b\u0439 AA6 \u00dcr\u00fcn\u00fcm\u00fcz ve Daha Fazla Sulama Ekipmanlar\u0131m\u0131z\u0131 Hemen Ke\u015ffedin.","robots":{"index":"index","follow":"follow","max-snippet":"max-snippet:-1","max-image-preview":"max-image-preview:large","max-video-preview":"max-video-preview:-1"},"canonical":"https:\/\/www.poelsan.com\/ru\/urun\/%d0%b1%d0%be%d1%80%d0%b4%d0%be%d0%b2%d1%8b%d0%b9-aa6\/","og_locale":"ru_RU","og_type":"article","og_title":"\u0411\u043e\u0440\u0434\u043e\u0432\u044b\u0439 AA6 - Poelsan","og_description":"Poelsan \u0411\u043e\u0440\u0434\u043e\u0432\u044b\u0439 AA6 \u00dcr\u00fcn\u00fcm\u00fcz ve Daha Fazla Sulama Ekipmanlar\u0131m\u0131z\u0131 Hemen Ke\u015ffedin.","og_url":"https:\/\/www.poelsan.com\/ru\/urun\/%d0%b1%d0%be%d1%80%d0%b4%d0%be%d0%b2%d1%8b%d0%b9-aa6\/","og_site_name":"Poelsan","article_publisher":"https:\/\/www.facebook.com\/poelsanplastik\/","article_modified_time":"2025-10-03T06:25:21+00:00","og_image":[{"width":600,"height":350,"url":"https:\/\/www.poelsan.com\/wp-content\/uploads\/2024\/06\/aa6_nozul_koyu_kirmizi.png","type":"image\/png"}],"twitter_card":"summary_large_image","twitter_misc":{"Est. reading time":"1 \u043c\u0438\u043d\u0443\u0442\u0430"},"schema":{"@context":"https:\/\/schema.org","@graph":[{"@type":"WebPage","@id":"https:\/\/www.poelsan.com\/ru\/urun\/%d0%b1%d0%be%d1%80%d0%b4%d0%be%d0%b2%d1%8b%d0%b9-aa6\/","url":"https:\/\/www.poelsan.com\/ru\/urun\/%d0%b1%d0%be%d1%80%d0%b4%d0%be%d0%b2%d1%8b%d0%b9-aa6\/","name":"\u0411\u043e\u0440\u0434\u043e\u0432\u044b\u0439 AA6 - Poelsan","isPartOf":{"@id":"https:\/\/www.poelsan.com\/ru\/#website"},"primaryImageOfPage":{"@id":"https:\/\/www.poelsan.com\/ru\/urun\/%d0%b1%d0%be%d1%80%d0%b4%d0%be%d0%b2%d1%8b%d0%b9-aa6\/#primaryimage"},"image":{"@id":"https:\/\/www.poelsan.com\/ru\/urun\/%d0%b1%d0%be%d1%80%d0%b4%d0%be%d0%b2%d1%8b%d0%b9-aa6\/#primaryimage"},"thumbnailUrl":"https:\/\/www.poelsan.com\/wp-content\/uploads\/2024\/06\/aa6_nozul_koyu_kirmizi.png","datePublished":"2024-06-24T12:55:36+00:00","dateModified":"2025-10-03T06:25:21+00:00","description":"Poelsan \u0411\u043e\u0440\u0434\u043e\u0432\u044b\u0439 AA6 \u00dcr\u00fcn\u00fcm\u00fcz ve Daha Fazla Sulama Ekipmanlar\u0131m\u0131z\u0131 Hemen Ke\u015ffedin.","breadcrumb":{"@id":"https:\/\/www.poelsan.com\/ru\/urun\/%d0%b1%d0%be%d1%80%d0%b4%d0%be%d0%b2%d1%8b%d0%b9-aa6\/#breadcrumb"},"inLanguage":"ru-RU","potentialAction":[{"@type":"ReadAction","target":["https:\/\/www.poelsan.com\/ru\/urun\/%d0%b1%d0%be%d1%80%d0%b4%d0%be%d0%b2%d1%8b%d0%b9-aa6\/"]}]},{"@type":"ImageObject","inLanguage":"ru-RU","@id":"https:\/\/www.poelsan.com\/ru\/urun\/%d0%b1%d0%be%d1%80%d0%b4%d0%be%d0%b2%d1%8b%d0%b9-aa6\/#primaryimage","url":"https:\/\/www.poelsan.com\/wp-content\/uploads\/2024\/06\/aa6_nozul_koyu_kirmizi.png","contentUrl":"https:\/\/www.poelsan.com\/wp-content\/uploads\/2024\/06\/aa6_nozul_koyu_kirmizi.png","width":600,"height":350},{"@type":"BreadcrumbList","@id":"https:\/\/www.poelsan.com\/ru\/urun\/%d0%b1%d0%be%d1%80%d0%b4%d0%be%d0%b2%d1%8b%d0%b9-aa6\/#breadcrumb","itemListElement":[{"@type":"ListItem","position":1,"name":"Home","item":"https:\/\/www.poelsan.com\/ru\/"},{"@type":"ListItem","position":2,"name":"\u0422\u043e\u0432\u0430\u0440\u044b","item":"https:\/\/www.poelsan.com\/ru\/shop\/"},{"@type":"ListItem","position":3,"name":"\u0411\u043e\u0440\u0434\u043e\u0432\u044b\u0439 AA6"}]},{"@type":"WebSite","@id":"https:\/\/www.poelsan.com\/ru\/#website","url":"https:\/\/www.poelsan.com\/ru\/","name":"Poelsan: Sekt\u00f6r\u00fcnde D\u00fcnya Markas\u0131","description":"Sekt\u00f6r\u00fcnde D\u00fcnya Markas\u0131","publisher":{"@id":"https:\/\/www.poelsan.com\/ru\/#organization"},"potentialAction":[{"@type":"SearchAction","target":{"@type":"EntryPoint","urlTemplate":"https:\/\/www.poelsan.com\/ru\/?s={search_term_string}"},"query-input":{"@type":"PropertyValueSpecification","valueRequired":true,"valueName":"search_term_string"}}],"inLanguage":"ru-RU"},{"@type":"Organization","@id":"https:\/\/www.poelsan.com\/ru\/#organization","name":"Poelsan: Sekt\u00f6r\u00fcnde D\u00fcnya Markas\u0131","url":"https:\/\/www.poelsan.com\/ru\/","logo":{"@type":"ImageObject","inLanguage":"ru-RU","@id":"https:\/\/www.poelsan.com\/ru\/#\/schema\/logo\/image\/","url":"https:\/\/www.poelsan.com\/wp-content\/uploads\/2025\/09\/poelsan.png","contentUrl":"https:\/\/www.poelsan.com\/wp-content\/uploads\/2025\/09\/poelsan.png","width":1200,"height":675,"caption":"Poelsan: Sekt\u00f6r\u00fcnde D\u00fcnya Markas\u0131"},"image":{"@id":"https:\/\/www.poelsan.com\/ru\/#\/schema\/logo\/image\/"},"sameAs":["https:\/\/www.facebook.com\/poelsanplastik\/","https:\/\/www.instagram.com\/explore\/locations\/541106002887674\/poelsan-plastik-san-ve-tic-as\/"]}]}},"_links":{"self":[{"href":"https:\/\/www.poelsan.com\/ru\/wp-json\/wp\/v2\/product\/26915","targetHints":{"allow":["GET"]}}],"collection":[{"href":"https:\/\/www.poelsan.com\/ru\/wp-json\/wp\/v2\/product"}],"about":[{"href":"https:\/\/www.poelsan.com\/ru\/wp-json\/wp\/v2\/types\/product"}],"replies":[{"embeddable":true,"href":"https:\/\/www.poelsan.com\/ru\/wp-json\/wp\/v2\/comments?post=26915"}],"wp:featuredmedia":[{"embeddable":true,"href":"https:\/\/www.poelsan.com\/ru\/wp-json\/wp\/v2\/media\/26916"}],"wp:attachment":[{"href":"https:\/\/www.poelsan.com\/ru\/wp-json\/wp\/v2\/media?parent=26915"}],"wp:term":[{"taxonomy":"product_cat","embeddable":true,"href":"https:\/\/www.poelsan.com\/ru\/wp-json\/wp\/v2\/product_cat?post=26915"},{"taxonomy":"product_tag","embeddable":true,"href":"https:\/\/www.poelsan.com\/ru\/wp-json\/wp\/v2\/product_tag?post=26915"}],"curies":[{"name":"wp","href":"https:\/\/api.w.org\/{rel}","templated":true}]}}