{"id":24825,"date":"2022-08-01T11:14:26","date_gmt":"2022-08-01T08:14:26","guid":{"rendered":"https:\/\/www.poelsan.com\/%d0%bf%d1%80%d0%be%d0%b4%d1%83%d0%ba%d1%82%d1%8b\/"},"modified":"2026-03-09T13:26:56","modified_gmt":"2026-03-09T10:26:56","slug":"%d0%bf%d1%80%d0%be%d0%b4%d1%83%d0%ba%d1%86%d0%b8%d1%8f","status":"publish","type":"page","link":"https:\/\/www.poelsan.com\/ru\/%d0%bf%d1%80%d0%be%d0%b4%d1%83%d0%ba%d1%86%d0%b8%d1%8f\/","title":{"rendered":"\u041f\u0440\u043e\u0434\u0443\u043a\u0446\u0438\u044f"},"content":{"rendered":"\t\t<div data-elementor-type=\"wp-page\" data-elementor-id=\"24825\" class=\"elementor elementor-24825 elementor-14168\" data-elementor-post-type=\"page\">\n\t\t\t\t\t\t<div class=\" elementor-section elementor-top-section elementor-element elementor-element-ad1dfee pb-10 elementor-section-boxed elementor-section-height-default elementor-section-height-default smart-sticky-default\" data-id=\"ad1dfee\" data-element_type=\"section\">\r\n\t\t\t\t\t\t\t\t<div class=\"elementor-container elementor-column-gap-default\">\r\n\t\t\t\t\r\n\t\t\t\t\t\t\t\t<div class=\" elementor-column elementor-col-100 elementor-top-column elementor-element elementor-element-7867bee \" data-id=\"7867bee\" data-element_type=\"column\">\r\n\r\n\t\t\t\t\r\n\t\t\t\t<div class=\"elementor-widget-wrap elementor-element-populated\">\r\n\t\t\t\t\t\t\t\t\t\t\r\n\t\t\t\t\t\t<div class=\"elementor-element elementor-element-6ce2f92 cs-imagebox poel-category-box elementor-invisible elementor-widget elementor-widget-udesign_widget_imagebox\" data-id=\"6ce2f92\" data-element_type=\"widget\" data-settings=\"{&quot;_animation&quot;:&quot;fadeInLeftShorter&quot;}\" data-widget_type=\"udesign_widget_imagebox.default\">\n\t\t\t\t<div class=\"elementor-widget-container\">\n\t\t\t\t\t<div class=\"image-box position-top overlay-zoom overlay-light\"><figure class=\"has-link\"><img fetchpriority=\"high\" decoding=\"async\" width=\"600\" height=\"800\" src=\"https:\/\/www.poelsan.com\/wp-content\/uploads\/2022\/11\/mekanik-ekleme-parcalari-1.png\" class=\"attachment-full size-full wp-image-15445\" alt=\"\" \/><a href=\"\/ru\/\u043f\u0440\u043e\u0434\u0443\u043a\u0446\u0438\u044f\/\u0444\u0438\u0442\u0438\u043d\u0433\u0438-\u043a\u043e\u043c\u043f\u0440\u0435\u0441\u0441\u0438\u043e\u043d\u043d\u044b\u0435\/\" aria-label=\"Image\"><\/a><\/figure><div class=\"image-box-content\"><h3 class=\"title\"><a href=\"\/ru\/\u043f\u0440\u043e\u0434\u0443\u043a\u0446\u0438\u044f\/\u0444\u0438\u0442\u0438\u043d\u0433\u0438-\u043a\u043e\u043c\u043f\u0440\u0435\u0441\u0441\u0438\u043e\u043d\u043d\u044b\u0435\/\" aria-label=\"Image\">\u0424\u0418\u0422\u0418\u041d\u0413\u0418 \u041a\u041e\u041c\u041f\u0420\u0415\u0421\u0421\u0418\u041e\u041d\u041d\u042b\u0415<\/a><\/h3><\/div><\/div>\t\t\t\t<\/div>\n\t\t\t\t<\/div>\n\t\t\t\t<div class=\"elementor-element elementor-element-e90b92e cs-imagebox poel-category-box elementor-invisible elementor-widget elementor-widget-udesign_widget_imagebox\" data-id=\"e90b92e\" data-element_type=\"widget\" data-settings=\"{&quot;_animation&quot;:&quot;fadeInLeftShorter&quot;}\" data-widget_type=\"udesign_widget_imagebox.default\">\n\t\t\t\t<div class=\"elementor-widget-container\">\n\t\t\t\t\t<div class=\"image-box position-top overlay-zoom overlay-light\"><figure class=\"has-link\"><img decoding=\"async\" width=\"600\" height=\"800\" src=\"https:\/\/www.poelsan.com\/wp-content\/uploads\/2022\/11\/vanalar-vana-kutulari-1.png\" class=\"attachment-full size-full wp-image-15446\" alt=\"\" \/><a href=\"https:\/\/www.poelsan.com\/ru\/%d0%bf%d1%80%d0%be%d0%b4%d1%83%d0%ba%d1%86%d0%b8%d1%8f\/%d0%ba%d1%80%d0%b0%d0%bd%d1%8b-%d0%ba%d0%bb%d0%b0%d0%bf%d0%b0%d0%bd%d0%bd%d1%8b%d0%b5-%d0%b1%d0%be%d0%ba%d1%81%d1%8b-%d0%b8-%d0%bf%d0%bb%d0%b0%d1%81%d1%82%d0%b8%d0%ba%d0%be%d0%b2%d1%8b%d0%b5-%d1%84\/\" aria-label=\"Image\"><\/a><\/figure><div class=\"image-box-content\"><h2 class=\"title\"><a href=\"https:\/\/www.poelsan.com\/ru\/%d0%bf%d1%80%d0%be%d0%b4%d1%83%d0%ba%d1%86%d0%b8%d1%8f\/%d0%ba%d1%80%d0%b0%d0%bd%d1%8b-%d0%ba%d0%bb%d0%b0%d0%bf%d0%b0%d0%bd%d0%bd%d1%8b%d0%b5-%d0%b1%d0%be%d0%ba%d1%81%d1%8b-%d0%b8-%d0%bf%d0%bb%d0%b0%d1%81%d1%82%d0%b8%d0%ba%d0%be%d0%b2%d1%8b%d0%b5-%d1%84\/\" aria-label=\"Image\">\u041a\u0420\u0410\u041d\u042b \u041a\u041b\u0410\u041f\u0410\u041d\u041d\u042b\u0415 \u0411\u041e\u041a\u0421\u042b<\/a><\/h2><\/div><\/div>\t\t\t\t<\/div>\n\t\t\t\t<\/div>\n\t\t\t\t<div class=\"elementor-element elementor-element-21b8e2d cs-imagebox poel-category-box elementor-invisible elementor-widget elementor-widget-udesign_widget_imagebox\" data-id=\"21b8e2d\" data-element_type=\"widget\" data-settings=\"{&quot;_animation&quot;:&quot;fadeInLeftShorter&quot;}\" data-widget_type=\"udesign_widget_imagebox.default\">\n\t\t\t\t<div class=\"elementor-widget-container\">\n\t\t\t\t\t<div class=\"image-box position-top overlay-zoom overlay-light\"><figure class=\"has-link\"><img decoding=\"async\" width=\"600\" height=\"800\" src=\"https:\/\/www.poelsan.com\/wp-content\/uploads\/2023\/12\/plastik-filtreler-1.png\" class=\"attachment-full size-full wp-image-19057\" alt=\"\" \/><a href=\"https:\/\/www.poelsan.com\/ru\/%d0%bf%d1%80%d0%be%d0%b4%d1%83%d0%ba%d1%86%d0%b8%d1%8f\/%d1%84%d0%b8%d0%bb%d1%8c%d1%82%d1%80%d1%8b-%d0%bf%d0%bb%d0%b0%d1%81%d1%82%d0%b8%d0%ba%d0%be%d0%b2%d1%8b%d0%b5\/%d1%84%d0%b8%d0%bb%d1%8c%d1%82%d1%80%d1%8b-%d0%bf%d0%bb%d0%b0%d1%81%d1%82%d0%b8%d0%ba%d0%be%d0%b2%d1%8b%d0%b5\/\" aria-label=\"Image\"><\/a><\/figure><div class=\"image-box-content\"><h2 class=\"title\"><a href=\"https:\/\/www.poelsan.com\/ru\/%d0%bf%d1%80%d0%be%d0%b4%d1%83%d0%ba%d1%86%d0%b8%d1%8f\/%d1%84%d0%b8%d0%bb%d1%8c%d1%82%d1%80%d1%8b-%d0%bf%d0%bb%d0%b0%d1%81%d1%82%d0%b8%d0%ba%d0%be%d0%b2%d1%8b%d0%b5\/%d1%84%d0%b8%d0%bb%d1%8c%d1%82%d1%80%d1%8b-%d0%bf%d0%bb%d0%b0%d1%81%d1%82%d0%b8%d0%ba%d0%be%d0%b2%d1%8b%d0%b5\/\" aria-label=\"Image\">\u0424\u0418\u041b\u042c\u0422\u0420\u042b \u041f\u041b\u0410\u0421\u0422\u0418\u041a\u041e\u0412\u042b\u0415<\/a><\/h2><\/div><\/div>\t\t\t\t<\/div>\n\t\t\t\t<\/div>\n\t\t\t\t<div class=\"elementor-element elementor-element-1c0df8d cs-imagebox poel-category-box elementor-invisible elementor-widget elementor-widget-udesign_widget_imagebox\" data-id=\"1c0df8d\" data-element_type=\"widget\" data-settings=\"{&quot;_animation&quot;:&quot;fadeInLeftShorter&quot;}\" data-widget_type=\"udesign_widget_imagebox.default\">\n\t\t\t\t<div class=\"elementor-widget-container\">\n\t\t\t\t\t<div class=\"image-box position-top overlay-zoom overlay-light\"><figure class=\"has-link\"><img loading=\"lazy\" decoding=\"async\" width=\"600\" height=\"800\" src=\"https:\/\/www.poelsan.com\/wp-content\/uploads\/2022\/11\/damla-sulama-ek-parcalari-1.png\" class=\"attachment-full size-full wp-image-15447\" alt=\"\" \/><a href=\"\/ru\/\u043f\u0440\u043e\u0434\u0443\u043a\u0442\u044b\/\u0444\u0438\u0442\u0438\u043d\u0433\u0438-\u0434\u043b\u044f-\u0441\u0438\u0441\u0442\u0435\u043c-\u043a\u0430\u043f\u0435\u043b\u044c\u043d\u043e\u0433\u043e-\u043e\u0440\u043e\u0448\u0435\u043d\/\" aria-label=\"Image\"><\/a><\/figure><div class=\"image-box-content\"><h2 class=\"title\"><a href=\"\/ru\/\u043f\u0440\u043e\u0434\u0443\u043a\u0442\u044b\/\u0444\u0438\u0442\u0438\u043d\u0433\u0438-\u0434\u043b\u044f-\u0441\u0438\u0441\u0442\u0435\u043c-\u043a\u0430\u043f\u0435\u043b\u044c\u043d\u043e\u0433\u043e-\u043e\u0440\u043e\u0448\u0435\u043d\/\" aria-label=\"Image\">\u0424\u0418\u0422\u0418\u041d\u0413\u0418 \u0414\u041b\u042f \u0421\u0418\u0421\u0422\u0415\u041c \u041a\u0410\u041f\u0415\u041b\u042c\u041d\u041e\u0413\u041e \u041e\u0420\u041e\u0428\u0415\u041d\u0418\u042f<\/a><\/h2><\/div><\/div>\t\t\t\t<\/div>\n\t\t\t\t<\/div>\n\t\t\t\t<div class=\"elementor-element elementor-element-2f98a6c cs-imagebox poel-category-box elementor-invisible elementor-widget elementor-widget-udesign_widget_imagebox\" data-id=\"2f98a6c\" data-element_type=\"widget\" data-settings=\"{&quot;_animation&quot;:&quot;fadeInLeftShorter&quot;}\" data-widget_type=\"udesign_widget_imagebox.default\">\n\t\t\t\t<div class=\"elementor-widget-container\">\n\t\t\t\t\t<div class=\"image-box position-top overlay-zoom overlay-light\"><figure class=\"has-link\"><img loading=\"lazy\" decoding=\"async\" width=\"600\" height=\"800\" src=\"https:\/\/www.poelsan.com\/wp-content\/uploads\/2022\/11\/ozel-uretimlerimiz-1.png\" class=\"attachment-full size-full wp-image-15448\" alt=\"\" \/><a href=\"\/ru\/\u043f\u0440\u043e\u0434\u0443\u043a\u0442\u044b\/\u043f\u0440\u043e\u0438\u0437\u0432\u043e\u0434\u0441\u0442\u0432\u043e-\u043f\u043e\u0434-\u0437\u0430\u043a\u0430\u0437\/\" aria-label=\"Image\"><\/a><\/figure><div class=\"image-box-content\"><h2 class=\"title\"><a href=\"\/ru\/\u043f\u0440\u043e\u0434\u0443\u043a\u0442\u044b\/\u043f\u0440\u043e\u0438\u0437\u0432\u043e\u0434\u0441\u0442\u0432\u043e-\u043f\u043e\u0434-\u0437\u0430\u043a\u0430\u0437\/\" aria-label=\"Image\">\u041f\u0420\u041e\u0418\u0417\u0412\u041e\u0414\u0421\u0422\u0412\u041e \u041f\u041e\u0414 \u0417\u0410\u041a\u0410\u0417<\/a><\/h2><\/div><\/div>\t\t\t\t<\/div>\n\t\t\t\t<\/div>\n\t\t\t\t<div class=\"elementor-element elementor-element-bf5d86a cs-imagebox poel-category-box elementor-invisible elementor-widget elementor-widget-udesign_widget_imagebox\" data-id=\"bf5d86a\" data-element_type=\"widget\" data-settings=\"{&quot;_animation&quot;:&quot;fadeInLeftShorter&quot;}\" data-widget_type=\"udesign_widget_imagebox.default\">\n\t\t\t\t<div class=\"elementor-widget-container\">\n\t\t\t\t\t<div class=\"image-box position-top overlay-zoom overlay-light\"><figure class=\"has-link\"><img loading=\"lazy\" decoding=\"async\" width=\"600\" height=\"800\" src=\"https:\/\/www.poelsan.com\/wp-content\/uploads\/2026\/03\/poelsanarc_web_urunler_grup-copy-3.jpg\" class=\"attachment-full size-full wp-image-29335\" alt=\"\" \/><a href=\"\/ru\/\u043f\u0440\u043e\u0434\u0443\u043a\u0442\u044b\/poelsan-arc\/\" aria-label=\"Image\"><\/a><\/figure><div class=\"image-box-content\"><h2 class=\"title\"><a href=\"\/ru\/\u043f\u0440\u043e\u0434\u0443\u043a\u0442\u044b\/poelsan-arc\/\" aria-label=\"Image\">Poelsan ARC<\/a><\/h2><\/div><\/div>\t\t\t\t<\/div>\n\t\t\t\t<\/div>\n\t\t\t\t<div class=\"elementor-element elementor-element-f373968 cs-imagebox poel-category-box elementor-invisible elementor-widget elementor-widget-udesign_widget_imagebox\" data-id=\"f373968\" data-element_type=\"widget\" data-settings=\"{&quot;_animation&quot;:&quot;fadeInLeftShorter&quot;}\" data-widget_type=\"udesign_widget_imagebox.default\">\n\t\t\t\t<div class=\"elementor-widget-container\">\n\t\t\t\t\t<div class=\"image-box position-top overlay-zoom overlay-light\"><figure class=\"has-link\"><img decoding=\"async\" src=\"\/wp-content\/uploads\/2026\/03\/poelsanarc_ef_urunler_grup-copy.jpg\" title=\"\" alt=\"\" loading=\"lazy\" \/><a href=\"\/ru\/\u043f\u0440\u043e\u0434\u0443\u043a\u0442\u044b\/poelsan-ef\/\" aria-label=\"Image\"><\/a><\/figure><div class=\"image-box-content\"><h2 class=\"title\"><a href=\"\/ru\/\u043f\u0440\u043e\u0434\u0443\u043a\u0442\u044b\/poelsan-ef\/\" aria-label=\"Image\">Poelsan EF<\/a><\/h2><\/div><\/div>\t\t\t\t<\/div>\n\t\t\t\t<\/div>\n\t\t\t\t\t\t<\/div>\r\n\t\t\t\t<\/div>\r\n\t\t\t\t\t\t\t\t<\/div>\r\n\t\t\t<\/div>\r\n\t\t\t\t\t<\/div>\n\t\t","protected":false},"excerpt":{"rendered":"<p>\u0424\u0418\u0422\u0418\u041d\u0413\u0418 \u041a\u041e\u041c\u041f\u0420\u0415\u0421\u0421\u0418\u041e\u041d\u041d\u042b\u0415 \u041a\u0420\u0410\u041d\u042b \u041a\u041b\u0410\u041f\u0410\u041d\u041d\u042b\u0415 \u0411\u041e\u041a\u0421\u042b \u0424\u0418\u041b\u042c\u0422\u0420\u042b \u041f\u041b\u0410\u0421\u0422\u0418\u041a\u041e\u0412\u042b\u0415 \u0424\u0418\u0422\u0418\u041d\u0413\u0418 \u0414\u041b\u042f \u0421\u0418\u0421\u0422\u0415\u041c \u041a\u0410\u041f\u0415\u041b\u042c\u041d\u041e\u0413\u041e \u041e\u0420\u041e\u0428\u0415\u041d\u0418\u042f \u041f\u0420\u041e\u0418\u0417\u0412\u041e\u0414\u0421\u0422\u0412\u041e \u041f\u041e\u0414 \u0417\u0410\u041a\u0410\u0417 Poelsan ARC Poelsan EF<\/p>\n","protected":false},"author":1,"featured_media":0,"parent":0,"menu_order":0,"comment_status":"closed","ping_status":"closed","template":"","meta":{"_acf_changed":false,"footnotes":""},"class_list":["post-24825","page","type-page","status-publish","hentry"],"acf":[],"yoast_head":"<!-- This site is optimized with the Yoast SEO plugin v25.9 - https:\/\/yoast.com\/wordpress\/plugins\/seo\/ -->\n<title>\u041f\u0440\u043e\u0434\u0443\u043a\u0446\u0438\u044f - Poelsan<\/title>\n<meta name=\"description\" content=\"Poelsan \u00fcr\u00fcnleri ile tan\u0131\u015f\u0131n! Kaliteli ve yenilik\u00e7i \u00e7\u00f6z\u00fcmler sunan \u00fcr\u00fcn yelpazemizi ke\u015ffedin. \u0130htiya\u00e7lar\u0131n\u0131za uygun \u00fcr\u00fcnleri hemen inceleyin.\" \/>\n<meta name=\"robots\" content=\"index, follow, max-snippet:-1, max-image-preview:large, max-video-preview:-1\" \/>\n<link rel=\"canonical\" href=\"https:\/\/www.poelsan.com\/ru\/%d0%bf%d1%80%d0%be%d0%b4%d1%83%d0%ba%d1%86%d0%b8%d1%8f\/\" \/>\n<meta property=\"og:locale\" content=\"ru_RU\" \/>\n<meta property=\"og:type\" content=\"article\" \/>\n<meta property=\"og:title\" content=\"\u041f\u0440\u043e\u0434\u0443\u043a\u0446\u0438\u044f - Poelsan\" \/>\n<meta property=\"og:description\" content=\"Poelsan \u00fcr\u00fcnleri ile tan\u0131\u015f\u0131n! Kaliteli ve yenilik\u00e7i \u00e7\u00f6z\u00fcmler sunan \u00fcr\u00fcn yelpazemizi ke\u015ffedin. \u0130htiya\u00e7lar\u0131n\u0131za uygun \u00fcr\u00fcnleri hemen inceleyin.\" \/>\n<meta property=\"og:url\" content=\"https:\/\/www.poelsan.com\/ru\/%d0%bf%d1%80%d0%be%d0%b4%d1%83%d0%ba%d1%86%d0%b8%d1%8f\/\" \/>\n<meta property=\"og:site_name\" content=\"Poelsan\" \/>\n<meta property=\"article:publisher\" content=\"https:\/\/www.facebook.com\/poelsanplastik\/\" \/>\n<meta property=\"article:modified_time\" content=\"2026-03-09T10:26:56+00:00\" \/>\n<meta property=\"og:image\" content=\"https:\/\/www.poelsan.com\/wp-content\/uploads\/2022\/11\/mekanik-ekleme-parcalari-1.png\" \/>\n\t<meta property=\"og:image:width\" content=\"600\" \/>\n\t<meta property=\"og:image:height\" content=\"800\" \/>\n\t<meta property=\"og:image:type\" content=\"image\/png\" \/>\n<meta name=\"twitter:card\" content=\"summary_large_image\" \/>\n<meta name=\"twitter:label1\" content=\"Est. reading time\" \/>\n\t<meta name=\"twitter:data1\" content=\"2 \u043c\u0438\u043d\u0443\u0442\u044b\" \/>\n<script type=\"application\/ld+json\" class=\"yoast-schema-graph\">{\"@context\":\"https:\/\/schema.org\",\"@graph\":[{\"@type\":\"WebPage\",\"@id\":\"https:\/\/www.poelsan.com\/ru\/%d0%bf%d1%80%d0%be%d0%b4%d1%83%d0%ba%d1%86%d0%b8%d1%8f\/\",\"url\":\"https:\/\/www.poelsan.com\/ru\/%d0%bf%d1%80%d0%be%d0%b4%d1%83%d0%ba%d1%86%d0%b8%d1%8f\/\",\"name\":\"\u041f\u0440\u043e\u0434\u0443\u043a\u0446\u0438\u044f - Poelsan\",\"isPartOf\":{\"@id\":\"https:\/\/www.poelsan.com\/ru\/#website\"},\"primaryImageOfPage\":{\"@id\":\"https:\/\/www.poelsan.com\/ru\/%d0%bf%d1%80%d0%be%d0%b4%d1%83%d0%ba%d1%86%d0%b8%d1%8f\/#primaryimage\"},\"image\":{\"@id\":\"https:\/\/www.poelsan.com\/ru\/%d0%bf%d1%80%d0%be%d0%b4%d1%83%d0%ba%d1%86%d0%b8%d1%8f\/#primaryimage\"},\"thumbnailUrl\":\"https:\/\/www.poelsan.com\/wp-content\/uploads\/2022\/11\/mekanik-ekleme-parcalari-1.png\",\"datePublished\":\"2022-08-01T08:14:26+00:00\",\"dateModified\":\"2026-03-09T10:26:56+00:00\",\"description\":\"Poelsan \u00fcr\u00fcnleri ile tan\u0131\u015f\u0131n! Kaliteli ve yenilik\u00e7i \u00e7\u00f6z\u00fcmler sunan \u00fcr\u00fcn yelpazemizi ke\u015ffedin. \u0130htiya\u00e7lar\u0131n\u0131za uygun \u00fcr\u00fcnleri hemen inceleyin.\",\"breadcrumb\":{\"@id\":\"https:\/\/www.poelsan.com\/ru\/%d0%bf%d1%80%d0%be%d0%b4%d1%83%d0%ba%d1%86%d0%b8%d1%8f\/#breadcrumb\"},\"inLanguage\":\"ru-RU\",\"potentialAction\":[{\"@type\":\"ReadAction\",\"target\":[\"https:\/\/www.poelsan.com\/ru\/%d0%bf%d1%80%d0%be%d0%b4%d1%83%d0%ba%d1%86%d0%b8%d1%8f\/\"]}]},{\"@type\":\"ImageObject\",\"inLanguage\":\"ru-RU\",\"@id\":\"https:\/\/www.poelsan.com\/ru\/%d0%bf%d1%80%d0%be%d0%b4%d1%83%d0%ba%d1%86%d0%b8%d1%8f\/#primaryimage\",\"url\":\"https:\/\/www.poelsan.com\/wp-content\/uploads\/2022\/11\/mekanik-ekleme-parcalari-1.png\",\"contentUrl\":\"https:\/\/www.poelsan.com\/wp-content\/uploads\/2022\/11\/mekanik-ekleme-parcalari-1.png\"},{\"@type\":\"BreadcrumbList\",\"@id\":\"https:\/\/www.poelsan.com\/ru\/%d0%bf%d1%80%d0%be%d0%b4%d1%83%d0%ba%d1%86%d0%b8%d1%8f\/#breadcrumb\",\"itemListElement\":[{\"@type\":\"ListItem\",\"position\":1,\"name\":\"Home\",\"item\":\"https:\/\/www.poelsan.com\/ru\/\"},{\"@type\":\"ListItem\",\"position\":2,\"name\":\"\u041f\u0440\u043e\u0434\u0443\u043a\u0446\u0438\u044f\"}]},{\"@type\":\"WebSite\",\"@id\":\"https:\/\/www.poelsan.com\/ru\/#website\",\"url\":\"https:\/\/www.poelsan.com\/ru\/\",\"name\":\"Poelsan: Sekt\u00f6r\u00fcnde D\u00fcnya Markas\u0131\",\"description\":\"Sekt\u00f6r\u00fcnde D\u00fcnya Markas\u0131\",\"publisher\":{\"@id\":\"https:\/\/www.poelsan.com\/ru\/#organization\"},\"potentialAction\":[{\"@type\":\"SearchAction\",\"target\":{\"@type\":\"EntryPoint\",\"urlTemplate\":\"https:\/\/www.poelsan.com\/ru\/?s={search_term_string}\"},\"query-input\":{\"@type\":\"PropertyValueSpecification\",\"valueRequired\":true,\"valueName\":\"search_term_string\"}}],\"inLanguage\":\"ru-RU\"},{\"@type\":\"Organization\",\"@id\":\"https:\/\/www.poelsan.com\/ru\/#organization\",\"name\":\"Poelsan: Sekt\u00f6r\u00fcnde D\u00fcnya Markas\u0131\",\"url\":\"https:\/\/www.poelsan.com\/ru\/\",\"logo\":{\"@type\":\"ImageObject\",\"inLanguage\":\"ru-RU\",\"@id\":\"https:\/\/www.poelsan.com\/ru\/#\/schema\/logo\/image\/\",\"url\":\"https:\/\/www.poelsan.com\/wp-content\/uploads\/2025\/09\/poelsan.png\",\"contentUrl\":\"https:\/\/www.poelsan.com\/wp-content\/uploads\/2025\/09\/poelsan.png\",\"width\":1200,\"height\":675,\"caption\":\"Poelsan: Sekt\u00f6r\u00fcnde D\u00fcnya Markas\u0131\"},\"image\":{\"@id\":\"https:\/\/www.poelsan.com\/ru\/#\/schema\/logo\/image\/\"},\"sameAs\":[\"https:\/\/www.facebook.com\/poelsanplastik\/\",\"https:\/\/www.instagram.com\/explore\/locations\/541106002887674\/poelsan-plastik-san-ve-tic-as\/\"]}]}<\/script>\n<!-- \/ Yoast SEO plugin. -->","yoast_head_json":{"title":"\u041f\u0440\u043e\u0434\u0443\u043a\u0446\u0438\u044f - Poelsan","description":"Poelsan \u00fcr\u00fcnleri ile tan\u0131\u015f\u0131n! Kaliteli ve yenilik\u00e7i \u00e7\u00f6z\u00fcmler sunan \u00fcr\u00fcn yelpazemizi ke\u015ffedin. \u0130htiya\u00e7lar\u0131n\u0131za uygun \u00fcr\u00fcnleri hemen inceleyin.","robots":{"index":"index","follow":"follow","max-snippet":"max-snippet:-1","max-image-preview":"max-image-preview:large","max-video-preview":"max-video-preview:-1"},"canonical":"https:\/\/www.poelsan.com\/ru\/%d0%bf%d1%80%d0%be%d0%b4%d1%83%d0%ba%d1%86%d0%b8%d1%8f\/","og_locale":"ru_RU","og_type":"article","og_title":"\u041f\u0440\u043e\u0434\u0443\u043a\u0446\u0438\u044f - Poelsan","og_description":"Poelsan \u00fcr\u00fcnleri ile tan\u0131\u015f\u0131n! Kaliteli ve yenilik\u00e7i \u00e7\u00f6z\u00fcmler sunan \u00fcr\u00fcn yelpazemizi ke\u015ffedin. \u0130htiya\u00e7lar\u0131n\u0131za uygun \u00fcr\u00fcnleri hemen inceleyin.","og_url":"https:\/\/www.poelsan.com\/ru\/%d0%bf%d1%80%d0%be%d0%b4%d1%83%d0%ba%d1%86%d0%b8%d1%8f\/","og_site_name":"Poelsan","article_publisher":"https:\/\/www.facebook.com\/poelsanplastik\/","article_modified_time":"2026-03-09T10:26:56+00:00","og_image":[{"width":600,"height":800,"url":"https:\/\/www.poelsan.com\/wp-content\/uploads\/2022\/11\/mekanik-ekleme-parcalari-1.png","type":"image\/png"}],"twitter_card":"summary_large_image","twitter_misc":{"Est. reading time":"2 \u043c\u0438\u043d\u0443\u0442\u044b"},"schema":{"@context":"https:\/\/schema.org","@graph":[{"@type":"WebPage","@id":"https:\/\/www.poelsan.com\/ru\/%d0%bf%d1%80%d0%be%d0%b4%d1%83%d0%ba%d1%86%d0%b8%d1%8f\/","url":"https:\/\/www.poelsan.com\/ru\/%d0%bf%d1%80%d0%be%d0%b4%d1%83%d0%ba%d1%86%d0%b8%d1%8f\/","name":"\u041f\u0440\u043e\u0434\u0443\u043a\u0446\u0438\u044f - Poelsan","isPartOf":{"@id":"https:\/\/www.poelsan.com\/ru\/#website"},"primaryImageOfPage":{"@id":"https:\/\/www.poelsan.com\/ru\/%d0%bf%d1%80%d0%be%d0%b4%d1%83%d0%ba%d1%86%d0%b8%d1%8f\/#primaryimage"},"image":{"@id":"https:\/\/www.poelsan.com\/ru\/%d0%bf%d1%80%d0%be%d0%b4%d1%83%d0%ba%d1%86%d0%b8%d1%8f\/#primaryimage"},"thumbnailUrl":"https:\/\/www.poelsan.com\/wp-content\/uploads\/2022\/11\/mekanik-ekleme-parcalari-1.png","datePublished":"2022-08-01T08:14:26+00:00","dateModified":"2026-03-09T10:26:56+00:00","description":"Poelsan \u00fcr\u00fcnleri ile tan\u0131\u015f\u0131n! Kaliteli ve yenilik\u00e7i \u00e7\u00f6z\u00fcmler sunan \u00fcr\u00fcn yelpazemizi ke\u015ffedin. \u0130htiya\u00e7lar\u0131n\u0131za uygun \u00fcr\u00fcnleri hemen inceleyin.","breadcrumb":{"@id":"https:\/\/www.poelsan.com\/ru\/%d0%bf%d1%80%d0%be%d0%b4%d1%83%d0%ba%d1%86%d0%b8%d1%8f\/#breadcrumb"},"inLanguage":"ru-RU","potentialAction":[{"@type":"ReadAction","target":["https:\/\/www.poelsan.com\/ru\/%d0%bf%d1%80%d0%be%d0%b4%d1%83%d0%ba%d1%86%d0%b8%d1%8f\/"]}]},{"@type":"ImageObject","inLanguage":"ru-RU","@id":"https:\/\/www.poelsan.com\/ru\/%d0%bf%d1%80%d0%be%d0%b4%d1%83%d0%ba%d1%86%d0%b8%d1%8f\/#primaryimage","url":"https:\/\/www.poelsan.com\/wp-content\/uploads\/2022\/11\/mekanik-ekleme-parcalari-1.png","contentUrl":"https:\/\/www.poelsan.com\/wp-content\/uploads\/2022\/11\/mekanik-ekleme-parcalari-1.png"},{"@type":"BreadcrumbList","@id":"https:\/\/www.poelsan.com\/ru\/%d0%bf%d1%80%d0%be%d0%b4%d1%83%d0%ba%d1%86%d0%b8%d1%8f\/#breadcrumb","itemListElement":[{"@type":"ListItem","position":1,"name":"Home","item":"https:\/\/www.poelsan.com\/ru\/"},{"@type":"ListItem","position":2,"name":"\u041f\u0440\u043e\u0434\u0443\u043a\u0446\u0438\u044f"}]},{"@type":"WebSite","@id":"https:\/\/www.poelsan.com\/ru\/#website","url":"https:\/\/www.poelsan.com\/ru\/","name":"Poelsan: Sekt\u00f6r\u00fcnde D\u00fcnya Markas\u0131","description":"Sekt\u00f6r\u00fcnde D\u00fcnya Markas\u0131","publisher":{"@id":"https:\/\/www.poelsan.com\/ru\/#organization"},"potentialAction":[{"@type":"SearchAction","target":{"@type":"EntryPoint","urlTemplate":"https:\/\/www.poelsan.com\/ru\/?s={search_term_string}"},"query-input":{"@type":"PropertyValueSpecification","valueRequired":true,"valueName":"search_term_string"}}],"inLanguage":"ru-RU"},{"@type":"Organization","@id":"https:\/\/www.poelsan.com\/ru\/#organization","name":"Poelsan: Sekt\u00f6r\u00fcnde D\u00fcnya Markas\u0131","url":"https:\/\/www.poelsan.com\/ru\/","logo":{"@type":"ImageObject","inLanguage":"ru-RU","@id":"https:\/\/www.poelsan.com\/ru\/#\/schema\/logo\/image\/","url":"https:\/\/www.poelsan.com\/wp-content\/uploads\/2025\/09\/poelsan.png","contentUrl":"https:\/\/www.poelsan.com\/wp-content\/uploads\/2025\/09\/poelsan.png","width":1200,"height":675,"caption":"Poelsan: Sekt\u00f6r\u00fcnde D\u00fcnya Markas\u0131"},"image":{"@id":"https:\/\/www.poelsan.com\/ru\/#\/schema\/logo\/image\/"},"sameAs":["https:\/\/www.facebook.com\/poelsanplastik\/","https:\/\/www.instagram.com\/explore\/locations\/541106002887674\/poelsan-plastik-san-ve-tic-as\/"]}]}},"_links":{"self":[{"href":"https:\/\/www.poelsan.com\/ru\/wp-json\/wp\/v2\/pages\/24825","targetHints":{"allow":["GET"]}}],"collection":[{"href":"https:\/\/www.poelsan.com\/ru\/wp-json\/wp\/v2\/pages"}],"about":[{"href":"https:\/\/www.poelsan.com\/ru\/wp-json\/wp\/v2\/types\/page"}],"author":[{"embeddable":true,"href":"https:\/\/www.poelsan.com\/ru\/wp-json\/wp\/v2\/users\/1"}],"replies":[{"embeddable":true,"href":"https:\/\/www.poelsan.com\/ru\/wp-json\/wp\/v2\/comments?post=24825"}],"version-history":[{"count":0,"href":"https:\/\/www.poelsan.com\/ru\/wp-json\/wp\/v2\/pages\/24825\/revisions"}],"wp:attachment":[{"href":"https:\/\/www.poelsan.com\/ru\/wp-json\/wp\/v2\/media?parent=24825"}],"curies":[{"name":"wp","href":"https:\/\/api.w.org\/{rel}","templated":true}]}}