{"id":29061,"date":"2026-02-24T12:04:31","date_gmt":"2026-02-24T09:04:31","guid":{"rendered":"https:\/\/www.poelsan.com\/?post_type=product&#038;p=29061"},"modified":"2026-02-26T15:50:36","modified_gmt":"2026-02-26T12:50:36","slug":"mini-valve-lock-type-grommet-kopya-copy","status":"publish","type":"product","link":"https:\/\/www.poelsan.com\/en\/product\/mini-valve-lock-type-grommet-kopya-copy\/","title":{"rendered":"Mini Valve Lock Type"},"content":{"rendered":"\n<table id=\"tablepress-1331\" class=\"tablepress tablepress-id-1331\">\n<thead>\n<tr class=\"row-1\">\n\t<th class=\"column-1\">Code<\/th><th class=\"column-2\">Size<\/th><th class=\"column-3\">Pressure Value<\/th><th class=\"column-4\">Packing Quantity<\/th><th class=\"column-5\">Box Quantity<\/th>\n<\/tr>\n<\/thead>\n<tbody class=\"row-striping row-hover\">\n<tr class=\"row-2\">\n\t<td class=\"column-1\">120044<\/td><td class=\"column-2\">20 x 20<\/td><td class=\"column-3\">2<\/td><td class=\"column-4\">25<\/td><td class=\"column-5\">200<\/td>\n<\/tr>\n<tr class=\"row-3\">\n\t<td class=\"column-1\">120054<\/td><td class=\"column-2\">25 x 20<\/td><td class=\"column-3\">2<\/td><td class=\"column-4\">25<\/td><td class=\"column-5\">175<\/td>\n<\/tr>\n<tr class=\"row-4\">\n\t<td class=\"column-1\">120055<\/td><td class=\"column-2\">25 x 25<\/td><td class=\"column-3\">2<\/td><td class=\"column-4\">25<\/td><td class=\"column-5\">150<\/td>\n<\/tr>\n<tr class=\"row-5\">\n\t<td class=\"column-1\">120066<\/td><td class=\"column-2\">32 x 32<\/td><td class=\"column-3\">2<\/td><td class=\"column-4\">10<\/td><td class=\"column-5\">100<\/td>\n<\/tr>\n<\/tbody>\n<\/table>\n<!-- #tablepress-1331 from cache -->\n","protected":false},"excerpt":{"rendered":"<div class=\"product-detail-infos\">\n<h2>Pressure Values<\/h2>\n<ul>\n<li>PN 4<\/li>\n<\/ul>\n<\/div>\n<div class=\"product-detail-infos\">\n<h2>Fields of Application<\/h2>\n<ul>\n<li>Agricultural Irrigation<\/li>\n<li>Landscaping Systems<\/li>\n<li>Greenhouses<\/li>\n<\/ul>\n<\/div>\n<div class=\"product-logos\"><img decoding=\"async\" class=\"alignnone size-full wp-image-4734\" src=\"https:\/\/www.poelsan.com\/wp-content\/uploads\/2020\/03\/9261.png\" alt=\"\" width=\"100\" height=\"65\" \/><br \/>\n<img decoding=\"async\" src=\"\/wp-content\/uploads\/2022\/07\/tse-iso-45001.png\" \/><br \/>\n<img decoding=\"async\" src=\"\/wp-content\/uploads\/2022\/07\/tse-iso-en-9000.png\" \/><br \/>\n<img decoding=\"async\" src=\"\/wp-content\/uploads\/2022\/07\/tse-iso-14000.png\" \/><br \/>\n<img decoding=\"async\" src=\"\/wp-content\/uploads\/2022\/07\/tse-iso-18001.png\" \/><\/div>\n<div class=\"product-buy-btn\"><a href=\"\/en\/how-can-i-buy\/\" target=\"_blank\" rel=\"noopener\">How can I buy ?<\/a><\/div>\n","protected":false},"featured_media":29226,"comment_status":"closed","ping_status":"closed","template":"","meta":{"_acf_changed":false},"product_cat":[4201,4207,4206],"product_tag":[],"class_list":{"0":"post-29061","1":"product","2":"type-product","3":"status-publish","4":"has-post-thumbnail","6":"product_cat-drip-line-fittings","7":"product_cat-mini-valve-dn-15","8":"product_cat-mini-valve-dn-8","10":"first","11":"instock","12":"product-type-simple"},"acf":[],"yoast_head":"<!-- This site is optimized with the Yoast SEO plugin v25.9 - https:\/\/yoast.com\/wordpress\/plugins\/seo\/ -->\n<title>Mini Valve Lock Type - Poelsan<\/title>\n<meta name=\"description\" content=\"Poelsan Mini Valve Lock Type \u00dcr\u00fcn\u00fcm\u00fcz ve Daha Fazla Sulama Ekipmanlar\u0131m\u0131z\u0131 Hemen Ke\u015ffedin.\" \/>\n<meta name=\"robots\" content=\"index, follow, max-snippet:-1, max-image-preview:large, max-video-preview:-1\" \/>\n<link rel=\"canonical\" href=\"https:\/\/www.poelsan.com\/en\/product\/mini-valve-lock-type-grommet-kopya-copy\/\" \/>\n<meta property=\"og:locale\" content=\"en_US\" \/>\n<meta property=\"og:type\" content=\"article\" \/>\n<meta property=\"og:title\" content=\"Mini Valve Lock Type - Poelsan\" \/>\n<meta property=\"og:description\" content=\"Poelsan Mini Valve Lock Type \u00dcr\u00fcn\u00fcm\u00fcz ve Daha Fazla Sulama Ekipmanlar\u0131m\u0131z\u0131 Hemen Ke\u015ffedin.\" \/>\n<meta property=\"og:url\" content=\"https:\/\/www.poelsan.com\/en\/product\/mini-valve-lock-type-grommet-kopya-copy\/\" \/>\n<meta property=\"og:site_name\" content=\"Poelsan\" \/>\n<meta property=\"article:publisher\" content=\"https:\/\/www.facebook.com\/poelsanplastik\/\" \/>\n<meta property=\"article:modified_time\" content=\"2026-02-26T12:50:36+00:00\" \/>\n<meta property=\"og:image\" content=\"https:\/\/www.poelsan.com\/wp-content\/uploads\/2026\/02\/Kilitli-Baglanti-DN8.png\" \/>\n\t<meta property=\"og:image:width\" content=\"300\" \/>\n\t<meta property=\"og:image:height\" content=\"300\" \/>\n\t<meta property=\"og:image:type\" content=\"image\/png\" \/>\n<meta name=\"twitter:card\" content=\"summary_large_image\" \/>\n<meta name=\"twitter:label1\" content=\"Est. reading time\" \/>\n\t<meta name=\"twitter:data1\" content=\"1 minute\" \/>\n<script type=\"application\/ld+json\" class=\"yoast-schema-graph\">{\"@context\":\"https:\/\/schema.org\",\"@graph\":[{\"@type\":\"WebPage\",\"@id\":\"https:\/\/www.poelsan.com\/en\/product\/mini-valve-lock-type-grommet-kopya-copy\/\",\"url\":\"https:\/\/www.poelsan.com\/en\/product\/mini-valve-lock-type-grommet-kopya-copy\/\",\"name\":\"Mini Valve Lock Type - Poelsan\",\"isPartOf\":{\"@id\":\"https:\/\/www.poelsan.com\/en\/#website\"},\"primaryImageOfPage\":{\"@id\":\"https:\/\/www.poelsan.com\/en\/product\/mini-valve-lock-type-grommet-kopya-copy\/#primaryimage\"},\"image\":{\"@id\":\"https:\/\/www.poelsan.com\/en\/product\/mini-valve-lock-type-grommet-kopya-copy\/#primaryimage\"},\"thumbnailUrl\":\"https:\/\/www.poelsan.com\/wp-content\/uploads\/2026\/02\/MINI-VALVE-LOCK-TYPE-DN8-1.png\",\"datePublished\":\"2026-02-24T09:04:31+00:00\",\"dateModified\":\"2026-02-26T12:50:36+00:00\",\"description\":\"Poelsan Mini Valve Lock Type \u00dcr\u00fcn\u00fcm\u00fcz ve Daha Fazla Sulama Ekipmanlar\u0131m\u0131z\u0131 Hemen Ke\u015ffedin.\",\"breadcrumb\":{\"@id\":\"https:\/\/www.poelsan.com\/en\/product\/mini-valve-lock-type-grommet-kopya-copy\/#breadcrumb\"},\"inLanguage\":\"en-US\",\"potentialAction\":[{\"@type\":\"ReadAction\",\"target\":[\"https:\/\/www.poelsan.com\/en\/product\/mini-valve-lock-type-grommet-kopya-copy\/\"]}]},{\"@type\":\"ImageObject\",\"inLanguage\":\"en-US\",\"@id\":\"https:\/\/www.poelsan.com\/en\/product\/mini-valve-lock-type-grommet-kopya-copy\/#primaryimage\",\"url\":\"https:\/\/www.poelsan.com\/wp-content\/uploads\/2026\/02\/MINI-VALVE-LOCK-TYPE-DN8-1.png\",\"contentUrl\":\"https:\/\/www.poelsan.com\/wp-content\/uploads\/2026\/02\/MINI-VALVE-LOCK-TYPE-DN8-1.png\",\"width\":1080,\"height\":1080},{\"@type\":\"BreadcrumbList\",\"@id\":\"https:\/\/www.poelsan.com\/en\/product\/mini-valve-lock-type-grommet-kopya-copy\/#breadcrumb\",\"itemListElement\":[{\"@type\":\"ListItem\",\"position\":1,\"name\":\"Home\",\"item\":\"https:\/\/www.poelsan.com\/en\/\"},{\"@type\":\"ListItem\",\"position\":2,\"name\":\"Products\",\"item\":\"https:\/\/www.poelsan.com\/en\/shop\/\"},{\"@type\":\"ListItem\",\"position\":3,\"name\":\"Mini Valve Lock Type\"}]},{\"@type\":\"WebSite\",\"@id\":\"https:\/\/www.poelsan.com\/en\/#website\",\"url\":\"https:\/\/www.poelsan.com\/en\/\",\"name\":\"Poelsan: Sekt\u00f6r\u00fcnde D\u00fcnya Markas\u0131\",\"description\":\"Sekt\u00f6r\u00fcnde D\u00fcnya Markas\u0131\",\"publisher\":{\"@id\":\"https:\/\/www.poelsan.com\/en\/#organization\"},\"potentialAction\":[{\"@type\":\"SearchAction\",\"target\":{\"@type\":\"EntryPoint\",\"urlTemplate\":\"https:\/\/www.poelsan.com\/en\/?s={search_term_string}\"},\"query-input\":{\"@type\":\"PropertyValueSpecification\",\"valueRequired\":true,\"valueName\":\"search_term_string\"}}],\"inLanguage\":\"en-US\"},{\"@type\":\"Organization\",\"@id\":\"https:\/\/www.poelsan.com\/en\/#organization\",\"name\":\"Poelsan: Sekt\u00f6r\u00fcnde D\u00fcnya Markas\u0131\",\"url\":\"https:\/\/www.poelsan.com\/en\/\",\"logo\":{\"@type\":\"ImageObject\",\"inLanguage\":\"en-US\",\"@id\":\"https:\/\/www.poelsan.com\/en\/#\/schema\/logo\/image\/\",\"url\":\"https:\/\/www.poelsan.com\/wp-content\/uploads\/2025\/09\/poelsan.png\",\"contentUrl\":\"https:\/\/www.poelsan.com\/wp-content\/uploads\/2025\/09\/poelsan.png\",\"width\":1200,\"height\":675,\"caption\":\"Poelsan: Sekt\u00f6r\u00fcnde D\u00fcnya Markas\u0131\"},\"image\":{\"@id\":\"https:\/\/www.poelsan.com\/en\/#\/schema\/logo\/image\/\"},\"sameAs\":[\"https:\/\/www.facebook.com\/poelsanplastik\/\",\"https:\/\/www.instagram.com\/explore\/locations\/541106002887674\/poelsan-plastik-san-ve-tic-as\/\"]}]}<\/script>\n<!-- \/ Yoast SEO plugin. -->","yoast_head_json":{"title":"Mini Valve Lock Type - Poelsan","description":"Poelsan Mini Valve Lock Type \u00dcr\u00fcn\u00fcm\u00fcz ve Daha Fazla Sulama Ekipmanlar\u0131m\u0131z\u0131 Hemen Ke\u015ffedin.","robots":{"index":"index","follow":"follow","max-snippet":"max-snippet:-1","max-image-preview":"max-image-preview:large","max-video-preview":"max-video-preview:-1"},"canonical":"https:\/\/www.poelsan.com\/en\/product\/mini-valve-lock-type-grommet-kopya-copy\/","og_locale":"en_US","og_type":"article","og_title":"Mini Valve Lock Type - Poelsan","og_description":"Poelsan Mini Valve Lock Type \u00dcr\u00fcn\u00fcm\u00fcz ve Daha Fazla Sulama Ekipmanlar\u0131m\u0131z\u0131 Hemen Ke\u015ffedin.","og_url":"https:\/\/www.poelsan.com\/en\/product\/mini-valve-lock-type-grommet-kopya-copy\/","og_site_name":"Poelsan","article_publisher":"https:\/\/www.facebook.com\/poelsanplastik\/","article_modified_time":"2026-02-26T12:50:36+00:00","og_image":[{"width":300,"height":300,"url":"https:\/\/www.poelsan.com\/wp-content\/uploads\/2026\/02\/Kilitli-Baglanti-DN8.png","type":"image\/png"}],"twitter_card":"summary_large_image","twitter_misc":{"Est. reading time":"1 minute"},"schema":{"@context":"https:\/\/schema.org","@graph":[{"@type":"WebPage","@id":"https:\/\/www.poelsan.com\/en\/product\/mini-valve-lock-type-grommet-kopya-copy\/","url":"https:\/\/www.poelsan.com\/en\/product\/mini-valve-lock-type-grommet-kopya-copy\/","name":"Mini Valve Lock Type - Poelsan","isPartOf":{"@id":"https:\/\/www.poelsan.com\/en\/#website"},"primaryImageOfPage":{"@id":"https:\/\/www.poelsan.com\/en\/product\/mini-valve-lock-type-grommet-kopya-copy\/#primaryimage"},"image":{"@id":"https:\/\/www.poelsan.com\/en\/product\/mini-valve-lock-type-grommet-kopya-copy\/#primaryimage"},"thumbnailUrl":"https:\/\/www.poelsan.com\/wp-content\/uploads\/2026\/02\/MINI-VALVE-LOCK-TYPE-DN8-1.png","datePublished":"2026-02-24T09:04:31+00:00","dateModified":"2026-02-26T12:50:36+00:00","description":"Poelsan Mini Valve Lock Type \u00dcr\u00fcn\u00fcm\u00fcz ve Daha Fazla Sulama Ekipmanlar\u0131m\u0131z\u0131 Hemen Ke\u015ffedin.","breadcrumb":{"@id":"https:\/\/www.poelsan.com\/en\/product\/mini-valve-lock-type-grommet-kopya-copy\/#breadcrumb"},"inLanguage":"en-US","potentialAction":[{"@type":"ReadAction","target":["https:\/\/www.poelsan.com\/en\/product\/mini-valve-lock-type-grommet-kopya-copy\/"]}]},{"@type":"ImageObject","inLanguage":"en-US","@id":"https:\/\/www.poelsan.com\/en\/product\/mini-valve-lock-type-grommet-kopya-copy\/#primaryimage","url":"https:\/\/www.poelsan.com\/wp-content\/uploads\/2026\/02\/MINI-VALVE-LOCK-TYPE-DN8-1.png","contentUrl":"https:\/\/www.poelsan.com\/wp-content\/uploads\/2026\/02\/MINI-VALVE-LOCK-TYPE-DN8-1.png","width":1080,"height":1080},{"@type":"BreadcrumbList","@id":"https:\/\/www.poelsan.com\/en\/product\/mini-valve-lock-type-grommet-kopya-copy\/#breadcrumb","itemListElement":[{"@type":"ListItem","position":1,"name":"Home","item":"https:\/\/www.poelsan.com\/en\/"},{"@type":"ListItem","position":2,"name":"Products","item":"https:\/\/www.poelsan.com\/en\/shop\/"},{"@type":"ListItem","position":3,"name":"Mini Valve Lock Type"}]},{"@type":"WebSite","@id":"https:\/\/www.poelsan.com\/en\/#website","url":"https:\/\/www.poelsan.com\/en\/","name":"Poelsan: Sekt\u00f6r\u00fcnde D\u00fcnya Markas\u0131","description":"Sekt\u00f6r\u00fcnde D\u00fcnya Markas\u0131","publisher":{"@id":"https:\/\/www.poelsan.com\/en\/#organization"},"potentialAction":[{"@type":"SearchAction","target":{"@type":"EntryPoint","urlTemplate":"https:\/\/www.poelsan.com\/en\/?s={search_term_string}"},"query-input":{"@type":"PropertyValueSpecification","valueRequired":true,"valueName":"search_term_string"}}],"inLanguage":"en-US"},{"@type":"Organization","@id":"https:\/\/www.poelsan.com\/en\/#organization","name":"Poelsan: Sekt\u00f6r\u00fcnde D\u00fcnya Markas\u0131","url":"https:\/\/www.poelsan.com\/en\/","logo":{"@type":"ImageObject","inLanguage":"en-US","@id":"https:\/\/www.poelsan.com\/en\/#\/schema\/logo\/image\/","url":"https:\/\/www.poelsan.com\/wp-content\/uploads\/2025\/09\/poelsan.png","contentUrl":"https:\/\/www.poelsan.com\/wp-content\/uploads\/2025\/09\/poelsan.png","width":1200,"height":675,"caption":"Poelsan: Sekt\u00f6r\u00fcnde D\u00fcnya Markas\u0131"},"image":{"@id":"https:\/\/www.poelsan.com\/en\/#\/schema\/logo\/image\/"},"sameAs":["https:\/\/www.facebook.com\/poelsanplastik\/","https:\/\/www.instagram.com\/explore\/locations\/541106002887674\/poelsan-plastik-san-ve-tic-as\/"]}]}},"_links":{"self":[{"href":"https:\/\/www.poelsan.com\/en\/wp-json\/wp\/v2\/product\/29061","targetHints":{"allow":["GET"]}}],"collection":[{"href":"https:\/\/www.poelsan.com\/en\/wp-json\/wp\/v2\/product"}],"about":[{"href":"https:\/\/www.poelsan.com\/en\/wp-json\/wp\/v2\/types\/product"}],"replies":[{"embeddable":true,"href":"https:\/\/www.poelsan.com\/en\/wp-json\/wp\/v2\/comments?post=29061"}],"wp:featuredmedia":[{"embeddable":true,"href":"https:\/\/www.poelsan.com\/en\/wp-json\/wp\/v2\/media\/29226"}],"wp:attachment":[{"href":"https:\/\/www.poelsan.com\/en\/wp-json\/wp\/v2\/media?parent=29061"}],"wp:term":[{"taxonomy":"product_cat","embeddable":true,"href":"https:\/\/www.poelsan.com\/en\/wp-json\/wp\/v2\/product_cat?post=29061"},{"taxonomy":"product_tag","embeddable":true,"href":"https:\/\/www.poelsan.com\/en\/wp-json\/wp\/v2\/product_tag?post=29061"}],"curies":[{"name":"wp","href":"https:\/\/api.w.org\/{rel}","templated":true}]}}