{"id":29052,"date":"2026-02-24T12:02:27","date_gmt":"2026-02-24T09:02:27","guid":{"rendered":"https:\/\/www.poelsan.com\/?post_type=product&#038;p=29052"},"modified":"2026-02-26T16:24:36","modified_gmt":"2026-02-26T13:24:36","slug":"kor-tapa-kit-en-copy-copy-2","status":"publish","type":"product","link":"https:\/\/www.poelsan.com\/en\/product\/kor-tapa-kit-en-copy-copy-2\/","title":{"rendered":"EF Reducer"},"content":{"rendered":"\n<table id=\"tablepress-1337\" class=\"tablepress tablepress-id-1337\">\n<thead>\n<tr class=\"row-1\">\n\t<th class=\"column-1\">Code<\/th><th class=\"column-2\">Size d (mm)<\/th><th class=\"column-3\">Size L (mm)<\/th><th class=\"column-4\">Size Z (mm)<\/th><th class=\"column-5\">Pressure Value<\/th><th class=\"column-6\">Packing Quantity<\/th><th class=\"column-7\">Box Quantity<\/th>\n<\/tr>\n<\/thead>\n<tbody class=\"row-striping row-hover\">\n<tr class=\"row-2\">\n\t<td class=\"column-1\">EF16060302<\/td><td class=\"column-2\">32<\/td><td class=\"column-3\">35<\/td><td class=\"column-4\">79<\/td><td class=\"column-5\">16<\/td><td class=\"column-6\">1<\/td><td class=\"column-7\">*<\/td>\n<\/tr>\n<tr class=\"row-3\">\n\t<td class=\"column-1\">EF16060403<\/td><td class=\"column-2\">40<\/td><td class=\"column-3\">37,5<\/td><td class=\"column-4\">85<\/td><td class=\"column-5\">16<\/td><td class=\"column-6\">1<\/td><td class=\"column-7\">*<\/td>\n<\/tr>\n<tr class=\"row-4\">\n\t<td class=\"column-1\">EF16060503<\/td><td class=\"column-2\">50<\/td><td class=\"column-3\">40<\/td><td class=\"column-4\">96<\/td><td class=\"column-5\">16<\/td><td class=\"column-6\">1<\/td><td class=\"column-7\">*<\/td>\n<\/tr>\n<tr class=\"row-5\">\n\t<td class=\"column-1\">EF16060504<\/td><td class=\"column-2\">50<\/td><td class=\"column-3\">40<\/td><td class=\"column-4\">93<\/td><td class=\"column-5\">16<\/td><td class=\"column-6\">1<\/td><td class=\"column-7\">*<\/td>\n<\/tr>\n<tr class=\"row-6\">\n\t<td class=\"column-1\">EF16060603<\/td><td class=\"column-2\">63<\/td><td class=\"column-3\">46<\/td><td class=\"column-4\">112<\/td><td class=\"column-5\">16<\/td><td class=\"column-6\">1<\/td><td class=\"column-7\">*<\/td>\n<\/tr>\n<tr class=\"row-7\">\n\t<td class=\"column-1\">EF16060604<\/td><td class=\"column-2\">63<\/td><td class=\"column-3\">46<\/td><td class=\"column-4\">108<\/td><td class=\"column-5\">16<\/td><td class=\"column-6\">1<\/td><td class=\"column-7\">*<\/td>\n<\/tr>\n<tr class=\"row-8\">\n\t<td class=\"column-1\">EF16060605<\/td><td class=\"column-2\">63<\/td><td class=\"column-3\">46<\/td><td class=\"column-4\">104<\/td><td class=\"column-5\">16<\/td><td class=\"column-6\">1<\/td><td class=\"column-7\">*<\/td>\n<\/tr>\n<tr class=\"row-9\">\n\t<td class=\"column-1\">EF16060706<\/td><td class=\"column-2\">75<\/td><td class=\"column-3\">50<\/td><td class=\"column-4\">110,5<\/td><td class=\"column-5\">16<\/td><td class=\"column-6\">1<\/td><td class=\"column-7\">*<\/td>\n<\/tr>\n<tr class=\"row-10\">\n\t<td class=\"column-1\">EF16060806<\/td><td class=\"column-2\">90<\/td><td class=\"column-3\">56,5<\/td><td class=\"column-4\">132<\/td><td class=\"column-5\">16<\/td><td class=\"column-6\">1<\/td><td class=\"column-7\">*<\/td>\n<\/tr>\n<tr class=\"row-11\">\n\t<td class=\"column-1\">EF16060906<\/td><td class=\"column-2\">110<\/td><td class=\"column-3\">68,5<\/td><td class=\"column-4\">160<\/td><td class=\"column-5\">16<\/td><td class=\"column-6\">1<\/td><td class=\"column-7\">*<\/td>\n<\/tr>\n<tr class=\"row-12\">\n\t<td class=\"column-1\">EF16060908<\/td><td class=\"column-2\">110<\/td><td class=\"column-3\">68,5<\/td><td class=\"column-4\">148<\/td><td class=\"column-5\">16<\/td><td class=\"column-6\">1<\/td><td class=\"column-7\">*<\/td>\n<\/tr>\n<tr class=\"row-13\">\n\t<td class=\"column-1\">EF16061008<\/td><td class=\"column-2\">125<\/td><td class=\"column-3\">70,5<\/td><td class=\"column-4\">167<\/td><td class=\"column-5\">16<\/td><td class=\"column-6\">1<\/td><td class=\"column-7\">*<\/td>\n<\/tr>\n<tr class=\"row-14\">\n\t<td class=\"column-1\">EF16061208<\/td><td class=\"column-2\">160<\/td><td class=\"column-3\">83<\/td><td class=\"column-4\">210<\/td><td class=\"column-5\">16<\/td><td class=\"column-6\">1<\/td><td class=\"column-7\">*<\/td>\n<\/tr>\n<tr class=\"row-15\">\n\t<td class=\"column-1\">EF16061209<\/td><td class=\"column-2\">160<\/td><td class=\"column-3\">83<\/td><td class=\"column-4\">200<\/td><td class=\"column-5\">16<\/td><td class=\"column-6\">1<\/td><td class=\"column-7\">*<\/td>\n<\/tr>\n<\/tbody>\n<\/table>\n<!-- #tablepress-1337 from cache -->\n","protected":false},"excerpt":{"rendered":"<div class=\"product-detail-infos\">\n<div class=\"product-detail-infos\">\n<h2>PE 100 SDR 11<\/h2>\n<h2>Guaranteed Pressure Value<\/h2>\n<ul>\n<li>\u00d8 20 mm \u2013 \u00d8 160 mm (Su) :PN 16<\/li>\n<li>\u00d8 20 mm \u2013 \u00d8 160 mm (Gaz) :PN 10<\/li>\n<\/ul>\n<\/div>\n<div class=\"product-detail-infos\">\n<h2>Fields of Application<\/h2>\n<ul>\n<li>Polyethylene Water and Natural Gas Systems<\/li>\n<\/ul>\n<\/div>\n<\/div>\n","protected":false},"featured_media":29134,"comment_status":"closed","ping_status":"closed","template":"","meta":{"_acf_changed":false},"product_cat":[6682,6681],"product_tag":[6751,6752,6753,6754,6755,6756,6757],"class_list":{"0":"post-29052","1":"product","2":"type-product","3":"status-publish","4":"has-post-thumbnail","6":"product_cat-electrofusion-fittings","7":"product_cat-poelsanef-en","8":"product_tag-sp16020606-en","9":"product_tag-sp16020707-en","10":"product_tag-sp16020808-en","11":"product_tag-sp16020909-en","12":"product_tag-sp16021010-en","13":"product_tag-sp16021111-en","14":"product_tag-sp16021212-en","16":"first","17":"instock","18":"product-type-simple"},"acf":[],"yoast_head":"<!-- This site is optimized with the Yoast SEO plugin v25.9 - https:\/\/yoast.com\/wordpress\/plugins\/seo\/ -->\n<title>EF Reducer - Poelsan<\/title>\n<meta name=\"description\" content=\"Poelsan EF Reducer \u00dcr\u00fcn\u00fcm\u00fcz ve Daha Fazla Sulama Ekipmanlar\u0131m\u0131z\u0131 Hemen Ke\u015ffedin.\" \/>\n<meta name=\"robots\" content=\"index, follow, max-snippet:-1, max-image-preview:large, max-video-preview:-1\" \/>\n<link rel=\"canonical\" href=\"https:\/\/www.poelsan.com\/en\/product\/kor-tapa-kit-en-copy-copy-2\/\" \/>\n<meta property=\"og:locale\" content=\"en_US\" \/>\n<meta property=\"og:type\" content=\"article\" \/>\n<meta property=\"og:title\" content=\"EF Reducer - Poelsan\" \/>\n<meta property=\"og:description\" content=\"Poelsan EF Reducer \u00dcr\u00fcn\u00fcm\u00fcz ve Daha Fazla Sulama Ekipmanlar\u0131m\u0131z\u0131 Hemen Ke\u015ffedin.\" \/>\n<meta property=\"og:url\" content=\"https:\/\/www.poelsan.com\/en\/product\/kor-tapa-kit-en-copy-copy-2\/\" \/>\n<meta property=\"og:site_name\" content=\"Poelsan\" \/>\n<meta property=\"article:publisher\" content=\"https:\/\/www.facebook.com\/poelsanplastik\/\" \/>\n<meta property=\"article:modified_time\" content=\"2026-02-26T13:24:36+00:00\" \/>\n<meta property=\"og:image\" content=\"https:\/\/www.poelsan.com\/wp-content\/uploads\/2026\/02\/ef-reduksiyon-1.png\" \/>\n\t<meta property=\"og:image:width\" content=\"600\" \/>\n\t<meta property=\"og:image:height\" content=\"350\" \/>\n\t<meta property=\"og:image:type\" content=\"image\/png\" \/>\n<meta name=\"twitter:card\" content=\"summary_large_image\" \/>\n<meta name=\"twitter:label1\" content=\"Est. reading time\" \/>\n\t<meta name=\"twitter:data1\" content=\"1 minute\" \/>\n<script type=\"application\/ld+json\" class=\"yoast-schema-graph\">{\"@context\":\"https:\/\/schema.org\",\"@graph\":[{\"@type\":\"WebPage\",\"@id\":\"https:\/\/www.poelsan.com\/en\/product\/kor-tapa-kit-en-copy-copy-2\/\",\"url\":\"https:\/\/www.poelsan.com\/en\/product\/kor-tapa-kit-en-copy-copy-2\/\",\"name\":\"EF Reducer - Poelsan\",\"isPartOf\":{\"@id\":\"https:\/\/www.poelsan.com\/en\/#website\"},\"primaryImageOfPage\":{\"@id\":\"https:\/\/www.poelsan.com\/en\/product\/kor-tapa-kit-en-copy-copy-2\/#primaryimage\"},\"image\":{\"@id\":\"https:\/\/www.poelsan.com\/en\/product\/kor-tapa-kit-en-copy-copy-2\/#primaryimage\"},\"thumbnailUrl\":\"https:\/\/www.poelsan.com\/wp-content\/uploads\/2026\/02\/ef-reduksiyon-1.png\",\"datePublished\":\"2026-02-24T09:02:27+00:00\",\"dateModified\":\"2026-02-26T13:24:36+00:00\",\"description\":\"Poelsan EF Reducer \u00dcr\u00fcn\u00fcm\u00fcz ve Daha Fazla Sulama Ekipmanlar\u0131m\u0131z\u0131 Hemen Ke\u015ffedin.\",\"breadcrumb\":{\"@id\":\"https:\/\/www.poelsan.com\/en\/product\/kor-tapa-kit-en-copy-copy-2\/#breadcrumb\"},\"inLanguage\":\"en-US\",\"potentialAction\":[{\"@type\":\"ReadAction\",\"target\":[\"https:\/\/www.poelsan.com\/en\/product\/kor-tapa-kit-en-copy-copy-2\/\"]}]},{\"@type\":\"ImageObject\",\"inLanguage\":\"en-US\",\"@id\":\"https:\/\/www.poelsan.com\/en\/product\/kor-tapa-kit-en-copy-copy-2\/#primaryimage\",\"url\":\"https:\/\/www.poelsan.com\/wp-content\/uploads\/2026\/02\/ef-reduksiyon-1.png\",\"contentUrl\":\"https:\/\/www.poelsan.com\/wp-content\/uploads\/2026\/02\/ef-reduksiyon-1.png\",\"width\":600,\"height\":350},{\"@type\":\"BreadcrumbList\",\"@id\":\"https:\/\/www.poelsan.com\/en\/product\/kor-tapa-kit-en-copy-copy-2\/#breadcrumb\",\"itemListElement\":[{\"@type\":\"ListItem\",\"position\":1,\"name\":\"Home\",\"item\":\"https:\/\/www.poelsan.com\/en\/\"},{\"@type\":\"ListItem\",\"position\":2,\"name\":\"Products\",\"item\":\"https:\/\/www.poelsan.com\/en\/shop\/\"},{\"@type\":\"ListItem\",\"position\":3,\"name\":\"EF Reducer\"}]},{\"@type\":\"WebSite\",\"@id\":\"https:\/\/www.poelsan.com\/en\/#website\",\"url\":\"https:\/\/www.poelsan.com\/en\/\",\"name\":\"Poelsan: Sekt\u00f6r\u00fcnde D\u00fcnya Markas\u0131\",\"description\":\"Sekt\u00f6r\u00fcnde D\u00fcnya Markas\u0131\",\"publisher\":{\"@id\":\"https:\/\/www.poelsan.com\/en\/#organization\"},\"potentialAction\":[{\"@type\":\"SearchAction\",\"target\":{\"@type\":\"EntryPoint\",\"urlTemplate\":\"https:\/\/www.poelsan.com\/en\/?s={search_term_string}\"},\"query-input\":{\"@type\":\"PropertyValueSpecification\",\"valueRequired\":true,\"valueName\":\"search_term_string\"}}],\"inLanguage\":\"en-US\"},{\"@type\":\"Organization\",\"@id\":\"https:\/\/www.poelsan.com\/en\/#organization\",\"name\":\"Poelsan: Sekt\u00f6r\u00fcnde D\u00fcnya Markas\u0131\",\"url\":\"https:\/\/www.poelsan.com\/en\/\",\"logo\":{\"@type\":\"ImageObject\",\"inLanguage\":\"en-US\",\"@id\":\"https:\/\/www.poelsan.com\/en\/#\/schema\/logo\/image\/\",\"url\":\"https:\/\/www.poelsan.com\/wp-content\/uploads\/2025\/09\/poelsan.png\",\"contentUrl\":\"https:\/\/www.poelsan.com\/wp-content\/uploads\/2025\/09\/poelsan.png\",\"width\":1200,\"height\":675,\"caption\":\"Poelsan: Sekt\u00f6r\u00fcnde D\u00fcnya Markas\u0131\"},\"image\":{\"@id\":\"https:\/\/www.poelsan.com\/en\/#\/schema\/logo\/image\/\"},\"sameAs\":[\"https:\/\/www.facebook.com\/poelsanplastik\/\",\"https:\/\/www.instagram.com\/explore\/locations\/541106002887674\/poelsan-plastik-san-ve-tic-as\/\"]}]}<\/script>\n<!-- \/ Yoast SEO plugin. -->","yoast_head_json":{"title":"EF Reducer - Poelsan","description":"Poelsan EF Reducer \u00dcr\u00fcn\u00fcm\u00fcz ve Daha Fazla Sulama Ekipmanlar\u0131m\u0131z\u0131 Hemen Ke\u015ffedin.","robots":{"index":"index","follow":"follow","max-snippet":"max-snippet:-1","max-image-preview":"max-image-preview:large","max-video-preview":"max-video-preview:-1"},"canonical":"https:\/\/www.poelsan.com\/en\/product\/kor-tapa-kit-en-copy-copy-2\/","og_locale":"en_US","og_type":"article","og_title":"EF Reducer - Poelsan","og_description":"Poelsan EF Reducer \u00dcr\u00fcn\u00fcm\u00fcz ve Daha Fazla Sulama Ekipmanlar\u0131m\u0131z\u0131 Hemen Ke\u015ffedin.","og_url":"https:\/\/www.poelsan.com\/en\/product\/kor-tapa-kit-en-copy-copy-2\/","og_site_name":"Poelsan","article_publisher":"https:\/\/www.facebook.com\/poelsanplastik\/","article_modified_time":"2026-02-26T13:24:36+00:00","og_image":[{"width":600,"height":350,"url":"https:\/\/www.poelsan.com\/wp-content\/uploads\/2026\/02\/ef-reduksiyon-1.png","type":"image\/png"}],"twitter_card":"summary_large_image","twitter_misc":{"Est. reading time":"1 minute"},"schema":{"@context":"https:\/\/schema.org","@graph":[{"@type":"WebPage","@id":"https:\/\/www.poelsan.com\/en\/product\/kor-tapa-kit-en-copy-copy-2\/","url":"https:\/\/www.poelsan.com\/en\/product\/kor-tapa-kit-en-copy-copy-2\/","name":"EF Reducer - Poelsan","isPartOf":{"@id":"https:\/\/www.poelsan.com\/en\/#website"},"primaryImageOfPage":{"@id":"https:\/\/www.poelsan.com\/en\/product\/kor-tapa-kit-en-copy-copy-2\/#primaryimage"},"image":{"@id":"https:\/\/www.poelsan.com\/en\/product\/kor-tapa-kit-en-copy-copy-2\/#primaryimage"},"thumbnailUrl":"https:\/\/www.poelsan.com\/wp-content\/uploads\/2026\/02\/ef-reduksiyon-1.png","datePublished":"2026-02-24T09:02:27+00:00","dateModified":"2026-02-26T13:24:36+00:00","description":"Poelsan EF Reducer \u00dcr\u00fcn\u00fcm\u00fcz ve Daha Fazla Sulama Ekipmanlar\u0131m\u0131z\u0131 Hemen Ke\u015ffedin.","breadcrumb":{"@id":"https:\/\/www.poelsan.com\/en\/product\/kor-tapa-kit-en-copy-copy-2\/#breadcrumb"},"inLanguage":"en-US","potentialAction":[{"@type":"ReadAction","target":["https:\/\/www.poelsan.com\/en\/product\/kor-tapa-kit-en-copy-copy-2\/"]}]},{"@type":"ImageObject","inLanguage":"en-US","@id":"https:\/\/www.poelsan.com\/en\/product\/kor-tapa-kit-en-copy-copy-2\/#primaryimage","url":"https:\/\/www.poelsan.com\/wp-content\/uploads\/2026\/02\/ef-reduksiyon-1.png","contentUrl":"https:\/\/www.poelsan.com\/wp-content\/uploads\/2026\/02\/ef-reduksiyon-1.png","width":600,"height":350},{"@type":"BreadcrumbList","@id":"https:\/\/www.poelsan.com\/en\/product\/kor-tapa-kit-en-copy-copy-2\/#breadcrumb","itemListElement":[{"@type":"ListItem","position":1,"name":"Home","item":"https:\/\/www.poelsan.com\/en\/"},{"@type":"ListItem","position":2,"name":"Products","item":"https:\/\/www.poelsan.com\/en\/shop\/"},{"@type":"ListItem","position":3,"name":"EF Reducer"}]},{"@type":"WebSite","@id":"https:\/\/www.poelsan.com\/en\/#website","url":"https:\/\/www.poelsan.com\/en\/","name":"Poelsan: Sekt\u00f6r\u00fcnde D\u00fcnya Markas\u0131","description":"Sekt\u00f6r\u00fcnde D\u00fcnya Markas\u0131","publisher":{"@id":"https:\/\/www.poelsan.com\/en\/#organization"},"potentialAction":[{"@type":"SearchAction","target":{"@type":"EntryPoint","urlTemplate":"https:\/\/www.poelsan.com\/en\/?s={search_term_string}"},"query-input":{"@type":"PropertyValueSpecification","valueRequired":true,"valueName":"search_term_string"}}],"inLanguage":"en-US"},{"@type":"Organization","@id":"https:\/\/www.poelsan.com\/en\/#organization","name":"Poelsan: Sekt\u00f6r\u00fcnde D\u00fcnya Markas\u0131","url":"https:\/\/www.poelsan.com\/en\/","logo":{"@type":"ImageObject","inLanguage":"en-US","@id":"https:\/\/www.poelsan.com\/en\/#\/schema\/logo\/image\/","url":"https:\/\/www.poelsan.com\/wp-content\/uploads\/2025\/09\/poelsan.png","contentUrl":"https:\/\/www.poelsan.com\/wp-content\/uploads\/2025\/09\/poelsan.png","width":1200,"height":675,"caption":"Poelsan: Sekt\u00f6r\u00fcnde D\u00fcnya Markas\u0131"},"image":{"@id":"https:\/\/www.poelsan.com\/en\/#\/schema\/logo\/image\/"},"sameAs":["https:\/\/www.facebook.com\/poelsanplastik\/","https:\/\/www.instagram.com\/explore\/locations\/541106002887674\/poelsan-plastik-san-ve-tic-as\/"]}]}},"_links":{"self":[{"href":"https:\/\/www.poelsan.com\/en\/wp-json\/wp\/v2\/product\/29052","targetHints":{"allow":["GET"]}}],"collection":[{"href":"https:\/\/www.poelsan.com\/en\/wp-json\/wp\/v2\/product"}],"about":[{"href":"https:\/\/www.poelsan.com\/en\/wp-json\/wp\/v2\/types\/product"}],"replies":[{"embeddable":true,"href":"https:\/\/www.poelsan.com\/en\/wp-json\/wp\/v2\/comments?post=29052"}],"wp:featuredmedia":[{"embeddable":true,"href":"https:\/\/www.poelsan.com\/en\/wp-json\/wp\/v2\/media\/29134"}],"wp:attachment":[{"href":"https:\/\/www.poelsan.com\/en\/wp-json\/wp\/v2\/media?parent=29052"}],"wp:term":[{"taxonomy":"product_cat","embeddable":true,"href":"https:\/\/www.poelsan.com\/en\/wp-json\/wp\/v2\/product_cat?post=29052"},{"taxonomy":"product_tag","embeddable":true,"href":"https:\/\/www.poelsan.com\/en\/wp-json\/wp\/v2\/product_tag?post=29052"}],"curies":[{"name":"wp","href":"https:\/\/api.w.org\/{rel}","templated":true}]}}