{"id":29043,"date":"2026-02-24T12:01:24","date_gmt":"2026-02-24T09:01:24","guid":{"rendered":"https:\/\/www.poelsan.com\/?post_type=product&#038;p=29043"},"modified":"2026-02-27T09:16:14","modified_gmt":"2026-02-27T06:16:14","slug":"kor-tapa-kit-en-copy","status":"publish","type":"product","link":"https:\/\/www.poelsan.com\/en\/product\/kor-tapa-kit-en-copy\/","title":{"rendered":"EF Equal Tee"},"content":{"rendered":"\n<table id=\"tablepress-1347\" class=\"tablepress tablepress-id-1347\">\n<thead>\n<tr class=\"row-1\">\n\t<th class=\"column-1\">Code<\/th><th class=\"column-2\">Size d (mm)<\/th><th class=\"column-3\">Size D (mm)<\/th><th class=\"column-4\">Size L1 (mm)<\/th><th class=\"column-5\">Size Z (mm)<\/th><th class=\"column-6\">Pressure Value<\/th><th class=\"column-7\">Packing Quantity<\/th><th class=\"column-8\">Box Quantity<\/th>\n<\/tr>\n<\/thead>\n<tbody class=\"row-striping row-hover\">\n<tr class=\"row-2\">\n\t<td class=\"column-1\">EF16020101<\/td><td class=\"column-2\">20<\/td><td class=\"column-3\">31,5<\/td><td class=\"column-4\">34<\/td><td class=\"column-5\">92<\/td><td class=\"column-6\">16<\/td><td class=\"column-7\">1<\/td><td class=\"column-8\">220<\/td>\n<\/tr>\n<tr class=\"row-3\">\n\t<td class=\"column-1\">EF16020202<\/td><td class=\"column-2\">25<\/td><td class=\"column-3\">36,5<\/td><td class=\"column-4\">34<\/td><td class=\"column-5\">97<\/td><td class=\"column-6\">16<\/td><td class=\"column-7\">1<\/td><td class=\"column-8\">180<\/td>\n<\/tr>\n<tr class=\"row-4\">\n\t<td class=\"column-1\">EF16020303<\/td><td class=\"column-2\">32<\/td><td class=\"column-3\">43,5<\/td><td class=\"column-4\">35<\/td><td class=\"column-5\">103,5<\/td><td class=\"column-6\">16<\/td><td class=\"column-7\">1<\/td><td class=\"column-8\">130<\/td>\n<\/tr>\n<tr class=\"row-5\">\n\t<td class=\"column-1\">EF16020404<\/td><td class=\"column-2\">40<\/td><td class=\"column-3\">52<\/td><td class=\"column-4\">37,5<\/td><td class=\"column-5\">118<\/td><td class=\"column-6\">16<\/td><td class=\"column-7\">1<\/td><td class=\"column-8\">100<\/td>\n<\/tr>\n<tr class=\"row-6\">\n\t<td class=\"column-1\">EF16020505<\/td><td class=\"column-2\">50<\/td><td class=\"column-3\">63,5<\/td><td class=\"column-4\">40<\/td><td class=\"column-5\">134<\/td><td class=\"column-6\">16<\/td><td class=\"column-7\">1<\/td><td class=\"column-8\">55<\/td>\n<\/tr>\n<tr class=\"row-7\">\n\t<td class=\"column-1\">EF16020606<\/td><td class=\"column-2\">63<\/td><td class=\"column-3\">79<\/td><td class=\"column-4\">46<\/td><td class=\"column-5\">162<\/td><td class=\"column-6\">16<\/td><td class=\"column-7\">1<\/td><td class=\"column-8\">38<\/td>\n<\/tr>\n<tr class=\"row-8\">\n\t<td class=\"column-1\">EF16020707<\/td><td class=\"column-2\">75<\/td><td class=\"column-3\">94<\/td><td class=\"column-4\">50<\/td><td class=\"column-5\">181<\/td><td class=\"column-6\">16<\/td><td class=\"column-7\">1<\/td><td class=\"column-8\">21<\/td>\n<\/tr>\n<tr class=\"row-9\">\n\t<td class=\"column-1\">EF16020808<\/td><td class=\"column-2\">90<\/td><td class=\"column-3\">113<\/td><td class=\"column-4\">56,5<\/td><td class=\"column-5\">210<\/td><td class=\"column-6\">16<\/td><td class=\"column-7\">1<\/td><td class=\"column-8\">13<\/td>\n<\/tr>\n<tr class=\"row-10\">\n\t<td class=\"column-1\">EF16020909<\/td><td class=\"column-2\">110<\/td><td class=\"column-3\">138<\/td><td class=\"column-4\">68,5<\/td><td class=\"column-5\">256<\/td><td class=\"column-6\">16<\/td><td class=\"column-7\">*<\/td><td class=\"column-8\">*<\/td>\n<\/tr>\n<tr class=\"row-11\">\n\t<td class=\"column-1\">EF16021010<\/td><td class=\"column-2\">125<\/td><td class=\"column-3\">154,5<\/td><td class=\"column-4\">73,5<\/td><td class=\"column-5\">273,5<\/td><td class=\"column-6\">16<\/td><td class=\"column-7\">*<\/td><td class=\"column-8\">*<\/td>\n<\/tr>\n<tr class=\"row-12\">\n\t<td class=\"column-1\">EF16021111<\/td><td class=\"column-2\">140<\/td><td class=\"column-3\">174<\/td><td class=\"column-4\">78,5<\/td><td class=\"column-5\">300,5<\/td><td class=\"column-6\">16<\/td><td class=\"column-7\">*<\/td><td class=\"column-8\">*<\/td>\n<\/tr>\n<tr class=\"row-13\">\n\t<td class=\"column-1\">EF16021212<\/td><td class=\"column-2\">160<\/td><td class=\"column-3\">197,5<\/td><td class=\"column-4\">83<\/td><td class=\"column-5\">338<\/td><td class=\"column-6\">16<\/td><td class=\"column-7\">*<\/td><td class=\"column-8\">*<\/td>\n<\/tr>\n<\/tbody>\n<\/table>\n\n","protected":false},"excerpt":{"rendered":"<div class=\"product-detail-infos\">\n<div class=\"product-detail-infos\">\n<h2>PE 100 SDR 11<\/h2>\n<h2>Guaranteed Pressure Value<\/h2>\n<ul>\n<li>\u00d8 20 mm \u2013 \u00d8 160 mm (Su) :PN 16<\/li>\n<li>\u00d8 20 mm \u2013 \u00d8 160 mm (Gaz) :PN 10<\/li>\n<\/ul>\n<\/div>\n<div class=\"product-detail-infos\">\n<h2>Fields of Application<\/h2>\n<ul>\n<li>Polyethylene Water and Natural Gas Systems<\/li>\n<\/ul>\n<\/div>\n<\/div>\n","protected":false},"featured_media":29086,"comment_status":"closed","ping_status":"closed","template":"","meta":{"_acf_changed":false},"product_cat":[6682,6681],"product_tag":[6751,6752,6753,6754,6755,6756,6757],"class_list":{"0":"post-29043","1":"product","2":"type-product","3":"status-publish","4":"has-post-thumbnail","6":"product_cat-electrofusion-fittings","7":"product_cat-poelsanef-en","8":"product_tag-sp16020606-en","9":"product_tag-sp16020707-en","10":"product_tag-sp16020808-en","11":"product_tag-sp16020909-en","12":"product_tag-sp16021010-en","13":"product_tag-sp16021111-en","14":"product_tag-sp16021212-en","16":"first","17":"instock","18":"product-type-simple"},"acf":[],"yoast_head":"<!-- This site is optimized with the Yoast SEO plugin v25.9 - https:\/\/yoast.com\/wordpress\/plugins\/seo\/ -->\n<title>EF Equal Tee - Poelsan<\/title>\n<meta name=\"description\" content=\"Poelsan EF Equal Tee \u00dcr\u00fcn\u00fcm\u00fcz ve Daha Fazla Sulama Ekipmanlar\u0131m\u0131z\u0131 Hemen Ke\u015ffedin.\" \/>\n<meta name=\"robots\" content=\"index, follow, max-snippet:-1, max-image-preview:large, max-video-preview:-1\" \/>\n<link rel=\"canonical\" href=\"https:\/\/www.poelsan.com\/en\/product\/kor-tapa-kit-en-copy\/\" \/>\n<meta property=\"og:locale\" content=\"en_US\" \/>\n<meta property=\"og:type\" content=\"article\" \/>\n<meta property=\"og:title\" content=\"EF Equal Tee - Poelsan\" \/>\n<meta property=\"og:description\" content=\"Poelsan EF Equal Tee \u00dcr\u00fcn\u00fcm\u00fcz ve Daha Fazla Sulama Ekipmanlar\u0131m\u0131z\u0131 Hemen Ke\u015ffedin.\" \/>\n<meta property=\"og:url\" content=\"https:\/\/www.poelsan.com\/en\/product\/kor-tapa-kit-en-copy\/\" \/>\n<meta property=\"og:site_name\" content=\"Poelsan\" \/>\n<meta property=\"article:publisher\" content=\"https:\/\/www.facebook.com\/poelsanplastik\/\" \/>\n<meta property=\"article:modified_time\" content=\"2026-02-27T06:16:14+00:00\" \/>\n<meta property=\"og:image\" content=\"https:\/\/www.poelsan.com\/wp-content\/uploads\/2026\/02\/EF-Esit-Te.png\" \/>\n\t<meta property=\"og:image:width\" content=\"300\" \/>\n\t<meta property=\"og:image:height\" content=\"300\" \/>\n\t<meta property=\"og:image:type\" content=\"image\/png\" \/>\n<meta name=\"twitter:card\" content=\"summary_large_image\" \/>\n<meta name=\"twitter:label1\" content=\"Est. reading time\" \/>\n\t<meta name=\"twitter:data1\" content=\"1 minute\" \/>\n<script type=\"application\/ld+json\" class=\"yoast-schema-graph\">{\"@context\":\"https:\/\/schema.org\",\"@graph\":[{\"@type\":\"WebPage\",\"@id\":\"https:\/\/www.poelsan.com\/en\/product\/kor-tapa-kit-en-copy\/\",\"url\":\"https:\/\/www.poelsan.com\/en\/product\/kor-tapa-kit-en-copy\/\",\"name\":\"EF Equal Tee - Poelsan\",\"isPartOf\":{\"@id\":\"https:\/\/www.poelsan.com\/en\/#website\"},\"primaryImageOfPage\":{\"@id\":\"https:\/\/www.poelsan.com\/en\/product\/kor-tapa-kit-en-copy\/#primaryimage\"},\"image\":{\"@id\":\"https:\/\/www.poelsan.com\/en\/product\/kor-tapa-kit-en-copy\/#primaryimage\"},\"thumbnailUrl\":\"https:\/\/www.poelsan.com\/wp-content\/uploads\/2026\/02\/EF-Esit-Te.png\",\"datePublished\":\"2026-02-24T09:01:24+00:00\",\"dateModified\":\"2026-02-27T06:16:14+00:00\",\"description\":\"Poelsan EF Equal Tee \u00dcr\u00fcn\u00fcm\u00fcz ve Daha Fazla Sulama Ekipmanlar\u0131m\u0131z\u0131 Hemen Ke\u015ffedin.\",\"breadcrumb\":{\"@id\":\"https:\/\/www.poelsan.com\/en\/product\/kor-tapa-kit-en-copy\/#breadcrumb\"},\"inLanguage\":\"en-US\",\"potentialAction\":[{\"@type\":\"ReadAction\",\"target\":[\"https:\/\/www.poelsan.com\/en\/product\/kor-tapa-kit-en-copy\/\"]}]},{\"@type\":\"ImageObject\",\"inLanguage\":\"en-US\",\"@id\":\"https:\/\/www.poelsan.com\/en\/product\/kor-tapa-kit-en-copy\/#primaryimage\",\"url\":\"https:\/\/www.poelsan.com\/wp-content\/uploads\/2026\/02\/EF-Esit-Te.png\",\"contentUrl\":\"https:\/\/www.poelsan.com\/wp-content\/uploads\/2026\/02\/EF-Esit-Te.png\",\"width\":300,\"height\":300},{\"@type\":\"BreadcrumbList\",\"@id\":\"https:\/\/www.poelsan.com\/en\/product\/kor-tapa-kit-en-copy\/#breadcrumb\",\"itemListElement\":[{\"@type\":\"ListItem\",\"position\":1,\"name\":\"Home\",\"item\":\"https:\/\/www.poelsan.com\/en\/\"},{\"@type\":\"ListItem\",\"position\":2,\"name\":\"Products\",\"item\":\"https:\/\/www.poelsan.com\/en\/shop\/\"},{\"@type\":\"ListItem\",\"position\":3,\"name\":\"EF Equal Tee\"}]},{\"@type\":\"WebSite\",\"@id\":\"https:\/\/www.poelsan.com\/en\/#website\",\"url\":\"https:\/\/www.poelsan.com\/en\/\",\"name\":\"Poelsan: Sekt\u00f6r\u00fcnde D\u00fcnya Markas\u0131\",\"description\":\"Sekt\u00f6r\u00fcnde D\u00fcnya Markas\u0131\",\"publisher\":{\"@id\":\"https:\/\/www.poelsan.com\/en\/#organization\"},\"potentialAction\":[{\"@type\":\"SearchAction\",\"target\":{\"@type\":\"EntryPoint\",\"urlTemplate\":\"https:\/\/www.poelsan.com\/en\/?s={search_term_string}\"},\"query-input\":{\"@type\":\"PropertyValueSpecification\",\"valueRequired\":true,\"valueName\":\"search_term_string\"}}],\"inLanguage\":\"en-US\"},{\"@type\":\"Organization\",\"@id\":\"https:\/\/www.poelsan.com\/en\/#organization\",\"name\":\"Poelsan: Sekt\u00f6r\u00fcnde D\u00fcnya Markas\u0131\",\"url\":\"https:\/\/www.poelsan.com\/en\/\",\"logo\":{\"@type\":\"ImageObject\",\"inLanguage\":\"en-US\",\"@id\":\"https:\/\/www.poelsan.com\/en\/#\/schema\/logo\/image\/\",\"url\":\"https:\/\/www.poelsan.com\/wp-content\/uploads\/2025\/09\/poelsan.png\",\"contentUrl\":\"https:\/\/www.poelsan.com\/wp-content\/uploads\/2025\/09\/poelsan.png\",\"width\":1200,\"height\":675,\"caption\":\"Poelsan: Sekt\u00f6r\u00fcnde D\u00fcnya Markas\u0131\"},\"image\":{\"@id\":\"https:\/\/www.poelsan.com\/en\/#\/schema\/logo\/image\/\"},\"sameAs\":[\"https:\/\/www.facebook.com\/poelsanplastik\/\",\"https:\/\/www.instagram.com\/explore\/locations\/541106002887674\/poelsan-plastik-san-ve-tic-as\/\"]}]}<\/script>\n<!-- \/ Yoast SEO plugin. -->","yoast_head_json":{"title":"EF Equal Tee - Poelsan","description":"Poelsan EF Equal Tee \u00dcr\u00fcn\u00fcm\u00fcz ve Daha Fazla Sulama Ekipmanlar\u0131m\u0131z\u0131 Hemen Ke\u015ffedin.","robots":{"index":"index","follow":"follow","max-snippet":"max-snippet:-1","max-image-preview":"max-image-preview:large","max-video-preview":"max-video-preview:-1"},"canonical":"https:\/\/www.poelsan.com\/en\/product\/kor-tapa-kit-en-copy\/","og_locale":"en_US","og_type":"article","og_title":"EF Equal Tee - Poelsan","og_description":"Poelsan EF Equal Tee \u00dcr\u00fcn\u00fcm\u00fcz ve Daha Fazla Sulama Ekipmanlar\u0131m\u0131z\u0131 Hemen Ke\u015ffedin.","og_url":"https:\/\/www.poelsan.com\/en\/product\/kor-tapa-kit-en-copy\/","og_site_name":"Poelsan","article_publisher":"https:\/\/www.facebook.com\/poelsanplastik\/","article_modified_time":"2026-02-27T06:16:14+00:00","og_image":[{"width":300,"height":300,"url":"https:\/\/www.poelsan.com\/wp-content\/uploads\/2026\/02\/EF-Esit-Te.png","type":"image\/png"}],"twitter_card":"summary_large_image","twitter_misc":{"Est. reading time":"1 minute"},"schema":{"@context":"https:\/\/schema.org","@graph":[{"@type":"WebPage","@id":"https:\/\/www.poelsan.com\/en\/product\/kor-tapa-kit-en-copy\/","url":"https:\/\/www.poelsan.com\/en\/product\/kor-tapa-kit-en-copy\/","name":"EF Equal Tee - Poelsan","isPartOf":{"@id":"https:\/\/www.poelsan.com\/en\/#website"},"primaryImageOfPage":{"@id":"https:\/\/www.poelsan.com\/en\/product\/kor-tapa-kit-en-copy\/#primaryimage"},"image":{"@id":"https:\/\/www.poelsan.com\/en\/product\/kor-tapa-kit-en-copy\/#primaryimage"},"thumbnailUrl":"https:\/\/www.poelsan.com\/wp-content\/uploads\/2026\/02\/EF-Esit-Te.png","datePublished":"2026-02-24T09:01:24+00:00","dateModified":"2026-02-27T06:16:14+00:00","description":"Poelsan EF Equal Tee \u00dcr\u00fcn\u00fcm\u00fcz ve Daha Fazla Sulama Ekipmanlar\u0131m\u0131z\u0131 Hemen Ke\u015ffedin.","breadcrumb":{"@id":"https:\/\/www.poelsan.com\/en\/product\/kor-tapa-kit-en-copy\/#breadcrumb"},"inLanguage":"en-US","potentialAction":[{"@type":"ReadAction","target":["https:\/\/www.poelsan.com\/en\/product\/kor-tapa-kit-en-copy\/"]}]},{"@type":"ImageObject","inLanguage":"en-US","@id":"https:\/\/www.poelsan.com\/en\/product\/kor-tapa-kit-en-copy\/#primaryimage","url":"https:\/\/www.poelsan.com\/wp-content\/uploads\/2026\/02\/EF-Esit-Te.png","contentUrl":"https:\/\/www.poelsan.com\/wp-content\/uploads\/2026\/02\/EF-Esit-Te.png","width":300,"height":300},{"@type":"BreadcrumbList","@id":"https:\/\/www.poelsan.com\/en\/product\/kor-tapa-kit-en-copy\/#breadcrumb","itemListElement":[{"@type":"ListItem","position":1,"name":"Home","item":"https:\/\/www.poelsan.com\/en\/"},{"@type":"ListItem","position":2,"name":"Products","item":"https:\/\/www.poelsan.com\/en\/shop\/"},{"@type":"ListItem","position":3,"name":"EF Equal Tee"}]},{"@type":"WebSite","@id":"https:\/\/www.poelsan.com\/en\/#website","url":"https:\/\/www.poelsan.com\/en\/","name":"Poelsan: Sekt\u00f6r\u00fcnde D\u00fcnya Markas\u0131","description":"Sekt\u00f6r\u00fcnde D\u00fcnya Markas\u0131","publisher":{"@id":"https:\/\/www.poelsan.com\/en\/#organization"},"potentialAction":[{"@type":"SearchAction","target":{"@type":"EntryPoint","urlTemplate":"https:\/\/www.poelsan.com\/en\/?s={search_term_string}"},"query-input":{"@type":"PropertyValueSpecification","valueRequired":true,"valueName":"search_term_string"}}],"inLanguage":"en-US"},{"@type":"Organization","@id":"https:\/\/www.poelsan.com\/en\/#organization","name":"Poelsan: Sekt\u00f6r\u00fcnde D\u00fcnya Markas\u0131","url":"https:\/\/www.poelsan.com\/en\/","logo":{"@type":"ImageObject","inLanguage":"en-US","@id":"https:\/\/www.poelsan.com\/en\/#\/schema\/logo\/image\/","url":"https:\/\/www.poelsan.com\/wp-content\/uploads\/2025\/09\/poelsan.png","contentUrl":"https:\/\/www.poelsan.com\/wp-content\/uploads\/2025\/09\/poelsan.png","width":1200,"height":675,"caption":"Poelsan: Sekt\u00f6r\u00fcnde D\u00fcnya Markas\u0131"},"image":{"@id":"https:\/\/www.poelsan.com\/en\/#\/schema\/logo\/image\/"},"sameAs":["https:\/\/www.facebook.com\/poelsanplastik\/","https:\/\/www.instagram.com\/explore\/locations\/541106002887674\/poelsan-plastik-san-ve-tic-as\/"]}]}},"_links":{"self":[{"href":"https:\/\/www.poelsan.com\/en\/wp-json\/wp\/v2\/product\/29043","targetHints":{"allow":["GET"]}}],"collection":[{"href":"https:\/\/www.poelsan.com\/en\/wp-json\/wp\/v2\/product"}],"about":[{"href":"https:\/\/www.poelsan.com\/en\/wp-json\/wp\/v2\/types\/product"}],"replies":[{"embeddable":true,"href":"https:\/\/www.poelsan.com\/en\/wp-json\/wp\/v2\/comments?post=29043"}],"wp:featuredmedia":[{"embeddable":true,"href":"https:\/\/www.poelsan.com\/en\/wp-json\/wp\/v2\/media\/29086"}],"wp:attachment":[{"href":"https:\/\/www.poelsan.com\/en\/wp-json\/wp\/v2\/media?parent=29043"}],"wp:term":[{"taxonomy":"product_cat","embeddable":true,"href":"https:\/\/www.poelsan.com\/en\/wp-json\/wp\/v2\/product_cat?post=29043"},{"taxonomy":"product_tag","embeddable":true,"href":"https:\/\/www.poelsan.com\/en\/wp-json\/wp\/v2\/product_tag?post=29043"}],"curies":[{"name":"wp","href":"https:\/\/api.w.org\/{rel}","templated":true}]}}