{"id":21226,"date":"2024-06-24T15:50:18","date_gmt":"2024-06-24T12:50:18","guid":{"rendered":"https:\/\/www.poelsan.com\/urun\/center-corner-strip-nozzle\/"},"modified":"2025-03-28T09:54:35","modified_gmt":"2025-03-28T06:54:35","slug":"center-corner-strip-nozzle","status":"publish","type":"product","link":"https:\/\/www.poelsan.com\/en\/product\/center-corner-strip-nozzle\/","title":{"rendered":"Center Strip Type Nozzle"},"content":{"rendered":"\n<table id=\"tablepress-956\" class=\"tablepress tablepress-id-956\">\n<thead>\n<tr class=\"row-1\">\n\t<th class=\"column-1\">Code<\/th><th class=\"column-2\">Nozzle Color<\/th><th class=\"column-3\">Definition<\/th><th class=\"column-4\">Throw Distance (m)<\/th><th class=\"column-5\">Packing Quantity<\/th><th class=\"column-6\">Box Quantity<\/th>\n<\/tr>\n<\/thead>\n<tbody class=\"row-striping row-hover\">\n<tr class=\"row-2\">\n\t<td class=\"column-1\">CNS530<\/td><td class=\"column-2\">Black<\/td><td class=\"column-3\">Merkez \u015ferit tipi nozul \/ Center strip type nozzle <\/td><td class=\"column-4\">1.50 x 9.10<\/td><td class=\"column-5\">25<\/td><td class=\"column-6\">250<\/td>\n<\/tr>\n<\/tbody>\n<\/table>\n<!-- #tablepress-956 from cache -->\n\n<table id=\"tablepress-535\" class=\"tablepress tablepress-id-535 tbody-has-connected-cells\">\n<thead>\n<tr class=\"row-1\">\n\t<th class=\"column-1\">KOD<\/th><th class=\"column-2\">PRESSURE<br \/>\nBASIN\u00c7 (bar)<\/th><th class=\"column-3\">PRESSURE<br \/>\nBASIN\u00c7 (kPa)<\/th><th class=\"column-4\">Width x Length<br \/>\nGeni\u015flik x Uzunluk (m)<\/th><th class=\"column-5\">FLOW<br \/>\nDEB\u0130 (m3\/h)<\/th><th class=\"column-6\">FLOW<br \/>\nDEB\u0130 (L\/dak)<\/th>\n<\/tr>\n<\/thead>\n<tbody class=\"row-striping row-hover\">\n<tr class=\"row-2\">\n\t<td rowspan=\"5\" class=\"column-1\">CNS530<br \/>\n<br \/>\n<img decoding=\"async\" src=\"https:\/\/www.poelsan.com\/wp-content\/uploads\/2024\/06\/CNS530.png\" alt=\"\" width=\"40\" height=\"10\" class=\"alignnone size-full wp-image-20654\" \/><\/td><td class=\"column-2\">1,0<\/td><td class=\"column-3\">100<\/td><td class=\"column-4\">1,2 x 8,5<\/td><td class=\"column-5\">0,21<\/td><td class=\"column-6\">3,5<\/td>\n<\/tr>\n<tr class=\"row-3\">\n\t<td class=\"column-2\">1,5<\/td><td class=\"column-3\">150<\/td><td class=\"column-4\">1,2 x 9,0<\/td><td class=\"column-5\">0,25<\/td><td class=\"column-6\">4,2<\/td>\n<\/tr>\n<tr class=\"row-4\">\n\t<td class=\"column-2\">2,1<\/td><td class=\"column-3\">210<\/td><td class=\"column-4\">1,5 x 9,1<\/td><td class=\"column-5\">0,30<\/td><td class=\"column-6\">5,0<\/td>\n<\/tr>\n<tr class=\"row-5\">\n\t<td class=\"column-2\">2,5<\/td><td class=\"column-3\">250<\/td><td class=\"column-4\">1,5 x 9,1<\/td><td class=\"column-5\">0,33<\/td><td class=\"column-6\">5,5<\/td>\n<\/tr>\n<tr class=\"row-6\">\n\t<td class=\"column-2\">3,0<\/td><td class=\"column-3\">300<\/td><td class=\"column-4\">1,5 x 9,1<\/td><td class=\"column-5\">0,34<\/td><td class=\"column-6\">5,7<\/td>\n<\/tr>\n<\/tbody>\n<\/table>\n<!-- #tablepress-535 from cache -->\n","protected":false},"excerpt":{"rendered":"<div class=\"product-detail-infos\">\n<h2>Recommended Operating Pressure<\/h2>\n<ul>\n<li>2.1 bar<\/li>\n<\/ul>\n<\/div>\n","protected":false},"featured_media":20273,"comment_status":"closed","ping_status":"closed","template":"","meta":{"_acf_changed":false},"product_cat":[6667,6665,6655],"product_tag":[6775],"class_list":{"0":"post-21226","1":"product","2":"type-product","3":"status-publish","4":"has-post-thumbnail","6":"product_cat-corner-strip-nozzles","7":"product_cat-nozzles","8":"product_cat-poelsanarc-en","9":"product_tag-cns530-en","11":"first","12":"instock","13":"product-type-simple"},"acf":[],"yoast_head":"<!-- This site is optimized with the Yoast SEO plugin v25.9 - https:\/\/yoast.com\/wordpress\/plugins\/seo\/ -->\n<title>Center Strip Type Nozzle - Poelsan<\/title>\n<meta name=\"description\" content=\"Poelsan Center Strip Type Nozzle \u00dcr\u00fcn\u00fcm\u00fcz ve Daha Fazla Sulama Ekipmanlar\u0131m\u0131z\u0131 Hemen Ke\u015ffedin.\" \/>\n<meta name=\"robots\" content=\"index, follow, max-snippet:-1, max-image-preview:large, max-video-preview:-1\" \/>\n<link rel=\"canonical\" href=\"https:\/\/www.poelsan.com\/en\/product\/center-corner-strip-nozzle\/\" \/>\n<meta property=\"og:locale\" content=\"en_US\" \/>\n<meta property=\"og:type\" content=\"article\" \/>\n<meta property=\"og:title\" content=\"Center Strip Type Nozzle - Poelsan\" \/>\n<meta property=\"og:description\" content=\"Poelsan Center Strip Type Nozzle \u00dcr\u00fcn\u00fcm\u00fcz ve Daha Fazla Sulama Ekipmanlar\u0131m\u0131z\u0131 Hemen Ke\u015ffedin.\" \/>\n<meta property=\"og:url\" content=\"https:\/\/www.poelsan.com\/en\/product\/center-corner-strip-nozzle\/\" \/>\n<meta property=\"og:site_name\" content=\"Poelsan\" \/>\n<meta property=\"article:publisher\" content=\"https:\/\/www.facebook.com\/poelsanplastik\/\" \/>\n<meta property=\"article:modified_time\" content=\"2025-03-28T06:54:35+00:00\" \/>\n<meta property=\"og:image\" content=\"https:\/\/www.poelsan.com\/wp-content\/uploads\/2024\/06\/serit_nozul_cns530.png\" \/>\n\t<meta property=\"og:image:width\" content=\"600\" \/>\n\t<meta property=\"og:image:height\" content=\"350\" \/>\n\t<meta property=\"og:image:type\" content=\"image\/png\" \/>\n<meta name=\"twitter:card\" content=\"summary_large_image\" \/>\n<meta name=\"twitter:label1\" content=\"Est. reading time\" \/>\n\t<meta name=\"twitter:data1\" content=\"1 minute\" \/>\n<script type=\"application\/ld+json\" class=\"yoast-schema-graph\">{\"@context\":\"https:\/\/schema.org\",\"@graph\":[{\"@type\":\"WebPage\",\"@id\":\"https:\/\/www.poelsan.com\/en\/product\/center-corner-strip-nozzle\/\",\"url\":\"https:\/\/www.poelsan.com\/en\/product\/center-corner-strip-nozzle\/\",\"name\":\"Center Strip Type Nozzle - Poelsan\",\"isPartOf\":{\"@id\":\"https:\/\/www.poelsan.com\/en\/#website\"},\"primaryImageOfPage\":{\"@id\":\"https:\/\/www.poelsan.com\/en\/product\/center-corner-strip-nozzle\/#primaryimage\"},\"image\":{\"@id\":\"https:\/\/www.poelsan.com\/en\/product\/center-corner-strip-nozzle\/#primaryimage\"},\"thumbnailUrl\":\"https:\/\/www.poelsan.com\/wp-content\/uploads\/2024\/06\/serit_nozul_cns530.png\",\"datePublished\":\"2024-06-24T12:50:18+00:00\",\"dateModified\":\"2025-03-28T06:54:35+00:00\",\"description\":\"Poelsan Center Strip Type Nozzle \u00dcr\u00fcn\u00fcm\u00fcz ve Daha Fazla Sulama Ekipmanlar\u0131m\u0131z\u0131 Hemen Ke\u015ffedin.\",\"breadcrumb\":{\"@id\":\"https:\/\/www.poelsan.com\/en\/product\/center-corner-strip-nozzle\/#breadcrumb\"},\"inLanguage\":\"en-US\",\"potentialAction\":[{\"@type\":\"ReadAction\",\"target\":[\"https:\/\/www.poelsan.com\/en\/product\/center-corner-strip-nozzle\/\"]}]},{\"@type\":\"ImageObject\",\"inLanguage\":\"en-US\",\"@id\":\"https:\/\/www.poelsan.com\/en\/product\/center-corner-strip-nozzle\/#primaryimage\",\"url\":\"https:\/\/www.poelsan.com\/wp-content\/uploads\/2024\/06\/serit_nozul_cns530.png\",\"contentUrl\":\"https:\/\/www.poelsan.com\/wp-content\/uploads\/2024\/06\/serit_nozul_cns530.png\",\"width\":600,\"height\":350},{\"@type\":\"BreadcrumbList\",\"@id\":\"https:\/\/www.poelsan.com\/en\/product\/center-corner-strip-nozzle\/#breadcrumb\",\"itemListElement\":[{\"@type\":\"ListItem\",\"position\":1,\"name\":\"Home\",\"item\":\"https:\/\/www.poelsan.com\/en\/\"},{\"@type\":\"ListItem\",\"position\":2,\"name\":\"Products\",\"item\":\"https:\/\/www.poelsan.com\/en\/shop\/\"},{\"@type\":\"ListItem\",\"position\":3,\"name\":\"Center Strip Type Nozzle\"}]},{\"@type\":\"WebSite\",\"@id\":\"https:\/\/www.poelsan.com\/en\/#website\",\"url\":\"https:\/\/www.poelsan.com\/en\/\",\"name\":\"Poelsan: Sekt\u00f6r\u00fcnde D\u00fcnya Markas\u0131\",\"description\":\"Sekt\u00f6r\u00fcnde D\u00fcnya Markas\u0131\",\"publisher\":{\"@id\":\"https:\/\/www.poelsan.com\/en\/#organization\"},\"potentialAction\":[{\"@type\":\"SearchAction\",\"target\":{\"@type\":\"EntryPoint\",\"urlTemplate\":\"https:\/\/www.poelsan.com\/en\/?s={search_term_string}\"},\"query-input\":{\"@type\":\"PropertyValueSpecification\",\"valueRequired\":true,\"valueName\":\"search_term_string\"}}],\"inLanguage\":\"en-US\"},{\"@type\":\"Organization\",\"@id\":\"https:\/\/www.poelsan.com\/en\/#organization\",\"name\":\"Poelsan: Sekt\u00f6r\u00fcnde D\u00fcnya Markas\u0131\",\"url\":\"https:\/\/www.poelsan.com\/en\/\",\"logo\":{\"@type\":\"ImageObject\",\"inLanguage\":\"en-US\",\"@id\":\"https:\/\/www.poelsan.com\/en\/#\/schema\/logo\/image\/\",\"url\":\"https:\/\/www.poelsan.com\/wp-content\/uploads\/2025\/09\/poelsan.png\",\"contentUrl\":\"https:\/\/www.poelsan.com\/wp-content\/uploads\/2025\/09\/poelsan.png\",\"width\":1200,\"height\":675,\"caption\":\"Poelsan: Sekt\u00f6r\u00fcnde D\u00fcnya Markas\u0131\"},\"image\":{\"@id\":\"https:\/\/www.poelsan.com\/en\/#\/schema\/logo\/image\/\"},\"sameAs\":[\"https:\/\/www.facebook.com\/poelsanplastik\/\",\"https:\/\/www.instagram.com\/explore\/locations\/541106002887674\/poelsan-plastik-san-ve-tic-as\/\"]}]}<\/script>\n<!-- \/ Yoast SEO plugin. -->","yoast_head_json":{"title":"Center Strip Type Nozzle - Poelsan","description":"Poelsan Center Strip Type Nozzle \u00dcr\u00fcn\u00fcm\u00fcz ve Daha Fazla Sulama Ekipmanlar\u0131m\u0131z\u0131 Hemen Ke\u015ffedin.","robots":{"index":"index","follow":"follow","max-snippet":"max-snippet:-1","max-image-preview":"max-image-preview:large","max-video-preview":"max-video-preview:-1"},"canonical":"https:\/\/www.poelsan.com\/en\/product\/center-corner-strip-nozzle\/","og_locale":"en_US","og_type":"article","og_title":"Center Strip Type Nozzle - Poelsan","og_description":"Poelsan Center Strip Type Nozzle \u00dcr\u00fcn\u00fcm\u00fcz ve Daha Fazla Sulama Ekipmanlar\u0131m\u0131z\u0131 Hemen Ke\u015ffedin.","og_url":"https:\/\/www.poelsan.com\/en\/product\/center-corner-strip-nozzle\/","og_site_name":"Poelsan","article_publisher":"https:\/\/www.facebook.com\/poelsanplastik\/","article_modified_time":"2025-03-28T06:54:35+00:00","og_image":[{"width":600,"height":350,"url":"https:\/\/www.poelsan.com\/wp-content\/uploads\/2024\/06\/serit_nozul_cns530.png","type":"image\/png"}],"twitter_card":"summary_large_image","twitter_misc":{"Est. reading time":"1 minute"},"schema":{"@context":"https:\/\/schema.org","@graph":[{"@type":"WebPage","@id":"https:\/\/www.poelsan.com\/en\/product\/center-corner-strip-nozzle\/","url":"https:\/\/www.poelsan.com\/en\/product\/center-corner-strip-nozzle\/","name":"Center Strip Type Nozzle - Poelsan","isPartOf":{"@id":"https:\/\/www.poelsan.com\/en\/#website"},"primaryImageOfPage":{"@id":"https:\/\/www.poelsan.com\/en\/product\/center-corner-strip-nozzle\/#primaryimage"},"image":{"@id":"https:\/\/www.poelsan.com\/en\/product\/center-corner-strip-nozzle\/#primaryimage"},"thumbnailUrl":"https:\/\/www.poelsan.com\/wp-content\/uploads\/2024\/06\/serit_nozul_cns530.png","datePublished":"2024-06-24T12:50:18+00:00","dateModified":"2025-03-28T06:54:35+00:00","description":"Poelsan Center Strip Type Nozzle \u00dcr\u00fcn\u00fcm\u00fcz ve Daha Fazla Sulama Ekipmanlar\u0131m\u0131z\u0131 Hemen Ke\u015ffedin.","breadcrumb":{"@id":"https:\/\/www.poelsan.com\/en\/product\/center-corner-strip-nozzle\/#breadcrumb"},"inLanguage":"en-US","potentialAction":[{"@type":"ReadAction","target":["https:\/\/www.poelsan.com\/en\/product\/center-corner-strip-nozzle\/"]}]},{"@type":"ImageObject","inLanguage":"en-US","@id":"https:\/\/www.poelsan.com\/en\/product\/center-corner-strip-nozzle\/#primaryimage","url":"https:\/\/www.poelsan.com\/wp-content\/uploads\/2024\/06\/serit_nozul_cns530.png","contentUrl":"https:\/\/www.poelsan.com\/wp-content\/uploads\/2024\/06\/serit_nozul_cns530.png","width":600,"height":350},{"@type":"BreadcrumbList","@id":"https:\/\/www.poelsan.com\/en\/product\/center-corner-strip-nozzle\/#breadcrumb","itemListElement":[{"@type":"ListItem","position":1,"name":"Home","item":"https:\/\/www.poelsan.com\/en\/"},{"@type":"ListItem","position":2,"name":"Products","item":"https:\/\/www.poelsan.com\/en\/shop\/"},{"@type":"ListItem","position":3,"name":"Center Strip Type Nozzle"}]},{"@type":"WebSite","@id":"https:\/\/www.poelsan.com\/en\/#website","url":"https:\/\/www.poelsan.com\/en\/","name":"Poelsan: Sekt\u00f6r\u00fcnde D\u00fcnya Markas\u0131","description":"Sekt\u00f6r\u00fcnde D\u00fcnya Markas\u0131","publisher":{"@id":"https:\/\/www.poelsan.com\/en\/#organization"},"potentialAction":[{"@type":"SearchAction","target":{"@type":"EntryPoint","urlTemplate":"https:\/\/www.poelsan.com\/en\/?s={search_term_string}"},"query-input":{"@type":"PropertyValueSpecification","valueRequired":true,"valueName":"search_term_string"}}],"inLanguage":"en-US"},{"@type":"Organization","@id":"https:\/\/www.poelsan.com\/en\/#organization","name":"Poelsan: Sekt\u00f6r\u00fcnde D\u00fcnya Markas\u0131","url":"https:\/\/www.poelsan.com\/en\/","logo":{"@type":"ImageObject","inLanguage":"en-US","@id":"https:\/\/www.poelsan.com\/en\/#\/schema\/logo\/image\/","url":"https:\/\/www.poelsan.com\/wp-content\/uploads\/2025\/09\/poelsan.png","contentUrl":"https:\/\/www.poelsan.com\/wp-content\/uploads\/2025\/09\/poelsan.png","width":1200,"height":675,"caption":"Poelsan: Sekt\u00f6r\u00fcnde D\u00fcnya Markas\u0131"},"image":{"@id":"https:\/\/www.poelsan.com\/en\/#\/schema\/logo\/image\/"},"sameAs":["https:\/\/www.facebook.com\/poelsanplastik\/","https:\/\/www.instagram.com\/explore\/locations\/541106002887674\/poelsan-plastik-san-ve-tic-as\/"]}]}},"_links":{"self":[{"href":"https:\/\/www.poelsan.com\/en\/wp-json\/wp\/v2\/product\/21226","targetHints":{"allow":["GET"]}}],"collection":[{"href":"https:\/\/www.poelsan.com\/en\/wp-json\/wp\/v2\/product"}],"about":[{"href":"https:\/\/www.poelsan.com\/en\/wp-json\/wp\/v2\/types\/product"}],"replies":[{"embeddable":true,"href":"https:\/\/www.poelsan.com\/en\/wp-json\/wp\/v2\/comments?post=21226"}],"wp:featuredmedia":[{"embeddable":true,"href":"https:\/\/www.poelsan.com\/en\/wp-json\/wp\/v2\/media\/20273"}],"wp:attachment":[{"href":"https:\/\/www.poelsan.com\/en\/wp-json\/wp\/v2\/media?parent=21226"}],"wp:term":[{"taxonomy":"product_cat","embeddable":true,"href":"https:\/\/www.poelsan.com\/en\/wp-json\/wp\/v2\/product_cat?post=21226"},{"taxonomy":"product_tag","embeddable":true,"href":"https:\/\/www.poelsan.com\/en\/wp-json\/wp\/v2\/product_tag?post=21226"}],"curies":[{"name":"wp","href":"https:\/\/api.w.org\/{rel}","templated":true}]}}