{"id":21212,"date":"2024-06-24T16:40:54","date_gmt":"2024-06-24T13:40:54","guid":{"rendered":"https:\/\/www.poelsan.com\/urun\/spigot-end-cap\/"},"modified":"2025-03-19T08:38:48","modified_gmt":"2025-03-19T05:38:48","slug":"spigot-end-cap","status":"publish","type":"product","link":"https:\/\/www.poelsan.com\/en\/product\/spigot-end-cap\/","title":{"rendered":"Spigot End Cap"},"content":{"rendered":"\n<table id=\"tablepress-961\" class=\"tablepress tablepress-id-961\">\n<thead>\n<tr class=\"row-1\">\n\t<th class=\"column-1\">Code<\/th><th class=\"column-2\">Size d (mm)<\/th><th class=\"column-3\">Size S (mm)<\/th><th class=\"column-4\">Size le (mm)<\/th><th class=\"column-5\">Pressure Value<\/th><th class=\"column-6\">Packing Quantity<\/th><th class=\"column-7\">Box Quantity<\/th>\n<\/tr>\n<\/thead>\n<tbody class=\"row-striping row-hover\">\n<tr class=\"row-2\">\n\t<td class=\"column-1\">SP16070101<\/td><td class=\"column-2\">20<\/td><td class=\"column-3\">3<\/td><td class=\"column-4\">42<\/td><td class=\"column-5\">16<\/td><td class=\"column-6\">10<\/td><td class=\"column-7\">3000<\/td>\n<\/tr>\n<tr class=\"row-3\">\n\t<td class=\"column-1\">SP16070202<\/td><td class=\"column-2\">25<\/td><td class=\"column-3\">3,3<\/td><td class=\"column-4\">42,7<\/td><td class=\"column-5\">16<\/td><td class=\"column-6\">10<\/td><td class=\"column-7\">1800<\/td>\n<\/tr>\n<tr class=\"row-4\">\n\t<td class=\"column-1\">SP16070303<\/td><td class=\"column-2\">32<\/td><td class=\"column-3\">3<\/td><td class=\"column-4\">45<\/td><td class=\"column-5\">16<\/td><td class=\"column-6\">10<\/td><td class=\"column-7\">1000<\/td>\n<\/tr>\n<tr class=\"row-5\">\n\t<td class=\"column-1\">SP16070404<\/td><td class=\"column-2\">40<\/td><td class=\"column-3\">3,7<\/td><td class=\"column-4\">50<\/td><td class=\"column-5\">16<\/td><td class=\"column-6\">5<\/td><td class=\"column-7\">500<\/td>\n<\/tr>\n<tr class=\"row-6\">\n\t<td class=\"column-1\">SP16070505<\/td><td class=\"column-2\">50<\/td><td class=\"column-3\">4,6<\/td><td class=\"column-4\">56<\/td><td class=\"column-5\">16<\/td><td class=\"column-6\">5<\/td><td class=\"column-7\">300<\/td>\n<\/tr>\n<tr class=\"row-7\">\n\t<td class=\"column-1\">SP16070606<\/td><td class=\"column-2\">63<\/td><td class=\"column-3\">5,8<\/td><td class=\"column-4\">64<\/td><td class=\"column-5\">16<\/td><td class=\"column-6\">1<\/td><td class=\"column-7\">189<\/td>\n<\/tr>\n<tr class=\"row-8\">\n\t<td class=\"column-1\">SP16070707<\/td><td class=\"column-2\">75<\/td><td class=\"column-3\">6,8<\/td><td class=\"column-4\">73<\/td><td class=\"column-5\">16<\/td><td class=\"column-6\">1<\/td><td class=\"column-7\">126<\/td>\n<\/tr>\n<tr class=\"row-9\">\n\t<td class=\"column-1\">SP16070808<\/td><td class=\"column-2\">90<\/td><td class=\"column-3\">8,2<\/td><td class=\"column-4\">87<\/td><td class=\"column-5\">16<\/td><td class=\"column-6\">1<\/td><td class=\"column-7\">96<\/td>\n<\/tr>\n<tr class=\"row-10\">\n\t<td class=\"column-1\">SP16070909<\/td><td class=\"column-2\">110<\/td><td class=\"column-3\">10<\/td><td class=\"column-4\">87<\/td><td class=\"column-5\">16<\/td><td class=\"column-6\">1<\/td><td class=\"column-7\">45<\/td>\n<\/tr>\n<tr class=\"row-11\">\n\t<td class=\"column-1\">SP16071010<\/td><td class=\"column-2\">125<\/td><td class=\"column-3\">11,4<\/td><td class=\"column-4\">91<\/td><td class=\"column-5\">16<\/td><td class=\"column-6\">1<\/td><td class=\"column-7\">42<\/td>\n<\/tr>\n<tr class=\"row-12\">\n\t<td class=\"column-1\">SP16071111<\/td><td class=\"column-2\">140<\/td><td class=\"column-3\">12,7<\/td><td class=\"column-4\">95<\/td><td class=\"column-5\">16<\/td><td class=\"column-6\">1<\/td><td class=\"column-7\">25<\/td>\n<\/tr>\n<tr class=\"row-13\">\n\t<td class=\"column-1\">SP16071212<\/td><td class=\"column-2\">160<\/td><td class=\"column-3\">14,6<\/td><td class=\"column-4\">107<\/td><td class=\"column-5\">16<\/td><td class=\"column-6\">1<\/td><td class=\"column-7\">20<\/td>\n<\/tr>\n<\/tbody>\n<\/table>\n<!-- #tablepress-961 from cache -->\n","protected":false},"excerpt":{"rendered":"<div class=\"product-detail-infos\">\n<h6>PE 100 SDR 11<\/h6>\n<h6>Guaranteed Pressure Value<\/h6>\n<ul>\n<li>\u00d8 20 mm \u2013 \u00d8 160 mm (Water)\u00a0 \u00a0:PN 16<\/li>\n<li>\u00d8 20 mm \u2013 \u00d8 160 mm (Gas)\u00a0 \u00a0 \u00a0 \u00a0:PN 10<\/li>\n<\/ul>\n<\/div>\n<div class=\"product-detail-infos\">\n<h2>Fields of Application<\/h2>\n<ul>\n<li>Polyethylene Water and Natural Gas Systems<\/li>\n<\/ul>\n<\/div>\n<div class=\"product-logos\"><\/div>\n","protected":false},"featured_media":20323,"comment_status":"closed","ping_status":"closed","template":"","meta":{"_acf_changed":false},"product_cat":[6681,6683],"product_tag":[6737,6738,6739,6740,6741,6742,6743],"class_list":{"0":"post-21212","1":"product","2":"type-product","3":"status-publish","4":"has-post-thumbnail","6":"product_cat-poelsanef-en","7":"product_cat-spigot-fittings","8":"product_tag-sp16070606-en","9":"product_tag-sp16070707-en","10":"product_tag-sp16070808-en","11":"product_tag-sp16070909-en","12":"product_tag-sp16071010-en","13":"product_tag-sp16071111-en","14":"product_tag-sp16071212-en","16":"first","17":"instock","18":"product-type-simple"},"acf":[],"yoast_head":"<!-- This site is optimized with the Yoast SEO plugin v25.9 - https:\/\/yoast.com\/wordpress\/plugins\/seo\/ -->\n<title>Spigot End Cap - Poelsan<\/title>\n<meta name=\"description\" content=\"Poelsan Spigot End Cap \u00dcr\u00fcn\u00fcm\u00fcz ve Daha Fazla Sulama Ekipmanlar\u0131m\u0131z\u0131 Hemen Ke\u015ffedin.\" \/>\n<meta name=\"robots\" content=\"index, follow, max-snippet:-1, max-image-preview:large, max-video-preview:-1\" \/>\n<link rel=\"canonical\" href=\"https:\/\/www.poelsan.com\/en\/product\/spigot-end-cap\/\" \/>\n<meta property=\"og:locale\" content=\"en_US\" \/>\n<meta property=\"og:type\" content=\"article\" \/>\n<meta property=\"og:title\" content=\"Spigot End Cap - Poelsan\" \/>\n<meta property=\"og:description\" content=\"Poelsan Spigot End Cap \u00dcr\u00fcn\u00fcm\u00fcz ve Daha Fazla Sulama Ekipmanlar\u0131m\u0131z\u0131 Hemen Ke\u015ffedin.\" \/>\n<meta property=\"og:url\" content=\"https:\/\/www.poelsan.com\/en\/product\/spigot-end-cap\/\" \/>\n<meta property=\"og:site_name\" content=\"Poelsan\" \/>\n<meta property=\"article:publisher\" content=\"https:\/\/www.facebook.com\/poelsanplastik\/\" \/>\n<meta property=\"article:modified_time\" content=\"2025-03-19T05:38:48+00:00\" \/>\n<meta property=\"og:image\" content=\"https:\/\/www.poelsan.com\/wp-content\/uploads\/2024\/06\/spigot_kor_tapa.png\" \/>\n\t<meta property=\"og:image:width\" content=\"600\" \/>\n\t<meta property=\"og:image:height\" content=\"350\" \/>\n\t<meta property=\"og:image:type\" content=\"image\/png\" \/>\n<meta name=\"twitter:card\" content=\"summary_large_image\" \/>\n<meta name=\"twitter:label1\" content=\"Est. reading time\" \/>\n\t<meta name=\"twitter:data1\" content=\"1 minute\" \/>\n<script type=\"application\/ld+json\" class=\"yoast-schema-graph\">{\"@context\":\"https:\/\/schema.org\",\"@graph\":[{\"@type\":\"WebPage\",\"@id\":\"https:\/\/www.poelsan.com\/en\/product\/spigot-end-cap\/\",\"url\":\"https:\/\/www.poelsan.com\/en\/product\/spigot-end-cap\/\",\"name\":\"Spigot End Cap - Poelsan\",\"isPartOf\":{\"@id\":\"https:\/\/www.poelsan.com\/en\/#website\"},\"primaryImageOfPage\":{\"@id\":\"https:\/\/www.poelsan.com\/en\/product\/spigot-end-cap\/#primaryimage\"},\"image\":{\"@id\":\"https:\/\/www.poelsan.com\/en\/product\/spigot-end-cap\/#primaryimage\"},\"thumbnailUrl\":\"https:\/\/www.poelsan.com\/wp-content\/uploads\/2024\/06\/spigot_kor_tapa.png\",\"datePublished\":\"2024-06-24T13:40:54+00:00\",\"dateModified\":\"2025-03-19T05:38:48+00:00\",\"description\":\"Poelsan Spigot End Cap \u00dcr\u00fcn\u00fcm\u00fcz ve Daha Fazla Sulama Ekipmanlar\u0131m\u0131z\u0131 Hemen Ke\u015ffedin.\",\"breadcrumb\":{\"@id\":\"https:\/\/www.poelsan.com\/en\/product\/spigot-end-cap\/#breadcrumb\"},\"inLanguage\":\"en-US\",\"potentialAction\":[{\"@type\":\"ReadAction\",\"target\":[\"https:\/\/www.poelsan.com\/en\/product\/spigot-end-cap\/\"]}]},{\"@type\":\"ImageObject\",\"inLanguage\":\"en-US\",\"@id\":\"https:\/\/www.poelsan.com\/en\/product\/spigot-end-cap\/#primaryimage\",\"url\":\"https:\/\/www.poelsan.com\/wp-content\/uploads\/2024\/06\/spigot_kor_tapa.png\",\"contentUrl\":\"https:\/\/www.poelsan.com\/wp-content\/uploads\/2024\/06\/spigot_kor_tapa.png\",\"width\":600,\"height\":350},{\"@type\":\"BreadcrumbList\",\"@id\":\"https:\/\/www.poelsan.com\/en\/product\/spigot-end-cap\/#breadcrumb\",\"itemListElement\":[{\"@type\":\"ListItem\",\"position\":1,\"name\":\"Home\",\"item\":\"https:\/\/www.poelsan.com\/en\/\"},{\"@type\":\"ListItem\",\"position\":2,\"name\":\"Products\",\"item\":\"https:\/\/www.poelsan.com\/en\/shop\/\"},{\"@type\":\"ListItem\",\"position\":3,\"name\":\"Spigot End Cap\"}]},{\"@type\":\"WebSite\",\"@id\":\"https:\/\/www.poelsan.com\/en\/#website\",\"url\":\"https:\/\/www.poelsan.com\/en\/\",\"name\":\"Poelsan: Sekt\u00f6r\u00fcnde D\u00fcnya Markas\u0131\",\"description\":\"Sekt\u00f6r\u00fcnde D\u00fcnya Markas\u0131\",\"publisher\":{\"@id\":\"https:\/\/www.poelsan.com\/en\/#organization\"},\"potentialAction\":[{\"@type\":\"SearchAction\",\"target\":{\"@type\":\"EntryPoint\",\"urlTemplate\":\"https:\/\/www.poelsan.com\/en\/?s={search_term_string}\"},\"query-input\":{\"@type\":\"PropertyValueSpecification\",\"valueRequired\":true,\"valueName\":\"search_term_string\"}}],\"inLanguage\":\"en-US\"},{\"@type\":\"Organization\",\"@id\":\"https:\/\/www.poelsan.com\/en\/#organization\",\"name\":\"Poelsan: Sekt\u00f6r\u00fcnde D\u00fcnya Markas\u0131\",\"url\":\"https:\/\/www.poelsan.com\/en\/\",\"logo\":{\"@type\":\"ImageObject\",\"inLanguage\":\"en-US\",\"@id\":\"https:\/\/www.poelsan.com\/en\/#\/schema\/logo\/image\/\",\"url\":\"https:\/\/www.poelsan.com\/wp-content\/uploads\/2025\/09\/poelsan.png\",\"contentUrl\":\"https:\/\/www.poelsan.com\/wp-content\/uploads\/2025\/09\/poelsan.png\",\"width\":1200,\"height\":675,\"caption\":\"Poelsan: Sekt\u00f6r\u00fcnde D\u00fcnya Markas\u0131\"},\"image\":{\"@id\":\"https:\/\/www.poelsan.com\/en\/#\/schema\/logo\/image\/\"},\"sameAs\":[\"https:\/\/www.facebook.com\/poelsanplastik\/\",\"https:\/\/www.instagram.com\/explore\/locations\/541106002887674\/poelsan-plastik-san-ve-tic-as\/\"]}]}<\/script>\n<!-- \/ Yoast SEO plugin. -->","yoast_head_json":{"title":"Spigot End Cap - Poelsan","description":"Poelsan Spigot End Cap \u00dcr\u00fcn\u00fcm\u00fcz ve Daha Fazla Sulama Ekipmanlar\u0131m\u0131z\u0131 Hemen Ke\u015ffedin.","robots":{"index":"index","follow":"follow","max-snippet":"max-snippet:-1","max-image-preview":"max-image-preview:large","max-video-preview":"max-video-preview:-1"},"canonical":"https:\/\/www.poelsan.com\/en\/product\/spigot-end-cap\/","og_locale":"en_US","og_type":"article","og_title":"Spigot End Cap - Poelsan","og_description":"Poelsan Spigot End Cap \u00dcr\u00fcn\u00fcm\u00fcz ve Daha Fazla Sulama Ekipmanlar\u0131m\u0131z\u0131 Hemen Ke\u015ffedin.","og_url":"https:\/\/www.poelsan.com\/en\/product\/spigot-end-cap\/","og_site_name":"Poelsan","article_publisher":"https:\/\/www.facebook.com\/poelsanplastik\/","article_modified_time":"2025-03-19T05:38:48+00:00","og_image":[{"width":600,"height":350,"url":"https:\/\/www.poelsan.com\/wp-content\/uploads\/2024\/06\/spigot_kor_tapa.png","type":"image\/png"}],"twitter_card":"summary_large_image","twitter_misc":{"Est. reading time":"1 minute"},"schema":{"@context":"https:\/\/schema.org","@graph":[{"@type":"WebPage","@id":"https:\/\/www.poelsan.com\/en\/product\/spigot-end-cap\/","url":"https:\/\/www.poelsan.com\/en\/product\/spigot-end-cap\/","name":"Spigot End Cap - Poelsan","isPartOf":{"@id":"https:\/\/www.poelsan.com\/en\/#website"},"primaryImageOfPage":{"@id":"https:\/\/www.poelsan.com\/en\/product\/spigot-end-cap\/#primaryimage"},"image":{"@id":"https:\/\/www.poelsan.com\/en\/product\/spigot-end-cap\/#primaryimage"},"thumbnailUrl":"https:\/\/www.poelsan.com\/wp-content\/uploads\/2024\/06\/spigot_kor_tapa.png","datePublished":"2024-06-24T13:40:54+00:00","dateModified":"2025-03-19T05:38:48+00:00","description":"Poelsan Spigot End Cap \u00dcr\u00fcn\u00fcm\u00fcz ve Daha Fazla Sulama Ekipmanlar\u0131m\u0131z\u0131 Hemen Ke\u015ffedin.","breadcrumb":{"@id":"https:\/\/www.poelsan.com\/en\/product\/spigot-end-cap\/#breadcrumb"},"inLanguage":"en-US","potentialAction":[{"@type":"ReadAction","target":["https:\/\/www.poelsan.com\/en\/product\/spigot-end-cap\/"]}]},{"@type":"ImageObject","inLanguage":"en-US","@id":"https:\/\/www.poelsan.com\/en\/product\/spigot-end-cap\/#primaryimage","url":"https:\/\/www.poelsan.com\/wp-content\/uploads\/2024\/06\/spigot_kor_tapa.png","contentUrl":"https:\/\/www.poelsan.com\/wp-content\/uploads\/2024\/06\/spigot_kor_tapa.png","width":600,"height":350},{"@type":"BreadcrumbList","@id":"https:\/\/www.poelsan.com\/en\/product\/spigot-end-cap\/#breadcrumb","itemListElement":[{"@type":"ListItem","position":1,"name":"Home","item":"https:\/\/www.poelsan.com\/en\/"},{"@type":"ListItem","position":2,"name":"Products","item":"https:\/\/www.poelsan.com\/en\/shop\/"},{"@type":"ListItem","position":3,"name":"Spigot End Cap"}]},{"@type":"WebSite","@id":"https:\/\/www.poelsan.com\/en\/#website","url":"https:\/\/www.poelsan.com\/en\/","name":"Poelsan: Sekt\u00f6r\u00fcnde D\u00fcnya Markas\u0131","description":"Sekt\u00f6r\u00fcnde D\u00fcnya Markas\u0131","publisher":{"@id":"https:\/\/www.poelsan.com\/en\/#organization"},"potentialAction":[{"@type":"SearchAction","target":{"@type":"EntryPoint","urlTemplate":"https:\/\/www.poelsan.com\/en\/?s={search_term_string}"},"query-input":{"@type":"PropertyValueSpecification","valueRequired":true,"valueName":"search_term_string"}}],"inLanguage":"en-US"},{"@type":"Organization","@id":"https:\/\/www.poelsan.com\/en\/#organization","name":"Poelsan: Sekt\u00f6r\u00fcnde D\u00fcnya Markas\u0131","url":"https:\/\/www.poelsan.com\/en\/","logo":{"@type":"ImageObject","inLanguage":"en-US","@id":"https:\/\/www.poelsan.com\/en\/#\/schema\/logo\/image\/","url":"https:\/\/www.poelsan.com\/wp-content\/uploads\/2025\/09\/poelsan.png","contentUrl":"https:\/\/www.poelsan.com\/wp-content\/uploads\/2025\/09\/poelsan.png","width":1200,"height":675,"caption":"Poelsan: Sekt\u00f6r\u00fcnde D\u00fcnya Markas\u0131"},"image":{"@id":"https:\/\/www.poelsan.com\/en\/#\/schema\/logo\/image\/"},"sameAs":["https:\/\/www.facebook.com\/poelsanplastik\/","https:\/\/www.instagram.com\/explore\/locations\/541106002887674\/poelsan-plastik-san-ve-tic-as\/"]}]}},"_links":{"self":[{"href":"https:\/\/www.poelsan.com\/en\/wp-json\/wp\/v2\/product\/21212","targetHints":{"allow":["GET"]}}],"collection":[{"href":"https:\/\/www.poelsan.com\/en\/wp-json\/wp\/v2\/product"}],"about":[{"href":"https:\/\/www.poelsan.com\/en\/wp-json\/wp\/v2\/types\/product"}],"replies":[{"embeddable":true,"href":"https:\/\/www.poelsan.com\/en\/wp-json\/wp\/v2\/comments?post=21212"}],"wp:featuredmedia":[{"embeddable":true,"href":"https:\/\/www.poelsan.com\/en\/wp-json\/wp\/v2\/media\/20323"}],"wp:attachment":[{"href":"https:\/\/www.poelsan.com\/en\/wp-json\/wp\/v2\/media?parent=21212"}],"wp:term":[{"taxonomy":"product_cat","embeddable":true,"href":"https:\/\/www.poelsan.com\/en\/wp-json\/wp\/v2\/product_cat?post=21212"},{"taxonomy":"product_tag","embeddable":true,"href":"https:\/\/www.poelsan.com\/en\/wp-json\/wp\/v2\/product_tag?post=21212"}],"curies":[{"name":"wp","href":"https:\/\/api.w.org\/{rel}","templated":true}]}}