{"id":18524,"date":"2022-07-30T00:00:38","date_gmt":"2022-07-29T21:00:38","guid":{"rendered":"https:\/\/www.poelsan.com\/urun\/female-tee\/"},"modified":"2025-03-28T16:14:46","modified_gmt":"2025-03-28T13:14:46","slug":"rural-female-tee","status":"publish","type":"product","link":"https:\/\/www.poelsan.com\/en\/product\/rural-female-tee\/","title":{"rendered":"Female Tee"},"content":{"rendered":"\n<table id=\"tablepress-673\" class=\"tablepress tablepress-id-673\">\n<thead>\n<tr class=\"row-1\">\n\t<th class=\"column-1\">Code<\/th><th class=\"column-2\">Size<\/th><th class=\"column-3\">Pressure Value<\/th><th class=\"column-4\">Packing Quantity<\/th><th class=\"column-5\">Box Quantity<\/th>\n<\/tr>\n<\/thead>\n<tbody class=\"row-striping row-hover\">\n<tr class=\"row-2\">\n\t<td class=\"column-1\">20711<\/td><td class=\"column-2\">20 (\u00be\") x \u00bd\" x 20 (\u00be\")<\/td><td class=\"column-3\">10<\/td><td class=\"column-4\">15<\/td><td class=\"column-5\">210<\/td>\n<\/tr>\n<tr class=\"row-3\">\n\t<td class=\"column-1\">20712<\/td><td class=\"column-2\">20 (\u00be\") x \u00be\" x 20 (\u00be\")<\/td><td class=\"column-3\">10<\/td><td class=\"column-4\">15<\/td><td class=\"column-5\">225<\/td>\n<\/tr>\n<tr class=\"row-4\">\n\t<td class=\"column-1\">20721<\/td><td class=\"column-2\">25 (1\") x \u00bd\" x 25 (1\")<\/td><td class=\"column-3\">10<\/td><td class=\"column-4\">10<\/td><td class=\"column-5\">180<\/td>\n<\/tr>\n<tr class=\"row-5\">\n\t<td class=\"column-1\">20722<\/td><td class=\"column-2\">25 (1\") x \u00be\" x 25 (1\")<\/td><td class=\"column-3\">10<\/td><td class=\"column-4\">10<\/td><td class=\"column-5\">160<\/td>\n<\/tr>\n<tr class=\"row-6\">\n\t<td class=\"column-1\">20723<\/td><td class=\"column-2\">25 (1\") x 1\" x 25 (1\")<\/td><td class=\"column-3\">10<\/td><td class=\"column-4\">10<\/td><td class=\"column-5\">140<\/td>\n<\/tr>\n<tr class=\"row-7\">\n\t<td class=\"column-1\">20731<\/td><td class=\"column-2\">32 (1 \u00bc\") x \u00bd\" x 32 (1 \u00bc\")<\/td><td class=\"column-3\">10<\/td><td class=\"column-4\">10<\/td><td class=\"column-5\">90<\/td>\n<\/tr>\n<tr class=\"row-8\">\n\t<td class=\"column-1\">20732<\/td><td class=\"column-2\">32 (1 \u00bc\") x \u00be\" x 32 (1 \u00bc\")<\/td><td class=\"column-3\">10<\/td><td class=\"column-4\">10<\/td><td class=\"column-5\">90<\/td>\n<\/tr>\n<tr class=\"row-9\">\n\t<td class=\"column-1\">20733<\/td><td class=\"column-2\">32 (1 \u00bc\") x 1\" x 32 (1 \u00bc\")<\/td><td class=\"column-3\">10<\/td><td class=\"column-4\">10<\/td><td class=\"column-5\">90<\/td>\n<\/tr>\n<tr class=\"row-10\">\n\t<td class=\"column-1\">20734<\/td><td class=\"column-2\">32 (1 \u00bc\") x 1 \u00bc\" x 32 (1 \u00bc\")<\/td><td class=\"column-3\">10<\/td><td class=\"column-4\">10<\/td><td class=\"column-5\">80<\/td>\n<\/tr>\n<tr class=\"row-11\">\n\t<td class=\"column-1\">20742<\/td><td class=\"column-2\">40 (1 \u00bd\") x \u00be\" x 40 (1 \u00bd\")<\/td><td class=\"column-3\">10<\/td><td class=\"column-4\">5<\/td><td class=\"column-5\">60<\/td>\n<\/tr>\n<tr class=\"row-12\">\n\t<td class=\"column-1\">20743<\/td><td class=\"column-2\">40 (1 \u00bd\") x 1\" x 40 (1 \u00bd\")<\/td><td class=\"column-3\">10<\/td><td class=\"column-4\">5<\/td><td class=\"column-5\">55<\/td>\n<\/tr>\n<tr class=\"row-13\">\n\t<td class=\"column-1\">20744<\/td><td class=\"column-2\">40 (1 \u00bd\") x 1 \u00bc\" x 40 (1 \u00bd\")<\/td><td class=\"column-3\">10<\/td><td class=\"column-4\">5<\/td><td class=\"column-5\">50<\/td>\n<\/tr>\n<tr class=\"row-14\">\n\t<td class=\"column-1\">20745<\/td><td class=\"column-2\">40 (1 \u00bd\") x 1 \u00bd\" x 40 (1 \u00bd\")<\/td><td class=\"column-3\">10<\/td><td class=\"column-4\">5<\/td><td class=\"column-5\">45<\/td>\n<\/tr>\n<tr class=\"row-15\">\n\t<td class=\"column-1\">20755<\/td><td class=\"column-2\">50 (2\") x 1\u00bd\" x 50 (2\")<\/td><td class=\"column-3\">10<\/td><td class=\"column-4\">4<\/td><td class=\"column-5\">32<\/td>\n<\/tr>\n<tr class=\"row-16\">\n\t<td class=\"column-1\">20756<\/td><td class=\"column-2\">50 (2\") x 2\" x 50 (2\")<\/td><td class=\"column-3\">10<\/td><td class=\"column-4\">4<\/td><td class=\"column-5\">28<\/td>\n<\/tr>\n<\/tbody>\n<\/table>\n<!-- #tablepress-673 from cache -->\n","protected":false},"excerpt":{"rendered":"<div class=\"product-detail-infos\">\n<h2>Pressure Values<\/h2>\n<ul>\n<li>PN 10<\/li>\n<\/ul>\n<\/div>\n<div class=\"product-detail-infos\">\n<h2>Fields of Application<\/h2>\n<ul>\n<li>Agricultural Irrigation<\/li>\n<li>Greenhouses<\/li>\n<\/ul>\n<\/div>\n<div class=\"product-logos\"><img decoding=\"async\" src=\"\/wp-content\/uploads\/2022\/07\/tse-iso-45001.png\" \/><br \/>\n<img decoding=\"async\" src=\"\/wp-content\/uploads\/2022\/07\/tse-iso-en-9000.png\" \/><br \/>\n<img decoding=\"async\" src=\"\/wp-content\/uploads\/2022\/07\/tse-iso-14000.png\" \/><br \/>\n<img decoding=\"async\" src=\"\/wp-content\/uploads\/2022\/07\/tse-iso-18001.png\" \/><\/div>\n<div class=\"product-buy-btn\"><a href=\"\/en\/how-can-i-buy\/\" target=\"_blank\" rel=\"noopener\">How can I buy ?<\/a><\/div>\n","protected":false},"featured_media":17471,"comment_status":"closed","ping_status":"closed","template":"","meta":{"_acf_changed":false},"product_cat":[4227,4226],"product_tag":[6019,6022,6025,6029,6033,6037,6040,6043,6046,6049,6052,6054,6055,6057,6059],"class_list":{"0":"post-18524","1":"product","2":"type-product","3":"status-publish","4":"has-post-thumbnail","6":"product_cat-rural-series","7":"product_cat-special-productions","8":"product_tag-20711-en","9":"product_tag-20712-en","10":"product_tag-20721-en","11":"product_tag-20722-en","12":"product_tag-20723-en","13":"product_tag-20731-en","14":"product_tag-20732-en","15":"product_tag-20733-en","16":"product_tag-20734-en","17":"product_tag-20742-en","18":"product_tag-20743-en","19":"product_tag-20744-en","20":"product_tag-20745-en","21":"product_tag-20755-en","22":"product_tag-20756-en","24":"first","25":"instock","26":"product-type-simple"},"acf":[],"yoast_head":"<!-- This site is optimized with the Yoast SEO plugin v25.9 - https:\/\/yoast.com\/wordpress\/plugins\/seo\/ -->\n<title>Female Tee - Poelsan<\/title>\n<meta name=\"description\" content=\"Poelsan Female Tee \u00dcr\u00fcn\u00fcm\u00fcz ve Daha Fazla Sulama Ekipmanlar\u0131m\u0131z\u0131 Hemen Ke\u015ffedin.\" \/>\n<meta name=\"robots\" content=\"index, follow, max-snippet:-1, max-image-preview:large, max-video-preview:-1\" \/>\n<link rel=\"canonical\" href=\"https:\/\/www.poelsan.com\/en\/product\/rural-female-tee\/\" \/>\n<meta property=\"og:locale\" content=\"en_US\" \/>\n<meta property=\"og:type\" content=\"article\" \/>\n<meta property=\"og:title\" content=\"Female Tee - Poelsan\" \/>\n<meta property=\"og:description\" content=\"Poelsan Female Tee \u00dcr\u00fcn\u00fcm\u00fcz ve Daha Fazla Sulama Ekipmanlar\u0131m\u0131z\u0131 Hemen Ke\u015ffedin.\" \/>\n<meta property=\"og:url\" content=\"https:\/\/www.poelsan.com\/en\/product\/rural-female-tee\/\" \/>\n<meta property=\"og:site_name\" content=\"Poelsan\" \/>\n<meta property=\"article:publisher\" content=\"https:\/\/www.facebook.com\/poelsanplastik\/\" \/>\n<meta property=\"article:modified_time\" content=\"2025-03-28T13:14:46+00:00\" \/>\n<meta property=\"og:image\" content=\"https:\/\/www.poelsan.com\/wp-content\/uploads\/2022\/07\/disi-te.png\" \/>\n\t<meta property=\"og:image:width\" content=\"600\" \/>\n\t<meta property=\"og:image:height\" content=\"350\" \/>\n\t<meta property=\"og:image:type\" content=\"image\/png\" \/>\n<meta name=\"twitter:card\" content=\"summary_large_image\" \/>\n<meta name=\"twitter:label1\" content=\"Est. reading time\" \/>\n\t<meta name=\"twitter:data1\" content=\"1 minute\" \/>\n<script type=\"application\/ld+json\" class=\"yoast-schema-graph\">{\"@context\":\"https:\/\/schema.org\",\"@graph\":[{\"@type\":\"WebPage\",\"@id\":\"https:\/\/www.poelsan.com\/en\/product\/rural-female-tee\/\",\"url\":\"https:\/\/www.poelsan.com\/en\/product\/rural-female-tee\/\",\"name\":\"Female Tee - Poelsan\",\"isPartOf\":{\"@id\":\"https:\/\/www.poelsan.com\/en\/#website\"},\"primaryImageOfPage\":{\"@id\":\"https:\/\/www.poelsan.com\/en\/product\/rural-female-tee\/#primaryimage\"},\"image\":{\"@id\":\"https:\/\/www.poelsan.com\/en\/product\/rural-female-tee\/#primaryimage\"},\"thumbnailUrl\":\"https:\/\/www.poelsan.com\/wp-content\/uploads\/2022\/07\/disi-te.png\",\"datePublished\":\"2022-07-29T21:00:38+00:00\",\"dateModified\":\"2025-03-28T13:14:46+00:00\",\"description\":\"Poelsan Female Tee \u00dcr\u00fcn\u00fcm\u00fcz ve Daha Fazla Sulama Ekipmanlar\u0131m\u0131z\u0131 Hemen Ke\u015ffedin.\",\"breadcrumb\":{\"@id\":\"https:\/\/www.poelsan.com\/en\/product\/rural-female-tee\/#breadcrumb\"},\"inLanguage\":\"en-US\",\"potentialAction\":[{\"@type\":\"ReadAction\",\"target\":[\"https:\/\/www.poelsan.com\/en\/product\/rural-female-tee\/\"]}]},{\"@type\":\"ImageObject\",\"inLanguage\":\"en-US\",\"@id\":\"https:\/\/www.poelsan.com\/en\/product\/rural-female-tee\/#primaryimage\",\"url\":\"https:\/\/www.poelsan.com\/wp-content\/uploads\/2022\/07\/disi-te.png\",\"contentUrl\":\"https:\/\/www.poelsan.com\/wp-content\/uploads\/2022\/07\/disi-te.png\",\"width\":600,\"height\":350},{\"@type\":\"BreadcrumbList\",\"@id\":\"https:\/\/www.poelsan.com\/en\/product\/rural-female-tee\/#breadcrumb\",\"itemListElement\":[{\"@type\":\"ListItem\",\"position\":1,\"name\":\"Home\",\"item\":\"https:\/\/www.poelsan.com\/en\/\"},{\"@type\":\"ListItem\",\"position\":2,\"name\":\"Products\",\"item\":\"https:\/\/www.poelsan.com\/en\/shop\/\"},{\"@type\":\"ListItem\",\"position\":3,\"name\":\"Female Tee\"}]},{\"@type\":\"WebSite\",\"@id\":\"https:\/\/www.poelsan.com\/en\/#website\",\"url\":\"https:\/\/www.poelsan.com\/en\/\",\"name\":\"Poelsan: Sekt\u00f6r\u00fcnde D\u00fcnya Markas\u0131\",\"description\":\"Sekt\u00f6r\u00fcnde D\u00fcnya Markas\u0131\",\"publisher\":{\"@id\":\"https:\/\/www.poelsan.com\/en\/#organization\"},\"potentialAction\":[{\"@type\":\"SearchAction\",\"target\":{\"@type\":\"EntryPoint\",\"urlTemplate\":\"https:\/\/www.poelsan.com\/en\/?s={search_term_string}\"},\"query-input\":{\"@type\":\"PropertyValueSpecification\",\"valueRequired\":true,\"valueName\":\"search_term_string\"}}],\"inLanguage\":\"en-US\"},{\"@type\":\"Organization\",\"@id\":\"https:\/\/www.poelsan.com\/en\/#organization\",\"name\":\"Poelsan: Sekt\u00f6r\u00fcnde D\u00fcnya Markas\u0131\",\"url\":\"https:\/\/www.poelsan.com\/en\/\",\"logo\":{\"@type\":\"ImageObject\",\"inLanguage\":\"en-US\",\"@id\":\"https:\/\/www.poelsan.com\/en\/#\/schema\/logo\/image\/\",\"url\":\"https:\/\/www.poelsan.com\/wp-content\/uploads\/2025\/09\/poelsan.png\",\"contentUrl\":\"https:\/\/www.poelsan.com\/wp-content\/uploads\/2025\/09\/poelsan.png\",\"width\":1200,\"height\":675,\"caption\":\"Poelsan: Sekt\u00f6r\u00fcnde D\u00fcnya Markas\u0131\"},\"image\":{\"@id\":\"https:\/\/www.poelsan.com\/en\/#\/schema\/logo\/image\/\"},\"sameAs\":[\"https:\/\/www.facebook.com\/poelsanplastik\/\",\"https:\/\/www.instagram.com\/explore\/locations\/541106002887674\/poelsan-plastik-san-ve-tic-as\/\"]}]}<\/script>\n<!-- \/ Yoast SEO plugin. -->","yoast_head_json":{"title":"Female Tee - Poelsan","description":"Poelsan Female Tee \u00dcr\u00fcn\u00fcm\u00fcz ve Daha Fazla Sulama Ekipmanlar\u0131m\u0131z\u0131 Hemen Ke\u015ffedin.","robots":{"index":"index","follow":"follow","max-snippet":"max-snippet:-1","max-image-preview":"max-image-preview:large","max-video-preview":"max-video-preview:-1"},"canonical":"https:\/\/www.poelsan.com\/en\/product\/rural-female-tee\/","og_locale":"en_US","og_type":"article","og_title":"Female Tee - Poelsan","og_description":"Poelsan Female Tee \u00dcr\u00fcn\u00fcm\u00fcz ve Daha Fazla Sulama Ekipmanlar\u0131m\u0131z\u0131 Hemen Ke\u015ffedin.","og_url":"https:\/\/www.poelsan.com\/en\/product\/rural-female-tee\/","og_site_name":"Poelsan","article_publisher":"https:\/\/www.facebook.com\/poelsanplastik\/","article_modified_time":"2025-03-28T13:14:46+00:00","og_image":[{"width":600,"height":350,"url":"https:\/\/www.poelsan.com\/wp-content\/uploads\/2022\/07\/disi-te.png","type":"image\/png"}],"twitter_card":"summary_large_image","twitter_misc":{"Est. reading time":"1 minute"},"schema":{"@context":"https:\/\/schema.org","@graph":[{"@type":"WebPage","@id":"https:\/\/www.poelsan.com\/en\/product\/rural-female-tee\/","url":"https:\/\/www.poelsan.com\/en\/product\/rural-female-tee\/","name":"Female Tee - Poelsan","isPartOf":{"@id":"https:\/\/www.poelsan.com\/en\/#website"},"primaryImageOfPage":{"@id":"https:\/\/www.poelsan.com\/en\/product\/rural-female-tee\/#primaryimage"},"image":{"@id":"https:\/\/www.poelsan.com\/en\/product\/rural-female-tee\/#primaryimage"},"thumbnailUrl":"https:\/\/www.poelsan.com\/wp-content\/uploads\/2022\/07\/disi-te.png","datePublished":"2022-07-29T21:00:38+00:00","dateModified":"2025-03-28T13:14:46+00:00","description":"Poelsan Female Tee \u00dcr\u00fcn\u00fcm\u00fcz ve Daha Fazla Sulama Ekipmanlar\u0131m\u0131z\u0131 Hemen Ke\u015ffedin.","breadcrumb":{"@id":"https:\/\/www.poelsan.com\/en\/product\/rural-female-tee\/#breadcrumb"},"inLanguage":"en-US","potentialAction":[{"@type":"ReadAction","target":["https:\/\/www.poelsan.com\/en\/product\/rural-female-tee\/"]}]},{"@type":"ImageObject","inLanguage":"en-US","@id":"https:\/\/www.poelsan.com\/en\/product\/rural-female-tee\/#primaryimage","url":"https:\/\/www.poelsan.com\/wp-content\/uploads\/2022\/07\/disi-te.png","contentUrl":"https:\/\/www.poelsan.com\/wp-content\/uploads\/2022\/07\/disi-te.png","width":600,"height":350},{"@type":"BreadcrumbList","@id":"https:\/\/www.poelsan.com\/en\/product\/rural-female-tee\/#breadcrumb","itemListElement":[{"@type":"ListItem","position":1,"name":"Home","item":"https:\/\/www.poelsan.com\/en\/"},{"@type":"ListItem","position":2,"name":"Products","item":"https:\/\/www.poelsan.com\/en\/shop\/"},{"@type":"ListItem","position":3,"name":"Female Tee"}]},{"@type":"WebSite","@id":"https:\/\/www.poelsan.com\/en\/#website","url":"https:\/\/www.poelsan.com\/en\/","name":"Poelsan: Sekt\u00f6r\u00fcnde D\u00fcnya Markas\u0131","description":"Sekt\u00f6r\u00fcnde D\u00fcnya Markas\u0131","publisher":{"@id":"https:\/\/www.poelsan.com\/en\/#organization"},"potentialAction":[{"@type":"SearchAction","target":{"@type":"EntryPoint","urlTemplate":"https:\/\/www.poelsan.com\/en\/?s={search_term_string}"},"query-input":{"@type":"PropertyValueSpecification","valueRequired":true,"valueName":"search_term_string"}}],"inLanguage":"en-US"},{"@type":"Organization","@id":"https:\/\/www.poelsan.com\/en\/#organization","name":"Poelsan: Sekt\u00f6r\u00fcnde D\u00fcnya Markas\u0131","url":"https:\/\/www.poelsan.com\/en\/","logo":{"@type":"ImageObject","inLanguage":"en-US","@id":"https:\/\/www.poelsan.com\/en\/#\/schema\/logo\/image\/","url":"https:\/\/www.poelsan.com\/wp-content\/uploads\/2025\/09\/poelsan.png","contentUrl":"https:\/\/www.poelsan.com\/wp-content\/uploads\/2025\/09\/poelsan.png","width":1200,"height":675,"caption":"Poelsan: Sekt\u00f6r\u00fcnde D\u00fcnya Markas\u0131"},"image":{"@id":"https:\/\/www.poelsan.com\/en\/#\/schema\/logo\/image\/"},"sameAs":["https:\/\/www.facebook.com\/poelsanplastik\/","https:\/\/www.instagram.com\/explore\/locations\/541106002887674\/poelsan-plastik-san-ve-tic-as\/"]}]}},"_links":{"self":[{"href":"https:\/\/www.poelsan.com\/en\/wp-json\/wp\/v2\/product\/18524","targetHints":{"allow":["GET"]}}],"collection":[{"href":"https:\/\/www.poelsan.com\/en\/wp-json\/wp\/v2\/product"}],"about":[{"href":"https:\/\/www.poelsan.com\/en\/wp-json\/wp\/v2\/types\/product"}],"replies":[{"embeddable":true,"href":"https:\/\/www.poelsan.com\/en\/wp-json\/wp\/v2\/comments?post=18524"}],"wp:featuredmedia":[{"embeddable":true,"href":"https:\/\/www.poelsan.com\/en\/wp-json\/wp\/v2\/media\/17471"}],"wp:attachment":[{"href":"https:\/\/www.poelsan.com\/en\/wp-json\/wp\/v2\/media?parent=18524"}],"wp:term":[{"taxonomy":"product_cat","embeddable":true,"href":"https:\/\/www.poelsan.com\/en\/wp-json\/wp\/v2\/product_cat?post=18524"},{"taxonomy":"product_tag","embeddable":true,"href":"https:\/\/www.poelsan.com\/en\/wp-json\/wp\/v2\/product_tag?post=18524"}],"curies":[{"name":"wp","href":"https:\/\/api.w.org\/{rel}","templated":true}]}}