{"id":18503,"date":"2022-07-30T00:00:39","date_gmt":"2022-07-29T21:00:39","guid":{"rendered":"https:\/\/www.poelsan.com\/urun\/female-elbow\/"},"modified":"2025-03-28T16:16:03","modified_gmt":"2025-03-28T13:16:03","slug":"rural-female-elbow","status":"publish","type":"product","link":"https:\/\/www.poelsan.com\/en\/product\/rural-female-elbow\/","title":{"rendered":"Female Elbow"},"content":{"rendered":"\n<table id=\"tablepress-676\" class=\"tablepress tablepress-id-676\">\n<thead>\n<tr class=\"row-1\">\n\t<th class=\"column-1\">Code<\/th><th class=\"column-2\">Size<\/th><th class=\"column-3\">Pressure Value<\/th><th class=\"column-4\">Packing Quantity<\/th><th class=\"column-5\">Box Quantity<\/th>\n<\/tr>\n<\/thead>\n<tbody class=\"row-striping row-hover\">\n<tr class=\"row-2\">\n\t<td class=\"column-1\">21211<\/td><td class=\"column-2\">20 (\u00be\") x \u00bd\"<\/td><td class=\"column-3\">10<\/td><td class=\"column-4\">25<\/td><td class=\"column-5\">500<\/td>\n<\/tr>\n<tr class=\"row-3\">\n\t<td class=\"column-1\">21212<\/td><td class=\"column-2\">20 (\u00be\") x \u00be\"<\/td><td class=\"column-3\">10<\/td><td class=\"column-4\">25<\/td><td class=\"column-5\">400<\/td>\n<\/tr>\n<tr class=\"row-4\">\n\t<td class=\"column-1\">21221<\/td><td class=\"column-2\">25 (1\") x \u00bd\"<\/td><td class=\"column-3\">10<\/td><td class=\"column-4\">15<\/td><td class=\"column-5\">330<\/td>\n<\/tr>\n<tr class=\"row-5\">\n\t<td class=\"column-1\">21222<\/td><td class=\"column-2\">25 (1\") x \u00be\"<\/td><td class=\"column-3\">10<\/td><td class=\"column-4\">15<\/td><td class=\"column-5\">300<\/td>\n<\/tr>\n<tr class=\"row-6\">\n\t<td class=\"column-1\">21223<\/td><td class=\"column-2\">25 (1\") x 1\"<\/td><td class=\"column-3\">10<\/td><td class=\"column-4\">15<\/td><td class=\"column-5\">240<\/td>\n<\/tr>\n<tr class=\"row-7\">\n\t<td class=\"column-1\">21232<\/td><td class=\"column-2\">32 (1 \u00bc\") x \u00be\"<\/td><td class=\"column-3\">10<\/td><td class=\"column-4\">10<\/td><td class=\"column-5\">180<\/td>\n<\/tr>\n<tr class=\"row-8\">\n\t<td class=\"column-1\">21233<\/td><td class=\"column-2\">32 (1 \u00bc\") x 1\"<\/td><td class=\"column-3\">10<\/td><td class=\"column-4\">10<\/td><td class=\"column-5\">170<\/td>\n<\/tr>\n<tr class=\"row-9\">\n\t<td class=\"column-1\">21234<\/td><td class=\"column-2\">32 (1 \u00bc\") x 1 \u00bc\"<\/td><td class=\"column-3\">10<\/td><td class=\"column-4\">10<\/td><td class=\"column-5\">140<\/td>\n<\/tr>\n<tr class=\"row-10\">\n\t<td class=\"column-1\">21243<\/td><td class=\"column-2\">40 (1 \u00bd\") x 1\"<\/td><td class=\"column-3\">10<\/td><td class=\"column-4\">5<\/td><td class=\"column-5\">110<\/td>\n<\/tr>\n<tr class=\"row-11\">\n\t<td class=\"column-1\">21244<\/td><td class=\"column-2\">40 (1 \u00bd\") x 1 \u00bc\"<\/td><td class=\"column-3\">10<\/td><td class=\"column-4\">5<\/td><td class=\"column-5\">100<\/td>\n<\/tr>\n<tr class=\"row-12\">\n\t<td class=\"column-1\">21245<\/td><td class=\"column-2\">40 (1 \u00bd\") x 1 \u00bd\"<\/td><td class=\"column-3\">10<\/td><td class=\"column-4\">5<\/td><td class=\"column-5\">70<\/td>\n<\/tr>\n<tr class=\"row-13\">\n\t<td class=\"column-1\">21254<\/td><td class=\"column-2\">50 (2\") x 1\u00bc\"<\/td><td class=\"column-3\">10<\/td><td class=\"column-4\">4<\/td><td class=\"column-5\">64<\/td>\n<\/tr>\n<tr class=\"row-14\">\n\t<td class=\"column-1\">21255<\/td><td class=\"column-2\">50 (2\") x 1\u00bd\"<\/td><td class=\"column-3\">10<\/td><td class=\"column-4\">4<\/td><td class=\"column-5\">60<\/td>\n<\/tr>\n<tr class=\"row-15\">\n\t<td class=\"column-1\">21256<\/td><td class=\"column-2\">50 (2\") x 2\"<\/td><td class=\"column-3\">10<\/td><td class=\"column-4\">4<\/td><td class=\"column-5\">52<\/td>\n<\/tr>\n<\/tbody>\n<\/table>\n\n","protected":false},"excerpt":{"rendered":"<div class=\"product-detail-infos\">\n<h2>Pressure Values<\/h2>\n<ul>\n<li>PN 10<\/li>\n<\/ul>\n<\/div>\n<div class=\"product-detail-infos\">\n<h2>Fields of Application<\/h2>\n<ul>\n<li>Agricultural Irrigation<\/li>\n<li>Greenhouses<\/li>\n<\/ul>\n<\/div>\n<div class=\"product-logos\"><img decoding=\"async\" src=\"\/wp-content\/uploads\/2022\/07\/tse-iso-45001.png\" \/><br \/>\n<img decoding=\"async\" src=\"\/wp-content\/uploads\/2022\/07\/tse-iso-en-9000.png\" \/><br \/>\n<img decoding=\"async\" src=\"\/wp-content\/uploads\/2022\/07\/tse-iso-14000.png\" \/><br \/>\n<img decoding=\"async\" src=\"\/wp-content\/uploads\/2022\/07\/tse-iso-18001.png\" \/><\/div>\n","protected":false},"featured_media":17474,"comment_status":"closed","ping_status":"closed","template":"","meta":{"_acf_changed":false},"product_cat":[4227,4226],"product_tag":[5907,5911,5915,5919,5921,5923,5925,5927,5929,5930,5931,5932,5933,5934],"class_list":{"0":"post-18503","1":"product","2":"type-product","3":"status-publish","4":"has-post-thumbnail","6":"product_cat-rural-series","7":"product_cat-special-productions","8":"product_tag-21211-en","9":"product_tag-21212-en","10":"product_tag-21221-en","11":"product_tag-21222-en","12":"product_tag-21223-en","13":"product_tag-21232-en","14":"product_tag-21233-en","15":"product_tag-21234-en","16":"product_tag-21243-en","17":"product_tag-21244-en","18":"product_tag-21245-en","19":"product_tag-21254-en","20":"product_tag-21255-en","21":"product_tag-21256-en","23":"first","24":"instock","25":"product-type-simple"},"acf":[],"yoast_head":"<!-- This site is optimized with the Yoast SEO plugin v25.9 - https:\/\/yoast.com\/wordpress\/plugins\/seo\/ -->\n<title>Female Elbow - Poelsan<\/title>\n<meta name=\"description\" content=\"Poelsan Female Elbow \u00dcr\u00fcn\u00fcm\u00fcz ve Daha Fazla Sulama Ekipmanlar\u0131m\u0131z\u0131 Hemen Ke\u015ffedin.\" \/>\n<meta name=\"robots\" content=\"index, follow, max-snippet:-1, max-image-preview:large, max-video-preview:-1\" \/>\n<link rel=\"canonical\" href=\"https:\/\/www.poelsan.com\/en\/product\/rural-female-elbow\/\" \/>\n<meta property=\"og:locale\" content=\"en_US\" \/>\n<meta property=\"og:type\" content=\"article\" \/>\n<meta property=\"og:title\" content=\"Female Elbow - Poelsan\" \/>\n<meta property=\"og:description\" content=\"Poelsan Female Elbow \u00dcr\u00fcn\u00fcm\u00fcz ve Daha Fazla Sulama Ekipmanlar\u0131m\u0131z\u0131 Hemen Ke\u015ffedin.\" \/>\n<meta property=\"og:url\" content=\"https:\/\/www.poelsan.com\/en\/product\/rural-female-elbow\/\" \/>\n<meta property=\"og:site_name\" content=\"Poelsan\" \/>\n<meta property=\"article:publisher\" content=\"https:\/\/www.facebook.com\/poelsanplastik\/\" \/>\n<meta property=\"article:modified_time\" content=\"2025-03-28T13:16:03+00:00\" \/>\n<meta property=\"og:image\" content=\"https:\/\/www.poelsan.com\/wp-content\/uploads\/2022\/07\/disi-dirsek.png\" \/>\n\t<meta property=\"og:image:width\" content=\"600\" \/>\n\t<meta property=\"og:image:height\" content=\"350\" \/>\n\t<meta property=\"og:image:type\" content=\"image\/png\" \/>\n<meta name=\"twitter:card\" content=\"summary_large_image\" \/>\n<meta name=\"twitter:label1\" content=\"Est. reading time\" \/>\n\t<meta name=\"twitter:data1\" content=\"1 minute\" \/>\n<script type=\"application\/ld+json\" class=\"yoast-schema-graph\">{\"@context\":\"https:\/\/schema.org\",\"@graph\":[{\"@type\":\"WebPage\",\"@id\":\"https:\/\/www.poelsan.com\/en\/product\/rural-female-elbow\/\",\"url\":\"https:\/\/www.poelsan.com\/en\/product\/rural-female-elbow\/\",\"name\":\"Female Elbow - Poelsan\",\"isPartOf\":{\"@id\":\"https:\/\/www.poelsan.com\/en\/#website\"},\"primaryImageOfPage\":{\"@id\":\"https:\/\/www.poelsan.com\/en\/product\/rural-female-elbow\/#primaryimage\"},\"image\":{\"@id\":\"https:\/\/www.poelsan.com\/en\/product\/rural-female-elbow\/#primaryimage\"},\"thumbnailUrl\":\"https:\/\/www.poelsan.com\/wp-content\/uploads\/2022\/07\/disi-dirsek.png\",\"datePublished\":\"2022-07-29T21:00:39+00:00\",\"dateModified\":\"2025-03-28T13:16:03+00:00\",\"description\":\"Poelsan Female Elbow \u00dcr\u00fcn\u00fcm\u00fcz ve Daha Fazla Sulama Ekipmanlar\u0131m\u0131z\u0131 Hemen Ke\u015ffedin.\",\"breadcrumb\":{\"@id\":\"https:\/\/www.poelsan.com\/en\/product\/rural-female-elbow\/#breadcrumb\"},\"inLanguage\":\"en-US\",\"potentialAction\":[{\"@type\":\"ReadAction\",\"target\":[\"https:\/\/www.poelsan.com\/en\/product\/rural-female-elbow\/\"]}]},{\"@type\":\"ImageObject\",\"inLanguage\":\"en-US\",\"@id\":\"https:\/\/www.poelsan.com\/en\/product\/rural-female-elbow\/#primaryimage\",\"url\":\"https:\/\/www.poelsan.com\/wp-content\/uploads\/2022\/07\/disi-dirsek.png\",\"contentUrl\":\"https:\/\/www.poelsan.com\/wp-content\/uploads\/2022\/07\/disi-dirsek.png\",\"width\":600,\"height\":350},{\"@type\":\"BreadcrumbList\",\"@id\":\"https:\/\/www.poelsan.com\/en\/product\/rural-female-elbow\/#breadcrumb\",\"itemListElement\":[{\"@type\":\"ListItem\",\"position\":1,\"name\":\"Home\",\"item\":\"https:\/\/www.poelsan.com\/en\/\"},{\"@type\":\"ListItem\",\"position\":2,\"name\":\"Products\",\"item\":\"https:\/\/www.poelsan.com\/en\/shop\/\"},{\"@type\":\"ListItem\",\"position\":3,\"name\":\"Female Elbow\"}]},{\"@type\":\"WebSite\",\"@id\":\"https:\/\/www.poelsan.com\/en\/#website\",\"url\":\"https:\/\/www.poelsan.com\/en\/\",\"name\":\"Poelsan: Sekt\u00f6r\u00fcnde D\u00fcnya Markas\u0131\",\"description\":\"Sekt\u00f6r\u00fcnde D\u00fcnya Markas\u0131\",\"publisher\":{\"@id\":\"https:\/\/www.poelsan.com\/en\/#organization\"},\"potentialAction\":[{\"@type\":\"SearchAction\",\"target\":{\"@type\":\"EntryPoint\",\"urlTemplate\":\"https:\/\/www.poelsan.com\/en\/?s={search_term_string}\"},\"query-input\":{\"@type\":\"PropertyValueSpecification\",\"valueRequired\":true,\"valueName\":\"search_term_string\"}}],\"inLanguage\":\"en-US\"},{\"@type\":\"Organization\",\"@id\":\"https:\/\/www.poelsan.com\/en\/#organization\",\"name\":\"Poelsan: Sekt\u00f6r\u00fcnde D\u00fcnya Markas\u0131\",\"url\":\"https:\/\/www.poelsan.com\/en\/\",\"logo\":{\"@type\":\"ImageObject\",\"inLanguage\":\"en-US\",\"@id\":\"https:\/\/www.poelsan.com\/en\/#\/schema\/logo\/image\/\",\"url\":\"https:\/\/www.poelsan.com\/wp-content\/uploads\/2025\/09\/poelsan.png\",\"contentUrl\":\"https:\/\/www.poelsan.com\/wp-content\/uploads\/2025\/09\/poelsan.png\",\"width\":1200,\"height\":675,\"caption\":\"Poelsan: Sekt\u00f6r\u00fcnde D\u00fcnya Markas\u0131\"},\"image\":{\"@id\":\"https:\/\/www.poelsan.com\/en\/#\/schema\/logo\/image\/\"},\"sameAs\":[\"https:\/\/www.facebook.com\/poelsanplastik\/\",\"https:\/\/www.instagram.com\/explore\/locations\/541106002887674\/poelsan-plastik-san-ve-tic-as\/\"]}]}<\/script>\n<!-- \/ Yoast SEO plugin. -->","yoast_head_json":{"title":"Female Elbow - Poelsan","description":"Poelsan Female Elbow \u00dcr\u00fcn\u00fcm\u00fcz ve Daha Fazla Sulama Ekipmanlar\u0131m\u0131z\u0131 Hemen Ke\u015ffedin.","robots":{"index":"index","follow":"follow","max-snippet":"max-snippet:-1","max-image-preview":"max-image-preview:large","max-video-preview":"max-video-preview:-1"},"canonical":"https:\/\/www.poelsan.com\/en\/product\/rural-female-elbow\/","og_locale":"en_US","og_type":"article","og_title":"Female Elbow - Poelsan","og_description":"Poelsan Female Elbow \u00dcr\u00fcn\u00fcm\u00fcz ve Daha Fazla Sulama Ekipmanlar\u0131m\u0131z\u0131 Hemen Ke\u015ffedin.","og_url":"https:\/\/www.poelsan.com\/en\/product\/rural-female-elbow\/","og_site_name":"Poelsan","article_publisher":"https:\/\/www.facebook.com\/poelsanplastik\/","article_modified_time":"2025-03-28T13:16:03+00:00","og_image":[{"width":600,"height":350,"url":"https:\/\/www.poelsan.com\/wp-content\/uploads\/2022\/07\/disi-dirsek.png","type":"image\/png"}],"twitter_card":"summary_large_image","twitter_misc":{"Est. reading time":"1 minute"},"schema":{"@context":"https:\/\/schema.org","@graph":[{"@type":"WebPage","@id":"https:\/\/www.poelsan.com\/en\/product\/rural-female-elbow\/","url":"https:\/\/www.poelsan.com\/en\/product\/rural-female-elbow\/","name":"Female Elbow - Poelsan","isPartOf":{"@id":"https:\/\/www.poelsan.com\/en\/#website"},"primaryImageOfPage":{"@id":"https:\/\/www.poelsan.com\/en\/product\/rural-female-elbow\/#primaryimage"},"image":{"@id":"https:\/\/www.poelsan.com\/en\/product\/rural-female-elbow\/#primaryimage"},"thumbnailUrl":"https:\/\/www.poelsan.com\/wp-content\/uploads\/2022\/07\/disi-dirsek.png","datePublished":"2022-07-29T21:00:39+00:00","dateModified":"2025-03-28T13:16:03+00:00","description":"Poelsan Female Elbow \u00dcr\u00fcn\u00fcm\u00fcz ve Daha Fazla Sulama Ekipmanlar\u0131m\u0131z\u0131 Hemen Ke\u015ffedin.","breadcrumb":{"@id":"https:\/\/www.poelsan.com\/en\/product\/rural-female-elbow\/#breadcrumb"},"inLanguage":"en-US","potentialAction":[{"@type":"ReadAction","target":["https:\/\/www.poelsan.com\/en\/product\/rural-female-elbow\/"]}]},{"@type":"ImageObject","inLanguage":"en-US","@id":"https:\/\/www.poelsan.com\/en\/product\/rural-female-elbow\/#primaryimage","url":"https:\/\/www.poelsan.com\/wp-content\/uploads\/2022\/07\/disi-dirsek.png","contentUrl":"https:\/\/www.poelsan.com\/wp-content\/uploads\/2022\/07\/disi-dirsek.png","width":600,"height":350},{"@type":"BreadcrumbList","@id":"https:\/\/www.poelsan.com\/en\/product\/rural-female-elbow\/#breadcrumb","itemListElement":[{"@type":"ListItem","position":1,"name":"Home","item":"https:\/\/www.poelsan.com\/en\/"},{"@type":"ListItem","position":2,"name":"Products","item":"https:\/\/www.poelsan.com\/en\/shop\/"},{"@type":"ListItem","position":3,"name":"Female Elbow"}]},{"@type":"WebSite","@id":"https:\/\/www.poelsan.com\/en\/#website","url":"https:\/\/www.poelsan.com\/en\/","name":"Poelsan: Sekt\u00f6r\u00fcnde D\u00fcnya Markas\u0131","description":"Sekt\u00f6r\u00fcnde D\u00fcnya Markas\u0131","publisher":{"@id":"https:\/\/www.poelsan.com\/en\/#organization"},"potentialAction":[{"@type":"SearchAction","target":{"@type":"EntryPoint","urlTemplate":"https:\/\/www.poelsan.com\/en\/?s={search_term_string}"},"query-input":{"@type":"PropertyValueSpecification","valueRequired":true,"valueName":"search_term_string"}}],"inLanguage":"en-US"},{"@type":"Organization","@id":"https:\/\/www.poelsan.com\/en\/#organization","name":"Poelsan: Sekt\u00f6r\u00fcnde D\u00fcnya Markas\u0131","url":"https:\/\/www.poelsan.com\/en\/","logo":{"@type":"ImageObject","inLanguage":"en-US","@id":"https:\/\/www.poelsan.com\/en\/#\/schema\/logo\/image\/","url":"https:\/\/www.poelsan.com\/wp-content\/uploads\/2025\/09\/poelsan.png","contentUrl":"https:\/\/www.poelsan.com\/wp-content\/uploads\/2025\/09\/poelsan.png","width":1200,"height":675,"caption":"Poelsan: Sekt\u00f6r\u00fcnde D\u00fcnya Markas\u0131"},"image":{"@id":"https:\/\/www.poelsan.com\/en\/#\/schema\/logo\/image\/"},"sameAs":["https:\/\/www.facebook.com\/poelsanplastik\/","https:\/\/www.instagram.com\/explore\/locations\/541106002887674\/poelsan-plastik-san-ve-tic-as\/"]}]}},"_links":{"self":[{"href":"https:\/\/www.poelsan.com\/en\/wp-json\/wp\/v2\/product\/18503","targetHints":{"allow":["GET"]}}],"collection":[{"href":"https:\/\/www.poelsan.com\/en\/wp-json\/wp\/v2\/product"}],"about":[{"href":"https:\/\/www.poelsan.com\/en\/wp-json\/wp\/v2\/types\/product"}],"replies":[{"embeddable":true,"href":"https:\/\/www.poelsan.com\/en\/wp-json\/wp\/v2\/comments?post=18503"}],"wp:featuredmedia":[{"embeddable":true,"href":"https:\/\/www.poelsan.com\/en\/wp-json\/wp\/v2\/media\/17474"}],"wp:attachment":[{"href":"https:\/\/www.poelsan.com\/en\/wp-json\/wp\/v2\/media?parent=18503"}],"wp:term":[{"taxonomy":"product_cat","embeddable":true,"href":"https:\/\/www.poelsan.com\/en\/wp-json\/wp\/v2\/product_cat?post=18503"},{"taxonomy":"product_tag","embeddable":true,"href":"https:\/\/www.poelsan.com\/en\/wp-json\/wp\/v2\/product_tag?post=18503"}],"curies":[{"name":"wp","href":"https:\/\/api.w.org\/{rel}","templated":true}]}}