{"id":18463,"date":"2022-07-30T00:01:30","date_gmt":"2022-07-29T21:01:30","guid":{"rendered":"https:\/\/www.poelsan.com\/urun\/lock-type-male-elbow\/"},"modified":"2025-04-02T10:36:46","modified_gmt":"2025-04-02T07:36:46","slug":"lock-type-male-elbow","status":"publish","type":"product","link":"https:\/\/www.poelsan.com\/en\/product\/lock-type-male-elbow\/","title":{"rendered":"Lock Type Male Elbow"},"content":{"rendered":"\n<table id=\"tablepress-704\" class=\"tablepress tablepress-id-704\">\n<thead>\n<tr class=\"row-1\">\n\t<th class=\"column-1\">Code<\/th><th class=\"column-2\">Size<\/th><th class=\"column-3\">Pressure Value<\/th><th class=\"column-4\">Packing Quantity<\/th><th class=\"column-5\">Box Quantity<\/th>\n<\/tr>\n<\/thead>\n<tbody class=\"row-striping row-hover\">\n<tr class=\"row-2\">\n\t<td class=\"column-1\">12821<\/td><td class=\"column-2\">16 x \u00bd\"<\/td><td class=\"column-3\">6<\/td><td class=\"column-4\">50<\/td><td class=\"column-5\">650<\/td>\n<\/tr>\n<tr class=\"row-3\">\n\t<td class=\"column-1\">12822<\/td><td class=\"column-2\">16 x \u00be\"<\/td><td class=\"column-3\">6<\/td><td class=\"column-4\">50<\/td><td class=\"column-5\">600<\/td>\n<\/tr>\n<tr class=\"row-4\">\n\t<td class=\"column-1\">12823<\/td><td class=\"column-2\">16 x 1\"<\/td><td class=\"column-3\">6<\/td><td class=\"column-4\">50<\/td><td class=\"column-5\">500<\/td>\n<\/tr>\n<tr class=\"row-5\">\n\t<td class=\"column-1\">12824<\/td><td class=\"column-2\">16 x 1 \u00bc\"<\/td><td class=\"column-3\">6<\/td><td class=\"column-4\">50<\/td><td class=\"column-5\">300<\/td>\n<\/tr>\n<tr class=\"row-6\">\n\t<td class=\"column-1\">12841<\/td><td class=\"column-2\">20 x \u00bd\"<\/td><td class=\"column-3\">6<\/td><td class=\"column-4\">50<\/td><td class=\"column-5\">600<\/td>\n<\/tr>\n<tr class=\"row-7\">\n\t<td class=\"column-1\">12842<\/td><td class=\"column-2\">20 x \u00be\"<\/td><td class=\"column-3\">6<\/td><td class=\"column-4\">50<\/td><td class=\"column-5\">600<\/td>\n<\/tr>\n<tr class=\"row-8\">\n\t<td class=\"column-1\">12843<\/td><td class=\"column-2\">20 x 1\"<\/td><td class=\"column-3\">6<\/td><td class=\"column-4\">50<\/td><td class=\"column-5\">500<\/td>\n<\/tr>\n<tr class=\"row-9\">\n\t<td class=\"column-1\">12844<\/td><td class=\"column-2\">20 x 1 \u00bc\"<\/td><td class=\"column-3\">6<\/td><td class=\"column-4\">50<\/td><td class=\"column-5\">300<\/td>\n<\/tr>\n<tr class=\"row-10\">\n\t<td class=\"column-1\">12851<\/td><td class=\"column-2\">25 x \u00bd\"<\/td><td class=\"column-3\">6<\/td><td class=\"column-4\">25<\/td><td class=\"column-5\">375<\/td>\n<\/tr>\n<tr class=\"row-11\">\n\t<td class=\"column-1\">12852<\/td><td class=\"column-2\">25 x \u00be\"<\/td><td class=\"column-3\">6<\/td><td class=\"column-4\">25<\/td><td class=\"column-5\">400<\/td>\n<\/tr>\n<tr class=\"row-12\">\n\t<td class=\"column-1\">12853<\/td><td class=\"column-2\">25 x 1\"<\/td><td class=\"column-3\">6<\/td><td class=\"column-4\">25<\/td><td class=\"column-5\">325<\/td>\n<\/tr>\n<tr class=\"row-13\">\n\t<td class=\"column-1\">12854<\/td><td class=\"column-2\">25 x 1 \u00bc\"<\/td><td class=\"column-3\">6<\/td><td class=\"column-4\">25<\/td><td class=\"column-5\">225<\/td>\n<\/tr>\n<tr class=\"row-14\">\n\t<td class=\"column-1\">12861<\/td><td class=\"column-2\">32 x \u00bd\"<\/td><td class=\"column-3\">6<\/td><td class=\"column-4\">15<\/td><td class=\"column-5\">210<\/td>\n<\/tr>\n<tr class=\"row-15\">\n\t<td class=\"column-1\">12862<\/td><td class=\"column-2\">32 x \u00be\"<\/td><td class=\"column-3\">6<\/td><td class=\"column-4\">15<\/td><td class=\"column-5\">180<\/td>\n<\/tr>\n<tr class=\"row-16\">\n\t<td class=\"column-1\">12863<\/td><td class=\"column-2\">32 x 1\"<\/td><td class=\"column-3\">6<\/td><td class=\"column-4\">15<\/td><td class=\"column-5\">210<\/td>\n<\/tr>\n<tr class=\"row-17\">\n\t<td class=\"column-1\">12864<\/td><td class=\"column-2\">32 x 1 \u00bc\"<\/td><td class=\"column-3\">6<\/td><td class=\"column-4\">15<\/td><td class=\"column-5\">180<\/td>\n<\/tr>\n<\/tbody>\n<\/table>\n<!-- #tablepress-704 from cache -->\n","protected":false},"excerpt":{"rendered":"<div class=\"product-detail-infos\">\n<h2>Pressure Values<\/h2>\n<ul>\n<li>PN 6<\/li>\n<\/ul>\n<h2>Fields of Application<\/h2>\n<ul>\n<li>Landscaping Systems<\/li>\n<li>Agricultural Irrigation<\/li>\n<li>Greenhouses<\/li>\n<\/ul>\n<\/div>\n","protected":false},"featured_media":17502,"comment_status":"closed","ping_status":"closed","template":"","meta":{"_acf_changed":false},"product_cat":[4201,4205],"product_tag":[5594,5599,5602,5604,5607,5610,5614,5619,5623,5629,5633,5635,5639,5642,5644,5646],"class_list":{"0":"post-18463","1":"product","2":"type-product","3":"status-publish","4":"has-post-thumbnail","6":"product_cat-drip-line-fittings","7":"product_cat-lock-type-fittings","8":"product_tag-12821-en","9":"product_tag-12822-en","10":"product_tag-12823-en","11":"product_tag-12824-en","12":"product_tag-12841-en","13":"product_tag-12842-en","14":"product_tag-12843-en","15":"product_tag-12844-en","16":"product_tag-12851-en","17":"product_tag-12852-en","18":"product_tag-12853-en","19":"product_tag-12854-en","20":"product_tag-12861-en","21":"product_tag-12862-en","22":"product_tag-12863-en","23":"product_tag-12864-en","25":"first","26":"instock","27":"product-type-simple"},"acf":[],"yoast_head":"<!-- This site is optimized with the Yoast SEO plugin v25.9 - https:\/\/yoast.com\/wordpress\/plugins\/seo\/ -->\n<title>Lock Type Male Elbow - Poelsan<\/title>\n<meta name=\"description\" content=\"Poelsan Lock Type Male Elbow \u00dcr\u00fcn\u00fcm\u00fcz ve Daha Fazla Sulama Ekipmanlar\u0131m\u0131z\u0131 Hemen Ke\u015ffedin.\" \/>\n<meta name=\"robots\" content=\"index, follow, max-snippet:-1, max-image-preview:large, max-video-preview:-1\" \/>\n<link rel=\"canonical\" href=\"https:\/\/www.poelsan.com\/en\/product\/lock-type-male-elbow\/\" \/>\n<meta property=\"og:locale\" content=\"en_US\" \/>\n<meta property=\"og:type\" content=\"article\" \/>\n<meta property=\"og:title\" content=\"Lock Type Male Elbow - Poelsan\" \/>\n<meta property=\"og:description\" content=\"Poelsan Lock Type Male Elbow \u00dcr\u00fcn\u00fcm\u00fcz ve Daha Fazla Sulama Ekipmanlar\u0131m\u0131z\u0131 Hemen Ke\u015ffedin.\" \/>\n<meta property=\"og:url\" content=\"https:\/\/www.poelsan.com\/en\/product\/lock-type-male-elbow\/\" \/>\n<meta property=\"og:site_name\" content=\"Poelsan\" \/>\n<meta property=\"article:publisher\" content=\"https:\/\/www.facebook.com\/poelsanplastik\/\" \/>\n<meta property=\"article:modified_time\" content=\"2025-04-02T07:36:46+00:00\" \/>\n<meta property=\"og:image\" content=\"https:\/\/www.poelsan.com\/wp-content\/uploads\/2022\/07\/kilitli-baglanti-erkek-dirsek.png\" \/>\n\t<meta property=\"og:image:width\" content=\"600\" \/>\n\t<meta property=\"og:image:height\" content=\"350\" \/>\n\t<meta property=\"og:image:type\" content=\"image\/png\" \/>\n<meta name=\"twitter:card\" content=\"summary_large_image\" \/>\n<meta name=\"twitter:label1\" content=\"Est. reading time\" \/>\n\t<meta name=\"twitter:data1\" content=\"1 minute\" \/>\n<script type=\"application\/ld+json\" class=\"yoast-schema-graph\">{\"@context\":\"https:\/\/schema.org\",\"@graph\":[{\"@type\":\"WebPage\",\"@id\":\"https:\/\/www.poelsan.com\/en\/product\/lock-type-male-elbow\/\",\"url\":\"https:\/\/www.poelsan.com\/en\/product\/lock-type-male-elbow\/\",\"name\":\"Lock Type Male Elbow - Poelsan\",\"isPartOf\":{\"@id\":\"https:\/\/www.poelsan.com\/en\/#website\"},\"primaryImageOfPage\":{\"@id\":\"https:\/\/www.poelsan.com\/en\/product\/lock-type-male-elbow\/#primaryimage\"},\"image\":{\"@id\":\"https:\/\/www.poelsan.com\/en\/product\/lock-type-male-elbow\/#primaryimage\"},\"thumbnailUrl\":\"https:\/\/www.poelsan.com\/wp-content\/uploads\/2022\/07\/kilitli-baglanti-erkek-dirsek.png\",\"datePublished\":\"2022-07-29T21:01:30+00:00\",\"dateModified\":\"2025-04-02T07:36:46+00:00\",\"description\":\"Poelsan Lock Type Male Elbow \u00dcr\u00fcn\u00fcm\u00fcz ve Daha Fazla Sulama Ekipmanlar\u0131m\u0131z\u0131 Hemen Ke\u015ffedin.\",\"breadcrumb\":{\"@id\":\"https:\/\/www.poelsan.com\/en\/product\/lock-type-male-elbow\/#breadcrumb\"},\"inLanguage\":\"en-US\",\"potentialAction\":[{\"@type\":\"ReadAction\",\"target\":[\"https:\/\/www.poelsan.com\/en\/product\/lock-type-male-elbow\/\"]}]},{\"@type\":\"ImageObject\",\"inLanguage\":\"en-US\",\"@id\":\"https:\/\/www.poelsan.com\/en\/product\/lock-type-male-elbow\/#primaryimage\",\"url\":\"https:\/\/www.poelsan.com\/wp-content\/uploads\/2022\/07\/kilitli-baglanti-erkek-dirsek.png\",\"contentUrl\":\"https:\/\/www.poelsan.com\/wp-content\/uploads\/2022\/07\/kilitli-baglanti-erkek-dirsek.png\",\"width\":600,\"height\":350},{\"@type\":\"BreadcrumbList\",\"@id\":\"https:\/\/www.poelsan.com\/en\/product\/lock-type-male-elbow\/#breadcrumb\",\"itemListElement\":[{\"@type\":\"ListItem\",\"position\":1,\"name\":\"Home\",\"item\":\"https:\/\/www.poelsan.com\/en\/\"},{\"@type\":\"ListItem\",\"position\":2,\"name\":\"Products\",\"item\":\"https:\/\/www.poelsan.com\/en\/shop\/\"},{\"@type\":\"ListItem\",\"position\":3,\"name\":\"Lock Type Male Elbow\"}]},{\"@type\":\"WebSite\",\"@id\":\"https:\/\/www.poelsan.com\/en\/#website\",\"url\":\"https:\/\/www.poelsan.com\/en\/\",\"name\":\"Poelsan: Sekt\u00f6r\u00fcnde D\u00fcnya Markas\u0131\",\"description\":\"Sekt\u00f6r\u00fcnde D\u00fcnya Markas\u0131\",\"publisher\":{\"@id\":\"https:\/\/www.poelsan.com\/en\/#organization\"},\"potentialAction\":[{\"@type\":\"SearchAction\",\"target\":{\"@type\":\"EntryPoint\",\"urlTemplate\":\"https:\/\/www.poelsan.com\/en\/?s={search_term_string}\"},\"query-input\":{\"@type\":\"PropertyValueSpecification\",\"valueRequired\":true,\"valueName\":\"search_term_string\"}}],\"inLanguage\":\"en-US\"},{\"@type\":\"Organization\",\"@id\":\"https:\/\/www.poelsan.com\/en\/#organization\",\"name\":\"Poelsan: Sekt\u00f6r\u00fcnde D\u00fcnya Markas\u0131\",\"url\":\"https:\/\/www.poelsan.com\/en\/\",\"logo\":{\"@type\":\"ImageObject\",\"inLanguage\":\"en-US\",\"@id\":\"https:\/\/www.poelsan.com\/en\/#\/schema\/logo\/image\/\",\"url\":\"https:\/\/www.poelsan.com\/wp-content\/uploads\/2025\/09\/poelsan.png\",\"contentUrl\":\"https:\/\/www.poelsan.com\/wp-content\/uploads\/2025\/09\/poelsan.png\",\"width\":1200,\"height\":675,\"caption\":\"Poelsan: Sekt\u00f6r\u00fcnde D\u00fcnya Markas\u0131\"},\"image\":{\"@id\":\"https:\/\/www.poelsan.com\/en\/#\/schema\/logo\/image\/\"},\"sameAs\":[\"https:\/\/www.facebook.com\/poelsanplastik\/\",\"https:\/\/www.instagram.com\/explore\/locations\/541106002887674\/poelsan-plastik-san-ve-tic-as\/\"]}]}<\/script>\n<!-- \/ Yoast SEO plugin. -->","yoast_head_json":{"title":"Lock Type Male Elbow - Poelsan","description":"Poelsan Lock Type Male Elbow \u00dcr\u00fcn\u00fcm\u00fcz ve Daha Fazla Sulama Ekipmanlar\u0131m\u0131z\u0131 Hemen Ke\u015ffedin.","robots":{"index":"index","follow":"follow","max-snippet":"max-snippet:-1","max-image-preview":"max-image-preview:large","max-video-preview":"max-video-preview:-1"},"canonical":"https:\/\/www.poelsan.com\/en\/product\/lock-type-male-elbow\/","og_locale":"en_US","og_type":"article","og_title":"Lock Type Male Elbow - Poelsan","og_description":"Poelsan Lock Type Male Elbow \u00dcr\u00fcn\u00fcm\u00fcz ve Daha Fazla Sulama Ekipmanlar\u0131m\u0131z\u0131 Hemen Ke\u015ffedin.","og_url":"https:\/\/www.poelsan.com\/en\/product\/lock-type-male-elbow\/","og_site_name":"Poelsan","article_publisher":"https:\/\/www.facebook.com\/poelsanplastik\/","article_modified_time":"2025-04-02T07:36:46+00:00","og_image":[{"width":600,"height":350,"url":"https:\/\/www.poelsan.com\/wp-content\/uploads\/2022\/07\/kilitli-baglanti-erkek-dirsek.png","type":"image\/png"}],"twitter_card":"summary_large_image","twitter_misc":{"Est. reading time":"1 minute"},"schema":{"@context":"https:\/\/schema.org","@graph":[{"@type":"WebPage","@id":"https:\/\/www.poelsan.com\/en\/product\/lock-type-male-elbow\/","url":"https:\/\/www.poelsan.com\/en\/product\/lock-type-male-elbow\/","name":"Lock Type Male Elbow - Poelsan","isPartOf":{"@id":"https:\/\/www.poelsan.com\/en\/#website"},"primaryImageOfPage":{"@id":"https:\/\/www.poelsan.com\/en\/product\/lock-type-male-elbow\/#primaryimage"},"image":{"@id":"https:\/\/www.poelsan.com\/en\/product\/lock-type-male-elbow\/#primaryimage"},"thumbnailUrl":"https:\/\/www.poelsan.com\/wp-content\/uploads\/2022\/07\/kilitli-baglanti-erkek-dirsek.png","datePublished":"2022-07-29T21:01:30+00:00","dateModified":"2025-04-02T07:36:46+00:00","description":"Poelsan Lock Type Male Elbow \u00dcr\u00fcn\u00fcm\u00fcz ve Daha Fazla Sulama Ekipmanlar\u0131m\u0131z\u0131 Hemen Ke\u015ffedin.","breadcrumb":{"@id":"https:\/\/www.poelsan.com\/en\/product\/lock-type-male-elbow\/#breadcrumb"},"inLanguage":"en-US","potentialAction":[{"@type":"ReadAction","target":["https:\/\/www.poelsan.com\/en\/product\/lock-type-male-elbow\/"]}]},{"@type":"ImageObject","inLanguage":"en-US","@id":"https:\/\/www.poelsan.com\/en\/product\/lock-type-male-elbow\/#primaryimage","url":"https:\/\/www.poelsan.com\/wp-content\/uploads\/2022\/07\/kilitli-baglanti-erkek-dirsek.png","contentUrl":"https:\/\/www.poelsan.com\/wp-content\/uploads\/2022\/07\/kilitli-baglanti-erkek-dirsek.png","width":600,"height":350},{"@type":"BreadcrumbList","@id":"https:\/\/www.poelsan.com\/en\/product\/lock-type-male-elbow\/#breadcrumb","itemListElement":[{"@type":"ListItem","position":1,"name":"Home","item":"https:\/\/www.poelsan.com\/en\/"},{"@type":"ListItem","position":2,"name":"Products","item":"https:\/\/www.poelsan.com\/en\/shop\/"},{"@type":"ListItem","position":3,"name":"Lock Type Male Elbow"}]},{"@type":"WebSite","@id":"https:\/\/www.poelsan.com\/en\/#website","url":"https:\/\/www.poelsan.com\/en\/","name":"Poelsan: Sekt\u00f6r\u00fcnde D\u00fcnya Markas\u0131","description":"Sekt\u00f6r\u00fcnde D\u00fcnya Markas\u0131","publisher":{"@id":"https:\/\/www.poelsan.com\/en\/#organization"},"potentialAction":[{"@type":"SearchAction","target":{"@type":"EntryPoint","urlTemplate":"https:\/\/www.poelsan.com\/en\/?s={search_term_string}"},"query-input":{"@type":"PropertyValueSpecification","valueRequired":true,"valueName":"search_term_string"}}],"inLanguage":"en-US"},{"@type":"Organization","@id":"https:\/\/www.poelsan.com\/en\/#organization","name":"Poelsan: Sekt\u00f6r\u00fcnde D\u00fcnya Markas\u0131","url":"https:\/\/www.poelsan.com\/en\/","logo":{"@type":"ImageObject","inLanguage":"en-US","@id":"https:\/\/www.poelsan.com\/en\/#\/schema\/logo\/image\/","url":"https:\/\/www.poelsan.com\/wp-content\/uploads\/2025\/09\/poelsan.png","contentUrl":"https:\/\/www.poelsan.com\/wp-content\/uploads\/2025\/09\/poelsan.png","width":1200,"height":675,"caption":"Poelsan: Sekt\u00f6r\u00fcnde D\u00fcnya Markas\u0131"},"image":{"@id":"https:\/\/www.poelsan.com\/en\/#\/schema\/logo\/image\/"},"sameAs":["https:\/\/www.facebook.com\/poelsanplastik\/","https:\/\/www.instagram.com\/explore\/locations\/541106002887674\/poelsan-plastik-san-ve-tic-as\/"]}]}},"_links":{"self":[{"href":"https:\/\/www.poelsan.com\/en\/wp-json\/wp\/v2\/product\/18463","targetHints":{"allow":["GET"]}}],"collection":[{"href":"https:\/\/www.poelsan.com\/en\/wp-json\/wp\/v2\/product"}],"about":[{"href":"https:\/\/www.poelsan.com\/en\/wp-json\/wp\/v2\/types\/product"}],"replies":[{"embeddable":true,"href":"https:\/\/www.poelsan.com\/en\/wp-json\/wp\/v2\/comments?post=18463"}],"wp:featuredmedia":[{"embeddable":true,"href":"https:\/\/www.poelsan.com\/en\/wp-json\/wp\/v2\/media\/17502"}],"wp:attachment":[{"href":"https:\/\/www.poelsan.com\/en\/wp-json\/wp\/v2\/media?parent=18463"}],"wp:term":[{"taxonomy":"product_cat","embeddable":true,"href":"https:\/\/www.poelsan.com\/en\/wp-json\/wp\/v2\/product_cat?post=18463"},{"taxonomy":"product_tag","embeddable":true,"href":"https:\/\/www.poelsan.com\/en\/wp-json\/wp\/v2\/product_tag?post=18463"}],"curies":[{"name":"wp","href":"https:\/\/api.w.org\/{rel}","templated":true}]}}