{"id":18312,"date":"2022-07-30T00:05:35","date_gmt":"2022-07-29T21:05:35","guid":{"rendered":"https:\/\/www.poelsan.com\/urun\/reducing-tee\/"},"modified":"2025-07-01T11:20:38","modified_gmt":"2025-07-01T08:20:38","slug":"reducing-tee","status":"publish","type":"product","link":"https:\/\/www.poelsan.com\/en\/product\/reducing-tee\/","title":{"rendered":"Blue Series Reducing Tee"},"content":{"rendered":"\n<table id=\"tablepress-859\" class=\"tablepress tablepress-id-859 tbody-has-connected-cells\">\n<thead>\n<tr class=\"row-1\">\n\t<th class=\"column-1\">Code<\/th><th class=\"column-2\">Size<\/th><th class=\"column-3\">Pressure Value<\/th><th class=\"column-4\">Packing Quantity<\/th><th class=\"column-5\">Box Quantity<\/th>\n<\/tr>\n<\/thead>\n<tbody class=\"row-striping row-hover\">\n<tr class=\"row-2\">\n\t<td class=\"column-1\">10005510<\/td><td class=\"column-2\">20 x 16 x 29<\/td><td class=\"column-3\">16<\/td><td class=\"column-4\">10<\/td><td class=\"column-5\">285<\/td>\n<\/tr>\n<tr class=\"row-3\">\n\t<td class=\"column-1\">10005521<\/td><td class=\"column-2\">25 x 20 x 25<\/td><td class=\"column-3\">16<\/td><td class=\"column-4\">10<\/td><td class=\"column-5\">180<\/td>\n<\/tr>\n<tr class=\"row-4\">\n\t<td class=\"column-1\">10005531<\/td><td class=\"column-2\">32 x 20 x 32<\/td><td class=\"column-3\">16<\/td><td class=\"column-4\">5<\/td><td class=\"column-5\">120<\/td>\n<\/tr>\n<tr class=\"row-5\">\n\t<td class=\"column-1\">10005532<\/td><td class=\"column-2\">32 x 25 x 32<\/td><td class=\"column-3\">16<\/td><td class=\"column-4\">5<\/td><td class=\"column-5\">100<\/td>\n<\/tr>\n<tr class=\"row-6\">\n\t<td class=\"column-1\">10005542<\/td><td class=\"column-2\">40 x 25 x 40<\/td><td class=\"column-3\">16<\/td><td class=\"column-4\">5<\/td><td class=\"column-5\">65<\/td>\n<\/tr>\n<tr class=\"row-7\">\n\t<td class=\"column-1\">10005543<\/td><td class=\"column-2\">40 x 32 x 40<\/td><td class=\"column-3\">16<\/td><td class=\"column-4\">5<\/td><td class=\"column-5\">55<\/td>\n<\/tr>\n<tr class=\"row-8\">\n\t<td class=\"column-1\">10005552<\/td><td class=\"column-2\">50 x 25 x 50<\/td><td class=\"column-3\">16<\/td><td class=\"column-4\">4<\/td><td class=\"column-5\">40<\/td>\n<\/tr>\n<tr class=\"row-9\">\n\t<td class=\"column-1\">10005553<\/td><td class=\"column-2\">50 x 32 x 50<\/td><td class=\"column-3\">16<\/td><td class=\"column-4\">4<\/td><td class=\"column-5\">40<\/td>\n<\/tr>\n<tr class=\"row-10\">\n\t<td class=\"column-1\">10005554<\/td><td class=\"column-2\">50 x 40 x 50<\/td><td class=\"column-3\">16<\/td><td class=\"column-4\">4<\/td><td class=\"column-5\">40<\/td>\n<\/tr>\n<tr class=\"row-11\">\n\t<td class=\"column-1\">10005562<\/td><td class=\"column-2\">63 x 25 x 63<\/td><td class=\"column-3\">16<\/td><td class=\"column-4\">3<\/td><td class=\"column-5\">24<\/td>\n<\/tr>\n<tr class=\"row-12\">\n\t<td class=\"column-1\">10005563<\/td><td class=\"column-2\">63 x 32 x 63<\/td><td class=\"column-3\">16<\/td><td class=\"column-4\">3<\/td><td class=\"column-5\">24<\/td>\n<\/tr>\n<tr class=\"row-13\">\n\t<td class=\"column-1\">10005564<\/td><td class=\"column-2\">63 x 40 x 63<\/td><td class=\"column-3\">16<\/td><td class=\"column-4\">3<\/td><td class=\"column-5\">21<\/td>\n<\/tr>\n<tr class=\"row-14\">\n\t<td class=\"column-1\">10005565<\/td><td class=\"column-2\">63 x 50 x 63<\/td><td class=\"column-3\">16<\/td><td class=\"column-4\">3<\/td><td class=\"column-5\">21<\/td>\n<\/tr>\n<tr class=\"row-15\">\n\t<td class=\"column-1\">10005575<\/td><td class=\"column-2\">75 x 50 x 75<\/td><td class=\"column-3\">16<\/td><td class=\"column-4\">1<\/td><td class=\"column-5\">14<\/td>\n<\/tr>\n<tr class=\"row-16\">\n\t<td class=\"column-1\">10005576<\/td><td class=\"column-2\">75 x 63 x 75<\/td><td class=\"column-3\">16<\/td><td class=\"column-4\">1<\/td><td class=\"column-5\">12<\/td>\n<\/tr>\n<tr class=\"row-17\">\n\t<td class=\"column-1\">10005586<\/td><td class=\"column-2\">90 x 63 x 90<\/td><td class=\"column-3\">16<\/td><td class=\"column-4\">1<\/td><td class=\"column-5\">8<\/td>\n<\/tr>\n<tr class=\"row-18\">\n\t<td class=\"column-1\">10005587<\/td><td class=\"column-2\">90 x 75 x 90<\/td><td class=\"column-3\">16<\/td><td class=\"column-4\">1<\/td><td class=\"column-5\">7<\/td>\n<\/tr>\n<tr class=\"row-19\">\n\t<td class=\"column-1\">10005596<\/td><td class=\"column-2\">110 x 63 x 110<\/td><td class=\"column-3\">16<\/td><td class=\"column-4\">1<\/td><td class=\"column-5\">6<\/td>\n<\/tr>\n<tr class=\"row-20\">\n\t<td class=\"column-1\">10005597<\/td><td class=\"column-2\">110 x 75 x 110<\/td><td class=\"column-3\">16<\/td><td class=\"column-4\">1<\/td><td class=\"column-5\">4<\/td>\n<\/tr>\n<tr class=\"row-21\">\n\t<td class=\"column-1\">10005598<\/td><td class=\"column-2\">110 x 90 x 110<\/td><td class=\"column-3\">16<\/td><td class=\"column-4\">1<\/td><td class=\"column-5\">4<\/td>\n<\/tr>\n<tr class=\"row-22\">\n\t<td class=\"column-1\">559909<\/td><td class=\"column-2\">125 x 110 x 125<\/td><td class=\"column-3\">10<\/td><td class=\"column-4\">1<\/td><td class=\"column-5\">2<\/td>\n<\/tr>\n<tr class=\"row-23\">\n\t<td colspan=\"2\" class=\"column-1\">\u00d8 125 mm \u00dcr\u00fcnlerimizin tasar\u0131m\u0131 farkl\u0131d\u0131r. Detayl\u0131 bilgi i\u00e7in <a href=\"https:\/\/www.poelsan.com\/urun\/kablin-kor-tapa-o-125-mm\/\" rel=\"noopener noreferrer\" target=\"_blank\">t\u0131klay\u0131n\u0131z.<\/a><\/td><td colspan=\"3\" class=\"column-3\"><\/td>\n<\/tr>\n<\/tbody>\n<\/table>\n<!-- #tablepress-859 from cache -->\n","protected":false},"excerpt":{"rendered":"<div class=\"product-detail-infos\">\n<h2>Pressure Values<\/h2>\n<ul>\n<li>\u00d8 16 mm \u2013 \u00d8 110 mm : PN 16<\/li>\n<li>\u00d8 125 mm : PN 10<\/li>\n<\/ul>\n<\/div>\n<div class=\"product-detail-infos\">\n<h2>Fields of Application<\/h2>\n<ul>\n<li>Urban Potable Water Networks<\/li>\n<li>Landscaping Systems<\/li>\n<li>Agricultural Irrigation<\/li>\n<li>Greenhouses<\/li>\n<\/ul>\n<\/div>\n<div class=\"product-logos\"><img decoding=\"async\" src=\"\/wp-content\/uploads\/2022\/07\/tse-17885-1-1.png\" \/><br \/>\n<img decoding=\"async\" src=\"\/wp-content\/uploads\/2022\/07\/kiwa.png\" \/><br \/>\n<img decoding=\"async\" src=\"\/wp-content\/uploads\/2022\/07\/tse-iso-45001.png\" \/><br \/>\n<img decoding=\"async\" src=\"\/wp-content\/uploads\/2022\/07\/tse-iso-en-9000.png\" \/><br \/>\n<img decoding=\"async\" src=\"\/wp-content\/uploads\/2022\/07\/tse-iso-14000.png\" \/><br \/>\n<img decoding=\"async\" src=\"\/wp-content\/uploads\/2022\/07\/tse-iso-18001.png\" \/><\/div>\n","protected":false},"featured_media":17657,"comment_status":"closed","ping_status":"closed","template":"","meta":{"_acf_changed":false},"product_cat":[4215,4211],"product_tag":[4984,4987,4990,4993,4996,4999,5001,5003,5004,5005,5007,5009,5011,5013,5015,5018,5021,5024,5027,4981],"class_list":{"0":"post-18312","1":"product","2":"type-product","3":"status-publish","4":"has-post-thumbnail","6":"product_cat-blue-series","7":"product_cat-compression-fittings","8":"product_tag-10005521-en","9":"product_tag-10005531-en","10":"product_tag-10005532-en","11":"product_tag-10005542-en","12":"product_tag-10005543-en","13":"product_tag-10005552-en","14":"product_tag-10005553-en","15":"product_tag-10005554-en","16":"product_tag-10005562-en","17":"product_tag-10005563-en","18":"product_tag-10005564-en","19":"product_tag-10005565-en","20":"product_tag-10005575-en","21":"product_tag-10005576-en","22":"product_tag-10005586-en","23":"product_tag-10005587-en","24":"product_tag-10005596-en","25":"product_tag-10005597-en","26":"product_tag-10005598-en","27":"product_tag-559909-en","29":"first","30":"instock","31":"product-type-simple"},"acf":[],"yoast_head":"<!-- This site is optimized with the Yoast SEO plugin v25.9 - https:\/\/yoast.com\/wordpress\/plugins\/seo\/ -->\n<title>Blue Series Reducing Tee - Poelsan<\/title>\n<meta name=\"description\" content=\"Poelsan Blue Series Reducing Tee \u00dcr\u00fcn\u00fcm\u00fcz ve Daha Fazla Sulama Ekipmanlar\u0131m\u0131z\u0131 Hemen Ke\u015ffedin.\" \/>\n<meta name=\"robots\" content=\"index, follow, max-snippet:-1, max-image-preview:large, max-video-preview:-1\" \/>\n<link rel=\"canonical\" href=\"https:\/\/www.poelsan.com\/en\/product\/reducing-tee\/\" \/>\n<meta property=\"og:locale\" content=\"en_US\" \/>\n<meta property=\"og:type\" content=\"article\" \/>\n<meta property=\"og:title\" content=\"Blue Series Reducing Tee - Poelsan\" \/>\n<meta property=\"og:description\" content=\"Poelsan Blue Series Reducing Tee \u00dcr\u00fcn\u00fcm\u00fcz ve Daha Fazla Sulama Ekipmanlar\u0131m\u0131z\u0131 Hemen Ke\u015ffedin.\" \/>\n<meta property=\"og:url\" content=\"https:\/\/www.poelsan.com\/en\/product\/reducing-tee\/\" \/>\n<meta property=\"og:site_name\" content=\"Poelsan\" \/>\n<meta property=\"article:publisher\" content=\"https:\/\/www.facebook.com\/poelsanplastik\/\" \/>\n<meta property=\"article:modified_time\" content=\"2025-07-01T08:20:38+00:00\" \/>\n<meta property=\"og:image\" content=\"https:\/\/www.poelsan.com\/wp-content\/uploads\/2022\/07\/yeni-mavi-seri-kablin-reduksiyon-te.png\" \/>\n\t<meta property=\"og:image:width\" content=\"600\" \/>\n\t<meta property=\"og:image:height\" content=\"350\" \/>\n\t<meta property=\"og:image:type\" content=\"image\/png\" \/>\n<meta name=\"twitter:card\" content=\"summary_large_image\" \/>\n<meta name=\"twitter:label1\" content=\"Est. reading time\" \/>\n\t<meta name=\"twitter:data1\" content=\"1 minute\" \/>\n<script type=\"application\/ld+json\" class=\"yoast-schema-graph\">{\"@context\":\"https:\/\/schema.org\",\"@graph\":[{\"@type\":\"WebPage\",\"@id\":\"https:\/\/www.poelsan.com\/en\/product\/reducing-tee\/\",\"url\":\"https:\/\/www.poelsan.com\/en\/product\/reducing-tee\/\",\"name\":\"Blue Series Reducing Tee - Poelsan\",\"isPartOf\":{\"@id\":\"https:\/\/www.poelsan.com\/en\/#website\"},\"primaryImageOfPage\":{\"@id\":\"https:\/\/www.poelsan.com\/en\/product\/reducing-tee\/#primaryimage\"},\"image\":{\"@id\":\"https:\/\/www.poelsan.com\/en\/product\/reducing-tee\/#primaryimage\"},\"thumbnailUrl\":\"https:\/\/www.poelsan.com\/wp-content\/uploads\/2022\/07\/yeni-mavi-seri-kablin-reduksiyon-te.png\",\"datePublished\":\"2022-07-29T21:05:35+00:00\",\"dateModified\":\"2025-07-01T08:20:38+00:00\",\"description\":\"Poelsan Blue Series Reducing Tee \u00dcr\u00fcn\u00fcm\u00fcz ve Daha Fazla Sulama Ekipmanlar\u0131m\u0131z\u0131 Hemen Ke\u015ffedin.\",\"breadcrumb\":{\"@id\":\"https:\/\/www.poelsan.com\/en\/product\/reducing-tee\/#breadcrumb\"},\"inLanguage\":\"en-US\",\"potentialAction\":[{\"@type\":\"ReadAction\",\"target\":[\"https:\/\/www.poelsan.com\/en\/product\/reducing-tee\/\"]}]},{\"@type\":\"ImageObject\",\"inLanguage\":\"en-US\",\"@id\":\"https:\/\/www.poelsan.com\/en\/product\/reducing-tee\/#primaryimage\",\"url\":\"https:\/\/www.poelsan.com\/wp-content\/uploads\/2022\/07\/yeni-mavi-seri-kablin-reduksiyon-te.png\",\"contentUrl\":\"https:\/\/www.poelsan.com\/wp-content\/uploads\/2022\/07\/yeni-mavi-seri-kablin-reduksiyon-te.png\",\"width\":600,\"height\":350},{\"@type\":\"BreadcrumbList\",\"@id\":\"https:\/\/www.poelsan.com\/en\/product\/reducing-tee\/#breadcrumb\",\"itemListElement\":[{\"@type\":\"ListItem\",\"position\":1,\"name\":\"Home\",\"item\":\"https:\/\/www.poelsan.com\/en\/\"},{\"@type\":\"ListItem\",\"position\":2,\"name\":\"Products\",\"item\":\"https:\/\/www.poelsan.com\/en\/shop\/\"},{\"@type\":\"ListItem\",\"position\":3,\"name\":\"Blue Series Reducing Tee\"}]},{\"@type\":\"WebSite\",\"@id\":\"https:\/\/www.poelsan.com\/en\/#website\",\"url\":\"https:\/\/www.poelsan.com\/en\/\",\"name\":\"Poelsan: Sekt\u00f6r\u00fcnde D\u00fcnya Markas\u0131\",\"description\":\"Sekt\u00f6r\u00fcnde D\u00fcnya Markas\u0131\",\"publisher\":{\"@id\":\"https:\/\/www.poelsan.com\/en\/#organization\"},\"potentialAction\":[{\"@type\":\"SearchAction\",\"target\":{\"@type\":\"EntryPoint\",\"urlTemplate\":\"https:\/\/www.poelsan.com\/en\/?s={search_term_string}\"},\"query-input\":{\"@type\":\"PropertyValueSpecification\",\"valueRequired\":true,\"valueName\":\"search_term_string\"}}],\"inLanguage\":\"en-US\"},{\"@type\":\"Organization\",\"@id\":\"https:\/\/www.poelsan.com\/en\/#organization\",\"name\":\"Poelsan: Sekt\u00f6r\u00fcnde D\u00fcnya Markas\u0131\",\"url\":\"https:\/\/www.poelsan.com\/en\/\",\"logo\":{\"@type\":\"ImageObject\",\"inLanguage\":\"en-US\",\"@id\":\"https:\/\/www.poelsan.com\/en\/#\/schema\/logo\/image\/\",\"url\":\"https:\/\/www.poelsan.com\/wp-content\/uploads\/2025\/09\/poelsan.png\",\"contentUrl\":\"https:\/\/www.poelsan.com\/wp-content\/uploads\/2025\/09\/poelsan.png\",\"width\":1200,\"height\":675,\"caption\":\"Poelsan: Sekt\u00f6r\u00fcnde D\u00fcnya Markas\u0131\"},\"image\":{\"@id\":\"https:\/\/www.poelsan.com\/en\/#\/schema\/logo\/image\/\"},\"sameAs\":[\"https:\/\/www.facebook.com\/poelsanplastik\/\",\"https:\/\/www.instagram.com\/explore\/locations\/541106002887674\/poelsan-plastik-san-ve-tic-as\/\"]}]}<\/script>\n<!-- \/ Yoast SEO plugin. -->","yoast_head_json":{"title":"Blue Series Reducing Tee - Poelsan","description":"Poelsan Blue Series Reducing Tee \u00dcr\u00fcn\u00fcm\u00fcz ve Daha Fazla Sulama Ekipmanlar\u0131m\u0131z\u0131 Hemen Ke\u015ffedin.","robots":{"index":"index","follow":"follow","max-snippet":"max-snippet:-1","max-image-preview":"max-image-preview:large","max-video-preview":"max-video-preview:-1"},"canonical":"https:\/\/www.poelsan.com\/en\/product\/reducing-tee\/","og_locale":"en_US","og_type":"article","og_title":"Blue Series Reducing Tee - Poelsan","og_description":"Poelsan Blue Series Reducing Tee \u00dcr\u00fcn\u00fcm\u00fcz ve Daha Fazla Sulama Ekipmanlar\u0131m\u0131z\u0131 Hemen Ke\u015ffedin.","og_url":"https:\/\/www.poelsan.com\/en\/product\/reducing-tee\/","og_site_name":"Poelsan","article_publisher":"https:\/\/www.facebook.com\/poelsanplastik\/","article_modified_time":"2025-07-01T08:20:38+00:00","og_image":[{"width":600,"height":350,"url":"https:\/\/www.poelsan.com\/wp-content\/uploads\/2022\/07\/yeni-mavi-seri-kablin-reduksiyon-te.png","type":"image\/png"}],"twitter_card":"summary_large_image","twitter_misc":{"Est. reading time":"1 minute"},"schema":{"@context":"https:\/\/schema.org","@graph":[{"@type":"WebPage","@id":"https:\/\/www.poelsan.com\/en\/product\/reducing-tee\/","url":"https:\/\/www.poelsan.com\/en\/product\/reducing-tee\/","name":"Blue Series Reducing Tee - Poelsan","isPartOf":{"@id":"https:\/\/www.poelsan.com\/en\/#website"},"primaryImageOfPage":{"@id":"https:\/\/www.poelsan.com\/en\/product\/reducing-tee\/#primaryimage"},"image":{"@id":"https:\/\/www.poelsan.com\/en\/product\/reducing-tee\/#primaryimage"},"thumbnailUrl":"https:\/\/www.poelsan.com\/wp-content\/uploads\/2022\/07\/yeni-mavi-seri-kablin-reduksiyon-te.png","datePublished":"2022-07-29T21:05:35+00:00","dateModified":"2025-07-01T08:20:38+00:00","description":"Poelsan Blue Series Reducing Tee \u00dcr\u00fcn\u00fcm\u00fcz ve Daha Fazla Sulama Ekipmanlar\u0131m\u0131z\u0131 Hemen Ke\u015ffedin.","breadcrumb":{"@id":"https:\/\/www.poelsan.com\/en\/product\/reducing-tee\/#breadcrumb"},"inLanguage":"en-US","potentialAction":[{"@type":"ReadAction","target":["https:\/\/www.poelsan.com\/en\/product\/reducing-tee\/"]}]},{"@type":"ImageObject","inLanguage":"en-US","@id":"https:\/\/www.poelsan.com\/en\/product\/reducing-tee\/#primaryimage","url":"https:\/\/www.poelsan.com\/wp-content\/uploads\/2022\/07\/yeni-mavi-seri-kablin-reduksiyon-te.png","contentUrl":"https:\/\/www.poelsan.com\/wp-content\/uploads\/2022\/07\/yeni-mavi-seri-kablin-reduksiyon-te.png","width":600,"height":350},{"@type":"BreadcrumbList","@id":"https:\/\/www.poelsan.com\/en\/product\/reducing-tee\/#breadcrumb","itemListElement":[{"@type":"ListItem","position":1,"name":"Home","item":"https:\/\/www.poelsan.com\/en\/"},{"@type":"ListItem","position":2,"name":"Products","item":"https:\/\/www.poelsan.com\/en\/shop\/"},{"@type":"ListItem","position":3,"name":"Blue Series Reducing Tee"}]},{"@type":"WebSite","@id":"https:\/\/www.poelsan.com\/en\/#website","url":"https:\/\/www.poelsan.com\/en\/","name":"Poelsan: Sekt\u00f6r\u00fcnde D\u00fcnya Markas\u0131","description":"Sekt\u00f6r\u00fcnde D\u00fcnya Markas\u0131","publisher":{"@id":"https:\/\/www.poelsan.com\/en\/#organization"},"potentialAction":[{"@type":"SearchAction","target":{"@type":"EntryPoint","urlTemplate":"https:\/\/www.poelsan.com\/en\/?s={search_term_string}"},"query-input":{"@type":"PropertyValueSpecification","valueRequired":true,"valueName":"search_term_string"}}],"inLanguage":"en-US"},{"@type":"Organization","@id":"https:\/\/www.poelsan.com\/en\/#organization","name":"Poelsan: Sekt\u00f6r\u00fcnde D\u00fcnya Markas\u0131","url":"https:\/\/www.poelsan.com\/en\/","logo":{"@type":"ImageObject","inLanguage":"en-US","@id":"https:\/\/www.poelsan.com\/en\/#\/schema\/logo\/image\/","url":"https:\/\/www.poelsan.com\/wp-content\/uploads\/2025\/09\/poelsan.png","contentUrl":"https:\/\/www.poelsan.com\/wp-content\/uploads\/2025\/09\/poelsan.png","width":1200,"height":675,"caption":"Poelsan: Sekt\u00f6r\u00fcnde D\u00fcnya Markas\u0131"},"image":{"@id":"https:\/\/www.poelsan.com\/en\/#\/schema\/logo\/image\/"},"sameAs":["https:\/\/www.facebook.com\/poelsanplastik\/","https:\/\/www.instagram.com\/explore\/locations\/541106002887674\/poelsan-plastik-san-ve-tic-as\/"]}]}},"_links":{"self":[{"href":"https:\/\/www.poelsan.com\/en\/wp-json\/wp\/v2\/product\/18312","targetHints":{"allow":["GET"]}}],"collection":[{"href":"https:\/\/www.poelsan.com\/en\/wp-json\/wp\/v2\/product"}],"about":[{"href":"https:\/\/www.poelsan.com\/en\/wp-json\/wp\/v2\/types\/product"}],"replies":[{"embeddable":true,"href":"https:\/\/www.poelsan.com\/en\/wp-json\/wp\/v2\/comments?post=18312"}],"wp:featuredmedia":[{"embeddable":true,"href":"https:\/\/www.poelsan.com\/en\/wp-json\/wp\/v2\/media\/17657"}],"wp:attachment":[{"href":"https:\/\/www.poelsan.com\/en\/wp-json\/wp\/v2\/media?parent=18312"}],"wp:term":[{"taxonomy":"product_cat","embeddable":true,"href":"https:\/\/www.poelsan.com\/en\/wp-json\/wp\/v2\/product_cat?post=18312"},{"taxonomy":"product_tag","embeddable":true,"href":"https:\/\/www.poelsan.com\/en\/wp-json\/wp\/v2\/product_tag?post=18312"}],"curies":[{"name":"wp","href":"https:\/\/api.w.org\/{rel}","templated":true}]}}