{"id":18291,"date":"2022-07-30T00:06:34","date_gmt":"2022-07-29T21:06:34","guid":{"rendered":"https:\/\/www.poelsan.com\/urun\/female-adaptor-galvanized-reinforcement-ring\/"},"modified":"2025-03-28T11:55:56","modified_gmt":"2025-03-28T08:55:56","slug":"green-series-female-with-galvanized-reinforcing-ring","status":"publish","type":"product","link":"https:\/\/www.poelsan.com\/en\/product\/green-series-female-with-galvanized-reinforcing-ring\/","title":{"rendered":"Green Series Female Adaptor Galvanized Reinforcing Ring"},"content":{"rendered":"\n<table id=\"tablepress-893\" class=\"tablepress tablepress-id-893\">\n<thead>\n<tr class=\"row-1\">\n\t<th class=\"column-1\">Code<\/th><th class=\"column-2\">Size<\/th><th class=\"column-3\">Pressure Value<\/th><th class=\"column-4\">Packing Quantity<\/th><th class=\"column-5\">Box Quantity<\/th>\n<\/tr>\n<\/thead>\n<tbody class=\"row-striping row-hover\">\n<tr class=\"row-2\">\n\t<td class=\"column-1\">YS7211<\/td><td class=\"column-2\">20 x \u00bd\"<\/td><td class=\"column-3\">10<\/td><td class=\"column-4\">50<\/td><td class=\"column-5\">650<\/td>\n<\/tr>\n<tr class=\"row-3\">\n\t<td class=\"column-1\">YS7212<\/td><td class=\"column-2\">20 x \u00be\"<\/td><td class=\"column-3\">10<\/td><td class=\"column-4\">50<\/td><td class=\"column-5\">600<\/td>\n<\/tr>\n<tr class=\"row-4\">\n\t<td class=\"column-1\">YS7221<\/td><td class=\"column-2\">25 x \u00bd\"<\/td><td class=\"column-3\">10<\/td><td class=\"column-4\">25<\/td><td class=\"column-5\">450<\/td>\n<\/tr>\n<tr class=\"row-5\">\n\t<td class=\"column-1\">YS7222<\/td><td class=\"column-2\">25 x \u00be\"<\/td><td class=\"column-3\">10<\/td><td class=\"column-4\">25<\/td><td class=\"column-5\">425<\/td>\n<\/tr>\n<tr class=\"row-6\">\n\t<td class=\"column-1\">YS7223<\/td><td class=\"column-2\">25 x 1\"<\/td><td class=\"column-3\">10<\/td><td class=\"column-4\">25<\/td><td class=\"column-5\">350<\/td>\n<\/tr>\n<tr class=\"row-7\">\n\t<td class=\"column-1\">YS7231<\/td><td class=\"column-2\">32 x \u00bd\"<\/td><td class=\"column-3\">10<\/td><td class=\"column-4\">25<\/td><td class=\"column-5\">325<\/td>\n<\/tr>\n<tr class=\"row-8\">\n\t<td class=\"column-1\">YS7232<\/td><td class=\"column-2\">32 x \u00be\"<\/td><td class=\"column-3\">10<\/td><td class=\"column-4\">25<\/td><td class=\"column-5\">300<\/td>\n<\/tr>\n<tr class=\"row-9\">\n\t<td class=\"column-1\">YS7233<\/td><td class=\"column-2\">32 x 1\"<\/td><td class=\"column-3\">10<\/td><td class=\"column-4\">25<\/td><td class=\"column-5\">250<\/td>\n<\/tr>\n<tr class=\"row-10\">\n\t<td class=\"column-1\">YS7234<\/td><td class=\"column-2\">32 x 1 \u00bc\"<\/td><td class=\"column-3\">10<\/td><td class=\"column-4\">25<\/td><td class=\"column-5\">200<\/td>\n<\/tr>\n<tr class=\"row-11\">\n\t<td class=\"column-1\">YS7243<\/td><td class=\"column-2\">40 x 1\"<\/td><td class=\"column-3\">10<\/td><td class=\"column-4\">15<\/td><td class=\"column-5\">150<\/td>\n<\/tr>\n<tr class=\"row-12\">\n\t<td class=\"column-1\">YS7244<\/td><td class=\"column-2\">40 x 1 \u00bc\"<\/td><td class=\"column-3\">10<\/td><td class=\"column-4\">15<\/td><td class=\"column-5\">150<\/td>\n<\/tr>\n<tr class=\"row-13\">\n\t<td class=\"column-1\">YS7245<\/td><td class=\"column-2\">40 x 1 \u00bd\"<\/td><td class=\"column-3\">10<\/td><td class=\"column-4\">15<\/td><td class=\"column-5\">135<\/td>\n<\/tr>\n<tr class=\"row-14\">\n\t<td class=\"column-1\">YS7246<\/td><td class=\"column-2\">40 x 2\"<\/td><td class=\"column-3\">10<\/td><td class=\"column-4\">15<\/td><td class=\"column-5\">120<\/td>\n<\/tr>\n<tr class=\"row-15\">\n\t<td class=\"column-1\">YS7254<\/td><td class=\"column-2\">50 x 1 \u00bc\"<\/td><td class=\"column-3\">10<\/td><td class=\"column-4\">10<\/td><td class=\"column-5\">100<\/td>\n<\/tr>\n<tr class=\"row-16\">\n\t<td class=\"column-1\">YS7255<\/td><td class=\"column-2\">50 x 1 \u00bd\"<\/td><td class=\"column-3\">10<\/td><td class=\"column-4\">10<\/td><td class=\"column-5\">100<\/td>\n<\/tr>\n<tr class=\"row-17\">\n\t<td class=\"column-1\">YS7256<\/td><td class=\"column-2\">50 x 2\"<\/td><td class=\"column-3\">10<\/td><td class=\"column-4\">10<\/td><td class=\"column-5\">80<\/td>\n<\/tr>\n<tr class=\"row-18\">\n\t<td class=\"column-1\">YS7265<\/td><td class=\"column-2\">63 x 1 \u00bd\"<\/td><td class=\"column-3\">10<\/td><td class=\"column-4\">6<\/td><td class=\"column-5\">66<\/td>\n<\/tr>\n<tr class=\"row-19\">\n\t<td class=\"column-1\">YS7266<\/td><td class=\"column-2\">63 x 2\"<\/td><td class=\"column-3\">10<\/td><td class=\"column-4\">6<\/td><td class=\"column-5\">60<\/td>\n<\/tr>\n<tr class=\"row-20\">\n\t<td class=\"column-1\">YS7267<\/td><td class=\"column-2\">63 x 2 \u00bd\"<\/td><td class=\"column-3\">10<\/td><td class=\"column-4\">6<\/td><td class=\"column-5\">54<\/td>\n<\/tr>\n<tr class=\"row-21\">\n\t<td class=\"column-1\">YS7276<\/td><td class=\"column-2\">75 x 2\"<\/td><td class=\"column-3\">6<\/td><td class=\"column-4\">4<\/td><td class=\"column-5\">36<\/td>\n<\/tr>\n<tr class=\"row-22\">\n\t<td class=\"column-1\">YS7277<\/td><td class=\"column-2\">75 x 2 \u00bd\"<\/td><td class=\"column-3\">6<\/td><td class=\"column-4\">4<\/td><td class=\"column-5\">32<\/td>\n<\/tr>\n<tr class=\"row-23\">\n\t<td class=\"column-1\">YS7278<\/td><td class=\"column-2\">75 x 3\"<\/td><td class=\"column-3\">6<\/td><td class=\"column-4\">4<\/td><td class=\"column-5\">28<\/td>\n<\/tr>\n<tr class=\"row-24\">\n\t<td class=\"column-1\">YS7286<\/td><td class=\"column-2\">90 x 2\"<\/td><td class=\"column-3\">6<\/td><td class=\"column-4\">4<\/td><td class=\"column-5\">24<\/td>\n<\/tr>\n<tr class=\"row-25\">\n\t<td class=\"column-1\">YS7287<\/td><td class=\"column-2\">90 x 2 \u00bd\"<\/td><td class=\"column-3\">6<\/td><td class=\"column-4\">4<\/td><td class=\"column-5\">20<\/td>\n<\/tr>\n<tr class=\"row-26\">\n\t<td class=\"column-1\">YS7288<\/td><td class=\"column-2\">90 x 3\"<\/td><td class=\"column-3\">6<\/td><td class=\"column-4\">4<\/td><td class=\"column-5\">20<\/td>\n<\/tr>\n<tr class=\"row-27\">\n\t<td class=\"column-1\">YS7289<\/td><td class=\"column-2\">90 x 4\"<\/td><td class=\"column-3\">6<\/td><td class=\"column-4\">4<\/td><td class=\"column-5\">20<\/td>\n<\/tr>\n<tr class=\"row-28\">\n\t<td class=\"column-1\">YS7298<\/td><td class=\"column-2\">110 x 3\"<\/td><td class=\"column-3\">6<\/td><td class=\"column-4\">2<\/td><td class=\"column-5\">14<\/td>\n<\/tr>\n<tr class=\"row-29\">\n\t<td class=\"column-1\">YS7299<\/td><td class=\"column-2\">110 x 4\"<\/td><td class=\"column-3\">6<\/td><td class=\"column-4\">2<\/td><td class=\"column-5\">12<\/td>\n<\/tr>\n<\/tbody>\n<\/table>\n<!-- #tablepress-893 from cache -->\n","protected":false},"excerpt":{"rendered":"<div class=\"product-detail-infos\">\n<h2>Pressure Values<\/h2>\n<ul>\n<li>\u00d8 20 mm &#8211; \u00d8 63 mm : PN 10<\/li>\n<li>\u00d8 75 mm &#8211; \u00d8 110 mm : PN 6<\/li>\n<\/ul>\n<\/div>\n<div class=\"product-detail-infos\">\n<h2>Fields of Application<\/h2>\n<ul>\n<li>Landscaping Systems<\/li>\n<li>Agricultural Irrigation<\/li>\n<li>Greenhouses<\/li>\n<\/ul>\n<\/div>\n<div class=\"product-logos\"><img decoding=\"async\" src=\"\/wp-content\/uploads\/2022\/07\/tse-17885-1-1.png\" \/><br \/>\n<img decoding=\"async\" src=\"\/wp-content\/uploads\/2022\/07\/kiwa.png\" \/><br \/>\n<img decoding=\"async\" src=\"\/wp-content\/uploads\/2022\/07\/tse-iso-45001.png\" \/><br \/>\n<img decoding=\"async\" src=\"\/wp-content\/uploads\/2022\/07\/tse-iso-en-9000.png\" \/><br \/>\n<img decoding=\"async\" src=\"\/wp-content\/uploads\/2022\/07\/tse-iso-14000.png\" \/><br \/>\n<img decoding=\"async\" src=\"\/wp-content\/uploads\/2022\/07\/tse-iso-18001.png\" \/><\/div>\n","protected":false},"featured_media":17686,"comment_status":"closed","ping_status":"closed","template":"","meta":{"_acf_changed":false},"product_cat":[4211,4222,4221],"product_tag":[4493,4499,4503,4507,4510,4513,4516,4519,4522,4525,4528,4531,4534,4538,4542,4546,4549,4551,4553,4556,4560,4564,4567,4571,4574,4579],"class_list":{"0":"post-18291","1":"product","2":"type-product","3":"status-publish","4":"has-post-thumbnail","6":"product_cat-compression-fittings","7":"product_cat-galvanized-reinforcing-ring-en","8":"product_cat-green-series","9":"product_tag-ys7211-en","10":"product_tag-ys7212-en","11":"product_tag-ys7221-en","12":"product_tag-ys7222-en","13":"product_tag-ys7223-en","14":"product_tag-ys7232-en","15":"product_tag-ys7233-en","16":"product_tag-ys7234-en","17":"product_tag-ys7243-en","18":"product_tag-ys7244-en","19":"product_tag-ys7245-en","20":"product_tag-ys7254-en","21":"product_tag-ys7255-en","22":"product_tag-ys7256-en","23":"product_tag-ys7265-en","24":"product_tag-ys7266-en","25":"product_tag-ys7267-en","26":"product_tag-ys7276-en","27":"product_tag-ys7277-en","28":"product_tag-ys7278-en","29":"product_tag-ys7286-en","30":"product_tag-ys7287-en","31":"product_tag-ys7288-en","32":"product_tag-ys7289-en","33":"product_tag-ys7298-en","34":"product_tag-ys7299-en","36":"first","37":"instock","38":"product-type-simple"},"acf":[],"yoast_head":"<!-- This site is optimized with the Yoast SEO plugin v25.9 - https:\/\/yoast.com\/wordpress\/plugins\/seo\/ -->\n<title>Green Series Female Adaptor Galvanized Reinforcing Ring - Poelsan<\/title>\n<meta name=\"description\" content=\"Poelsan Green Series Female Adaptor Galvanized Reinforcing Ring \u00dcr\u00fcn\u00fcm\u00fcz ve Daha Fazla Sulama Ekipmanlar\u0131m\u0131z\u0131 Hemen Ke\u015ffedin.\" \/>\n<meta name=\"robots\" content=\"index, follow, max-snippet:-1, max-image-preview:large, max-video-preview:-1\" \/>\n<link rel=\"canonical\" href=\"https:\/\/www.poelsan.com\/en\/product\/green-series-female-with-galvanized-reinforcing-ring\/\" \/>\n<meta property=\"og:locale\" content=\"en_US\" \/>\n<meta property=\"og:type\" content=\"article\" \/>\n<meta property=\"og:title\" content=\"Green Series Female Adaptor Galvanized Reinforcing Ring - Poelsan\" \/>\n<meta property=\"og:description\" content=\"Poelsan Green Series Female Adaptor Galvanized Reinforcing Ring \u00dcr\u00fcn\u00fcm\u00fcz ve Daha Fazla Sulama Ekipmanlar\u0131m\u0131z\u0131 Hemen Ke\u015ffedin.\" \/>\n<meta property=\"og:url\" content=\"https:\/\/www.poelsan.com\/en\/product\/green-series-female-with-galvanized-reinforcing-ring\/\" \/>\n<meta property=\"og:site_name\" content=\"Poelsan\" \/>\n<meta property=\"article:publisher\" content=\"https:\/\/www.facebook.com\/poelsanplastik\/\" \/>\n<meta property=\"article:modified_time\" content=\"2025-03-28T08:55:56+00:00\" \/>\n<meta property=\"og:image\" content=\"https:\/\/www.poelsan.com\/wp-content\/uploads\/2022\/07\/yys_kablin_disi_galvaniz.png\" \/>\n\t<meta property=\"og:image:width\" content=\"600\" \/>\n\t<meta property=\"og:image:height\" content=\"350\" \/>\n\t<meta property=\"og:image:type\" content=\"image\/png\" \/>\n<meta name=\"twitter:card\" content=\"summary_large_image\" \/>\n<meta name=\"twitter:label1\" content=\"Est. reading time\" \/>\n\t<meta name=\"twitter:data1\" content=\"1 minute\" \/>\n<script type=\"application\/ld+json\" class=\"yoast-schema-graph\">{\"@context\":\"https:\/\/schema.org\",\"@graph\":[{\"@type\":\"WebPage\",\"@id\":\"https:\/\/www.poelsan.com\/en\/product\/green-series-female-with-galvanized-reinforcing-ring\/\",\"url\":\"https:\/\/www.poelsan.com\/en\/product\/green-series-female-with-galvanized-reinforcing-ring\/\",\"name\":\"Green Series Female Adaptor Galvanized Reinforcing Ring - Poelsan\",\"isPartOf\":{\"@id\":\"https:\/\/www.poelsan.com\/en\/#website\"},\"primaryImageOfPage\":{\"@id\":\"https:\/\/www.poelsan.com\/en\/product\/green-series-female-with-galvanized-reinforcing-ring\/#primaryimage\"},\"image\":{\"@id\":\"https:\/\/www.poelsan.com\/en\/product\/green-series-female-with-galvanized-reinforcing-ring\/#primaryimage\"},\"thumbnailUrl\":\"https:\/\/www.poelsan.com\/wp-content\/uploads\/2022\/07\/yys_kablin_disi_galvaniz.png\",\"datePublished\":\"2022-07-29T21:06:34+00:00\",\"dateModified\":\"2025-03-28T08:55:56+00:00\",\"description\":\"Poelsan Green Series Female Adaptor Galvanized Reinforcing Ring \u00dcr\u00fcn\u00fcm\u00fcz ve Daha Fazla Sulama Ekipmanlar\u0131m\u0131z\u0131 Hemen Ke\u015ffedin.\",\"breadcrumb\":{\"@id\":\"https:\/\/www.poelsan.com\/en\/product\/green-series-female-with-galvanized-reinforcing-ring\/#breadcrumb\"},\"inLanguage\":\"en-US\",\"potentialAction\":[{\"@type\":\"ReadAction\",\"target\":[\"https:\/\/www.poelsan.com\/en\/product\/green-series-female-with-galvanized-reinforcing-ring\/\"]}]},{\"@type\":\"ImageObject\",\"inLanguage\":\"en-US\",\"@id\":\"https:\/\/www.poelsan.com\/en\/product\/green-series-female-with-galvanized-reinforcing-ring\/#primaryimage\",\"url\":\"https:\/\/www.poelsan.com\/wp-content\/uploads\/2022\/07\/yys_kablin_disi_galvaniz.png\",\"contentUrl\":\"https:\/\/www.poelsan.com\/wp-content\/uploads\/2022\/07\/yys_kablin_disi_galvaniz.png\",\"width\":600,\"height\":350},{\"@type\":\"BreadcrumbList\",\"@id\":\"https:\/\/www.poelsan.com\/en\/product\/green-series-female-with-galvanized-reinforcing-ring\/#breadcrumb\",\"itemListElement\":[{\"@type\":\"ListItem\",\"position\":1,\"name\":\"Home\",\"item\":\"https:\/\/www.poelsan.com\/en\/\"},{\"@type\":\"ListItem\",\"position\":2,\"name\":\"Products\",\"item\":\"https:\/\/www.poelsan.com\/en\/shop\/\"},{\"@type\":\"ListItem\",\"position\":3,\"name\":\"Green Series Female Adaptor Galvanized Reinforcing Ring\"}]},{\"@type\":\"WebSite\",\"@id\":\"https:\/\/www.poelsan.com\/en\/#website\",\"url\":\"https:\/\/www.poelsan.com\/en\/\",\"name\":\"Poelsan: Sekt\u00f6r\u00fcnde D\u00fcnya Markas\u0131\",\"description\":\"Sekt\u00f6r\u00fcnde D\u00fcnya Markas\u0131\",\"publisher\":{\"@id\":\"https:\/\/www.poelsan.com\/en\/#organization\"},\"potentialAction\":[{\"@type\":\"SearchAction\",\"target\":{\"@type\":\"EntryPoint\",\"urlTemplate\":\"https:\/\/www.poelsan.com\/en\/?s={search_term_string}\"},\"query-input\":{\"@type\":\"PropertyValueSpecification\",\"valueRequired\":true,\"valueName\":\"search_term_string\"}}],\"inLanguage\":\"en-US\"},{\"@type\":\"Organization\",\"@id\":\"https:\/\/www.poelsan.com\/en\/#organization\",\"name\":\"Poelsan: Sekt\u00f6r\u00fcnde D\u00fcnya Markas\u0131\",\"url\":\"https:\/\/www.poelsan.com\/en\/\",\"logo\":{\"@type\":\"ImageObject\",\"inLanguage\":\"en-US\",\"@id\":\"https:\/\/www.poelsan.com\/en\/#\/schema\/logo\/image\/\",\"url\":\"https:\/\/www.poelsan.com\/wp-content\/uploads\/2025\/09\/poelsan.png\",\"contentUrl\":\"https:\/\/www.poelsan.com\/wp-content\/uploads\/2025\/09\/poelsan.png\",\"width\":1200,\"height\":675,\"caption\":\"Poelsan: Sekt\u00f6r\u00fcnde D\u00fcnya Markas\u0131\"},\"image\":{\"@id\":\"https:\/\/www.poelsan.com\/en\/#\/schema\/logo\/image\/\"},\"sameAs\":[\"https:\/\/www.facebook.com\/poelsanplastik\/\",\"https:\/\/www.instagram.com\/explore\/locations\/541106002887674\/poelsan-plastik-san-ve-tic-as\/\"]}]}<\/script>\n<!-- \/ Yoast SEO plugin. -->","yoast_head_json":{"title":"Green Series Female Adaptor Galvanized Reinforcing Ring - Poelsan","description":"Poelsan Green Series Female Adaptor Galvanized Reinforcing Ring \u00dcr\u00fcn\u00fcm\u00fcz ve Daha Fazla Sulama Ekipmanlar\u0131m\u0131z\u0131 Hemen Ke\u015ffedin.","robots":{"index":"index","follow":"follow","max-snippet":"max-snippet:-1","max-image-preview":"max-image-preview:large","max-video-preview":"max-video-preview:-1"},"canonical":"https:\/\/www.poelsan.com\/en\/product\/green-series-female-with-galvanized-reinforcing-ring\/","og_locale":"en_US","og_type":"article","og_title":"Green Series Female Adaptor Galvanized Reinforcing Ring - Poelsan","og_description":"Poelsan Green Series Female Adaptor Galvanized Reinforcing Ring \u00dcr\u00fcn\u00fcm\u00fcz ve Daha Fazla Sulama Ekipmanlar\u0131m\u0131z\u0131 Hemen Ke\u015ffedin.","og_url":"https:\/\/www.poelsan.com\/en\/product\/green-series-female-with-galvanized-reinforcing-ring\/","og_site_name":"Poelsan","article_publisher":"https:\/\/www.facebook.com\/poelsanplastik\/","article_modified_time":"2025-03-28T08:55:56+00:00","og_image":[{"width":600,"height":350,"url":"https:\/\/www.poelsan.com\/wp-content\/uploads\/2022\/07\/yys_kablin_disi_galvaniz.png","type":"image\/png"}],"twitter_card":"summary_large_image","twitter_misc":{"Est. reading time":"1 minute"},"schema":{"@context":"https:\/\/schema.org","@graph":[{"@type":"WebPage","@id":"https:\/\/www.poelsan.com\/en\/product\/green-series-female-with-galvanized-reinforcing-ring\/","url":"https:\/\/www.poelsan.com\/en\/product\/green-series-female-with-galvanized-reinforcing-ring\/","name":"Green Series Female Adaptor Galvanized Reinforcing Ring - Poelsan","isPartOf":{"@id":"https:\/\/www.poelsan.com\/en\/#website"},"primaryImageOfPage":{"@id":"https:\/\/www.poelsan.com\/en\/product\/green-series-female-with-galvanized-reinforcing-ring\/#primaryimage"},"image":{"@id":"https:\/\/www.poelsan.com\/en\/product\/green-series-female-with-galvanized-reinforcing-ring\/#primaryimage"},"thumbnailUrl":"https:\/\/www.poelsan.com\/wp-content\/uploads\/2022\/07\/yys_kablin_disi_galvaniz.png","datePublished":"2022-07-29T21:06:34+00:00","dateModified":"2025-03-28T08:55:56+00:00","description":"Poelsan Green Series Female Adaptor Galvanized Reinforcing Ring \u00dcr\u00fcn\u00fcm\u00fcz ve Daha Fazla Sulama Ekipmanlar\u0131m\u0131z\u0131 Hemen Ke\u015ffedin.","breadcrumb":{"@id":"https:\/\/www.poelsan.com\/en\/product\/green-series-female-with-galvanized-reinforcing-ring\/#breadcrumb"},"inLanguage":"en-US","potentialAction":[{"@type":"ReadAction","target":["https:\/\/www.poelsan.com\/en\/product\/green-series-female-with-galvanized-reinforcing-ring\/"]}]},{"@type":"ImageObject","inLanguage":"en-US","@id":"https:\/\/www.poelsan.com\/en\/product\/green-series-female-with-galvanized-reinforcing-ring\/#primaryimage","url":"https:\/\/www.poelsan.com\/wp-content\/uploads\/2022\/07\/yys_kablin_disi_galvaniz.png","contentUrl":"https:\/\/www.poelsan.com\/wp-content\/uploads\/2022\/07\/yys_kablin_disi_galvaniz.png","width":600,"height":350},{"@type":"BreadcrumbList","@id":"https:\/\/www.poelsan.com\/en\/product\/green-series-female-with-galvanized-reinforcing-ring\/#breadcrumb","itemListElement":[{"@type":"ListItem","position":1,"name":"Home","item":"https:\/\/www.poelsan.com\/en\/"},{"@type":"ListItem","position":2,"name":"Products","item":"https:\/\/www.poelsan.com\/en\/shop\/"},{"@type":"ListItem","position":3,"name":"Green Series Female Adaptor Galvanized Reinforcing Ring"}]},{"@type":"WebSite","@id":"https:\/\/www.poelsan.com\/en\/#website","url":"https:\/\/www.poelsan.com\/en\/","name":"Poelsan: Sekt\u00f6r\u00fcnde D\u00fcnya Markas\u0131","description":"Sekt\u00f6r\u00fcnde D\u00fcnya Markas\u0131","publisher":{"@id":"https:\/\/www.poelsan.com\/en\/#organization"},"potentialAction":[{"@type":"SearchAction","target":{"@type":"EntryPoint","urlTemplate":"https:\/\/www.poelsan.com\/en\/?s={search_term_string}"},"query-input":{"@type":"PropertyValueSpecification","valueRequired":true,"valueName":"search_term_string"}}],"inLanguage":"en-US"},{"@type":"Organization","@id":"https:\/\/www.poelsan.com\/en\/#organization","name":"Poelsan: Sekt\u00f6r\u00fcnde D\u00fcnya Markas\u0131","url":"https:\/\/www.poelsan.com\/en\/","logo":{"@type":"ImageObject","inLanguage":"en-US","@id":"https:\/\/www.poelsan.com\/en\/#\/schema\/logo\/image\/","url":"https:\/\/www.poelsan.com\/wp-content\/uploads\/2025\/09\/poelsan.png","contentUrl":"https:\/\/www.poelsan.com\/wp-content\/uploads\/2025\/09\/poelsan.png","width":1200,"height":675,"caption":"Poelsan: Sekt\u00f6r\u00fcnde D\u00fcnya Markas\u0131"},"image":{"@id":"https:\/\/www.poelsan.com\/en\/#\/schema\/logo\/image\/"},"sameAs":["https:\/\/www.facebook.com\/poelsanplastik\/","https:\/\/www.instagram.com\/explore\/locations\/541106002887674\/poelsan-plastik-san-ve-tic-as\/"]}]}},"_links":{"self":[{"href":"https:\/\/www.poelsan.com\/en\/wp-json\/wp\/v2\/product\/18291","targetHints":{"allow":["GET"]}}],"collection":[{"href":"https:\/\/www.poelsan.com\/en\/wp-json\/wp\/v2\/product"}],"about":[{"href":"https:\/\/www.poelsan.com\/en\/wp-json\/wp\/v2\/types\/product"}],"replies":[{"embeddable":true,"href":"https:\/\/www.poelsan.com\/en\/wp-json\/wp\/v2\/comments?post=18291"}],"wp:featuredmedia":[{"embeddable":true,"href":"https:\/\/www.poelsan.com\/en\/wp-json\/wp\/v2\/media\/17686"}],"wp:attachment":[{"href":"https:\/\/www.poelsan.com\/en\/wp-json\/wp\/v2\/media?parent=18291"}],"wp:term":[{"taxonomy":"product_cat","embeddable":true,"href":"https:\/\/www.poelsan.com\/en\/wp-json\/wp\/v2\/product_cat?post=18291"},{"taxonomy":"product_tag","embeddable":true,"href":"https:\/\/www.poelsan.com\/en\/wp-json\/wp\/v2\/product_tag?post=18291"}],"curies":[{"name":"wp","href":"https:\/\/api.w.org\/{rel}","templated":true}]}}