{"id":18288,"date":"2022-07-30T00:06:32","date_gmt":"2022-07-29T21:06:32","guid":{"rendered":"https:\/\/www.poelsan.com\/urun\/female-tee-galvanized-reinforcement-ring\/"},"modified":"2025-07-01T11:35:36","modified_gmt":"2025-07-01T08:35:36","slug":"female-tee-galvanized-reinforcement-ring-2","status":"publish","type":"product","link":"https:\/\/www.poelsan.com\/en\/product\/female-tee-galvanized-reinforcement-ring-2\/","title":{"rendered":"Green Series Female Tee Galvanized Reinforcing Ring"},"content":{"rendered":"\n<table id=\"tablepress-889\" class=\"tablepress tablepress-id-889\">\n<thead>\n<tr class=\"row-1\">\n\t<th class=\"column-1\">Code<\/th><th class=\"column-2\">Size<\/th><th class=\"column-3\">Pressure Value<\/th><th class=\"column-4\">Packing Quantity<\/th><th class=\"column-5\">Box Quantity<\/th>\n<\/tr>\n<\/thead>\n<tbody class=\"row-striping row-hover\">\n<tr class=\"row-2\">\n\t<td class=\"column-1\">YS7811<\/td><td class=\"column-2\">20 x \u00bd\" x 20<\/td><td class=\"column-3\">10<\/td><td class=\"column-4\">15<\/td><td class=\"column-5\">270<\/td>\n<\/tr>\n<tr class=\"row-3\">\n\t<td class=\"column-1\">YS7812<\/td><td class=\"column-2\">20 x \u00be\" x 20<\/td><td class=\"column-3\">10<\/td><td class=\"column-4\">15<\/td><td class=\"column-5\">270<\/td>\n<\/tr>\n<tr class=\"row-4\">\n\t<td class=\"column-1\">YS7821<\/td><td class=\"column-2\">25 x \u00bd\" x 25<\/td><td class=\"column-3\">10<\/td><td class=\"column-4\">10<\/td><td class=\"column-5\">200<\/td>\n<\/tr>\n<tr class=\"row-5\">\n\t<td class=\"column-1\">YS7822<\/td><td class=\"column-2\">25 x \u00be\" x 25<\/td><td class=\"column-3\">10<\/td><td class=\"column-4\">10<\/td><td class=\"column-5\">180<\/td>\n<\/tr>\n<tr class=\"row-6\">\n\t<td class=\"column-1\">YS7823<\/td><td class=\"column-2\">25 x 1\" x 25<\/td><td class=\"column-3\">10<\/td><td class=\"column-4\">10<\/td><td class=\"column-5\">180<\/td>\n<\/tr>\n<tr class=\"row-7\">\n\t<td class=\"column-1\">YS7831<\/td><td class=\"column-2\">32 x \u00bd\" x 32<\/td><td class=\"column-3\">10<\/td><td class=\"column-4\">10<\/td><td class=\"column-5\">140<\/td>\n<\/tr>\n<tr class=\"row-8\">\n\t<td class=\"column-1\">YS7832<\/td><td class=\"column-2\">32 x \u00be\" x 32<\/td><td class=\"column-3\">10<\/td><td class=\"column-4\">10<\/td><td class=\"column-5\">130<\/td>\n<\/tr>\n<tr class=\"row-9\">\n\t<td class=\"column-1\">YS7833<\/td><td class=\"column-2\">32 x 1\" x 32<\/td><td class=\"column-3\">10<\/td><td class=\"column-4\">10<\/td><td class=\"column-5\">120<\/td>\n<\/tr>\n<tr class=\"row-10\">\n\t<td class=\"column-1\">YS7834<\/td><td class=\"column-2\">32 x 1 \u00bc\" x 32<\/td><td class=\"column-3\">10<\/td><td class=\"column-4\">10<\/td><td class=\"column-5\">100<\/td>\n<\/tr>\n<tr class=\"row-11\">\n\t<td class=\"column-1\">YS7842<\/td><td class=\"column-2\">40 x \u00be\" x 40<\/td><td class=\"column-3\">10<\/td><td class=\"column-4\">5<\/td><td class=\"column-5\">70<\/td>\n<\/tr>\n<tr class=\"row-12\">\n\t<td class=\"column-1\">YS7843<\/td><td class=\"column-2\">40 x 1\" x 40<\/td><td class=\"column-3\">10<\/td><td class=\"column-4\">5<\/td><td class=\"column-5\">70<\/td>\n<\/tr>\n<tr class=\"row-13\">\n\t<td class=\"column-1\">YS7844<\/td><td class=\"column-2\">40 x 1 \u00bc\" x 40<\/td><td class=\"column-3\">10<\/td><td class=\"column-4\">5<\/td><td class=\"column-5\">60<\/td>\n<\/tr>\n<tr class=\"row-14\">\n\t<td class=\"column-1\">YS7845<\/td><td class=\"column-2\">40 x 1 \u00bd\" x 40<\/td><td class=\"column-3\">10<\/td><td class=\"column-4\">5<\/td><td class=\"column-5\">55<\/td>\n<\/tr>\n<tr class=\"row-15\">\n\t<td class=\"column-1\">YS7852<\/td><td class=\"column-2\">50 x \u00be\" x 50<\/td><td class=\"column-3\">10<\/td><td class=\"column-4\">4<\/td><td class=\"column-5\">48<\/td>\n<\/tr>\n<tr class=\"row-16\">\n\t<td class=\"column-1\">YS7853<\/td><td class=\"column-2\">50 x 1\" x 50<\/td><td class=\"column-3\">10<\/td><td class=\"column-4\">4<\/td><td class=\"column-5\">48<\/td>\n<\/tr>\n<tr class=\"row-17\">\n\t<td class=\"column-1\">YS7854<\/td><td class=\"column-2\">50 x 1 \u00bc\" x 50<\/td><td class=\"column-3\">10<\/td><td class=\"column-4\">4<\/td><td class=\"column-5\">44<\/td>\n<\/tr>\n<tr class=\"row-18\">\n\t<td class=\"column-1\">YS7855<\/td><td class=\"column-2\">50 x 1 \u00bd\" x 50<\/td><td class=\"column-3\">10<\/td><td class=\"column-4\">4<\/td><td class=\"column-5\">44<\/td>\n<\/tr>\n<tr class=\"row-19\">\n\t<td class=\"column-1\">YS7856<\/td><td class=\"column-2\">50 x 2\" x 50<\/td><td class=\"column-3\">10<\/td><td class=\"column-4\">4<\/td><td class=\"column-5\">36<\/td>\n<\/tr>\n<tr class=\"row-20\">\n\t<td class=\"column-1\">YS7863<\/td><td class=\"column-2\">63 x 1\" x 63<\/td><td class=\"column-3\">10<\/td><td class=\"column-4\">3<\/td><td class=\"column-5\">30<\/td>\n<\/tr>\n<tr class=\"row-21\">\n\t<td class=\"column-1\">YS7864<\/td><td class=\"column-2\">63 x 1 \u00bc\" x 63<\/td><td class=\"column-3\">10<\/td><td class=\"column-4\">3<\/td><td class=\"column-5\">27<\/td>\n<\/tr>\n<tr class=\"row-22\">\n\t<td class=\"column-1\">YS7865<\/td><td class=\"column-2\">63 x 1 \u00bd\" x 63<\/td><td class=\"column-3\">10<\/td><td class=\"column-4\">3<\/td><td class=\"column-5\">27<\/td>\n<\/tr>\n<tr class=\"row-23\">\n\t<td class=\"column-1\">YS7866<\/td><td class=\"column-2\">63 x 2\" x 63<\/td><td class=\"column-3\">10<\/td><td class=\"column-4\">3<\/td><td class=\"column-5\">27<\/td>\n<\/tr>\n<tr class=\"row-24\">\n\t<td class=\"column-1\">YS7867<\/td><td class=\"column-2\">63 x 2 \u00bd\" x 63<\/td><td class=\"column-3\">10<\/td><td class=\"column-4\">3<\/td><td class=\"column-5\">24<\/td>\n<\/tr>\n<tr class=\"row-25\">\n\t<td class=\"column-1\">YS7876<\/td><td class=\"column-2\">75 x 2\" x 75<\/td><td class=\"column-3\">6<\/td><td class=\"column-4\">1<\/td><td class=\"column-5\">18<\/td>\n<\/tr>\n<tr class=\"row-26\">\n\t<td class=\"column-1\">YS7877<\/td><td class=\"column-2\">75 x 2 \u00bd\" x 75<\/td><td class=\"column-3\">6<\/td><td class=\"column-4\">1<\/td><td class=\"column-5\">15<\/td>\n<\/tr>\n<tr class=\"row-27\">\n\t<td class=\"column-1\">YS7878<\/td><td class=\"column-2\">75 x 3\" x 75<\/td><td class=\"column-3\">6<\/td><td class=\"column-4\">1<\/td><td class=\"column-5\">12<\/td>\n<\/tr>\n<tr class=\"row-28\">\n\t<td class=\"column-1\">YS7887<\/td><td class=\"column-2\">90 x 2 \u00bd\" x 90<\/td><td class=\"column-3\">6<\/td><td class=\"column-4\">1<\/td><td class=\"column-5\">10<\/td>\n<\/tr>\n<tr class=\"row-29\">\n\t<td class=\"column-1\">YS7888<\/td><td class=\"column-2\">90 x 3\" x 90<\/td><td class=\"column-3\">6<\/td><td class=\"column-4\">1<\/td><td class=\"column-5\">10<\/td>\n<\/tr>\n<tr class=\"row-30\">\n\t<td class=\"column-1\">YS7889<\/td><td class=\"column-2\">90 x 4\" x 90<\/td><td class=\"column-3\">6<\/td><td class=\"column-4\">1<\/td><td class=\"column-5\">9<\/td>\n<\/tr>\n<tr class=\"row-31\">\n\t<td class=\"column-1\">YS7898<\/td><td class=\"column-2\">110 x 3\" x 110<\/td><td class=\"column-3\">6<\/td><td class=\"column-4\">1<\/td><td class=\"column-5\">6<\/td>\n<\/tr>\n<tr class=\"row-32\">\n\t<td class=\"column-1\">YS7899<\/td><td class=\"column-2\">110 x 4\" x 110<\/td><td class=\"column-3\">6<\/td><td class=\"column-4\">1<\/td><td class=\"column-5\">5<\/td>\n<\/tr>\n<\/tbody>\n<\/table>\n<!-- #tablepress-889 from cache -->\n","protected":false},"excerpt":{"rendered":"<div class=\"product-detail-infos\">\n<div class=\"product-detail-infos\">\n<h2>Pressure Values<\/h2>\n<ul>\n<li>\u00d8 20 mm \u2013 \u00d8 63 mm : PN 10<\/li>\n<li>\u00d8 75 mm \u2013 \u00d8 110 mm : PN 6<\/li>\n<\/ul>\n<\/div>\n<div class=\"product-detail-infos\">\n<h2>Fields of Application<\/h2>\n<ul>\n<li>Landscaping Systems<\/li>\n<li>Agricultural Irrigation<\/li>\n<li>Greenhouses<\/li>\n<\/ul>\n<\/div>\n<div class=\"product-logos\"><img decoding=\"async\" src=\"\/wp-content\/uploads\/2022\/07\/tse-17885-1-1.png\" \/><br \/>\n<img decoding=\"async\" src=\"\/wp-content\/uploads\/2022\/07\/kiwa.png\" \/><br \/>\n<img decoding=\"async\" src=\"\/wp-content\/uploads\/2022\/07\/tse-iso-45001.png\" \/><br \/>\n<img decoding=\"async\" src=\"\/wp-content\/uploads\/2022\/07\/tse-iso-en-9000.png\" \/><br \/>\n<img decoding=\"async\" src=\"\/wp-content\/uploads\/2022\/07\/tse-iso-14000.png\" \/><br \/>\n<img decoding=\"async\" src=\"\/wp-content\/uploads\/2022\/07\/tse-iso-18001.png\" \/><\/div>\n<div class=\"product-buy-btn\"><a href=\"https:\/\/www.poelsan.com\/nasil-satin-alabilirim\/\"> How can I buy ? <\/a><\/div>\n<\/div>\n","protected":false},"featured_media":17682,"comment_status":"closed","ping_status":"closed","template":"","meta":{"_acf_changed":false},"product_cat":[4211,4222,4221],"product_tag":[4407,4411,4416,4421,4426,4432,4436,4440,4444,4449,4453,4458,4463,4468,4473,4477,4482,4488,4494,4500,4504,4508,4511,4514,4517,4520,4523,4526,4529,4532,4535],"class_list":{"0":"post-18288","1":"product","2":"type-product","3":"status-publish","4":"has-post-thumbnail","6":"product_cat-compression-fittings","7":"product_cat-galvanized-reinforcing-ring-en","8":"product_cat-green-series","9":"product_tag-ys7811-en","10":"product_tag-ys7812-en","11":"product_tag-ys7821-en","12":"product_tag-ys7822-en","13":"product_tag-ys7823-en","14":"product_tag-ys7831-en","15":"product_tag-ys7832-en","16":"product_tag-ys7833-en","17":"product_tag-ys7834-en","18":"product_tag-ys7842-en","19":"product_tag-ys7843-en","20":"product_tag-ys7844-en","21":"product_tag-ys7845-en","22":"product_tag-ys7852-en","23":"product_tag-ys7853-en","24":"product_tag-ys7854-en","25":"product_tag-ys7855-en","26":"product_tag-ys7856-en","27":"product_tag-ys7863-en","28":"product_tag-ys7864-en","29":"product_tag-ys7865-en","30":"product_tag-ys7866-en","31":"product_tag-ys7867-en","32":"product_tag-ys7876-en","33":"product_tag-ys7877-en","34":"product_tag-ys7878-en","35":"product_tag-ys7887-en","36":"product_tag-ys7888-en","37":"product_tag-ys7889-en","38":"product_tag-ys7898-en","39":"product_tag-ys7899-en","41":"first","42":"instock","43":"product-type-simple"},"acf":[],"yoast_head":"<!-- This site is optimized with the Yoast SEO plugin v25.9 - https:\/\/yoast.com\/wordpress\/plugins\/seo\/ -->\n<title>Green Series Female Tee Galvanized Reinforcing Ring - Poelsan<\/title>\n<meta name=\"description\" content=\"Poelsan Green Series Female Tee Galvanized Reinforcing Ring \u00dcr\u00fcn\u00fcm\u00fcz ve Daha Fazla Sulama Ekipmanlar\u0131m\u0131z\u0131 Hemen Ke\u015ffedin.\" \/>\n<meta name=\"robots\" content=\"index, follow, max-snippet:-1, max-image-preview:large, max-video-preview:-1\" \/>\n<link rel=\"canonical\" href=\"https:\/\/www.poelsan.com\/en\/product\/female-tee-galvanized-reinforcement-ring-2\/\" \/>\n<meta property=\"og:locale\" content=\"en_US\" \/>\n<meta property=\"og:type\" content=\"article\" \/>\n<meta property=\"og:title\" content=\"Green Series Female Tee Galvanized Reinforcing Ring - Poelsan\" \/>\n<meta property=\"og:description\" content=\"Poelsan Green Series Female Tee Galvanized Reinforcing Ring \u00dcr\u00fcn\u00fcm\u00fcz ve Daha Fazla Sulama Ekipmanlar\u0131m\u0131z\u0131 Hemen Ke\u015ffedin.\" \/>\n<meta property=\"og:url\" content=\"https:\/\/www.poelsan.com\/en\/product\/female-tee-galvanized-reinforcement-ring-2\/\" \/>\n<meta property=\"og:site_name\" content=\"Poelsan\" \/>\n<meta property=\"article:publisher\" content=\"https:\/\/www.facebook.com\/poelsanplastik\/\" \/>\n<meta property=\"article:modified_time\" content=\"2025-07-01T08:35:36+00:00\" \/>\n<meta property=\"og:image\" content=\"https:\/\/www.poelsan.com\/wp-content\/uploads\/2022\/07\/yys_kablin_te_disi_galvaniz.png\" \/>\n\t<meta property=\"og:image:width\" content=\"600\" \/>\n\t<meta property=\"og:image:height\" content=\"350\" \/>\n\t<meta property=\"og:image:type\" content=\"image\/png\" \/>\n<meta name=\"twitter:card\" content=\"summary_large_image\" \/>\n<meta name=\"twitter:label1\" content=\"Est. reading time\" \/>\n\t<meta name=\"twitter:data1\" content=\"1 minute\" \/>\n<script type=\"application\/ld+json\" class=\"yoast-schema-graph\">{\"@context\":\"https:\/\/schema.org\",\"@graph\":[{\"@type\":\"WebPage\",\"@id\":\"https:\/\/www.poelsan.com\/en\/product\/female-tee-galvanized-reinforcement-ring-2\/\",\"url\":\"https:\/\/www.poelsan.com\/en\/product\/female-tee-galvanized-reinforcement-ring-2\/\",\"name\":\"Green Series Female Tee Galvanized Reinforcing Ring - Poelsan\",\"isPartOf\":{\"@id\":\"https:\/\/www.poelsan.com\/en\/#website\"},\"primaryImageOfPage\":{\"@id\":\"https:\/\/www.poelsan.com\/en\/product\/female-tee-galvanized-reinforcement-ring-2\/#primaryimage\"},\"image\":{\"@id\":\"https:\/\/www.poelsan.com\/en\/product\/female-tee-galvanized-reinforcement-ring-2\/#primaryimage\"},\"thumbnailUrl\":\"https:\/\/www.poelsan.com\/wp-content\/uploads\/2022\/07\/yys_kablin_te_disi_galvaniz.png\",\"datePublished\":\"2022-07-29T21:06:32+00:00\",\"dateModified\":\"2025-07-01T08:35:36+00:00\",\"description\":\"Poelsan Green Series Female Tee Galvanized Reinforcing Ring \u00dcr\u00fcn\u00fcm\u00fcz ve Daha Fazla Sulama Ekipmanlar\u0131m\u0131z\u0131 Hemen Ke\u015ffedin.\",\"breadcrumb\":{\"@id\":\"https:\/\/www.poelsan.com\/en\/product\/female-tee-galvanized-reinforcement-ring-2\/#breadcrumb\"},\"inLanguage\":\"en-US\",\"potentialAction\":[{\"@type\":\"ReadAction\",\"target\":[\"https:\/\/www.poelsan.com\/en\/product\/female-tee-galvanized-reinforcement-ring-2\/\"]}]},{\"@type\":\"ImageObject\",\"inLanguage\":\"en-US\",\"@id\":\"https:\/\/www.poelsan.com\/en\/product\/female-tee-galvanized-reinforcement-ring-2\/#primaryimage\",\"url\":\"https:\/\/www.poelsan.com\/wp-content\/uploads\/2022\/07\/yys_kablin_te_disi_galvaniz.png\",\"contentUrl\":\"https:\/\/www.poelsan.com\/wp-content\/uploads\/2022\/07\/yys_kablin_te_disi_galvaniz.png\",\"width\":600,\"height\":350},{\"@type\":\"BreadcrumbList\",\"@id\":\"https:\/\/www.poelsan.com\/en\/product\/female-tee-galvanized-reinforcement-ring-2\/#breadcrumb\",\"itemListElement\":[{\"@type\":\"ListItem\",\"position\":1,\"name\":\"Home\",\"item\":\"https:\/\/www.poelsan.com\/en\/\"},{\"@type\":\"ListItem\",\"position\":2,\"name\":\"Products\",\"item\":\"https:\/\/www.poelsan.com\/en\/shop\/\"},{\"@type\":\"ListItem\",\"position\":3,\"name\":\"Green Series Female Tee Galvanized Reinforcing Ring\"}]},{\"@type\":\"WebSite\",\"@id\":\"https:\/\/www.poelsan.com\/en\/#website\",\"url\":\"https:\/\/www.poelsan.com\/en\/\",\"name\":\"Poelsan: Sekt\u00f6r\u00fcnde D\u00fcnya Markas\u0131\",\"description\":\"Sekt\u00f6r\u00fcnde D\u00fcnya Markas\u0131\",\"publisher\":{\"@id\":\"https:\/\/www.poelsan.com\/en\/#organization\"},\"potentialAction\":[{\"@type\":\"SearchAction\",\"target\":{\"@type\":\"EntryPoint\",\"urlTemplate\":\"https:\/\/www.poelsan.com\/en\/?s={search_term_string}\"},\"query-input\":{\"@type\":\"PropertyValueSpecification\",\"valueRequired\":true,\"valueName\":\"search_term_string\"}}],\"inLanguage\":\"en-US\"},{\"@type\":\"Organization\",\"@id\":\"https:\/\/www.poelsan.com\/en\/#organization\",\"name\":\"Poelsan: Sekt\u00f6r\u00fcnde D\u00fcnya Markas\u0131\",\"url\":\"https:\/\/www.poelsan.com\/en\/\",\"logo\":{\"@type\":\"ImageObject\",\"inLanguage\":\"en-US\",\"@id\":\"https:\/\/www.poelsan.com\/en\/#\/schema\/logo\/image\/\",\"url\":\"https:\/\/www.poelsan.com\/wp-content\/uploads\/2025\/09\/poelsan.png\",\"contentUrl\":\"https:\/\/www.poelsan.com\/wp-content\/uploads\/2025\/09\/poelsan.png\",\"width\":1200,\"height\":675,\"caption\":\"Poelsan: Sekt\u00f6r\u00fcnde D\u00fcnya Markas\u0131\"},\"image\":{\"@id\":\"https:\/\/www.poelsan.com\/en\/#\/schema\/logo\/image\/\"},\"sameAs\":[\"https:\/\/www.facebook.com\/poelsanplastik\/\",\"https:\/\/www.instagram.com\/explore\/locations\/541106002887674\/poelsan-plastik-san-ve-tic-as\/\"]}]}<\/script>\n<!-- \/ Yoast SEO plugin. -->","yoast_head_json":{"title":"Green Series Female Tee Galvanized Reinforcing Ring - Poelsan","description":"Poelsan Green Series Female Tee Galvanized Reinforcing Ring \u00dcr\u00fcn\u00fcm\u00fcz ve Daha Fazla Sulama Ekipmanlar\u0131m\u0131z\u0131 Hemen Ke\u015ffedin.","robots":{"index":"index","follow":"follow","max-snippet":"max-snippet:-1","max-image-preview":"max-image-preview:large","max-video-preview":"max-video-preview:-1"},"canonical":"https:\/\/www.poelsan.com\/en\/product\/female-tee-galvanized-reinforcement-ring-2\/","og_locale":"en_US","og_type":"article","og_title":"Green Series Female Tee Galvanized Reinforcing Ring - Poelsan","og_description":"Poelsan Green Series Female Tee Galvanized Reinforcing Ring \u00dcr\u00fcn\u00fcm\u00fcz ve Daha Fazla Sulama Ekipmanlar\u0131m\u0131z\u0131 Hemen Ke\u015ffedin.","og_url":"https:\/\/www.poelsan.com\/en\/product\/female-tee-galvanized-reinforcement-ring-2\/","og_site_name":"Poelsan","article_publisher":"https:\/\/www.facebook.com\/poelsanplastik\/","article_modified_time":"2025-07-01T08:35:36+00:00","og_image":[{"width":600,"height":350,"url":"https:\/\/www.poelsan.com\/wp-content\/uploads\/2022\/07\/yys_kablin_te_disi_galvaniz.png","type":"image\/png"}],"twitter_card":"summary_large_image","twitter_misc":{"Est. reading time":"1 minute"},"schema":{"@context":"https:\/\/schema.org","@graph":[{"@type":"WebPage","@id":"https:\/\/www.poelsan.com\/en\/product\/female-tee-galvanized-reinforcement-ring-2\/","url":"https:\/\/www.poelsan.com\/en\/product\/female-tee-galvanized-reinforcement-ring-2\/","name":"Green Series Female Tee Galvanized Reinforcing Ring - Poelsan","isPartOf":{"@id":"https:\/\/www.poelsan.com\/en\/#website"},"primaryImageOfPage":{"@id":"https:\/\/www.poelsan.com\/en\/product\/female-tee-galvanized-reinforcement-ring-2\/#primaryimage"},"image":{"@id":"https:\/\/www.poelsan.com\/en\/product\/female-tee-galvanized-reinforcement-ring-2\/#primaryimage"},"thumbnailUrl":"https:\/\/www.poelsan.com\/wp-content\/uploads\/2022\/07\/yys_kablin_te_disi_galvaniz.png","datePublished":"2022-07-29T21:06:32+00:00","dateModified":"2025-07-01T08:35:36+00:00","description":"Poelsan Green Series Female Tee Galvanized Reinforcing Ring \u00dcr\u00fcn\u00fcm\u00fcz ve Daha Fazla Sulama Ekipmanlar\u0131m\u0131z\u0131 Hemen Ke\u015ffedin.","breadcrumb":{"@id":"https:\/\/www.poelsan.com\/en\/product\/female-tee-galvanized-reinforcement-ring-2\/#breadcrumb"},"inLanguage":"en-US","potentialAction":[{"@type":"ReadAction","target":["https:\/\/www.poelsan.com\/en\/product\/female-tee-galvanized-reinforcement-ring-2\/"]}]},{"@type":"ImageObject","inLanguage":"en-US","@id":"https:\/\/www.poelsan.com\/en\/product\/female-tee-galvanized-reinforcement-ring-2\/#primaryimage","url":"https:\/\/www.poelsan.com\/wp-content\/uploads\/2022\/07\/yys_kablin_te_disi_galvaniz.png","contentUrl":"https:\/\/www.poelsan.com\/wp-content\/uploads\/2022\/07\/yys_kablin_te_disi_galvaniz.png","width":600,"height":350},{"@type":"BreadcrumbList","@id":"https:\/\/www.poelsan.com\/en\/product\/female-tee-galvanized-reinforcement-ring-2\/#breadcrumb","itemListElement":[{"@type":"ListItem","position":1,"name":"Home","item":"https:\/\/www.poelsan.com\/en\/"},{"@type":"ListItem","position":2,"name":"Products","item":"https:\/\/www.poelsan.com\/en\/shop\/"},{"@type":"ListItem","position":3,"name":"Green Series Female Tee Galvanized Reinforcing Ring"}]},{"@type":"WebSite","@id":"https:\/\/www.poelsan.com\/en\/#website","url":"https:\/\/www.poelsan.com\/en\/","name":"Poelsan: Sekt\u00f6r\u00fcnde D\u00fcnya Markas\u0131","description":"Sekt\u00f6r\u00fcnde D\u00fcnya Markas\u0131","publisher":{"@id":"https:\/\/www.poelsan.com\/en\/#organization"},"potentialAction":[{"@type":"SearchAction","target":{"@type":"EntryPoint","urlTemplate":"https:\/\/www.poelsan.com\/en\/?s={search_term_string}"},"query-input":{"@type":"PropertyValueSpecification","valueRequired":true,"valueName":"search_term_string"}}],"inLanguage":"en-US"},{"@type":"Organization","@id":"https:\/\/www.poelsan.com\/en\/#organization","name":"Poelsan: Sekt\u00f6r\u00fcnde D\u00fcnya Markas\u0131","url":"https:\/\/www.poelsan.com\/en\/","logo":{"@type":"ImageObject","inLanguage":"en-US","@id":"https:\/\/www.poelsan.com\/en\/#\/schema\/logo\/image\/","url":"https:\/\/www.poelsan.com\/wp-content\/uploads\/2025\/09\/poelsan.png","contentUrl":"https:\/\/www.poelsan.com\/wp-content\/uploads\/2025\/09\/poelsan.png","width":1200,"height":675,"caption":"Poelsan: Sekt\u00f6r\u00fcnde D\u00fcnya Markas\u0131"},"image":{"@id":"https:\/\/www.poelsan.com\/en\/#\/schema\/logo\/image\/"},"sameAs":["https:\/\/www.facebook.com\/poelsanplastik\/","https:\/\/www.instagram.com\/explore\/locations\/541106002887674\/poelsan-plastik-san-ve-tic-as\/"]}]}},"_links":{"self":[{"href":"https:\/\/www.poelsan.com\/en\/wp-json\/wp\/v2\/product\/18288","targetHints":{"allow":["GET"]}}],"collection":[{"href":"https:\/\/www.poelsan.com\/en\/wp-json\/wp\/v2\/product"}],"about":[{"href":"https:\/\/www.poelsan.com\/en\/wp-json\/wp\/v2\/types\/product"}],"replies":[{"embeddable":true,"href":"https:\/\/www.poelsan.com\/en\/wp-json\/wp\/v2\/comments?post=18288"}],"wp:featuredmedia":[{"embeddable":true,"href":"https:\/\/www.poelsan.com\/en\/wp-json\/wp\/v2\/media\/17682"}],"wp:attachment":[{"href":"https:\/\/www.poelsan.com\/en\/wp-json\/wp\/v2\/media?parent=18288"}],"wp:term":[{"taxonomy":"product_cat","embeddable":true,"href":"https:\/\/www.poelsan.com\/en\/wp-json\/wp\/v2\/product_cat?post=18288"},{"taxonomy":"product_tag","embeddable":true,"href":"https:\/\/www.poelsan.com\/en\/wp-json\/wp\/v2\/product_tag?post=18288"}],"curies":[{"name":"wp","href":"https:\/\/api.w.org\/{rel}","templated":true}]}}