{"id":21441,"date":"2025-01-24T13:50:23","date_gmt":"2025-01-24T10:50:23","guid":{"rendered":"https:\/\/www.poelsan.com\/hakkimizda-new\/"},"modified":"2025-12-23T09:01:04","modified_gmt":"2025-12-23T06:01:04","slug":"about-us","status":"publish","type":"page","link":"https:\/\/www.poelsan.com\/en\/about-us\/","title":{"rendered":"About Us"},"content":{"rendered":"\t\t<div data-elementor-type=\"wp-page\" data-elementor-id=\"21441\" class=\"elementor elementor-21441 elementor-21440\" data-elementor-post-type=\"page\">\n\t\t\t\t\t\t<section class=\" elementor-section elementor-top-section elementor-element elementor-element-8deb593 elementor-section-boxed elementor-section-height-default elementor-section-height-default smart-sticky-default\" data-id=\"8deb593\" data-element_type=\"section\">\r\n\t\t\t\t\t\t\t\t<div class=\"elementor-container elementor-column-gap-default\">\r\n\t\t\t\t\r\n\t\t\t\t\t\t\t\t<div class=\"  tab-pane elementor-column elementor-col-100 elementor-top-column elementor-element elementor-element-92f56e6 \" data-role=\" tab-pane\" id=\"92f56e6\" data-id=\"92f56e6\" data-element_type=\"column\">\r\n\r\n\t\t\t\t\r\n\t\t\t\t<div class=\"elementor-widget-wrap elementor-element-populated\">\r\n\t\t\t\t\t\t\t\t\t\t\r\n\t\t\t\t\t\t<section class=\" elementor-section elementor-inner-section elementor-element elementor-element-a654817 elementor-section-boxed elementor-section-height-default elementor-section-height-default smart-sticky-default\" data-id=\"a654817\" data-element_type=\"section\">\r\n\t\t\t\t\t\t\t\t<div class=\"elementor-container elementor-column-gap-default\">\r\n\t\t\t\t\r\n\t\t\t\t\t\t\t\t<div class=\" elementor-column elementor-col-50 elementor-inner-column elementor-element elementor-element-166dc24 mb-9 \" data-id=\"166dc24\" data-element_type=\"column\">\r\n\r\n\t\t\t\t\r\n\t\t\t\t<div class=\"elementor-widget-wrap elementor-element-populated\">\r\n\t\t\t\t\t\t\t\t\t\t\r\n\t\t\t\t\t\t<div class=\"elementor-element elementor-element-ee79a49 animated-slow elementor-invisible elementor-widget elementor-widget-image\" data-id=\"ee79a49\" data-element_type=\"widget\" data-settings=\"{&quot;_animation&quot;:&quot;fadeIn&quot;}\" data-widget_type=\"image.default\">\n\t\t\t\t<div class=\"elementor-widget-container\">\n\t\t\t\t\t\t\t\t\t\t\t\t\t\t\t<img fetchpriority=\"high\" decoding=\"async\" width=\"1810\" height=\"2560\" src=\"https:\/\/www.poelsan.com\/wp-content\/uploads\/2024\/08\/poelsan-1-scaled.jpg\" class=\"attachment-full size-full wp-image-20925\" alt=\"\" srcset=\"https:\/\/www.poelsan.com\/wp-content\/uploads\/2024\/08\/poelsan-1-scaled.jpg 1810w, https:\/\/www.poelsan.com\/wp-content\/uploads\/2024\/08\/poelsan-1-724x1024.jpg 724w, https:\/\/www.poelsan.com\/wp-content\/uploads\/2024\/08\/poelsan-1-768x1086.jpg 768w, https:\/\/www.poelsan.com\/wp-content\/uploads\/2024\/08\/poelsan-1-1086x1536.jpg 1086w, https:\/\/www.poelsan.com\/wp-content\/uploads\/2024\/08\/poelsan-1-1448x2048.jpg 1448w, https:\/\/www.poelsan.com\/wp-content\/uploads\/2024\/08\/poelsan-1-600x849.jpg 600w\" sizes=\"(max-width: 1810px) 100vw, 1810px\" \/>\t\t\t\t\t\t\t\t\t\t\t\t\t\t\t<\/div>\n\t\t\t\t<\/div>\n\t\t\t\t\t\t<\/div>\r\n\t\t\t\t<\/div>\r\n\t\t\t\t\t\t\t\t\t<div class=\" elementor-column elementor-col-50 elementor-inner-column elementor-element elementor-element-3864bd7 mb-lg-9 mb-10 pb-lg-0 pb-3 elementor-invisible \" data-id=\"3864bd7\" data-element_type=\"column\" data-settings=\"{&quot;animation&quot;:&quot;fadeIn&quot;}\">\r\n\r\n\t\t\t\t\r\n\t\t\t\t<div class=\"elementor-widget-wrap elementor-element-populated\">\r\n\t\t\t\t\t\t\t\t\t\t\r\n\t\t\t\t\t\t<div class=\"elementor-element elementor-element-dee32ee elementor-widget elementor-widget-text-editor\" data-id=\"dee32ee\" data-element_type=\"widget\" data-widget_type=\"text-editor.default\">\n\t\t\t\t<div class=\"elementor-widget-container\">\n\t\t\t\t\t\t\t\t\t<p>Poelsan products, which guide the world&#8217;s water by constantly increasing the variety of solution-oriented and innovative products for the correct use of water; are used safely primarily in the landscape sector, as well as in drinking water networks, agricultural areas, oil, natural gas and mining sectors.<\/p>\n<p>First in Turkey: Poelsan broke new ground in Turkey by producing polyethylene coil pipe connection adapters in its own facility in 1994.<\/p>\n<p>Large Capacity: Operating in a&nbsp;<strong style=\"color: rgb(34, 101, 181); font-size: 16px; letter-spacing: -0.14px;\">53.697<\/strong><span style=\"color: #2265b5; font-size: 16px;\"><strong>&nbsp;square meters<\/strong><\/span> closed area, Poelsan is one of the largest companies in the sector with its annual <span style=\"color: #2265b5; font-size: 16px;\"><strong>43 thousand tons<\/strong><\/span> plastic processing capacity.<\/p>\n<p>Global Presence: Poelsan products, <span style=\"color: #2265b5; font-size: 16px;\"><strong>more than 4,000 product<\/strong><\/span> varieties In addition to Turkey, <span style=\"color: #2265b5; font-size: 16px;\"><strong>it is exported to more than 80 countries<\/strong><\/span> and has gained an important place in the international market.<\/p>\n<p>B4B Network: Poelsan reaches every corner of the world with <span style=\"color: #2265b5; font-size: 16px;\"><strong>more than 500 dealers<\/strong><\/span> and serves its customers from the closest point.<\/p>\n<p>Quality and Durability: Poelsan products are manufactured in accordance with the highest quality international standards and are meticulously tested. The water systems you install with Poelsan maintain their durability even under difficult conditions and operate smoothly for many years.<\/p>\n<p>Wide Product Range: Poelsan offers a wide range of products suitable for the need and project in the installation of water systems.<\/p>\n<p>Easy Installation and Use: Poelsan products are easy to use and practical. The installation process is carried out quickly and smoothly.<\/p>\t\t\t\t\t\t\t\t<\/div>\n\t\t\t\t<\/div>\n\t\t\t\t\t\t<\/div>\r\n\t\t\t\t<\/div>\r\n\t\t\t\t\t\t\t\t<\/div>\r\n\t\t\t<\/section>\r\n\t\t\t\t\t\t\t<\/div>\r\n\t\t\t\t<\/div>\r\n\t\t\t\t\t\t\t\t<\/div>\r\n\t\t\t<\/section>\r\n\t\t\t\t\t<div class=\" elementor-section elementor-top-section elementor-element elementor-element-91a6a89 elementor-section-boxed elementor-section-height-default elementor-section-height-default smart-sticky-default\" data-id=\"91a6a89\" data-element_type=\"section\">\r\n\t\t\t\t\t\t\t\t<div class=\"elementor-container elementor-column-gap-default\">\r\n\t\t\t\t\r\n\t\t\t\t\t\t\t\t<div class=\" elementor-column elementor-col-100 elementor-top-column elementor-element elementor-element-1453299 \" data-id=\"1453299\" data-element_type=\"column\">\r\n\r\n\t\t\t\t\r\n\t\t\t\t<div class=\"elementor-widget-wrap elementor-element-populated\">\r\n\t\t\t\t\t\t\t\t\t\t\r\n\t\t\t\t\t\t<div class=\"elementor-element elementor-element-3566c2f mb-lg-0 mb-8 elementor-hidden-desktop elementor-hidden-tablet elementor-hidden-mobile elementor-invisible elementor-widget elementor-widget-udesign_widget_counters\" data-id=\"3566c2f\" data-element_type=\"widget\" data-settings=\"{&quot;_animation&quot;:&quot;fadeIn&quot;,&quot;_animation_delay&quot;:800}\" data-widget_type=\"udesign_widget_counters.default\">\n\t\t\t\t<div class=\"elementor-widget-container\">\n\t\t\t\t\t<div class=\"counters slider-wrapper  row cols-lg-3 cols-md-2 cols-sm-2 cols-1\"  data-slider-options=\"{&quot;spaceBetween&quot;:30,&quot;pagination&quot;:true,&quot;effect&quot;:&quot;slide&quot;,&quot;slidesPerView&quot;:3,&quot;breakpoints&quot;:{&quot;2401&quot;:{&quot;slidesPerView&quot;:3},&quot;1440&quot;:{&quot;slidesPerView&quot;:3},&quot;1200&quot;:{&quot;slidesPerView&quot;:3},&quot;992&quot;:{&quot;slidesPerView&quot;:3},&quot;768&quot;:{&quot;slidesPerView&quot;:2},&quot;576&quot;:{&quot;slidesPerView&quot;:2},&quot;0&quot;:{&quot;slidesPerView&quot;:1}},&quot;statusClass&quot;:&quot;slider-dots-dark slider-dots-outer slider-shadow slider-overflow-hidden&quot;}\"><div class=\"grid-col\"><div class=\"counter\"><div class=\"counter-number\"><i class=\"far fa-calendar-check\"><\/i><span class=\"count-to\" data-speed=\"3000\" data-to=\"30\">0<\/span><span class=\"counter-number-suffix\">+<\/span><\/div><div class=\"counter-content\"><h2 class=\"count-title\">Year Experience<\/h2><\/div><\/div><\/div><div class=\"grid-col\"><div class=\"counter\"><div class=\"counter-number\"><i class=\"fas fa-map-marked-alt\"><\/i><span class=\"count-to\" data-speed=\"3000\" data-to=\"500\">0<\/span><span class=\"counter-number-suffix\">+<\/span><\/div><div class=\"counter-content\"><h2 class=\"count-title\">Dot<\/h2><\/div><\/div><\/div><div class=\"grid-col\"><div class=\"counter\"><div class=\"counter-number\"><i class=\"fas fa-box\"><\/i><span class=\"count-to\" data-speed=\"3000\" data-to=\"4000\">0<\/span><span class=\"counter-number-suffix\">+<\/span><\/div><div class=\"counter-content\"><h2 class=\"count-title\">Product<\/h2><\/div><\/div><\/div><div class=\"grid-col\"><div class=\"counter\"><div class=\"counter-number\">Original Raw Materials<\/div><\/div><\/div><\/div>\t\t\t\t<\/div>\n\t\t\t\t<\/div>\n\t\t\t\t\t\t<\/div>\r\n\t\t\t\t<\/div>\r\n\t\t\t\t\t\t\t\t<\/div>\r\n\t\t\t<\/div>\r\n\t\t\t\t\t<div class=\" elementor-section elementor-top-section elementor-element elementor-element-5e34932 elementor-hidden-desktop elementor-hidden-tablet elementor-hidden-mobile elementor-section-boxed elementor-section-height-default elementor-section-height-default smart-sticky-default\" data-id=\"5e34932\" data-element_type=\"section\">\r\n\t\t\t\t\t\t\t\t<div class=\"elementor-container elementor-column-gap-default\">\r\n\t\t\t\t\r\n\t\t\t\t\t\t\t\t<div class=\" elementor-column elementor-col-100 elementor-top-column elementor-element elementor-element-4916c16 \" data-id=\"4916c16\" data-element_type=\"column\">\r\n\r\n\t\t\t\t\r\n\t\t\t\t<div class=\"elementor-widget-wrap elementor-element-populated\">\r\n\t\t\t\t\t\t\t\t\t\t\r\n\t\t\t\t\t\t<div class=\"elementor-element elementor-element-5b52909 mb-lg-0 mb-8 elementor-invisible elementor-widget elementor-widget-udesign_widget_counters\" data-id=\"5b52909\" data-element_type=\"widget\" data-settings=\"{&quot;_animation&quot;:&quot;fadeIn&quot;,&quot;_animation_delay&quot;:800}\" data-widget_type=\"udesign_widget_counters.default\">\n\t\t\t\t<div class=\"elementor-widget-container\">\n\t\t\t\t\t<div class=\"counters slider-wrapper  row cols-lg-3 cols-md-2 cols-sm-2 cols-1\"  data-slider-options=\"{&quot;spaceBetween&quot;:30,&quot;pagination&quot;:true,&quot;effect&quot;:&quot;slide&quot;,&quot;slidesPerView&quot;:3,&quot;breakpoints&quot;:{&quot;2401&quot;:{&quot;slidesPerView&quot;:3},&quot;1440&quot;:{&quot;slidesPerView&quot;:3},&quot;1200&quot;:{&quot;slidesPerView&quot;:3},&quot;992&quot;:{&quot;slidesPerView&quot;:3},&quot;768&quot;:{&quot;slidesPerView&quot;:2},&quot;576&quot;:{&quot;slidesPerView&quot;:2},&quot;0&quot;:{&quot;slidesPerView&quot;:1}},&quot;statusClass&quot;:&quot;slider-dots-dark slider-dots-outer slider-shadow slider-overflow-hidden&quot;}\"><div class=\"grid-col\"><div class=\"counter\"><div class=\"counter-number\"><i class=\"far fa-building\"><\/i><span class=\"count-to\" data-speed=\"3000\" data-to=\"67880\">0<\/span><span class=\"counter-number-suffix\">m2<\/span><\/div><div class=\"counter-content\"><h2 class=\"count-title\">Closed Area<\/h2><\/div><\/div><\/div><div class=\"grid-col\"><div class=\"counter\"><div class=\"counter-number\"><i class=\"fas fa-weight-hanging\"><\/i><span class=\"count-to\" data-speed=\"3000\" data-to=\"46000\">0<\/span><span class=\"counter-number-suffix\">tone<\/span><\/div><div class=\"counter-content\"><h2 class=\"count-title\">Plastic Processing<\/h2><\/div><\/div><\/div><div class=\"grid-col\"><div class=\"counter\"><div class=\"counter-number\"><i class=\"fas fa-map-signs\"><\/i><span class=\"count-to\" data-speed=\"3000\" data-to=\"80\">0<\/span><span class=\"counter-number-suffix\">+<\/span><\/div><div class=\"counter-content\"><h2 class=\"count-title\">Export to Country<\/h2><\/div><\/div><\/div><\/div>\t\t\t\t<\/div>\n\t\t\t\t<\/div>\n\t\t\t\t\t\t<\/div>\r\n\t\t\t\t<\/div>\r\n\t\t\t\t\t\t\t\t<\/div>\r\n\t\t\t<\/div>\r\n\t\t\t\t\t<section class=\" elementor-section elementor-top-section elementor-element elementor-element-e699d36 elementor-section-boxed elementor-section-height-default elementor-section-height-default smart-sticky-default\" data-id=\"e699d36\" data-element_type=\"section\" data-settings=\"{&quot;background_background&quot;:&quot;classic&quot;}\">\r\n\t\t\t\t\t\t\t\t<div class=\"elementor-container elementor-column-gap-default\">\r\n\t\t\t\t\r\n\t\t\t\t\t\t\t\t<div class=\"  tab-pane elementor-column elementor-col-100 elementor-top-column elementor-element elementor-element-9484f5d \" data-role=\" tab-pane\" id=\"9484f5d\" data-id=\"9484f5d\" data-element_type=\"column\">\r\n\r\n\t\t\t\t\r\n\t\t\t\t<div class=\"elementor-widget-wrap elementor-element-populated\">\r\n\t\t\t\t\t\t\t\t\t\t\r\n\t\t\t\t\t\t<div class=\"elementor-element elementor-element-505faa0 elementor-widget elementor-widget-eael-fancy-text\" data-id=\"505faa0\" data-element_type=\"widget\" data-widget_type=\"eael-fancy-text.default\">\n\t\t\t\t<div class=\"elementor-widget-container\">\n\t\t\t\t\t\n\t<div  class=\"eael-fancy-text-container style-1\" data-fancy-text-id=\"505faa0\" data-fancy-text=\"|Global 500+ Points|4000+ Products|67.880 m\u00b2 Closed Area|48.000 Tons Plastic Processing|Exported to 80+ Countries|Original Raw Materials\" data-fancy-text-transition-type=\"typing\" data-fancy-text-speed=\"50\" data-fancy-text-delay=\"2500\" data-fancy-text-cursor=\"yes\" data-fancy-text-loop=\"yes\" data-fancy-text-action=\"page_load\" >\n\t\t\n\t\t\n\t\t\t\t\t<span id=\"eael-fancy-text-505faa0\" class=\"eael-fancy-text-strings solid-color\">\n\t\t\t\t<noscript>\n\t\t\t\t\tGlobal 500+ Points, 4000+ Products, 67.880 m\u00b2 Closed Area, 48.000 Tons Plastic Processing, Exported to 80+ Countries, Original Raw Materials\t\t\t\t<\/noscript>\n\t\t\t<\/span>\n\t\t\n\t\t\t<\/div><!-- close .eael-fancy-text-container -->\n\n\t<div class=\"clearfix\"><\/div>\n\n\t\t\t\t\t<\/div>\n\t\t\t\t<\/div>\n\t\t\t\t\t\t<\/div>\r\n\t\t\t\t<\/div>\r\n\t\t\t\t\t\t\t\t<\/div>\r\n\t\t\t<\/section>\r\n\t\t\t\t\t<div class=\" elementor-section elementor-top-section elementor-element elementor-element-7a7eccb elementor-section-full_width elementor-section-height-min-height elementor-section-height-default elementor-section-items-middle smart-sticky-default elementor-invisible\" data-id=\"7a7eccb\" data-element_type=\"section\" data-settings=\"{&quot;animation&quot;:&quot;fadeIn&quot;}\">\r\n\t\t\t\t\t\t\t\t<!-- Begin .elementor-container -->\r\n\t\t\t\t\t<div class=\"elementor-container elementor-column-gap-no  banner banner-fixed \">\r\n\t\t\t\t\r\n\t\t\t\t\t\t\t\t\t<figure class=\"banner-img\">\r\n\t\t\t\t\t\t<img decoding=\"async\" width=\"1903\" height=\"388\" src=\"https:\/\/www.poelsan.com\/wp-content\/uploads\/alpha_placeholders\/100x20.jpg\" data-lazy=\"https:\/\/www.poelsan.com\/wp-content\/uploads\/2022\/07\/bg-1.png\" class=\"d-lazyload lazy-fade attachment-full size-full\" alt=\"\" srcset=\"https:\/\/www.poelsan.com\/wp-content\/uploads\/alpha_placeholders\/100x20.jpg\" data-lazyset=\"https:\/\/www.poelsan.com\/wp-content\/uploads\/2022\/07\/bg-1.png 1903w, https:\/\/www.poelsan.com\/wp-content\/uploads\/2022\/07\/bg-1-1024x209.png 1024w, https:\/\/www.poelsan.com\/wp-content\/uploads\/2022\/07\/bg-1-1536x313.png 1536w\"  data-sizes=\"(max-width: 1903px) 100vw, 1903px\" \/>\t\t\t\t\t<\/figure>\r\n\t\t\t\t\t\t\t\t\t\t<div class=\" banner-content t-mc elementor-column elementor-col-100 elementor-top-column elementor-element elementor-element-d7a3488 \" data-id=\"d7a3488\" data-element_type=\"column\">\r\n\r\n\t\t\t\t\r\n\t\t\t\t<div class=\"elementor-widget-wrap elementor-element-populated\">\r\n\t\t\t\t\t\t\t\t\t\t\r\n\t\t\t\t\t\t<div class=\"elementor-element elementor-element-82efe05 elementor-widget elementor-widget-heading\" data-id=\"82efe05\" data-element_type=\"widget\" data-settings=\"{&quot;_animation&quot;:&quot;none&quot;}\" data-widget_type=\"heading.default\">\n\t\t\t\t<div class=\"elementor-widget-container\">\n\t\t\t\t\t<h2 class=\"elementor-heading-title elementor-size-default\">We Direct the World's Water!<\/h2>\t\t\t\t<\/div>\n\t\t\t\t<\/div>\n\t\t\t\t<div class=\"elementor-element elementor-element-943f318 ml-auto mr-auto elementor-widget__width-initial elementor-invisible elementor-widget elementor-widget-heading\" data-id=\"943f318\" data-element_type=\"widget\" data-settings=\"{&quot;_animation&quot;:&quot;fadeInUpShorter&quot;}\" data-widget_type=\"heading.default\">\n\t\t\t\t<div class=\"elementor-widget-container\">\n\t\t\t\t\t<p class=\"elementor-heading-title elementor-size-default\">D\u00fcnya'n\u0131n Suyuna Y\u00f6n Veriyoruz!<\/p>\t\t\t\t<\/div>\n\t\t\t\t<\/div>\n\t\t\t\t\t\t<\/div>\r\n\t\t\t\t<\/div>\r\n\t\t\t\t\t\t\t\t\t<\/div><!-- End .elementor-container -->\r\n\t\t\t\t\t\t\t\t<\/div>\r\n\t\t\t\t\t\t<\/div>\n\t\t","protected":false},"excerpt":{"rendered":"<p>Poelsan products, which guide the world&#8217;s water by constantly increasing the variety of solution-oriented and innovative products for the correct use of water; are used safely primarily in the landscape sector, as well as in drinking water networks, agricultural areas, oil, natural gas and mining sectors. First in Turkey: Poelsan broke new ground in Turkey [&hellip;]<\/p>\n","protected":false},"author":1,"featured_media":0,"parent":0,"menu_order":0,"comment_status":"closed","ping_status":"closed","template":"","meta":{"_acf_changed":false,"footnotes":""},"class_list":["post-21441","page","type-page","status-publish","hentry"],"acf":[],"yoast_head":"<!-- This site is optimized with the Yoast SEO plugin v25.9 - https:\/\/yoast.com\/wordpress\/plugins\/seo\/ -->\n<title>About Us - Poelsan<\/title>\n<meta name=\"description\" content=\"The first company in Turkey to produce Compression Fittings for PE Roll Pipes at its own facility, and put it on the market.\" \/>\n<meta name=\"robots\" content=\"index, follow, max-snippet:-1, max-image-preview:large, max-video-preview:-1\" \/>\n<link rel=\"canonical\" href=\"https:\/\/www.poelsan.com\/en\/about-us\/\" \/>\n<meta property=\"og:locale\" content=\"en_US\" \/>\n<meta property=\"og:type\" content=\"article\" \/>\n<meta property=\"og:title\" content=\"About Us - Poelsan\" \/>\n<meta property=\"og:description\" content=\"The first company in Turkey to produce Compression Fittings for PE Roll Pipes at its own facility, and put it on the market.\" \/>\n<meta property=\"og:url\" content=\"https:\/\/www.poelsan.com\/en\/about-us\/\" \/>\n<meta property=\"og:site_name\" content=\"Poelsan\" \/>\n<meta property=\"article:publisher\" content=\"https:\/\/www.facebook.com\/poelsanplastik\/\" \/>\n<meta property=\"article:modified_time\" content=\"2025-12-23T06:01:04+00:00\" \/>\n<meta property=\"og:image\" content=\"https:\/\/www.poelsan.com\/wp-content\/uploads\/2024\/08\/poelsan-1-scaled.jpg\" \/>\n\t<meta property=\"og:image:width\" content=\"1810\" \/>\n\t<meta property=\"og:image:height\" content=\"2560\" \/>\n\t<meta property=\"og:image:type\" content=\"image\/jpeg\" \/>\n<meta name=\"twitter:card\" content=\"summary_large_image\" \/>\n<meta name=\"twitter:label1\" content=\"Est. reading time\" \/>\n\t<meta name=\"twitter:data1\" content=\"2 minutes\" \/>\n<script type=\"application\/ld+json\" class=\"yoast-schema-graph\">{\"@context\":\"https:\/\/schema.org\",\"@graph\":[{\"@type\":\"WebPage\",\"@id\":\"https:\/\/www.poelsan.com\/en\/about-us\/\",\"url\":\"https:\/\/www.poelsan.com\/en\/about-us\/\",\"name\":\"About Us - Poelsan\",\"isPartOf\":{\"@id\":\"https:\/\/www.poelsan.com\/en\/#website\"},\"primaryImageOfPage\":{\"@id\":\"https:\/\/www.poelsan.com\/en\/about-us\/#primaryimage\"},\"image\":{\"@id\":\"https:\/\/www.poelsan.com\/en\/about-us\/#primaryimage\"},\"thumbnailUrl\":\"https:\/\/www.poelsan.com\/wp-content\/uploads\/2024\/08\/poelsan-1-scaled.jpg\",\"datePublished\":\"2025-01-24T10:50:23+00:00\",\"dateModified\":\"2025-12-23T06:01:04+00:00\",\"description\":\"The first company in Turkey to produce Compression Fittings for PE Roll Pipes at its own facility, and put it on the market.\",\"breadcrumb\":{\"@id\":\"https:\/\/www.poelsan.com\/en\/about-us\/#breadcrumb\"},\"inLanguage\":\"en-US\",\"potentialAction\":[{\"@type\":\"ReadAction\",\"target\":[\"https:\/\/www.poelsan.com\/en\/about-us\/\"]}]},{\"@type\":\"ImageObject\",\"inLanguage\":\"en-US\",\"@id\":\"https:\/\/www.poelsan.com\/en\/about-us\/#primaryimage\",\"url\":\"https:\/\/www.poelsan.com\/wp-content\/uploads\/2024\/08\/poelsan-1-scaled.jpg\",\"contentUrl\":\"https:\/\/www.poelsan.com\/wp-content\/uploads\/2024\/08\/poelsan-1-scaled.jpg\"},{\"@type\":\"BreadcrumbList\",\"@id\":\"https:\/\/www.poelsan.com\/en\/about-us\/#breadcrumb\",\"itemListElement\":[{\"@type\":\"ListItem\",\"position\":1,\"name\":\"Home\",\"item\":\"https:\/\/www.poelsan.com\/en\/\"},{\"@type\":\"ListItem\",\"position\":2,\"name\":\"About Us\"}]},{\"@type\":\"WebSite\",\"@id\":\"https:\/\/www.poelsan.com\/en\/#website\",\"url\":\"https:\/\/www.poelsan.com\/en\/\",\"name\":\"Poelsan: Sekt\u00f6r\u00fcnde D\u00fcnya Markas\u0131\",\"description\":\"Sekt\u00f6r\u00fcnde D\u00fcnya Markas\u0131\",\"publisher\":{\"@id\":\"https:\/\/www.poelsan.com\/en\/#organization\"},\"potentialAction\":[{\"@type\":\"SearchAction\",\"target\":{\"@type\":\"EntryPoint\",\"urlTemplate\":\"https:\/\/www.poelsan.com\/en\/?s={search_term_string}\"},\"query-input\":{\"@type\":\"PropertyValueSpecification\",\"valueRequired\":true,\"valueName\":\"search_term_string\"}}],\"inLanguage\":\"en-US\"},{\"@type\":\"Organization\",\"@id\":\"https:\/\/www.poelsan.com\/en\/#organization\",\"name\":\"Poelsan: Sekt\u00f6r\u00fcnde D\u00fcnya Markas\u0131\",\"url\":\"https:\/\/www.poelsan.com\/en\/\",\"logo\":{\"@type\":\"ImageObject\",\"inLanguage\":\"en-US\",\"@id\":\"https:\/\/www.poelsan.com\/en\/#\/schema\/logo\/image\/\",\"url\":\"https:\/\/www.poelsan.com\/wp-content\/uploads\/2025\/09\/poelsan.png\",\"contentUrl\":\"https:\/\/www.poelsan.com\/wp-content\/uploads\/2025\/09\/poelsan.png\",\"width\":1200,\"height\":675,\"caption\":\"Poelsan: Sekt\u00f6r\u00fcnde D\u00fcnya Markas\u0131\"},\"image\":{\"@id\":\"https:\/\/www.poelsan.com\/en\/#\/schema\/logo\/image\/\"},\"sameAs\":[\"https:\/\/www.facebook.com\/poelsanplastik\/\",\"https:\/\/www.instagram.com\/explore\/locations\/541106002887674\/poelsan-plastik-san-ve-tic-as\/\"]}]}<\/script>\n<!-- \/ Yoast SEO plugin. -->","yoast_head_json":{"title":"About Us - Poelsan","description":"The first company in Turkey to produce Compression Fittings for PE Roll Pipes at its own facility, and put it on the market.","robots":{"index":"index","follow":"follow","max-snippet":"max-snippet:-1","max-image-preview":"max-image-preview:large","max-video-preview":"max-video-preview:-1"},"canonical":"https:\/\/www.poelsan.com\/en\/about-us\/","og_locale":"en_US","og_type":"article","og_title":"About Us - Poelsan","og_description":"The first company in Turkey to produce Compression Fittings for PE Roll Pipes at its own facility, and put it on the market.","og_url":"https:\/\/www.poelsan.com\/en\/about-us\/","og_site_name":"Poelsan","article_publisher":"https:\/\/www.facebook.com\/poelsanplastik\/","article_modified_time":"2025-12-23T06:01:04+00:00","og_image":[{"width":1810,"height":2560,"url":"https:\/\/www.poelsan.com\/wp-content\/uploads\/2024\/08\/poelsan-1-scaled.jpg","type":"image\/jpeg"}],"twitter_card":"summary_large_image","twitter_misc":{"Est. reading time":"2 minutes"},"schema":{"@context":"https:\/\/schema.org","@graph":[{"@type":"WebPage","@id":"https:\/\/www.poelsan.com\/en\/about-us\/","url":"https:\/\/www.poelsan.com\/en\/about-us\/","name":"About Us - Poelsan","isPartOf":{"@id":"https:\/\/www.poelsan.com\/en\/#website"},"primaryImageOfPage":{"@id":"https:\/\/www.poelsan.com\/en\/about-us\/#primaryimage"},"image":{"@id":"https:\/\/www.poelsan.com\/en\/about-us\/#primaryimage"},"thumbnailUrl":"https:\/\/www.poelsan.com\/wp-content\/uploads\/2024\/08\/poelsan-1-scaled.jpg","datePublished":"2025-01-24T10:50:23+00:00","dateModified":"2025-12-23T06:01:04+00:00","description":"The first company in Turkey to produce Compression Fittings for PE Roll Pipes at its own facility, and put it on the market.","breadcrumb":{"@id":"https:\/\/www.poelsan.com\/en\/about-us\/#breadcrumb"},"inLanguage":"en-US","potentialAction":[{"@type":"ReadAction","target":["https:\/\/www.poelsan.com\/en\/about-us\/"]}]},{"@type":"ImageObject","inLanguage":"en-US","@id":"https:\/\/www.poelsan.com\/en\/about-us\/#primaryimage","url":"https:\/\/www.poelsan.com\/wp-content\/uploads\/2024\/08\/poelsan-1-scaled.jpg","contentUrl":"https:\/\/www.poelsan.com\/wp-content\/uploads\/2024\/08\/poelsan-1-scaled.jpg"},{"@type":"BreadcrumbList","@id":"https:\/\/www.poelsan.com\/en\/about-us\/#breadcrumb","itemListElement":[{"@type":"ListItem","position":1,"name":"Home","item":"https:\/\/www.poelsan.com\/en\/"},{"@type":"ListItem","position":2,"name":"About Us"}]},{"@type":"WebSite","@id":"https:\/\/www.poelsan.com\/en\/#website","url":"https:\/\/www.poelsan.com\/en\/","name":"Poelsan: Sekt\u00f6r\u00fcnde D\u00fcnya Markas\u0131","description":"Sekt\u00f6r\u00fcnde D\u00fcnya Markas\u0131","publisher":{"@id":"https:\/\/www.poelsan.com\/en\/#organization"},"potentialAction":[{"@type":"SearchAction","target":{"@type":"EntryPoint","urlTemplate":"https:\/\/www.poelsan.com\/en\/?s={search_term_string}"},"query-input":{"@type":"PropertyValueSpecification","valueRequired":true,"valueName":"search_term_string"}}],"inLanguage":"en-US"},{"@type":"Organization","@id":"https:\/\/www.poelsan.com\/en\/#organization","name":"Poelsan: Sekt\u00f6r\u00fcnde D\u00fcnya Markas\u0131","url":"https:\/\/www.poelsan.com\/en\/","logo":{"@type":"ImageObject","inLanguage":"en-US","@id":"https:\/\/www.poelsan.com\/en\/#\/schema\/logo\/image\/","url":"https:\/\/www.poelsan.com\/wp-content\/uploads\/2025\/09\/poelsan.png","contentUrl":"https:\/\/www.poelsan.com\/wp-content\/uploads\/2025\/09\/poelsan.png","width":1200,"height":675,"caption":"Poelsan: Sekt\u00f6r\u00fcnde D\u00fcnya Markas\u0131"},"image":{"@id":"https:\/\/www.poelsan.com\/en\/#\/schema\/logo\/image\/"},"sameAs":["https:\/\/www.facebook.com\/poelsanplastik\/","https:\/\/www.instagram.com\/explore\/locations\/541106002887674\/poelsan-plastik-san-ve-tic-as\/"]}]}},"_links":{"self":[{"href":"https:\/\/www.poelsan.com\/en\/wp-json\/wp\/v2\/pages\/21441","targetHints":{"allow":["GET"]}}],"collection":[{"href":"https:\/\/www.poelsan.com\/en\/wp-json\/wp\/v2\/pages"}],"about":[{"href":"https:\/\/www.poelsan.com\/en\/wp-json\/wp\/v2\/types\/page"}],"author":[{"embeddable":true,"href":"https:\/\/www.poelsan.com\/en\/wp-json\/wp\/v2\/users\/1"}],"replies":[{"embeddable":true,"href":"https:\/\/www.poelsan.com\/en\/wp-json\/wp\/v2\/comments?post=21441"}],"version-history":[{"count":0,"href":"https:\/\/www.poelsan.com\/en\/wp-json\/wp\/v2\/pages\/21441\/revisions"}],"wp:attachment":[{"href":"https:\/\/www.poelsan.com\/en\/wp-json\/wp\/v2\/media?parent=21441"}],"curies":[{"name":"wp","href":"https:\/\/api.w.org\/{rel}","templated":true}]}}