{"id":18245,"date":"2022-10-27T12:55:44","date_gmt":"2022-10-27T09:55:44","guid":{"rendered":"https:\/\/www.poelsan.com\/products\/compression-fittings\/fitting-spanners\/"},"modified":"2025-03-14T15:57:49","modified_gmt":"2025-03-14T12:57:49","slug":"fitting-spanners","status":"publish","type":"page","link":"https:\/\/www.poelsan.com\/en\/products\/compression-fittings\/fitting-spanners\/","title":{"rendered":"Fitting Spanners"},"content":{"rendered":"\t\t<div data-elementor-type=\"wp-page\" data-elementor-id=\"18245\" class=\"elementor elementor-18245 elementor-15165\" data-elementor-post-type=\"page\">\n\t\t\t\t\t\t<section class=\" elementor-section elementor-top-section elementor-element elementor-element-8e3edfb elementor-section-boxed elementor-section-height-default elementor-section-height-default smart-sticky-default\" data-id=\"8e3edfb\" data-element_type=\"section\">\r\n\t\t\t\t\t\t\t\t<div class=\"elementor-container elementor-column-gap-default\">\r\n\t\t\t\t\r\n\t\t\t\t\t\t\t\t<div class=\" elementor-column elementor-col-50 elementor-top-column elementor-element elementor-element-55cca6b \" data-id=\"55cca6b\" data-element_type=\"column\">\r\n\r\n\t\t\t\t\r\n\t\t\t\t<div class=\"elementor-widget-wrap elementor-element-populated\">\r\n\t\t\t\t\t\t\t\t\t\t\r\n\t\t\t\t\t\t<div class=\"elementor-element elementor-element-9d52208 elementor-widget elementor-widget-image\" data-id=\"9d52208\" data-element_type=\"widget\" data-widget_type=\"image.default\">\n\t\t\t\t<div class=\"elementor-widget-container\">\n\t\t\t\t\t\t\t\t\t\t\t\t\t\t\t<img fetchpriority=\"high\" decoding=\"async\" width=\"1024\" height=\"1024\" src=\"https:\/\/www.poelsan.com\/wp-content\/uploads\/2022\/11\/kablin-anahtar-grup-2022-1024x1024.png\" class=\"attachment-large size-large wp-image-18052\" alt=\"\" srcset=\"https:\/\/www.poelsan.com\/wp-content\/uploads\/2022\/11\/kablin-anahtar-grup-2022.png 1024w, https:\/\/www.poelsan.com\/wp-content\/uploads\/2022\/11\/kablin-anahtar-grup-2022-600x600.png 600w, https:\/\/www.poelsan.com\/wp-content\/uploads\/2022\/11\/kablin-anahtar-grup-2022-768x768.png 768w\" sizes=\"(max-width: 1024px) 100vw, 1024px\" \/>\t\t\t\t\t\t\t\t\t\t\t\t\t\t\t<\/div>\n\t\t\t\t<\/div>\n\t\t\t\t\t\t<\/div>\r\n\t\t\t\t<\/div>\r\n\t\t\t\t\t\t\t\t\t<div class=\" elementor-column elementor-col-50 elementor-top-column elementor-element elementor-element-be161a1 \" data-id=\"be161a1\" data-element_type=\"column\">\r\n\r\n\t\t\t\t\r\n\t\t\t\t<div class=\"elementor-widget-wrap elementor-element-populated\">\r\n\t\t\t\t\t\t\t\t\t\t\r\n\t\t\t\t\t\t<div class=\" elementor-section elementor-inner-section elementor-element elementor-element-82aed7f elementor-section-boxed elementor-section-height-default elementor-section-height-default smart-sticky-default\" data-id=\"82aed7f\" data-element_type=\"section\">\r\n\t\t\t\t\t\t\t<div class=\"elementor-container elementor-column-gap-no  accordion\">\r\n\t\t\t\t\t\t\t\t\t\t\t<div class=\" elementor-column elementor-col-100 elementor-inner-column elementor-element elementor-element-52e76ff \" data-id=\"52e76ff\" data-element_type=\"column\">\r\n\r\n\t\t\t\t\r\n\t\t\t\t<div class=\"elementor-widget-wrap elementor-element-populated\">\r\n\t\t\t\t\t\t\t\t\t\t\r\n\t\t\t\t\t\t<div class=\"elementor-element elementor-element-b6cd8ec elementor-widget elementor-widget-udesign_widget_heading\" data-id=\"b6cd8ec\" data-element_type=\"widget\" data-widget_type=\"udesign_widget_heading.default\">\n\t\t\t\t<div class=\"elementor-widget-container\">\n\t\t\t\t\t<div class=\"title-wrapper  title-left\"><h2 class=\"title elementor-heading-title\">Fitting Spanners<\/h2><\/div>\t\t\t\t<\/div>\n\t\t\t\t<\/div>\n\t\t\t\t<div class=\"elementor-element elementor-element-3569736 elementor-icon-list--layout-traditional elementor-list-item-link-full_width elementor-widget elementor-widget-icon-list\" data-id=\"3569736\" data-element_type=\"widget\" data-widget_type=\"icon-list.default\">\n\t\t\t\t<div class=\"elementor-widget-container\">\n\t\t\t\t\t\t\t<ul class=\"elementor-icon-list-items\">\n\t\t\t\t\t\t\t<li class=\"elementor-icon-list-item\">\n\t\t\t\t\t\t\t\t\t\t\t<span class=\"elementor-icon-list-icon\">\n\t\t\t\t\t\t\t<i aria-hidden=\"true\" class=\"fas fa-circle\"><\/i>\t\t\t\t\t\t<\/span>\n\t\t\t\t\t\t\t\t\t\t<span class=\"elementor-icon-list-text\">It has been produced from high quality polypropylene raw material and it has resistance to impact.<\/span>\n\t\t\t\t\t\t\t\t\t<\/li>\n\t\t\t\t\t\t<\/ul>\n\t\t\t\t\t\t<\/div>\n\t\t\t\t<\/div>\n\t\t\t\t<div class=\"elementor-element elementor-element-04bffdc elementor-widget elementor-widget-spacer\" data-id=\"04bffdc\" data-element_type=\"widget\" data-widget_type=\"spacer.default\">\n\t\t\t\t<div class=\"elementor-widget-container\">\n\t\t\t\t\t\t\t<div class=\"elementor-spacer\">\n\t\t\t<div class=\"elementor-spacer-inner\"><\/div>\n\t\t<\/div>\n\t\t\t\t\t\t<\/div>\n\t\t\t\t<\/div>\n\t\t\t\t\t\t<\/div>\r\n\t\t\t\t<\/div>\r\n\t\t\t\t\t<\/div>\t\t\t<\/div>\r\n\t\t\t\t\t\t\t\t<\/div>\r\n\t\t\t\t<\/div>\r\n\t\t\t\t\t\t\t\t<\/div>\r\n\t\t\t<\/section>\r\n\t\t\t\t\t<section class=\" elementor-section elementor-top-section elementor-element elementor-element-bdd33bf elementor-section-boxed elementor-section-height-default elementor-section-height-default smart-sticky-default\" data-id=\"bdd33bf\" data-element_type=\"section\">\r\n\t\t\t\t\t\t\t\t<div class=\"elementor-container elementor-column-gap-default\">\r\n\t\t\t\t\r\n\t\t\t\t\t\t\t\t<div class=\" elementor-column elementor-col-100 elementor-top-column elementor-element elementor-element-f405f25 \" data-id=\"f405f25\" data-element_type=\"column\">\r\n\r\n\t\t\t\t\r\n\t\t\t\t<div class=\"elementor-widget-wrap elementor-element-populated\">\r\n\t\t\t\t\t\t\t\t\t\t\r\n\t\t\t\t\t\t<div class=\"elementor-element elementor-element-f14b1f0 elementor-widget elementor-widget-udesign_widget_heading\" data-id=\"f14b1f0\" data-element_type=\"widget\" data-widget_type=\"udesign_widget_heading.default\">\n\t\t\t\t<div class=\"elementor-widget-container\">\n\t\t\t\t\t<div class=\"title-wrapper  title-cross title-left\"><h2 class=\"title elementor-heading-title\">Fitting Spanner All Products<\/h2><\/div>\t\t\t\t<\/div>\n\t\t\t\t<\/div>\n\t\t\t\t\t\t<\/div>\r\n\t\t\t\t<\/div>\r\n\t\t\t\t\t\t\t\t<\/div>\r\n\t\t\t<\/section>\r\n\t\t\t\t\t<section class=\" elementor-section elementor-top-section elementor-element elementor-element-57318a6 elementor-section-boxed elementor-section-height-default elementor-section-height-default smart-sticky-default\" data-id=\"57318a6\" data-element_type=\"section\">\r\n\t\t\t\t\t\t\t\t<div class=\"elementor-container elementor-column-gap-default\">\r\n\t\t\t\t\r\n\t\t\t\t\t\t\t\t<div class=\" elementor-column elementor-col-100 elementor-top-column elementor-element elementor-element-79f719a \" data-id=\"79f719a\" data-element_type=\"column\">\r\n\r\n\t\t\t\t\r\n\t\t\t\t<div class=\"elementor-widget-wrap elementor-element-populated\">\r\n\t\t\t\t\t\t\t\t\t\t\r\n\t\t\t\t\t\t<div class=\"elementor-element elementor-element-8f7fe03 elementor-widget elementor-widget-udesign_widget_products\" data-id=\"8f7fe03\" data-element_type=\"widget\" data-widget_type=\"udesign_widget_products.default\">\n\t\t\t\t<div class=\"elementor-widget-container\">\n\t\t\t\t\t<div class=\"woocommerce columns-4 \"><ul class=\"products  row cols-lg-4 cols-md-3 cols-sm-2 cols-2\">\r\n<li class=\"product-wrap\" data-grid-idx=&quot;1&quot; role=\"none\">\r\n\r\n\t\r\n\t<div class=\"product-loop content-center product-card product type-product post-18290 status-publish first instock product_cat-blue-series product_cat-compression-fittings product_cat-fitting-spanners product_tag-10009511-en product_tag-10009522-en product_tag-10009533-en product_tag-10009544-en product_tag-10009555-en product_tag-10009566-en product_tag-10009577-en product_tag-10009588-en product_tag-10009599-en product_tag-49699-en has-post-thumbnail product-type-simple\">\r\n\t\t<figure class=\"product-media\"><a href=\"https:\/\/www.poelsan.com\/en\/product\/blue-series-fitting-spanner\/\" class=\"woocommerce-LoopProduct-link woocommerce-loop-product__link\"><img decoding=\"async\" width=\"600\" height=\"350\" src=\"https:\/\/www.poelsan.com\/wp-content\/uploads\/2022\/07\/yeni-mavi-seri-kablin-anahtar.png\" class=\"attachment-full size-full\" alt=\"Blue Series Fitting Spanner\" \/><\/a><div class=\"product-action-vertical\"><a href=\"https:\/\/www.poelsan.com\/en\/product\/blue-series-fitting-spanner\/\" aria-describedby=\"woocommerce_loop_add_to_cart_link_describedby_18290\" data-quantity=\"1\" class=\"btn-product-icon product_type_simple product_read_more\" data-product_id=\"18290\" data-product_sku=\"\" aria-label=\"Read more about &ldquo;Blue Series Fitting Spanner&rdquo;\" rel=\"nofollow\" data-success_message=\"\">Read more<\/a><span id=\"woocommerce_loop_add_to_cart_link_describedby_18290\" class=\"screen-reader-text\">\r\n\t<\/span>\r\n<button class=\"btn-product-icon btn-quickview\" data-product=\"18290\" title=\"Quick View\">Quick View<\/button><\/div><\/figure><div class=\"product-details\"><h3 class=\"woocommerce-loop-product__title\"><a href=\"https:\/\/www.poelsan.com\/en\/product\/blue-series-fitting-spanner\/\">Blue Series Fitting Spanner<\/a><\/h3><div class=\"product-hide-details\"><\/div><\/div>\t<\/div>\r\n\t\t\r\n<\/li>\r\n\r\n\r\n<li class=\"product-wrap\" data-grid-idx=&quot;2&quot; role=\"none\">\r\n\r\n\t\r\n\t<div class=\"product-loop content-center product-card product type-product post-18504 status-publish instock product_cat-125-mm-blue-series product_cat-blue-series product_cat-compression-fittings product_cat-fitting-spanners product_tag-49699-en has-post-thumbnail product-type-simple\">\r\n\t\t<figure class=\"product-media\"><a href=\"https:\/\/www.poelsan.com\/en\/product\/fitting-spanner-125\/\" class=\"woocommerce-LoopProduct-link woocommerce-loop-product__link\"><img decoding=\"async\" width=\"600\" height=\"350\" src=\"https:\/\/www.poelsan.com\/wp-content\/uploads\/2022\/07\/kablin-anahtar-2022.png\" class=\"attachment-full size-full\" alt=\"Blue Series Coupling Spanner \u00d8 125 mm\" \/><\/a><div class=\"product-action-vertical\"><a href=\"https:\/\/www.poelsan.com\/en\/product\/fitting-spanner-125\/\" aria-describedby=\"woocommerce_loop_add_to_cart_link_describedby_18504\" data-quantity=\"1\" class=\"btn-product-icon product_type_simple product_read_more\" data-product_id=\"18504\" data-product_sku=\"\" aria-label=\"Read more about &ldquo;Blue Series Coupling Spanner \u00d8 125 mm&rdquo;\" rel=\"nofollow\" data-success_message=\"\">Read more<\/a><span id=\"woocommerce_loop_add_to_cart_link_describedby_18504\" class=\"screen-reader-text\">\r\n\t<\/span>\r\n<button class=\"btn-product-icon btn-quickview\" data-product=\"18504\" title=\"Quick View\">Quick View<\/button><\/div><\/figure><div class=\"product-details\"><h3 class=\"woocommerce-loop-product__title\"><a href=\"https:\/\/www.poelsan.com\/en\/product\/fitting-spanner-125\/\">Blue Series Coupling Spanner \u00d8 125 mm<\/a><\/h3><div class=\"product-hide-details\"><\/div><\/div>\t<\/div>\r\n\t\t\r\n<\/li>\r\n\r\n\r\n<li class=\"product-wrap\" data-grid-idx=&quot;3&quot; role=\"none\">\r\n\r\n\t\r\n\t<div class=\"product-loop content-center product-card product type-product post-18277 status-publish instock product_cat-compression-fittings product_cat-fitting-spanners product_cat-layflat-fittings product_tag-4936-en product_tag-4969-en product_tag-49699-en has-post-thumbnail product-type-simple\">\r\n\t\t<figure class=\"product-media\"><a href=\"https:\/\/www.poelsan.com\/en\/product\/fitting-spanner\/\" class=\"woocommerce-LoopProduct-link woocommerce-loop-product__link\"><img loading=\"lazy\" decoding=\"async\" width=\"900\" height=\"525\" src=\"https:\/\/www.poelsan.com\/wp-content\/uploads\/2022\/07\/kablin_anahtar_eski.png\" class=\"attachment-full size-full\" alt=\"Layflat Spanner\" srcset=\"https:\/\/www.poelsan.com\/wp-content\/uploads\/2022\/07\/kablin_anahtar_eski.png 900w, https:\/\/www.poelsan.com\/wp-content\/uploads\/2022\/07\/kablin_anahtar_eski-600x350.png 600w, https:\/\/www.poelsan.com\/wp-content\/uploads\/2022\/07\/kablin_anahtar_eski-768x448.png 768w\" sizes=\"(max-width: 900px) 100vw, 900px\" \/><\/a><div class=\"product-action-vertical\"><a href=\"https:\/\/www.poelsan.com\/en\/product\/fitting-spanner\/\" aria-describedby=\"woocommerce_loop_add_to_cart_link_describedby_18277\" data-quantity=\"1\" class=\"btn-product-icon product_type_simple product_read_more\" data-product_id=\"18277\" data-product_sku=\"\" aria-label=\"Read more about &ldquo;Layflat Spanner&rdquo;\" rel=\"nofollow\" data-success_message=\"\">Read more<\/a><span id=\"woocommerce_loop_add_to_cart_link_describedby_18277\" class=\"screen-reader-text\">\r\n\t<\/span>\r\n<button class=\"btn-product-icon btn-quickview\" data-product=\"18277\" title=\"Quick View\">Quick View<\/button><\/div><\/figure><div class=\"product-details\"><h3 class=\"woocommerce-loop-product__title\"><a href=\"https:\/\/www.poelsan.com\/en\/product\/fitting-spanner\/\">Layflat Spanner<\/a><\/h3><div class=\"product-hide-details\"><\/div><\/div>\t<\/div>\r\n\t\t\r\n<\/li>\r\n\r\n\r\n<li class=\"product-wrap\" data-grid-idx=&quot;4&quot; role=\"none\">\r\n\r\n\t\r\n\t<div class=\"product-loop content-center product-card product type-product post-18315 status-publish last instock product_cat-compression-fittings product_cat-fitting-spanners product_cat-green-series product_tag-4936-en product_tag-4969-en has-post-thumbnail product-type-simple\">\r\n\t\t<figure class=\"product-media\"><a href=\"https:\/\/www.poelsan.com\/en\/product\/green-series-fitting-spanner\/\" class=\"woocommerce-LoopProduct-link woocommerce-loop-product__link\"><img loading=\"lazy\" decoding=\"async\" width=\"600\" height=\"350\" src=\"https:\/\/www.poelsan.com\/wp-content\/uploads\/2022\/07\/kablin-anahtar-2022.png\" class=\"attachment-full size-full\" alt=\"Green Series Fitting Spanner\" \/><\/a><div class=\"product-action-vertical\"><a href=\"https:\/\/www.poelsan.com\/en\/product\/green-series-fitting-spanner\/\" aria-describedby=\"woocommerce_loop_add_to_cart_link_describedby_18315\" data-quantity=\"1\" class=\"btn-product-icon product_type_simple product_read_more\" data-product_id=\"18315\" data-product_sku=\"\" aria-label=\"Read more about &ldquo;Green Series Fitting Spanner&rdquo;\" rel=\"nofollow\" data-success_message=\"\">Read more<\/a><span id=\"woocommerce_loop_add_to_cart_link_describedby_18315\" class=\"screen-reader-text\">\r\n\t<\/span>\r\n<button class=\"btn-product-icon btn-quickview\" data-product=\"18315\" title=\"Quick View\">Quick View<\/button><\/div><\/figure><div class=\"product-details\"><h3 class=\"woocommerce-loop-product__title\"><a href=\"https:\/\/www.poelsan.com\/en\/product\/green-series-fitting-spanner\/\">Green Series Fitting Spanner<\/a><\/h3><div class=\"product-hide-details\"><\/div><\/div>\t<\/div>\r\n\t\t\r\n<\/li>\r\n\r\n<\/ul><\/div>\t\t\t\t<\/div>\n\t\t\t\t<\/div>\n\t\t\t\t\t\t<\/div>\r\n\t\t\t\t<\/div>\r\n\t\t\t\t\t\t\t\t<\/div>\r\n\t\t\t<\/section>\r\n\t\t\t\t\t<\/div>\n\t\t","protected":false},"excerpt":{"rendered":"<p>Fitting Spanners It has been produced from high quality polypropylene raw material and it has resistance to impact. Fitting Spanner All Products Read more Quick View Blue Series Fitting Spanner Read more Quick View Blue Series Coupling Spanner \u00d8 125 mm Read more Quick View Layflat Coupling Spanner Read more Quick View Green Series Fitting [&hellip;]<\/p>\n","protected":false},"author":1,"featured_media":17956,"parent":18223,"menu_order":0,"comment_status":"closed","ping_status":"closed","template":"","meta":{"_acf_changed":false,"footnotes":""},"class_list":["post-18245","page","type-page","status-publish","has-post-thumbnail","hentry"],"acf":[],"yoast_head":"<!-- This site is optimized with the Yoast SEO plugin v25.9 - https:\/\/yoast.com\/wordpress\/plugins\/seo\/ -->\n<title>Fitting Spanners - Poelsan<\/title>\n<meta name=\"robots\" content=\"index, follow, max-snippet:-1, max-image-preview:large, max-video-preview:-1\" \/>\n<link rel=\"canonical\" href=\"https:\/\/www.poelsan.com\/en\/products\/compression-fittings\/fitting-spanners\/\" \/>\n<meta property=\"og:locale\" content=\"en_US\" \/>\n<meta property=\"og:type\" content=\"article\" \/>\n<meta property=\"og:title\" content=\"Fitting Spanners - Poelsan\" \/>\n<meta property=\"og:description\" content=\"Fitting Spanners It has been produced from high quality polypropylene raw material and it has resistance to impact. Fitting Spanner All Products Read more Quick View Blue Series Fitting Spanner Read more Quick View Blue Series Coupling Spanner \u00d8 125 mm Read more Quick View Layflat Coupling Spanner Read more Quick View Green Series Fitting [&hellip;]\" \/>\n<meta property=\"og:url\" content=\"https:\/\/www.poelsan.com\/en\/products\/compression-fittings\/fitting-spanners\/\" \/>\n<meta property=\"og:site_name\" content=\"Poelsan\" \/>\n<meta property=\"article:publisher\" content=\"https:\/\/www.facebook.com\/poelsanplastik\/\" \/>\n<meta property=\"article:modified_time\" content=\"2025-03-14T12:57:49+00:00\" \/>\n<meta property=\"og:image\" content=\"https:\/\/www.poelsan.com\/wp-content\/uploads\/2022\/10\/yeni-yesil-seri.jpg\" \/>\n\t<meta property=\"og:image:width\" content=\"1920\" \/>\n\t<meta property=\"og:image:height\" content=\"300\" \/>\n\t<meta property=\"og:image:type\" content=\"image\/jpeg\" \/>\n<meta name=\"twitter:card\" content=\"summary_large_image\" \/>\n<meta name=\"twitter:label1\" content=\"Est. reading time\" \/>\n\t<meta name=\"twitter:data1\" content=\"2 minutes\" \/>\n<script type=\"application\/ld+json\" class=\"yoast-schema-graph\">{\"@context\":\"https:\/\/schema.org\",\"@graph\":[{\"@type\":\"WebPage\",\"@id\":\"https:\/\/www.poelsan.com\/en\/products\/compression-fittings\/fitting-spanners\/\",\"url\":\"https:\/\/www.poelsan.com\/en\/products\/compression-fittings\/fitting-spanners\/\",\"name\":\"Fitting Spanners - Poelsan\",\"isPartOf\":{\"@id\":\"https:\/\/www.poelsan.com\/en\/#website\"},\"primaryImageOfPage\":{\"@id\":\"https:\/\/www.poelsan.com\/en\/products\/compression-fittings\/fitting-spanners\/#primaryimage\"},\"image\":{\"@id\":\"https:\/\/www.poelsan.com\/en\/products\/compression-fittings\/fitting-spanners\/#primaryimage\"},\"thumbnailUrl\":\"https:\/\/www.poelsan.com\/wp-content\/uploads\/2022\/10\/yeni-yesil-seri.jpg\",\"datePublished\":\"2022-10-27T09:55:44+00:00\",\"dateModified\":\"2025-03-14T12:57:49+00:00\",\"breadcrumb\":{\"@id\":\"https:\/\/www.poelsan.com\/en\/products\/compression-fittings\/fitting-spanners\/#breadcrumb\"},\"inLanguage\":\"en-US\",\"potentialAction\":[{\"@type\":\"ReadAction\",\"target\":[\"https:\/\/www.poelsan.com\/en\/products\/compression-fittings\/fitting-spanners\/\"]}]},{\"@type\":\"ImageObject\",\"inLanguage\":\"en-US\",\"@id\":\"https:\/\/www.poelsan.com\/en\/products\/compression-fittings\/fitting-spanners\/#primaryimage\",\"url\":\"https:\/\/www.poelsan.com\/wp-content\/uploads\/2022\/10\/yeni-yesil-seri.jpg\",\"contentUrl\":\"https:\/\/www.poelsan.com\/wp-content\/uploads\/2022\/10\/yeni-yesil-seri.jpg\",\"width\":1920,\"height\":300},{\"@type\":\"BreadcrumbList\",\"@id\":\"https:\/\/www.poelsan.com\/en\/products\/compression-fittings\/fitting-spanners\/#breadcrumb\",\"itemListElement\":[{\"@type\":\"ListItem\",\"position\":1,\"name\":\"Home\",\"item\":\"https:\/\/www.poelsan.com\/en\/\"},{\"@type\":\"ListItem\",\"position\":2,\"name\":\"Products\",\"item\":\"https:\/\/www.poelsan.com\/en\/urunler\/\"},{\"@type\":\"ListItem\",\"position\":3,\"name\":\"Compression Fittings\",\"item\":\"https:\/\/www.poelsan.com\/en\/urunler\/mekanik-ekleme-parcalari\/\"},{\"@type\":\"ListItem\",\"position\":4,\"name\":\"Fitting Spanners\"}]},{\"@type\":\"WebSite\",\"@id\":\"https:\/\/www.poelsan.com\/en\/#website\",\"url\":\"https:\/\/www.poelsan.com\/en\/\",\"name\":\"Poelsan: Sekt\u00f6r\u00fcnde D\u00fcnya Markas\u0131\",\"description\":\"Sekt\u00f6r\u00fcnde D\u00fcnya Markas\u0131\",\"publisher\":{\"@id\":\"https:\/\/www.poelsan.com\/en\/#organization\"},\"potentialAction\":[{\"@type\":\"SearchAction\",\"target\":{\"@type\":\"EntryPoint\",\"urlTemplate\":\"https:\/\/www.poelsan.com\/en\/?s={search_term_string}\"},\"query-input\":{\"@type\":\"PropertyValueSpecification\",\"valueRequired\":true,\"valueName\":\"search_term_string\"}}],\"inLanguage\":\"en-US\"},{\"@type\":\"Organization\",\"@id\":\"https:\/\/www.poelsan.com\/en\/#organization\",\"name\":\"Poelsan: Sekt\u00f6r\u00fcnde D\u00fcnya Markas\u0131\",\"url\":\"https:\/\/www.poelsan.com\/en\/\",\"logo\":{\"@type\":\"ImageObject\",\"inLanguage\":\"en-US\",\"@id\":\"https:\/\/www.poelsan.com\/en\/#\/schema\/logo\/image\/\",\"url\":\"https:\/\/www.poelsan.com\/wp-content\/uploads\/2025\/09\/poelsan.png\",\"contentUrl\":\"https:\/\/www.poelsan.com\/wp-content\/uploads\/2025\/09\/poelsan.png\",\"width\":1200,\"height\":675,\"caption\":\"Poelsan: Sekt\u00f6r\u00fcnde D\u00fcnya Markas\u0131\"},\"image\":{\"@id\":\"https:\/\/www.poelsan.com\/en\/#\/schema\/logo\/image\/\"},\"sameAs\":[\"https:\/\/www.facebook.com\/poelsanplastik\/\",\"https:\/\/www.instagram.com\/explore\/locations\/541106002887674\/poelsan-plastik-san-ve-tic-as\/\"]}]}<\/script>\n<!-- \/ Yoast SEO plugin. -->","yoast_head_json":{"title":"Fitting Spanners - Poelsan","robots":{"index":"index","follow":"follow","max-snippet":"max-snippet:-1","max-image-preview":"max-image-preview:large","max-video-preview":"max-video-preview:-1"},"canonical":"https:\/\/www.poelsan.com\/en\/products\/compression-fittings\/fitting-spanners\/","og_locale":"en_US","og_type":"article","og_title":"Fitting Spanners - Poelsan","og_description":"Fitting Spanners It has been produced from high quality polypropylene raw material and it has resistance to impact. Fitting Spanner All Products Read more Quick View Blue Series Fitting Spanner Read more Quick View Blue Series Coupling Spanner \u00d8 125 mm Read more Quick View Layflat Coupling Spanner Read more Quick View Green Series Fitting [&hellip;]","og_url":"https:\/\/www.poelsan.com\/en\/products\/compression-fittings\/fitting-spanners\/","og_site_name":"Poelsan","article_publisher":"https:\/\/www.facebook.com\/poelsanplastik\/","article_modified_time":"2025-03-14T12:57:49+00:00","og_image":[{"width":1920,"height":300,"url":"https:\/\/www.poelsan.com\/wp-content\/uploads\/2022\/10\/yeni-yesil-seri.jpg","type":"image\/jpeg"}],"twitter_card":"summary_large_image","twitter_misc":{"Est. reading time":"2 minutes"},"schema":{"@context":"https:\/\/schema.org","@graph":[{"@type":"WebPage","@id":"https:\/\/www.poelsan.com\/en\/products\/compression-fittings\/fitting-spanners\/","url":"https:\/\/www.poelsan.com\/en\/products\/compression-fittings\/fitting-spanners\/","name":"Fitting Spanners - Poelsan","isPartOf":{"@id":"https:\/\/www.poelsan.com\/en\/#website"},"primaryImageOfPage":{"@id":"https:\/\/www.poelsan.com\/en\/products\/compression-fittings\/fitting-spanners\/#primaryimage"},"image":{"@id":"https:\/\/www.poelsan.com\/en\/products\/compression-fittings\/fitting-spanners\/#primaryimage"},"thumbnailUrl":"https:\/\/www.poelsan.com\/wp-content\/uploads\/2022\/10\/yeni-yesil-seri.jpg","datePublished":"2022-10-27T09:55:44+00:00","dateModified":"2025-03-14T12:57:49+00:00","breadcrumb":{"@id":"https:\/\/www.poelsan.com\/en\/products\/compression-fittings\/fitting-spanners\/#breadcrumb"},"inLanguage":"en-US","potentialAction":[{"@type":"ReadAction","target":["https:\/\/www.poelsan.com\/en\/products\/compression-fittings\/fitting-spanners\/"]}]},{"@type":"ImageObject","inLanguage":"en-US","@id":"https:\/\/www.poelsan.com\/en\/products\/compression-fittings\/fitting-spanners\/#primaryimage","url":"https:\/\/www.poelsan.com\/wp-content\/uploads\/2022\/10\/yeni-yesil-seri.jpg","contentUrl":"https:\/\/www.poelsan.com\/wp-content\/uploads\/2022\/10\/yeni-yesil-seri.jpg","width":1920,"height":300},{"@type":"BreadcrumbList","@id":"https:\/\/www.poelsan.com\/en\/products\/compression-fittings\/fitting-spanners\/#breadcrumb","itemListElement":[{"@type":"ListItem","position":1,"name":"Home","item":"https:\/\/www.poelsan.com\/en\/"},{"@type":"ListItem","position":2,"name":"Products","item":"https:\/\/www.poelsan.com\/en\/urunler\/"},{"@type":"ListItem","position":3,"name":"Compression Fittings","item":"https:\/\/www.poelsan.com\/en\/urunler\/mekanik-ekleme-parcalari\/"},{"@type":"ListItem","position":4,"name":"Fitting Spanners"}]},{"@type":"WebSite","@id":"https:\/\/www.poelsan.com\/en\/#website","url":"https:\/\/www.poelsan.com\/en\/","name":"Poelsan: Sekt\u00f6r\u00fcnde D\u00fcnya Markas\u0131","description":"Sekt\u00f6r\u00fcnde D\u00fcnya Markas\u0131","publisher":{"@id":"https:\/\/www.poelsan.com\/en\/#organization"},"potentialAction":[{"@type":"SearchAction","target":{"@type":"EntryPoint","urlTemplate":"https:\/\/www.poelsan.com\/en\/?s={search_term_string}"},"query-input":{"@type":"PropertyValueSpecification","valueRequired":true,"valueName":"search_term_string"}}],"inLanguage":"en-US"},{"@type":"Organization","@id":"https:\/\/www.poelsan.com\/en\/#organization","name":"Poelsan: Sekt\u00f6r\u00fcnde D\u00fcnya Markas\u0131","url":"https:\/\/www.poelsan.com\/en\/","logo":{"@type":"ImageObject","inLanguage":"en-US","@id":"https:\/\/www.poelsan.com\/en\/#\/schema\/logo\/image\/","url":"https:\/\/www.poelsan.com\/wp-content\/uploads\/2025\/09\/poelsan.png","contentUrl":"https:\/\/www.poelsan.com\/wp-content\/uploads\/2025\/09\/poelsan.png","width":1200,"height":675,"caption":"Poelsan: Sekt\u00f6r\u00fcnde D\u00fcnya Markas\u0131"},"image":{"@id":"https:\/\/www.poelsan.com\/en\/#\/schema\/logo\/image\/"},"sameAs":["https:\/\/www.facebook.com\/poelsanplastik\/","https:\/\/www.instagram.com\/explore\/locations\/541106002887674\/poelsan-plastik-san-ve-tic-as\/"]}]}},"_links":{"self":[{"href":"https:\/\/www.poelsan.com\/en\/wp-json\/wp\/v2\/pages\/18245","targetHints":{"allow":["GET"]}}],"collection":[{"href":"https:\/\/www.poelsan.com\/en\/wp-json\/wp\/v2\/pages"}],"about":[{"href":"https:\/\/www.poelsan.com\/en\/wp-json\/wp\/v2\/types\/page"}],"author":[{"embeddable":true,"href":"https:\/\/www.poelsan.com\/en\/wp-json\/wp\/v2\/users\/1"}],"replies":[{"embeddable":true,"href":"https:\/\/www.poelsan.com\/en\/wp-json\/wp\/v2\/comments?post=18245"}],"version-history":[{"count":0,"href":"https:\/\/www.poelsan.com\/en\/wp-json\/wp\/v2\/pages\/18245\/revisions"}],"up":[{"embeddable":true,"href":"https:\/\/www.poelsan.com\/en\/wp-json\/wp\/v2\/pages\/18223"}],"wp:featuredmedia":[{"embeddable":true,"href":"https:\/\/www.poelsan.com\/en\/wp-json\/wp\/v2\/media\/17956"}],"wp:attachment":[{"href":"https:\/\/www.poelsan.com\/en\/wp-json\/wp\/v2\/media?parent=18245"}],"curies":[{"name":"wp","href":"https:\/\/api.w.org\/{rel}","templated":true}]}}