{"id":18226,"date":"2022-08-01T10:20:18","date_gmt":"2022-08-01T07:20:18","guid":{"rendered":"https:\/\/www.poelsan.com\/products\/dripline-fittings\/"},"modified":"2025-03-28T16:31:30","modified_gmt":"2025-03-28T13:31:30","slug":"dripline-fittings","status":"publish","type":"page","link":"https:\/\/www.poelsan.com\/en\/products\/dripline-fittings\/","title":{"rendered":"Dripline Fittings"},"content":{"rendered":"\t\t<div data-elementor-type=\"wp-page\" data-elementor-id=\"18226\" class=\"elementor elementor-18226 elementor-14161\" data-elementor-post-type=\"page\">\n\t\t\t\t\t\t<div class=\" elementor-section elementor-top-section elementor-element elementor-element-ad1dfee pb-10 elementor-section-boxed elementor-section-height-default elementor-section-height-default smart-sticky-default\" data-id=\"ad1dfee\" data-element_type=\"section\">\r\n\t\t\t\t\t\t\t\t<div class=\"elementor-container elementor-column-gap-default\">\r\n\t\t\t\t\r\n\t\t\t\t\t\t\t\t<div class=\" elementor-column elementor-col-100 elementor-top-column elementor-element elementor-element-7867bee \" data-id=\"7867bee\" data-element_type=\"column\">\r\n\r\n\t\t\t\t\r\n\t\t\t\t<div class=\"elementor-widget-wrap elementor-element-populated\">\r\n\t\t\t\t\t\t\t\t\t\t\r\n\t\t\t\t\t\t<div class=\"elementor-element elementor-element-e90b92e cs-imagebox poel-category-box elementor-invisible elementor-widget elementor-widget-udesign_widget_imagebox\" data-id=\"e90b92e\" data-element_type=\"widget\" data-settings=\"{&quot;_animation&quot;:&quot;fadeInLeftShorter&quot;}\" data-widget_type=\"udesign_widget_imagebox.default\">\n\t\t\t\t<div class=\"elementor-widget-container\">\n\t\t\t\t\t<div class=\"image-box position-top overlay-zoom overlay-light\"><figure class=\"has-link\"><img fetchpriority=\"high\" decoding=\"async\" width=\"1024\" height=\"1024\" src=\"https:\/\/www.poelsan.com\/wp-content\/uploads\/2022\/11\/mini-vanalar-grup-2022.png\" class=\"attachment-full size-full wp-image-15332\" alt=\"\" srcset=\"https:\/\/www.poelsan.com\/wp-content\/uploads\/2022\/11\/mini-vanalar-grup-2022.png 1024w, https:\/\/www.poelsan.com\/wp-content\/uploads\/2022\/11\/mini-vanalar-grup-2022-600x600.png 600w, https:\/\/www.poelsan.com\/wp-content\/uploads\/2022\/11\/mini-vanalar-grup-2022-768x768.png 768w\" sizes=\"(max-width: 1024px) 100vw, 1024px\" \/><a href=\"https:\/\/www.poelsan.com\/en\/products\/dripline-fittings\/mini-valves\/\" aria-label=\"Image\"><\/a><\/figure><div class=\"image-box-content\"><h2 class=\"title\"><a href=\"https:\/\/www.poelsan.com\/en\/products\/dripline-fittings\/mini-valves\/\" aria-label=\"Image\">Mini Valves<\/a><\/h2><\/div><\/div>\t\t\t\t<\/div>\n\t\t\t\t<\/div>\n\t\t\t\t<div class=\"elementor-element elementor-element-6ce2f92 cs-imagebox poel-category-box elementor-invisible elementor-widget elementor-widget-udesign_widget_imagebox\" data-id=\"6ce2f92\" data-element_type=\"widget\" data-settings=\"{&quot;_animation&quot;:&quot;fadeInLeftShorter&quot;}\" data-widget_type=\"udesign_widget_imagebox.default\">\n\t\t\t\t<div class=\"elementor-widget-container\">\n\t\t\t\t\t<div class=\"image-box position-top overlay-zoom overlay-light\"><figure class=\"has-link\"><img decoding=\"async\" width=\"1024\" height=\"1024\" src=\"https:\/\/www.poelsan.com\/wp-content\/uploads\/2024\/01\/Hatsonu-Grup-1024x1024-1.png\" class=\"attachment-full size-full wp-image-19144\" alt=\"\" srcset=\"https:\/\/www.poelsan.com\/wp-content\/uploads\/2024\/01\/Hatsonu-Grup-1024x1024-1.png 1024w, https:\/\/www.poelsan.com\/wp-content\/uploads\/2024\/01\/Hatsonu-Grup-1024x1024-1-600x600.png 600w, https:\/\/www.poelsan.com\/wp-content\/uploads\/2024\/01\/Hatsonu-Grup-1024x1024-1-768x768.png 768w, https:\/\/www.poelsan.com\/wp-content\/uploads\/2024\/01\/Hatsonu-Grup-1024x1024-1-500x500.png 500w\" sizes=\"(max-width: 1024px) 100vw, 1024px\" \/><a href=\"\/en\/products\/dripline-fittings\/end-of-line-relief-valve\/\" aria-label=\"Image\"><\/a><\/figure><div class=\"image-box-content\"><h2 class=\"title\"><a href=\"\/en\/products\/dripline-fittings\/end-of-line-relief-valve\/\" aria-label=\"Image\">Automatic Line Flush Valves<\/a><\/h2><\/div><\/div>\t\t\t\t<\/div>\n\t\t\t\t<\/div>\n\t\t\t\t<div class=\"elementor-element elementor-element-22a3307 cs-imagebox poel-category-box elementor-invisible elementor-widget elementor-widget-udesign_widget_imagebox\" data-id=\"22a3307\" data-element_type=\"widget\" data-settings=\"{&quot;_animation&quot;:&quot;fadeInLeftShorter&quot;}\" data-widget_type=\"udesign_widget_imagebox.default\">\n\t\t\t\t<div class=\"elementor-widget-container\">\n\t\t\t\t\t<div class=\"image-box position-top overlay-zoom overlay-light\"><figure class=\"has-link\"><img decoding=\"async\" width=\"1024\" height=\"1024\" src=\"https:\/\/www.poelsan.com\/wp-content\/uploads\/2022\/11\/kilitli-baglanti-grup-2022.png\" class=\"attachment-full size-full wp-image-15330\" alt=\"\" srcset=\"https:\/\/www.poelsan.com\/wp-content\/uploads\/2022\/11\/kilitli-baglanti-grup-2022.png 1024w, https:\/\/www.poelsan.com\/wp-content\/uploads\/2022\/11\/kilitli-baglanti-grup-2022-600x600.png 600w, https:\/\/www.poelsan.com\/wp-content\/uploads\/2022\/11\/kilitli-baglanti-grup-2022-768x768.png 768w\" sizes=\"(max-width: 1024px) 100vw, 1024px\" \/><a href=\"https:\/\/www.poelsan.com\/en\/products\/dripline-fittings\/lock-type-fittings\/\" aria-label=\"Image\"><\/a><\/figure><div class=\"image-box-content\"><h2 class=\"title\"><a href=\"https:\/\/www.poelsan.com\/en\/products\/dripline-fittings\/lock-type-fittings\/\" aria-label=\"Image\">Lock Type Fittings<\/a><\/h2><\/div><\/div>\t\t\t\t<\/div>\n\t\t\t\t<\/div>\n\t\t\t\t<div class=\"elementor-element elementor-element-1c0df8d cs-imagebox poel-category-box elementor-invisible elementor-widget elementor-widget-udesign_widget_imagebox\" data-id=\"1c0df8d\" data-element_type=\"widget\" data-settings=\"{&quot;_animation&quot;:&quot;fadeInLeftShorter&quot;}\" data-widget_type=\"udesign_widget_imagebox.default\">\n\t\t\t\t<div class=\"elementor-widget-container\">\n\t\t\t\t\t<div class=\"image-box position-top overlay-zoom overlay-light\"><figure class=\"has-link\"><img loading=\"lazy\" decoding=\"async\" width=\"1024\" height=\"1024\" src=\"https:\/\/www.poelsan.com\/wp-content\/uploads\/2022\/11\/damla-sulama-kurtagzi-grup-2022.png\" class=\"attachment-full size-full wp-image-15333\" alt=\"\" srcset=\"https:\/\/www.poelsan.com\/wp-content\/uploads\/2022\/11\/damla-sulama-kurtagzi-grup-2022.png 1024w, https:\/\/www.poelsan.com\/wp-content\/uploads\/2022\/11\/damla-sulama-kurtagzi-grup-2022-600x600.png 600w, https:\/\/www.poelsan.com\/wp-content\/uploads\/2022\/11\/damla-sulama-kurtagzi-grup-2022-768x768.png 768w\" sizes=\"(max-width: 1024px) 100vw, 1024px\" \/><a href=\"https:\/\/www.poelsan.com\/en\/products\/dripline-fittings\/dripline-barbed\/\" aria-label=\"Image\"><\/a><\/figure><div class=\"image-box-content\"><h2 class=\"title\"><a href=\"https:\/\/www.poelsan.com\/en\/products\/dripline-fittings\/dripline-barbed\/\" aria-label=\"Image\">Dripline Barbed Fitting<\/a><\/h2><\/div><\/div>\t\t\t\t<\/div>\n\t\t\t\t<\/div>\n\t\t\t\t<div class=\"elementor-element elementor-element-2f98a6c cs-imagebox poel-category-box elementor-invisible elementor-widget elementor-widget-udesign_widget_imagebox\" data-id=\"2f98a6c\" data-element_type=\"widget\" data-settings=\"{&quot;_animation&quot;:&quot;fadeInLeftShorter&quot;}\" data-widget_type=\"udesign_widget_imagebox.default\">\n\t\t\t\t<div class=\"elementor-widget-container\">\n\t\t\t\t\t<div class=\"image-box position-top overlay-zoom overlay-light\"><figure class=\"has-link\"><img loading=\"lazy\" decoding=\"async\" width=\"1024\" height=\"1024\" src=\"https:\/\/www.poelsan.com\/wp-content\/uploads\/2022\/11\/damla-sulama-somunlu-grup-2022.png\" class=\"attachment-full size-full wp-image-15334\" alt=\"\" srcset=\"https:\/\/www.poelsan.com\/wp-content\/uploads\/2022\/11\/damla-sulama-somunlu-grup-2022.png 1024w, https:\/\/www.poelsan.com\/wp-content\/uploads\/2022\/11\/damla-sulama-somunlu-grup-2022-600x600.png 600w, https:\/\/www.poelsan.com\/wp-content\/uploads\/2022\/11\/damla-sulama-somunlu-grup-2022-768x768.png 768w\" sizes=\"(max-width: 1024px) 100vw, 1024px\" \/><a href=\"https:\/\/www.poelsan.com\/en\/products\/dripline-fittings\/drip-irrigation-with-nut\/\" aria-label=\"Image\"><\/a><\/figure><div class=\"image-box-content\"><h2 class=\"title\"><a href=\"https:\/\/www.poelsan.com\/en\/products\/dripline-fittings\/drip-irrigation-with-nut\/\" aria-label=\"Image\">Dripline Fittings With Nut<\/a><\/h2><\/div><\/div>\t\t\t\t<\/div>\n\t\t\t\t<\/div>\n\t\t\t\t<div class=\"elementor-element elementor-element-e3e77f0 cs-imagebox poel-category-box elementor-invisible elementor-widget elementor-widget-udesign_widget_imagebox\" data-id=\"e3e77f0\" data-element_type=\"widget\" data-settings=\"{&quot;_animation&quot;:&quot;fadeInLeftShorter&quot;}\" data-widget_type=\"udesign_widget_imagebox.default\">\n\t\t\t\t<div class=\"elementor-widget-container\">\n\t\t\t\t\t<div class=\"image-box position-top overlay-zoom overlay-light\"><figure class=\"has-link\"><img loading=\"lazy\" decoding=\"async\" width=\"1024\" height=\"1024\" src=\"https:\/\/www.poelsan.com\/wp-content\/uploads\/2022\/11\/yassi-sulama-somunlu-grup-2022.png\" class=\"attachment-full size-full wp-image-15335\" alt=\"\" srcset=\"https:\/\/www.poelsan.com\/wp-content\/uploads\/2022\/11\/yassi-sulama-somunlu-grup-2022.png 1024w, https:\/\/www.poelsan.com\/wp-content\/uploads\/2022\/11\/yassi-sulama-somunlu-grup-2022-600x600.png 600w, https:\/\/www.poelsan.com\/wp-content\/uploads\/2022\/11\/yassi-sulama-somunlu-grup-2022-768x768.png 768w\" sizes=\"(max-width: 1024px) 100vw, 1024px\" \/><a href=\"https:\/\/www.poelsan.com\/en\/products\/dripline-fittings\/tape-drip-irrigation-with-nut\/\" aria-label=\"Image\"><\/a><\/figure><div class=\"image-box-content\"><h2 class=\"title\"><a href=\"https:\/\/www.poelsan.com\/en\/products\/dripline-fittings\/tape-drip-irrigation-with-nut\/\" aria-label=\"Image\">Drip Tape Fittings<\/a><\/h2><\/div><\/div>\t\t\t\t<\/div>\n\t\t\t\t<\/div>\n\t\t\t\t<div class=\"elementor-element elementor-element-a6b99a3 cs-imagebox poel-category-box elementor-invisible elementor-widget elementor-widget-udesign_widget_imagebox\" data-id=\"a6b99a3\" data-element_type=\"widget\" data-settings=\"{&quot;_animation&quot;:&quot;fadeInLeftShorter&quot;}\" data-widget_type=\"udesign_widget_imagebox.default\">\n\t\t\t\t<div class=\"elementor-widget-container\">\n\t\t\t\t\t<div class=\"image-box position-top overlay-zoom overlay-light\"><figure class=\"has-link\"><img loading=\"lazy\" decoding=\"async\" width=\"1024\" height=\"1024\" src=\"https:\/\/www.poelsan.com\/wp-content\/uploads\/2022\/11\/yuzuklu-sulama-somunlu-grup-2022-1.png\" class=\"attachment-full size-full wp-image-15337\" alt=\"\" srcset=\"https:\/\/www.poelsan.com\/wp-content\/uploads\/2022\/11\/yuzuklu-sulama-somunlu-grup-2022-1.png 1024w, https:\/\/www.poelsan.com\/wp-content\/uploads\/2022\/11\/yuzuklu-sulama-somunlu-grup-2022-1-600x600.png 600w, https:\/\/www.poelsan.com\/wp-content\/uploads\/2022\/11\/yuzuklu-sulama-somunlu-grup-2022-1-768x768.png 768w\" sizes=\"(max-width: 1024px) 100vw, 1024px\" \/><a href=\"https:\/\/www.poelsan.com\/en\/products\/dripline-fittings\/lock-type-fitting\/\" aria-label=\"Image\"><\/a><\/figure><div class=\"image-box-content\"><h2 class=\"title\"><a href=\"https:\/\/www.poelsan.com\/en\/products\/dripline-fittings\/lock-type-fitting\/\" aria-label=\"Image\">Drip Tape Fittings with Rings<\/a><\/h2><\/div><\/div>\t\t\t\t<\/div>\n\t\t\t\t<\/div>\n\t\t\t\t<div class=\"elementor-element elementor-element-581b9c0 cs-imagebox poel-category-box elementor-invisible elementor-widget elementor-widget-udesign_widget_imagebox\" data-id=\"581b9c0\" data-element_type=\"widget\" data-settings=\"{&quot;_animation&quot;:&quot;fadeInLeftShorter&quot;}\" data-widget_type=\"udesign_widget_imagebox.default\">\n\t\t\t\t<div class=\"elementor-widget-container\">\n\t\t\t\t\t<div class=\"image-box position-top overlay-zoom overlay-light\"><figure class=\"has-link\"><img loading=\"lazy\" decoding=\"async\" width=\"1024\" height=\"1024\" src=\"https:\/\/www.poelsan.com\/wp-content\/uploads\/2024\/01\/minisprikler-grup-2024.png\" class=\"attachment-full size-full wp-image-19331\" alt=\"\" srcset=\"https:\/\/www.poelsan.com\/wp-content\/uploads\/2024\/01\/minisprikler-grup-2024.png 1024w, https:\/\/www.poelsan.com\/wp-content\/uploads\/2024\/01\/minisprikler-grup-2024-600x600.png 600w, https:\/\/www.poelsan.com\/wp-content\/uploads\/2024\/01\/minisprikler-grup-2024-768x768.png 768w, https:\/\/www.poelsan.com\/wp-content\/uploads\/2024\/01\/minisprikler-grup-2024-500x500.png 500w\" sizes=\"(max-width: 1024px) 100vw, 1024px\" \/><a href=\"https:\/\/www.poelsan.com\/en\/products\/dripline-fittings\/minisprinklers-and-fittings\/\" aria-label=\"Image\"><\/a><\/figure><div class=\"image-box-content\"><h2 class=\"title\"><a href=\"https:\/\/www.poelsan.com\/en\/products\/dripline-fittings\/minisprinklers-and-fittings\/\" aria-label=\"Image\">Minisprinklers and Attachments<\/a><\/h2><\/div><\/div>\t\t\t\t<\/div>\n\t\t\t\t<\/div>\n\t\t\t\t<div class=\"elementor-element elementor-element-1a3885c cs-imagebox poel-category-box elementor-invisible elementor-widget elementor-widget-udesign_widget_imagebox\" data-id=\"1a3885c\" data-element_type=\"widget\" data-settings=\"{&quot;_animation&quot;:&quot;fadeInLeftShorter&quot;}\" data-widget_type=\"udesign_widget_imagebox.default\">\n\t\t\t\t<div class=\"elementor-widget-container\">\n\t\t\t\t\t<div class=\"image-box position-top overlay-zoom overlay-light\"><figure class=\"has-link\"><img loading=\"lazy\" decoding=\"async\" width=\"1024\" height=\"1024\" src=\"https:\/\/www.poelsan.com\/wp-content\/uploads\/2022\/11\/hat-ustu-damlaticilar-grup-2022-1.png\" class=\"attachment-full size-full wp-image-15340\" alt=\"\" srcset=\"https:\/\/www.poelsan.com\/wp-content\/uploads\/2022\/11\/hat-ustu-damlaticilar-grup-2022-1.png 1024w, https:\/\/www.poelsan.com\/wp-content\/uploads\/2022\/11\/hat-ustu-damlaticilar-grup-2022-1-600x600.png 600w, https:\/\/www.poelsan.com\/wp-content\/uploads\/2022\/11\/hat-ustu-damlaticilar-grup-2022-1-768x768.png 768w\" sizes=\"(max-width: 1024px) 100vw, 1024px\" \/><a href=\"https:\/\/www.poelsan.com\/en\/products\/dripline-fittings\/on-line-drippers\/\" aria-label=\"Image\"><\/a><\/figure><div class=\"image-box-content\"><h2 class=\"title\"><a href=\"https:\/\/www.poelsan.com\/en\/products\/dripline-fittings\/on-line-drippers\/\" aria-label=\"Image\">On-Line Dripper<\/a><\/h2><\/div><\/div>\t\t\t\t<\/div>\n\t\t\t\t<\/div>\n\t\t\t\t\t\t<\/div>\r\n\t\t\t\t<\/div>\r\n\t\t\t\t\t\t\t\t<\/div>\r\n\t\t\t<\/div>\r\n\t\t\t\t\t<\/div>\n\t\t","protected":false},"excerpt":{"rendered":"<p>Mini Valves Automatic Line Flush Valves Lock Type Fittings Dripline Barbed Fitting Dripline Fittings With Nut Drip Tape Fittings Drip Tape Fittings with Rings Minisprinklers and Attachments On-Line Dripper<\/p>\n","protected":false},"author":1,"featured_media":0,"parent":18218,"menu_order":0,"comment_status":"closed","ping_status":"closed","template":"","meta":{"_acf_changed":false,"footnotes":""},"class_list":["post-18226","page","type-page","status-publish","hentry"],"acf":[],"yoast_head":"<!-- This site is optimized with the Yoast SEO plugin v25.9 - https:\/\/yoast.com\/wordpress\/plugins\/seo\/ -->\n<title>Dripline Fittings - Poelsan<\/title>\n<meta name=\"robots\" content=\"index, follow, max-snippet:-1, max-image-preview:large, max-video-preview:-1\" \/>\n<link rel=\"canonical\" href=\"https:\/\/www.poelsan.com\/en\/products\/dripline-fittings\/\" \/>\n<meta property=\"og:locale\" content=\"en_US\" \/>\n<meta property=\"og:type\" content=\"article\" \/>\n<meta property=\"og:title\" content=\"Dripline Fittings - Poelsan\" \/>\n<meta property=\"og:description\" content=\"Mini Valves Automatic Line Flush Valves Lock Type Fittings Dripline Barbed Fitting Dripline Fittings With Nut Drip Tape Fittings Drip Tape Fittings with Rings Minisprinklers and Attachments On-Line Dripper\" \/>\n<meta property=\"og:url\" content=\"https:\/\/www.poelsan.com\/en\/products\/dripline-fittings\/\" \/>\n<meta property=\"og:site_name\" content=\"Poelsan\" \/>\n<meta property=\"article:publisher\" content=\"https:\/\/www.facebook.com\/poelsanplastik\/\" \/>\n<meta property=\"article:modified_time\" content=\"2025-03-28T13:31:30+00:00\" \/>\n<meta property=\"og:image\" content=\"https:\/\/www.poelsan.com\/wp-content\/uploads\/2022\/11\/mini-vanalar-grup-2022.png\" \/>\n\t<meta property=\"og:image:width\" content=\"1024\" \/>\n\t<meta property=\"og:image:height\" content=\"1024\" \/>\n\t<meta property=\"og:image:type\" content=\"image\/png\" \/>\n<meta name=\"twitter:card\" content=\"summary_large_image\" \/>\n<meta name=\"twitter:label1\" content=\"Est. reading time\" \/>\n\t<meta name=\"twitter:data1\" content=\"2 minutes\" \/>\n<script type=\"application\/ld+json\" class=\"yoast-schema-graph\">{\"@context\":\"https:\/\/schema.org\",\"@graph\":[{\"@type\":\"WebPage\",\"@id\":\"https:\/\/www.poelsan.com\/en\/products\/dripline-fittings\/\",\"url\":\"https:\/\/www.poelsan.com\/en\/products\/dripline-fittings\/\",\"name\":\"Dripline Fittings - Poelsan\",\"isPartOf\":{\"@id\":\"https:\/\/www.poelsan.com\/en\/#website\"},\"primaryImageOfPage\":{\"@id\":\"https:\/\/www.poelsan.com\/en\/products\/dripline-fittings\/#primaryimage\"},\"image\":{\"@id\":\"https:\/\/www.poelsan.com\/en\/products\/dripline-fittings\/#primaryimage\"},\"thumbnailUrl\":\"https:\/\/www.poelsan.com\/wp-content\/uploads\/2022\/11\/mini-vanalar-grup-2022.png\",\"datePublished\":\"2022-08-01T07:20:18+00:00\",\"dateModified\":\"2025-03-28T13:31:30+00:00\",\"breadcrumb\":{\"@id\":\"https:\/\/www.poelsan.com\/en\/products\/dripline-fittings\/#breadcrumb\"},\"inLanguage\":\"en-US\",\"potentialAction\":[{\"@type\":\"ReadAction\",\"target\":[\"https:\/\/www.poelsan.com\/en\/products\/dripline-fittings\/\"]}]},{\"@type\":\"ImageObject\",\"inLanguage\":\"en-US\",\"@id\":\"https:\/\/www.poelsan.com\/en\/products\/dripline-fittings\/#primaryimage\",\"url\":\"https:\/\/www.poelsan.com\/wp-content\/uploads\/2022\/11\/mini-vanalar-grup-2022.png\",\"contentUrl\":\"https:\/\/www.poelsan.com\/wp-content\/uploads\/2022\/11\/mini-vanalar-grup-2022.png\"},{\"@type\":\"BreadcrumbList\",\"@id\":\"https:\/\/www.poelsan.com\/en\/products\/dripline-fittings\/#breadcrumb\",\"itemListElement\":[{\"@type\":\"ListItem\",\"position\":1,\"name\":\"Home\",\"item\":\"https:\/\/www.poelsan.com\/en\/\"},{\"@type\":\"ListItem\",\"position\":2,\"name\":\"Products\",\"item\":\"https:\/\/www.poelsan.com\/en\/urunler\/\"},{\"@type\":\"ListItem\",\"position\":3,\"name\":\"Dripline Fittings\"}]},{\"@type\":\"WebSite\",\"@id\":\"https:\/\/www.poelsan.com\/en\/#website\",\"url\":\"https:\/\/www.poelsan.com\/en\/\",\"name\":\"Poelsan: Sekt\u00f6r\u00fcnde D\u00fcnya Markas\u0131\",\"description\":\"Sekt\u00f6r\u00fcnde D\u00fcnya Markas\u0131\",\"publisher\":{\"@id\":\"https:\/\/www.poelsan.com\/en\/#organization\"},\"potentialAction\":[{\"@type\":\"SearchAction\",\"target\":{\"@type\":\"EntryPoint\",\"urlTemplate\":\"https:\/\/www.poelsan.com\/en\/?s={search_term_string}\"},\"query-input\":{\"@type\":\"PropertyValueSpecification\",\"valueRequired\":true,\"valueName\":\"search_term_string\"}}],\"inLanguage\":\"en-US\"},{\"@type\":\"Organization\",\"@id\":\"https:\/\/www.poelsan.com\/en\/#organization\",\"name\":\"Poelsan: Sekt\u00f6r\u00fcnde D\u00fcnya Markas\u0131\",\"url\":\"https:\/\/www.poelsan.com\/en\/\",\"logo\":{\"@type\":\"ImageObject\",\"inLanguage\":\"en-US\",\"@id\":\"https:\/\/www.poelsan.com\/en\/#\/schema\/logo\/image\/\",\"url\":\"https:\/\/www.poelsan.com\/wp-content\/uploads\/2025\/09\/poelsan.png\",\"contentUrl\":\"https:\/\/www.poelsan.com\/wp-content\/uploads\/2025\/09\/poelsan.png\",\"width\":1200,\"height\":675,\"caption\":\"Poelsan: Sekt\u00f6r\u00fcnde D\u00fcnya Markas\u0131\"},\"image\":{\"@id\":\"https:\/\/www.poelsan.com\/en\/#\/schema\/logo\/image\/\"},\"sameAs\":[\"https:\/\/www.facebook.com\/poelsanplastik\/\",\"https:\/\/www.instagram.com\/explore\/locations\/541106002887674\/poelsan-plastik-san-ve-tic-as\/\"]}]}<\/script>\n<!-- \/ Yoast SEO plugin. -->","yoast_head_json":{"title":"Dripline Fittings - Poelsan","robots":{"index":"index","follow":"follow","max-snippet":"max-snippet:-1","max-image-preview":"max-image-preview:large","max-video-preview":"max-video-preview:-1"},"canonical":"https:\/\/www.poelsan.com\/en\/products\/dripline-fittings\/","og_locale":"en_US","og_type":"article","og_title":"Dripline Fittings - Poelsan","og_description":"Mini Valves Automatic Line Flush Valves Lock Type Fittings Dripline Barbed Fitting Dripline Fittings With Nut Drip Tape Fittings Drip Tape Fittings with Rings Minisprinklers and Attachments On-Line Dripper","og_url":"https:\/\/www.poelsan.com\/en\/products\/dripline-fittings\/","og_site_name":"Poelsan","article_publisher":"https:\/\/www.facebook.com\/poelsanplastik\/","article_modified_time":"2025-03-28T13:31:30+00:00","og_image":[{"width":1024,"height":1024,"url":"https:\/\/www.poelsan.com\/wp-content\/uploads\/2022\/11\/mini-vanalar-grup-2022.png","type":"image\/png"}],"twitter_card":"summary_large_image","twitter_misc":{"Est. reading time":"2 minutes"},"schema":{"@context":"https:\/\/schema.org","@graph":[{"@type":"WebPage","@id":"https:\/\/www.poelsan.com\/en\/products\/dripline-fittings\/","url":"https:\/\/www.poelsan.com\/en\/products\/dripline-fittings\/","name":"Dripline Fittings - Poelsan","isPartOf":{"@id":"https:\/\/www.poelsan.com\/en\/#website"},"primaryImageOfPage":{"@id":"https:\/\/www.poelsan.com\/en\/products\/dripline-fittings\/#primaryimage"},"image":{"@id":"https:\/\/www.poelsan.com\/en\/products\/dripline-fittings\/#primaryimage"},"thumbnailUrl":"https:\/\/www.poelsan.com\/wp-content\/uploads\/2022\/11\/mini-vanalar-grup-2022.png","datePublished":"2022-08-01T07:20:18+00:00","dateModified":"2025-03-28T13:31:30+00:00","breadcrumb":{"@id":"https:\/\/www.poelsan.com\/en\/products\/dripline-fittings\/#breadcrumb"},"inLanguage":"en-US","potentialAction":[{"@type":"ReadAction","target":["https:\/\/www.poelsan.com\/en\/products\/dripline-fittings\/"]}]},{"@type":"ImageObject","inLanguage":"en-US","@id":"https:\/\/www.poelsan.com\/en\/products\/dripline-fittings\/#primaryimage","url":"https:\/\/www.poelsan.com\/wp-content\/uploads\/2022\/11\/mini-vanalar-grup-2022.png","contentUrl":"https:\/\/www.poelsan.com\/wp-content\/uploads\/2022\/11\/mini-vanalar-grup-2022.png"},{"@type":"BreadcrumbList","@id":"https:\/\/www.poelsan.com\/en\/products\/dripline-fittings\/#breadcrumb","itemListElement":[{"@type":"ListItem","position":1,"name":"Home","item":"https:\/\/www.poelsan.com\/en\/"},{"@type":"ListItem","position":2,"name":"Products","item":"https:\/\/www.poelsan.com\/en\/urunler\/"},{"@type":"ListItem","position":3,"name":"Dripline Fittings"}]},{"@type":"WebSite","@id":"https:\/\/www.poelsan.com\/en\/#website","url":"https:\/\/www.poelsan.com\/en\/","name":"Poelsan: Sekt\u00f6r\u00fcnde D\u00fcnya Markas\u0131","description":"Sekt\u00f6r\u00fcnde D\u00fcnya Markas\u0131","publisher":{"@id":"https:\/\/www.poelsan.com\/en\/#organization"},"potentialAction":[{"@type":"SearchAction","target":{"@type":"EntryPoint","urlTemplate":"https:\/\/www.poelsan.com\/en\/?s={search_term_string}"},"query-input":{"@type":"PropertyValueSpecification","valueRequired":true,"valueName":"search_term_string"}}],"inLanguage":"en-US"},{"@type":"Organization","@id":"https:\/\/www.poelsan.com\/en\/#organization","name":"Poelsan: Sekt\u00f6r\u00fcnde D\u00fcnya Markas\u0131","url":"https:\/\/www.poelsan.com\/en\/","logo":{"@type":"ImageObject","inLanguage":"en-US","@id":"https:\/\/www.poelsan.com\/en\/#\/schema\/logo\/image\/","url":"https:\/\/www.poelsan.com\/wp-content\/uploads\/2025\/09\/poelsan.png","contentUrl":"https:\/\/www.poelsan.com\/wp-content\/uploads\/2025\/09\/poelsan.png","width":1200,"height":675,"caption":"Poelsan: Sekt\u00f6r\u00fcnde D\u00fcnya Markas\u0131"},"image":{"@id":"https:\/\/www.poelsan.com\/en\/#\/schema\/logo\/image\/"},"sameAs":["https:\/\/www.facebook.com\/poelsanplastik\/","https:\/\/www.instagram.com\/explore\/locations\/541106002887674\/poelsan-plastik-san-ve-tic-as\/"]}]}},"_links":{"self":[{"href":"https:\/\/www.poelsan.com\/en\/wp-json\/wp\/v2\/pages\/18226","targetHints":{"allow":["GET"]}}],"collection":[{"href":"https:\/\/www.poelsan.com\/en\/wp-json\/wp\/v2\/pages"}],"about":[{"href":"https:\/\/www.poelsan.com\/en\/wp-json\/wp\/v2\/types\/page"}],"author":[{"embeddable":true,"href":"https:\/\/www.poelsan.com\/en\/wp-json\/wp\/v2\/users\/1"}],"replies":[{"embeddable":true,"href":"https:\/\/www.poelsan.com\/en\/wp-json\/wp\/v2\/comments?post=18226"}],"version-history":[{"count":0,"href":"https:\/\/www.poelsan.com\/en\/wp-json\/wp\/v2\/pages\/18226\/revisions"}],"up":[{"embeddable":true,"href":"https:\/\/www.poelsan.com\/en\/wp-json\/wp\/v2\/pages\/18218"}],"wp:attachment":[{"href":"https:\/\/www.poelsan.com\/en\/wp-json\/wp\/v2\/media?parent=18226"}],"curies":[{"name":"wp","href":"https:\/\/api.w.org\/{rel}","templated":true}]}}