{"id":18218,"date":"2022-08-01T11:14:26","date_gmt":"2022-08-01T08:14:26","guid":{"rendered":"https:\/\/www.poelsan.com\/products\/"},"modified":"2026-03-09T13:26:14","modified_gmt":"2026-03-09T10:26:14","slug":"products","status":"publish","type":"page","link":"https:\/\/www.poelsan.com\/en\/products\/","title":{"rendered":"Products"},"content":{"rendered":"\t\t<div data-elementor-type=\"wp-page\" data-elementor-id=\"18218\" class=\"elementor elementor-18218 elementor-14168\" data-elementor-post-type=\"page\">\n\t\t\t\t\t\t<div class=\" elementor-section elementor-top-section elementor-element elementor-element-ad1dfee pb-10 elementor-section-boxed elementor-section-height-default elementor-section-height-default smart-sticky-default\" data-id=\"ad1dfee\" data-element_type=\"section\">\r\n\t\t\t\t\t\t\t\t<div class=\"elementor-container elementor-column-gap-default\">\r\n\t\t\t\t\r\n\t\t\t\t\t\t\t\t<div class=\" elementor-column elementor-col-100 elementor-top-column elementor-element elementor-element-7867bee \" data-id=\"7867bee\" data-element_type=\"column\">\r\n\r\n\t\t\t\t\r\n\t\t\t\t<div class=\"elementor-widget-wrap elementor-element-populated\">\r\n\t\t\t\t\t\t\t\t\t\t\r\n\t\t\t\t\t\t<div class=\"elementor-element elementor-element-6ce2f92 cs-imagebox poel-category-box elementor-invisible elementor-widget elementor-widget-udesign_widget_imagebox\" data-id=\"6ce2f92\" data-element_type=\"widget\" data-settings=\"{&quot;_animation&quot;:&quot;fadeInLeftShorter&quot;}\" data-widget_type=\"udesign_widget_imagebox.default\">\n\t\t\t\t<div class=\"elementor-widget-container\">\n\t\t\t\t\t<div class=\"image-box position-top overlay-zoom overlay-light\"><figure class=\"has-link\"><img fetchpriority=\"high\" decoding=\"async\" width=\"600\" height=\"800\" src=\"https:\/\/www.poelsan.com\/wp-content\/uploads\/2022\/11\/mekanik-ekleme-parcalari-1.png\" class=\"attachment-full size-full wp-image-15445\" alt=\"\" \/><a href=\"\/en\/products\/compression-fittings\/\" aria-label=\"Image\"><\/a><\/figure><div class=\"image-box-content\"><h3 class=\"title\"><a href=\"\/en\/products\/compression-fittings\/\" aria-label=\"Image\">Compression Fittings<\/a><\/h3><\/div><\/div>\t\t\t\t<\/div>\n\t\t\t\t<\/div>\n\t\t\t\t<div class=\"elementor-element elementor-element-e90b92e cs-imagebox poel-category-box elementor-invisible elementor-widget elementor-widget-udesign_widget_imagebox\" data-id=\"e90b92e\" data-element_type=\"widget\" data-settings=\"{&quot;_animation&quot;:&quot;fadeInLeftShorter&quot;}\" data-widget_type=\"udesign_widget_imagebox.default\">\n\t\t\t\t<div class=\"elementor-widget-container\">\n\t\t\t\t\t<div class=\"image-box position-top overlay-zoom overlay-light\"><figure class=\"has-link\"><img decoding=\"async\" width=\"600\" height=\"800\" src=\"https:\/\/www.poelsan.com\/wp-content\/uploads\/2022\/11\/vanalar-vana-kutulari-1.png\" class=\"attachment-full size-full wp-image-15446\" alt=\"\" \/><a href=\"\/en\/products\/valves-and-valve-boxes\/\" aria-label=\"Image\"><\/a><\/figure><div class=\"image-box-content\"><h2 class=\"title\"><a href=\"\/en\/products\/valves-and-valve-boxes\/\" aria-label=\"Image\">Valves and Valve Boxes<\/a><\/h2><\/div><\/div>\t\t\t\t<\/div>\n\t\t\t\t<\/div>\n\t\t\t\t<div class=\"elementor-element elementor-element-21b8e2d cs-imagebox poel-category-box elementor-invisible elementor-widget elementor-widget-udesign_widget_imagebox\" data-id=\"21b8e2d\" data-element_type=\"widget\" data-settings=\"{&quot;_animation&quot;:&quot;fadeInLeftShorter&quot;}\" data-widget_type=\"udesign_widget_imagebox.default\">\n\t\t\t\t<div class=\"elementor-widget-container\">\n\t\t\t\t\t<div class=\"image-box position-top overlay-zoom overlay-light\"><figure class=\"has-link\"><img decoding=\"async\" width=\"600\" height=\"800\" src=\"https:\/\/www.poelsan.com\/wp-content\/uploads\/2023\/12\/plastik-filtreler-1.png\" class=\"attachment-full size-full wp-image-19057\" alt=\"\" \/><a href=\"\/en\/products\/plastic-filters\/plastic-filters\/\" aria-label=\"Image\"><\/a><\/figure><div class=\"image-box-content\"><h2 class=\"title\"><a href=\"\/en\/products\/plastic-filters\/plastic-filters\/\" aria-label=\"Image\">Plastic Filter<\/a><\/h2><\/div><\/div>\t\t\t\t<\/div>\n\t\t\t\t<\/div>\n\t\t\t\t<div class=\"elementor-element elementor-element-1c0df8d cs-imagebox poel-category-box elementor-invisible elementor-widget elementor-widget-udesign_widget_imagebox\" data-id=\"1c0df8d\" data-element_type=\"widget\" data-settings=\"{&quot;_animation&quot;:&quot;fadeInLeftShorter&quot;}\" data-widget_type=\"udesign_widget_imagebox.default\">\n\t\t\t\t<div class=\"elementor-widget-container\">\n\t\t\t\t\t<div class=\"image-box position-top overlay-zoom overlay-light\"><figure class=\"has-link\"><img loading=\"lazy\" decoding=\"async\" width=\"600\" height=\"800\" src=\"https:\/\/www.poelsan.com\/wp-content\/uploads\/2022\/11\/damla-sulama-ek-parcalari-1.png\" class=\"attachment-full size-full wp-image-15447\" alt=\"\" \/><a href=\"\/en\/products\/dripline-fittings\/\" aria-label=\"Image\"><\/a><\/figure><div class=\"image-box-content\"><h2 class=\"title\"><a href=\"\/en\/products\/dripline-fittings\/\" aria-label=\"Image\">Dripline Fittings<\/a><\/h2><\/div><\/div>\t\t\t\t<\/div>\n\t\t\t\t<\/div>\n\t\t\t\t<div class=\"elementor-element elementor-element-2f98a6c cs-imagebox poel-category-box elementor-invisible elementor-widget elementor-widget-udesign_widget_imagebox\" data-id=\"2f98a6c\" data-element_type=\"widget\" data-settings=\"{&quot;_animation&quot;:&quot;fadeInLeftShorter&quot;}\" data-widget_type=\"udesign_widget_imagebox.default\">\n\t\t\t\t<div class=\"elementor-widget-container\">\n\t\t\t\t\t<div class=\"image-box position-top overlay-zoom overlay-light\"><figure class=\"has-link\"><img loading=\"lazy\" decoding=\"async\" width=\"600\" height=\"800\" src=\"https:\/\/www.poelsan.com\/wp-content\/uploads\/2022\/11\/ozel-uretimlerimiz-1.png\" class=\"attachment-full size-full wp-image-15448\" alt=\"\" \/><a href=\"\/en\/products\/special-productions\/\" aria-label=\"Image\"><\/a><\/figure><div class=\"image-box-content\"><h2 class=\"title\"><a href=\"\/en\/products\/special-productions\/\" aria-label=\"Image\">Special Production<\/a><\/h2><\/div><\/div>\t\t\t\t<\/div>\n\t\t\t\t<\/div>\n\t\t\t\t<div class=\"elementor-element elementor-element-bf5d86a cs-imagebox poel-category-box elementor-invisible elementor-widget elementor-widget-udesign_widget_imagebox\" data-id=\"bf5d86a\" data-element_type=\"widget\" data-settings=\"{&quot;_animation&quot;:&quot;fadeInLeftShorter&quot;}\" data-widget_type=\"udesign_widget_imagebox.default\">\n\t\t\t\t<div class=\"elementor-widget-container\">\n\t\t\t\t\t<div class=\"image-box position-top overlay-zoom overlay-light\"><figure class=\"has-link\"><img loading=\"lazy\" decoding=\"async\" width=\"600\" height=\"800\" src=\"https:\/\/www.poelsan.com\/wp-content\/uploads\/2026\/03\/poelsanarc_web_urunler_grup-copy-2.jpg\" class=\"attachment-full size-full wp-image-29332\" alt=\"\" \/><a href=\"\/en\/products\/poelsan-arc\/\" aria-label=\"Image\"><\/a><\/figure><div class=\"image-box-content\"><h2 class=\"title\"><a href=\"\/en\/products\/poelsan-arc\/\" aria-label=\"Image\">Poelsan ARC<\/a><\/h2><\/div><\/div>\t\t\t\t<\/div>\n\t\t\t\t<\/div>\n\t\t\t\t<div class=\"elementor-element elementor-element-f373968 cs-imagebox poel-category-box elementor-invisible elementor-widget elementor-widget-udesign_widget_imagebox\" data-id=\"f373968\" data-element_type=\"widget\" data-settings=\"{&quot;_animation&quot;:&quot;fadeInLeftShorter&quot;}\" data-widget_type=\"udesign_widget_imagebox.default\">\n\t\t\t\t<div class=\"elementor-widget-container\">\n\t\t\t\t\t<div class=\"image-box position-top overlay-zoom overlay-light\"><figure class=\"has-link\"><img decoding=\"async\" src=\"\/wp-content\/uploads\/2026\/03\/poelsanarc_ef_urunler_grup-copy.jpg\" title=\"\" alt=\"\" loading=\"lazy\" \/><a href=\"\/en\/poelsanef\/\" aria-label=\"Image\"><\/a><\/figure><div class=\"image-box-content\"><h2 class=\"title\"><a href=\"\/en\/poelsanef\/\" aria-label=\"Image\">Poelsan EF<\/a><\/h2><\/div><\/div>\t\t\t\t<\/div>\n\t\t\t\t<\/div>\n\t\t\t\t\t\t<\/div>\r\n\t\t\t\t<\/div>\r\n\t\t\t\t\t\t\t\t<\/div>\r\n\t\t\t<\/div>\r\n\t\t\t\t\t<\/div>\n\t\t","protected":false},"excerpt":{"rendered":"<p>Compression Fittings Valves and Valve Boxes Plastic Filter Dripline Fittings Special Production Poelsan ARC Poelsan EF<\/p>\n","protected":false},"author":1,"featured_media":0,"parent":0,"menu_order":0,"comment_status":"closed","ping_status":"closed","template":"","meta":{"_acf_changed":false,"footnotes":""},"class_list":["post-18218","page","type-page","status-publish","hentry"],"acf":[],"yoast_head":"<!-- This site is optimized with the Yoast SEO plugin v25.9 - https:\/\/yoast.com\/wordpress\/plugins\/seo\/ -->\n<title>Products - Poelsan<\/title>\n<meta name=\"description\" content=\"Meet Poelsan products! Discover our product range offering quality and innovative solutions. Check out the products suitable for your needs now.\" \/>\n<meta name=\"robots\" content=\"index, follow, max-snippet:-1, max-image-preview:large, max-video-preview:-1\" \/>\n<link rel=\"canonical\" href=\"https:\/\/www.poelsan.com\/en\/products\/\" \/>\n<meta property=\"og:locale\" content=\"en_US\" \/>\n<meta property=\"og:type\" content=\"article\" \/>\n<meta property=\"og:title\" content=\"Products - Poelsan\" \/>\n<meta property=\"og:description\" content=\"Meet Poelsan products! Discover our product range offering quality and innovative solutions. Check out the products suitable for your needs now.\" \/>\n<meta property=\"og:url\" content=\"https:\/\/www.poelsan.com\/en\/products\/\" \/>\n<meta property=\"og:site_name\" content=\"Poelsan\" \/>\n<meta property=\"article:publisher\" content=\"https:\/\/www.facebook.com\/poelsanplastik\/\" \/>\n<meta property=\"article:modified_time\" content=\"2026-03-09T10:26:14+00:00\" \/>\n<meta property=\"og:image\" content=\"https:\/\/www.poelsan.com\/wp-content\/uploads\/2022\/11\/mekanik-ekleme-parcalari-1.png\" \/>\n\t<meta property=\"og:image:width\" content=\"600\" \/>\n\t<meta property=\"og:image:height\" content=\"800\" \/>\n\t<meta property=\"og:image:type\" content=\"image\/png\" \/>\n<meta name=\"twitter:card\" content=\"summary_large_image\" \/>\n<meta name=\"twitter:label1\" content=\"Est. reading time\" \/>\n\t<meta name=\"twitter:data1\" content=\"2 minutes\" \/>\n<script type=\"application\/ld+json\" class=\"yoast-schema-graph\">{\"@context\":\"https:\/\/schema.org\",\"@graph\":[{\"@type\":\"WebPage\",\"@id\":\"https:\/\/www.poelsan.com\/en\/products\/\",\"url\":\"https:\/\/www.poelsan.com\/en\/products\/\",\"name\":\"Products - Poelsan\",\"isPartOf\":{\"@id\":\"https:\/\/www.poelsan.com\/en\/#website\"},\"primaryImageOfPage\":{\"@id\":\"https:\/\/www.poelsan.com\/en\/products\/#primaryimage\"},\"image\":{\"@id\":\"https:\/\/www.poelsan.com\/en\/products\/#primaryimage\"},\"thumbnailUrl\":\"https:\/\/www.poelsan.com\/wp-content\/uploads\/2022\/11\/mekanik-ekleme-parcalari-1.png\",\"datePublished\":\"2022-08-01T08:14:26+00:00\",\"dateModified\":\"2026-03-09T10:26:14+00:00\",\"description\":\"Meet Poelsan products! Discover our product range offering quality and innovative solutions. Check out the products suitable for your needs now.\",\"breadcrumb\":{\"@id\":\"https:\/\/www.poelsan.com\/en\/products\/#breadcrumb\"},\"inLanguage\":\"en-US\",\"potentialAction\":[{\"@type\":\"ReadAction\",\"target\":[\"https:\/\/www.poelsan.com\/en\/products\/\"]}]},{\"@type\":\"ImageObject\",\"inLanguage\":\"en-US\",\"@id\":\"https:\/\/www.poelsan.com\/en\/products\/#primaryimage\",\"url\":\"https:\/\/www.poelsan.com\/wp-content\/uploads\/2022\/11\/mekanik-ekleme-parcalari-1.png\",\"contentUrl\":\"https:\/\/www.poelsan.com\/wp-content\/uploads\/2022\/11\/mekanik-ekleme-parcalari-1.png\"},{\"@type\":\"BreadcrumbList\",\"@id\":\"https:\/\/www.poelsan.com\/en\/products\/#breadcrumb\",\"itemListElement\":[{\"@type\":\"ListItem\",\"position\":1,\"name\":\"Home\",\"item\":\"https:\/\/www.poelsan.com\/en\/\"},{\"@type\":\"ListItem\",\"position\":2,\"name\":\"Products\"}]},{\"@type\":\"WebSite\",\"@id\":\"https:\/\/www.poelsan.com\/en\/#website\",\"url\":\"https:\/\/www.poelsan.com\/en\/\",\"name\":\"Poelsan: Sekt\u00f6r\u00fcnde D\u00fcnya Markas\u0131\",\"description\":\"Sekt\u00f6r\u00fcnde D\u00fcnya Markas\u0131\",\"publisher\":{\"@id\":\"https:\/\/www.poelsan.com\/en\/#organization\"},\"potentialAction\":[{\"@type\":\"SearchAction\",\"target\":{\"@type\":\"EntryPoint\",\"urlTemplate\":\"https:\/\/www.poelsan.com\/en\/?s={search_term_string}\"},\"query-input\":{\"@type\":\"PropertyValueSpecification\",\"valueRequired\":true,\"valueName\":\"search_term_string\"}}],\"inLanguage\":\"en-US\"},{\"@type\":\"Organization\",\"@id\":\"https:\/\/www.poelsan.com\/en\/#organization\",\"name\":\"Poelsan: Sekt\u00f6r\u00fcnde D\u00fcnya Markas\u0131\",\"url\":\"https:\/\/www.poelsan.com\/en\/\",\"logo\":{\"@type\":\"ImageObject\",\"inLanguage\":\"en-US\",\"@id\":\"https:\/\/www.poelsan.com\/en\/#\/schema\/logo\/image\/\",\"url\":\"https:\/\/www.poelsan.com\/wp-content\/uploads\/2025\/09\/poelsan.png\",\"contentUrl\":\"https:\/\/www.poelsan.com\/wp-content\/uploads\/2025\/09\/poelsan.png\",\"width\":1200,\"height\":675,\"caption\":\"Poelsan: Sekt\u00f6r\u00fcnde D\u00fcnya Markas\u0131\"},\"image\":{\"@id\":\"https:\/\/www.poelsan.com\/en\/#\/schema\/logo\/image\/\"},\"sameAs\":[\"https:\/\/www.facebook.com\/poelsanplastik\/\",\"https:\/\/www.instagram.com\/explore\/locations\/541106002887674\/poelsan-plastik-san-ve-tic-as\/\"]}]}<\/script>\n<!-- \/ Yoast SEO plugin. -->","yoast_head_json":{"title":"Products - Poelsan","description":"Meet Poelsan products! Discover our product range offering quality and innovative solutions. Check out the products suitable for your needs now.","robots":{"index":"index","follow":"follow","max-snippet":"max-snippet:-1","max-image-preview":"max-image-preview:large","max-video-preview":"max-video-preview:-1"},"canonical":"https:\/\/www.poelsan.com\/en\/products\/","og_locale":"en_US","og_type":"article","og_title":"Products - Poelsan","og_description":"Meet Poelsan products! Discover our product range offering quality and innovative solutions. Check out the products suitable for your needs now.","og_url":"https:\/\/www.poelsan.com\/en\/products\/","og_site_name":"Poelsan","article_publisher":"https:\/\/www.facebook.com\/poelsanplastik\/","article_modified_time":"2026-03-09T10:26:14+00:00","og_image":[{"width":600,"height":800,"url":"https:\/\/www.poelsan.com\/wp-content\/uploads\/2022\/11\/mekanik-ekleme-parcalari-1.png","type":"image\/png"}],"twitter_card":"summary_large_image","twitter_misc":{"Est. reading time":"2 minutes"},"schema":{"@context":"https:\/\/schema.org","@graph":[{"@type":"WebPage","@id":"https:\/\/www.poelsan.com\/en\/products\/","url":"https:\/\/www.poelsan.com\/en\/products\/","name":"Products - Poelsan","isPartOf":{"@id":"https:\/\/www.poelsan.com\/en\/#website"},"primaryImageOfPage":{"@id":"https:\/\/www.poelsan.com\/en\/products\/#primaryimage"},"image":{"@id":"https:\/\/www.poelsan.com\/en\/products\/#primaryimage"},"thumbnailUrl":"https:\/\/www.poelsan.com\/wp-content\/uploads\/2022\/11\/mekanik-ekleme-parcalari-1.png","datePublished":"2022-08-01T08:14:26+00:00","dateModified":"2026-03-09T10:26:14+00:00","description":"Meet Poelsan products! Discover our product range offering quality and innovative solutions. Check out the products suitable for your needs now.","breadcrumb":{"@id":"https:\/\/www.poelsan.com\/en\/products\/#breadcrumb"},"inLanguage":"en-US","potentialAction":[{"@type":"ReadAction","target":["https:\/\/www.poelsan.com\/en\/products\/"]}]},{"@type":"ImageObject","inLanguage":"en-US","@id":"https:\/\/www.poelsan.com\/en\/products\/#primaryimage","url":"https:\/\/www.poelsan.com\/wp-content\/uploads\/2022\/11\/mekanik-ekleme-parcalari-1.png","contentUrl":"https:\/\/www.poelsan.com\/wp-content\/uploads\/2022\/11\/mekanik-ekleme-parcalari-1.png"},{"@type":"BreadcrumbList","@id":"https:\/\/www.poelsan.com\/en\/products\/#breadcrumb","itemListElement":[{"@type":"ListItem","position":1,"name":"Home","item":"https:\/\/www.poelsan.com\/en\/"},{"@type":"ListItem","position":2,"name":"Products"}]},{"@type":"WebSite","@id":"https:\/\/www.poelsan.com\/en\/#website","url":"https:\/\/www.poelsan.com\/en\/","name":"Poelsan: Sekt\u00f6r\u00fcnde D\u00fcnya Markas\u0131","description":"Sekt\u00f6r\u00fcnde D\u00fcnya Markas\u0131","publisher":{"@id":"https:\/\/www.poelsan.com\/en\/#organization"},"potentialAction":[{"@type":"SearchAction","target":{"@type":"EntryPoint","urlTemplate":"https:\/\/www.poelsan.com\/en\/?s={search_term_string}"},"query-input":{"@type":"PropertyValueSpecification","valueRequired":true,"valueName":"search_term_string"}}],"inLanguage":"en-US"},{"@type":"Organization","@id":"https:\/\/www.poelsan.com\/en\/#organization","name":"Poelsan: Sekt\u00f6r\u00fcnde D\u00fcnya Markas\u0131","url":"https:\/\/www.poelsan.com\/en\/","logo":{"@type":"ImageObject","inLanguage":"en-US","@id":"https:\/\/www.poelsan.com\/en\/#\/schema\/logo\/image\/","url":"https:\/\/www.poelsan.com\/wp-content\/uploads\/2025\/09\/poelsan.png","contentUrl":"https:\/\/www.poelsan.com\/wp-content\/uploads\/2025\/09\/poelsan.png","width":1200,"height":675,"caption":"Poelsan: Sekt\u00f6r\u00fcnde D\u00fcnya Markas\u0131"},"image":{"@id":"https:\/\/www.poelsan.com\/en\/#\/schema\/logo\/image\/"},"sameAs":["https:\/\/www.facebook.com\/poelsanplastik\/","https:\/\/www.instagram.com\/explore\/locations\/541106002887674\/poelsan-plastik-san-ve-tic-as\/"]}]}},"_links":{"self":[{"href":"https:\/\/www.poelsan.com\/en\/wp-json\/wp\/v2\/pages\/18218","targetHints":{"allow":["GET"]}}],"collection":[{"href":"https:\/\/www.poelsan.com\/en\/wp-json\/wp\/v2\/pages"}],"about":[{"href":"https:\/\/www.poelsan.com\/en\/wp-json\/wp\/v2\/types\/page"}],"author":[{"embeddable":true,"href":"https:\/\/www.poelsan.com\/en\/wp-json\/wp\/v2\/users\/1"}],"replies":[{"embeddable":true,"href":"https:\/\/www.poelsan.com\/en\/wp-json\/wp\/v2\/comments?post=18218"}],"version-history":[{"count":0,"href":"https:\/\/www.poelsan.com\/en\/wp-json\/wp\/v2\/pages\/18218\/revisions"}],"wp:attachment":[{"href":"https:\/\/www.poelsan.com\/en\/wp-json\/wp\/v2\/media?parent=18218"}],"curies":[{"name":"wp","href":"https:\/\/api.w.org\/{rel}","templated":true}]}}